{"id":120,"date":"2023-03-09T17:36:38","date_gmt":"2023-03-09T16:36:38","guid":{"rendered":"http:\/\/saintbody.com\/?post_type=product&#038;p=120"},"modified":"2026-05-04T16:31:41","modified_gmt":"2026-05-04T14:31:41","slug":"spodnie-z-szeroka-nogawka-na-gumce-ecru","status":"publish","type":"product","link":"https:\/\/saintbody.com\/en_gb\/spodnie-z-szeroka-nogawka-na-gumce-ecru\/","title":{"rendered":"Wide-leg trousers with elastic band ecru"},"content":{"rendered":"<p>Long, comfortable high-waisted trousers in ecru in certified knitwear. The trousers have an elastic waistband trimmed with fabric and internal satin piping. The wide cut of the trousers fits perfectly with sports and elegant shoes.<br \/>\nA premium product made from a blend of viscose and elastane. Trousers available in two colours: camel and ecru.<\/p>\n<p>Oeko-Tex\u00ae Standard 100 CERTIFICATE<br \/>\nProduct sewn in Poland.<br \/>\nThe model is 173 cm tall and is wearing size XS.<\/p>\n<p>Also check out our bestselling\u00a0<a href=\"https:\/\/saintbody.com\/en_gb\/kategoria\/body\/\">body<\/a> !<br \/>\nVisit us at <a href=\"https:\/\/www.instagram.com\/saintbodyofficial\/\">instagram<\/a>.<\/p>","protected":false},"excerpt":{"rendered":"<p>D\u0142ugie, wygodne spodnie z wysokim stanem w kolorze ecru z certyfikowanej dzianiny. Spodnie posiadaj\u0105 w pasie gum\u0119 obszyt\u0105 materia\u0142em oraz wewn\u0119trzne lamowanie satyn\u0105. Szeroki kr\u00f3j spodni, kt\u00f3ry idealnie pasuje do sportowych oraz eleganckich but\u00f3w. Produkt premium wykonany z mieszanki wiskozy i elastanu. Spodnie dost\u0119pne w dw\u00f3ch kolorach : camel oraz ecru. CERTYFIKAT Oeko-Tex\u00ae Standard 100 [&hellip;]<\/p>","protected":false},"featured_media":50641,"template":"","meta":[],"product_brand":[],"product_cat":[35,20],"product_tag":[36],"class_list":{"0":"post-120","1":"product","2":"type-product","3":"status-publish","4":"has-post-thumbnail","6":"product_cat-spodnie","7":"product_cat-wszystko","8":"product_tag-spodnie","10":"first","11":"instock","12":"taxable","13":"shipping-taxable","14":"purchasable","15":"product-type-variable","16":"has-default-attributes"},"yoast_head":"<!-- This site is optimized with the Yoast SEO plugin v27.0 - https:\/\/yoast.com\/product\/yoast-seo-wordpress\/ -->\n<title>Spodnie w kolorze ecru - Spodnie z szerok\u0105 nogawk\u0105 na gumce ecru - Sklep SAINTBODY<\/title>\n<meta name=\"description\" content=\"D\u0142ugie, wygodne, damskie spodnie- z wysokim stanem, w kolorze ecru, z certyfikowanej dzianiny. Spodnie damskie wysoki stan.\" \/>\n<meta name=\"robots\" content=\"index, follow, max-snippet:-1, max-image-preview:large, max-video-preview:-1\" \/>\n<link rel=\"canonical\" href=\"https:\/\/saintbody.com\/en_gb\/spodnie-z-szeroka-nogawka-na-gumce-ecru\/\" \/>\n<meta property=\"og:locale\" content=\"en_GB\" \/>\n<meta property=\"og:type\" content=\"article\" \/>\n<meta property=\"og:title\" content=\"Spodnie w kolorze ecru - Spodnie z szerok\u0105 nogawk\u0105 na gumce ecru - Sklep SAINTBODY\" \/>\n<meta property=\"og:description\" content=\"D\u0142ugie, wygodne, damskie spodnie- z wysokim stanem, w kolorze ecru, z certyfikowanej dzianiny. Spodnie damskie wysoki stan.\" \/>\n<meta property=\"og:url\" content=\"https:\/\/saintbody.com\/en_gb\/spodnie-z-szeroka-nogawka-na-gumce-ecru\/\" \/>\n<meta property=\"og:site_name\" content=\"Sklep SAINTBODY\" \/>\n<meta property=\"article:publisher\" content=\"https:\/\/facebook.com\/saintbody\/\" \/>\n<meta property=\"article:modified_time\" content=\"2026-05-04T14:31:41+00:00\" \/>\n<meta property=\"og:image\" content=\"https:\/\/saintbody.com\/wp-content\/uploads\/2024\/07\/IMG_1016.jpeg\" \/>\n\t<meta property=\"og:image:width\" content=\"1000\" \/>\n\t<meta property=\"og:image:height\" content=\"1500\" \/>\n\t<meta property=\"og:image:type\" content=\"image\/jpeg\" \/>\n<meta name=\"twitter:card\" content=\"summary_large_image\" \/>\n<meta name=\"twitter:label1\" content=\"Estimated reading time\" \/>\n\t<meta name=\"twitter:data1\" content=\"1 minute\" \/>\n<script type=\"application\/ld+json\" class=\"yoast-schema-graph\">{\"@context\":\"https:\/\/schema.org\",\"@graph\":[{\"@type\":\"WebPage\",\"@id\":\"https:\/\/saintbody.com\/spodnie-z-szeroka-nogawka-na-gumce-ecru\/\",\"url\":\"https:\/\/saintbody.com\/spodnie-z-szeroka-nogawka-na-gumce-ecru\/\",\"name\":\"Spodnie w kolorze ecru - Spodnie z szerok\u0105 nogawk\u0105 na gumce ecru - Sklep SAINTBODY\",\"isPartOf\":{\"@id\":\"https:\/\/saintbody.com\/#website\"},\"primaryImageOfPage\":{\"@id\":\"https:\/\/saintbody.com\/spodnie-z-szeroka-nogawka-na-gumce-ecru\/#primaryimage\"},\"image\":{\"@id\":\"https:\/\/saintbody.com\/spodnie-z-szeroka-nogawka-na-gumce-ecru\/#primaryimage\"},\"thumbnailUrl\":\"https:\/\/saintbody.com\/wp-content\/uploads\/2024\/07\/IMG_1016.jpeg\",\"datePublished\":\"2023-03-09T16:36:38+00:00\",\"dateModified\":\"2026-05-04T14:31:41+00:00\",\"description\":\"D\u0142ugie, wygodne, damskie spodnie- z wysokim stanem, w kolorze ecru, z certyfikowanej dzianiny. Spodnie damskie wysoki stan.\",\"breadcrumb\":{\"@id\":\"https:\/\/saintbody.com\/spodnie-z-szeroka-nogawka-na-gumce-ecru\/#breadcrumb\"},\"inLanguage\":\"en-GB\",\"potentialAction\":[{\"@type\":\"ReadAction\",\"target\":[\"https:\/\/saintbody.com\/spodnie-z-szeroka-nogawka-na-gumce-ecru\/\"]}]},{\"@type\":\"ImageObject\",\"inLanguage\":\"en-GB\",\"@id\":\"https:\/\/saintbody.com\/spodnie-z-szeroka-nogawka-na-gumce-ecru\/#primaryimage\",\"url\":\"https:\/\/saintbody.com\/wp-content\/uploads\/2024\/07\/IMG_1016.jpeg\",\"contentUrl\":\"https:\/\/saintbody.com\/wp-content\/uploads\/2024\/07\/IMG_1016.jpeg\",\"width\":1000,\"height\":1500},{\"@type\":\"BreadcrumbList\",\"@id\":\"https:\/\/saintbody.com\/spodnie-z-szeroka-nogawka-na-gumce-ecru\/#breadcrumb\",\"itemListElement\":[{\"@type\":\"ListItem\",\"position\":1,\"name\":\"Strona g\u0142\u00f3wna\",\"item\":\"https:\/\/saintbody.com\/\"},{\"@type\":\"ListItem\",\"position\":2,\"name\":\"Sklep\",\"item\":\"https:\/\/saintbody.com\/sklep\/\"},{\"@type\":\"ListItem\",\"position\":3,\"name\":\"Spodnie z szerok\u0105 nogawk\u0105 na gumce ecru\"}]},{\"@type\":\"WebSite\",\"@id\":\"https:\/\/saintbody.com\/#website\",\"url\":\"https:\/\/saintbody.com\/\",\"name\":\"Sklep SAINTBODY\",\"description\":\"Premium basic na ka\u00c5\u00bcd\u00c4\u2026 okazje. Ponadczasowe Body, Odzie\u00c5\u00bc damska, Sukienki Damskie\",\"publisher\":{\"@id\":\"https:\/\/saintbody.com\/#organization\"},\"potentialAction\":[{\"@type\":\"SearchAction\",\"target\":{\"@type\":\"EntryPoint\",\"urlTemplate\":\"https:\/\/saintbody.com\/?s={search_term_string}\"},\"query-input\":{\"@type\":\"PropertyValueSpecification\",\"valueRequired\":true,\"valueName\":\"search_term_string\"}}],\"inLanguage\":\"en-GB\"},{\"@type\":\"Organization\",\"@id\":\"https:\/\/saintbody.com\/#organization\",\"name\":\"Sklep Saint Body\",\"url\":\"https:\/\/saintbody.com\/\",\"logo\":{\"@type\":\"ImageObject\",\"inLanguage\":\"en-GB\",\"@id\":\"https:\/\/saintbody.com\/#\/schema\/logo\/image\/\",\"url\":\"https:\/\/saintbody.com\/wp-content\/uploads\/2023\/04\/SaintBody_Logo_Typografia-e1691418926919.png\",\"contentUrl\":\"https:\/\/saintbody.com\/wp-content\/uploads\/2023\/04\/SaintBody_Logo_Typografia-e1691418926919.png\",\"width\":1000,\"height\":202,\"caption\":\"Sklep Saint Body\"},\"image\":{\"@id\":\"https:\/\/saintbody.com\/#\/schema\/logo\/image\/\"},\"sameAs\":[\"https:\/\/facebook.com\/saintbody\/\"]}]}<\/script>\n<!-- \/ Yoast SEO plugin. -->","yoast_head_json":{"title":"Spodnie w kolorze ecru - Spodnie z szerok\u0105 nogawk\u0105 na gumce ecru - Sklep SAINTBODY","description":"D\u0142ugie, wygodne, damskie spodnie- z wysokim stanem, w kolorze ecru, z certyfikowanej dzianiny. Spodnie damskie wysoki stan.","robots":{"index":"index","follow":"follow","max-snippet":"max-snippet:-1","max-image-preview":"max-image-preview:large","max-video-preview":"max-video-preview:-1"},"canonical":"https:\/\/saintbody.com\/en_gb\/spodnie-z-szeroka-nogawka-na-gumce-ecru\/","og_locale":"en_GB","og_type":"article","og_title":"Spodnie w kolorze ecru - Spodnie z szerok\u0105 nogawk\u0105 na gumce ecru - Sklep SAINTBODY","og_description":"D\u0142ugie, wygodne, damskie spodnie- z wysokim stanem, w kolorze ecru, z certyfikowanej dzianiny. Spodnie damskie wysoki stan.","og_url":"https:\/\/saintbody.com\/en_gb\/spodnie-z-szeroka-nogawka-na-gumce-ecru\/","og_site_name":"Sklep SAINTBODY","article_publisher":"https:\/\/facebook.com\/saintbody\/","article_modified_time":"2026-05-04T14:31:41+00:00","og_image":[{"width":1000,"height":1500,"url":"https:\/\/saintbody.com\/wp-content\/uploads\/2024\/07\/IMG_1016.jpeg","type":"image\/jpeg"}],"twitter_card":"summary_large_image","twitter_misc":{"Estimated reading time":"1 minute"},"schema":{"@context":"https:\/\/schema.org","@graph":[{"@type":"WebPage","@id":"https:\/\/saintbody.com\/spodnie-z-szeroka-nogawka-na-gumce-ecru\/","url":"https:\/\/saintbody.com\/spodnie-z-szeroka-nogawka-na-gumce-ecru\/","name":"Spodnie w kolorze ecru - Spodnie z szerok\u0105 nogawk\u0105 na gumce ecru - Sklep SAINTBODY","isPartOf":{"@id":"https:\/\/saintbody.com\/#website"},"primaryImageOfPage":{"@id":"https:\/\/saintbody.com\/spodnie-z-szeroka-nogawka-na-gumce-ecru\/#primaryimage"},"image":{"@id":"https:\/\/saintbody.com\/spodnie-z-szeroka-nogawka-na-gumce-ecru\/#primaryimage"},"thumbnailUrl":"https:\/\/saintbody.com\/wp-content\/uploads\/2024\/07\/IMG_1016.jpeg","datePublished":"2023-03-09T16:36:38+00:00","dateModified":"2026-05-04T14:31:41+00:00","description":"D\u0142ugie, wygodne, damskie spodnie- z wysokim stanem, w kolorze ecru, z certyfikowanej dzianiny. Spodnie damskie wysoki stan.","breadcrumb":{"@id":"https:\/\/saintbody.com\/spodnie-z-szeroka-nogawka-na-gumce-ecru\/#breadcrumb"},"inLanguage":"en-GB","potentialAction":[{"@type":"ReadAction","target":["https:\/\/saintbody.com\/spodnie-z-szeroka-nogawka-na-gumce-ecru\/"]}]},{"@type":"ImageObject","inLanguage":"en-GB","@id":"https:\/\/saintbody.com\/spodnie-z-szeroka-nogawka-na-gumce-ecru\/#primaryimage","url":"https:\/\/saintbody.com\/wp-content\/uploads\/2024\/07\/IMG_1016.jpeg","contentUrl":"https:\/\/saintbody.com\/wp-content\/uploads\/2024\/07\/IMG_1016.jpeg","width":1000,"height":1500},{"@type":"BreadcrumbList","@id":"https:\/\/saintbody.com\/spodnie-z-szeroka-nogawka-na-gumce-ecru\/#breadcrumb","itemListElement":[{"@type":"ListItem","position":1,"name":"Strona g\u0142\u00f3wna","item":"https:\/\/saintbody.com\/"},{"@type":"ListItem","position":2,"name":"Sklep","item":"https:\/\/saintbody.com\/sklep\/"},{"@type":"ListItem","position":3,"name":"Spodnie z szerok\u0105 nogawk\u0105 na gumce ecru"}]},{"@type":"WebSite","@id":"https:\/\/saintbody.com\/#website","url":"https:\/\/saintbody.com\/","name":"Sklep SAINTBODY","description":"Premium basic na ka\u00c5\u00bcd\u00c4\u2026 okazje. Ponadczasowe Body, Odzie\u00c5\u00bc damska, Sukienki Damskie","publisher":{"@id":"https:\/\/saintbody.com\/#organization"},"potentialAction":[{"@type":"SearchAction","target":{"@type":"EntryPoint","urlTemplate":"https:\/\/saintbody.com\/?s={search_term_string}"},"query-input":{"@type":"PropertyValueSpecification","valueRequired":true,"valueName":"search_term_string"}}],"inLanguage":"en-GB"},{"@type":"Organization","@id":"https:\/\/saintbody.com\/#organization","name":"Sklep Saint Body","url":"https:\/\/saintbody.com\/","logo":{"@type":"ImageObject","inLanguage":"en-GB","@id":"https:\/\/saintbody.com\/#\/schema\/logo\/image\/","url":"https:\/\/saintbody.com\/wp-content\/uploads\/2023\/04\/SaintBody_Logo_Typografia-e1691418926919.png","contentUrl":"https:\/\/saintbody.com\/wp-content\/uploads\/2023\/04\/SaintBody_Logo_Typografia-e1691418926919.png","width":1000,"height":202,"caption":"Sklep Saint Body"},"image":{"@id":"https:\/\/saintbody.com\/#\/schema\/logo\/image\/"},"sameAs":["https:\/\/facebook.com\/saintbody\/"]}]}},"_links":{"self":[{"href":"https:\/\/saintbody.com\/en_gb\/wp-json\/wp\/v2\/product\/120","targetHints":{"allow":["GET"]}}],"collection":[{"href":"https:\/\/saintbody.com\/en_gb\/wp-json\/wp\/v2\/product"}],"about":[{"href":"https:\/\/saintbody.com\/en_gb\/wp-json\/wp\/v2\/types\/product"}],"wp:featuredmedia":[{"embeddable":true,"href":"https:\/\/saintbody.com\/en_gb\/wp-json\/wp\/v2\/media\/50641"}],"wp:attachment":[{"href":"https:\/\/saintbody.com\/en_gb\/wp-json\/wp\/v2\/media?parent=120"}],"wp:term":[{"taxonomy":"product_brand","embeddable":true,"href":"https:\/\/saintbody.com\/en_gb\/wp-json\/wp\/v2\/product_brand?post=120"},{"taxonomy":"product_cat","embeddable":true,"href":"https:\/\/saintbody.com\/en_gb\/wp-json\/wp\/v2\/product_cat?post=120"},{"taxonomy":"product_tag","embeddable":true,"href":"https:\/\/saintbody.com\/en_gb\/wp-json\/wp\/v2\/product_tag?post=120"}],"curies":[{"name":"wp","href":"https:\/\/api.w.org\/{rel}","templated":true}]}}