{"id":3,"date":"2023-03-09T17:15:53","date_gmt":"2023-03-09T16:15:53","guid":{"rendered":"http:\/\/saintbody.com\/?page_id=3"},"modified":"2025-11-13T19:12:42","modified_gmt":"2025-11-13T18:12:42","slug":"polityka-prywatnosci","status":"publish","type":"page","link":"https:\/\/saintbody.com\/en_gb\/polityka-prywatnosci\/","title":{"rendered":"Privacy policy"},"content":{"rendered":"<div data-elementor-type=\"wp-page\" data-elementor-id=\"3\" class=\"elementor elementor-3\" data-elementor-post-type=\"page\">\n\t\t\t\t\t\t<section class=\"elementor-section elementor-top-section elementor-element elementor-element-9375dc0 elementor-section-boxed elementor-section-height-default elementor-section-height-default\" data-id=\"9375dc0\" data-element_type=\"section\" data-e-type=\"section\">\n\t\t\t\t\t\t<div class=\"elementor-container elementor-column-gap-default\">\n\t\t\t\t\t<div class=\"elementor-column elementor-col-100 elementor-top-column elementor-element elementor-element-69d323c7\" data-id=\"69d323c7\" data-element_type=\"column\" data-e-type=\"column\">\n\t\t\t<div class=\"elementor-widget-wrap elementor-element-populated\">\n\t\t\t\t\t\t<div class=\"elementor-element elementor-element-4007ce8 elementor-widget elementor-widget-text-editor\" data-id=\"4007ce8\" data-element_type=\"widget\" data-e-type=\"widget\" data-widget_type=\"text-editor.default\">\n\t\t\t\t<div class=\"elementor-widget-container\">\n\t\t\t\t\t\t\t\t\t<p><strong>Privacy policy<\/strong><br \/>This Policy sets out the rules for the processing of personal data by SAINT BODY Sp. z o.o. with its registered office in Warsaw, ul. \u017burawia 2\/43, 00-503 Warsaw, entered in the Register of Entrepreneurs of the National Court Register at 0000618297 (\"Administrator\", \"We\", \"Us\") in connection with the operation of the online shop available at the following address <a href=\"https:\/\/saintbody.com\/en_gb\/\">https:\/\/saintbody.com<\/a> (\"Shop\", \"Service\").<\/p>\n<h3>1. data controller<\/h3>\n<p>The administrator of the personal data of Users and Customers of the Shop is SAINT BODY Sp. z o.o.<\/p>\n<h3>2. Data Protection Officer<\/h3>\n<p>If applicable: If you have any questions regarding the processing of your personal data or in order to exercise your rights under data protection, please contact us at [email protected] or by post at the Administrator's registered office address.<\/p>\n<h3>3 Scope and purposes of data processing<\/h3>\n<p>3.1 Scope of data:<br \/>- Name, company (if applicable), email address, telephone number, delivery address, payment details - in connection with the processing of the order.<br \/>- Data provided when contacting the Administrator: name, e-mail address, telephone, correspondence.<br \/>- Data provided when subscribing to the newsletter: first name (optional), email address.<br \/>- Technical and \"cookie\" data related to the use of the Website (IP address, browser type, access time, etc.).<\/p>\n<p>3.2 Purposes of processing, legal basis and retention periods:<\/p>\n<table>\n<thead>\n<tr>\n<th>Purpose of processing<\/th>\n<th>Legal basis (Article 6 RODO)<\/th>\n<th>Storage period<\/th>\n<\/tr>\n<\/thead>\n<tbody>\n<tr>\n<td>Execution of the sales contract and the order<\/td>\n<td>Article 6(1)(b) RODO<\/td>\n<td>for the duration of the contract + limitation period for claims (usually 5 years)<\/td>\n<\/tr>\n<tr>\n<td>Handling enquiries and correspondence<\/td>\n<td>Article 6(1)(f) RODO (legitimate interest of the Administrator: customer service)<\/td>\n<td>until the conclusion of the case + limitation period<\/td>\n<\/tr>\n<tr>\n<td>Direct marketing (newsletter)<\/td>\n<td>Article 6(1)(a) RODO (consent)<\/td>\n<td>until such time as consent is withdrawn<\/td>\n<\/tr>\n<tr>\n<td>Website traffic analysis \/ profiling for marketing purposes<\/td>\n<td>Article 6(1)(f) or (a) RODO (consent or legitimate interest)<\/td>\n<td>as appropriate to the purpose, or until withdrawal of consent<\/td>\n<\/tr>\n<tr>\n<td>Use of cookies and similar technologies<\/td>\n<td>Article 6(1)(a) or (f) RODO<\/td>\n<td>according to a specific category of cookies or until you withdraw your consent<\/td>\n<\/tr>\n<\/tbody>\n<\/table>\n<h3>4 Recipients of data \/ transfer of data<\/h3>\n<p>- Data may be transferred to subcontractors on the Administrator's side (e.g. courier companies, payment operators, hosting companies, analytical companies) - on the basis of an agreement for the entrustment of personal data processing.<br \/>- The administrator does not transfer personal data outside the European Economic Area (EEA). If this is changed, users will be informed.<br \/>- In the event of a legal obligation or decision by an authority, the Administrator may be obliged to disclose the data.<\/p>\n<h3>5 Rights of the data subject<\/h3>\n<p>The data subject has the right to:<br \/>- access to the content of their data and receive a copy;<br \/>- rectification of data;<br \/>- erasure (\"right to be forgotten\"), unless the processing is necessary e.g. for the performance of a contract or the fulfilment of a legal obligation;<br \/>- limitation of processing;<br \/>- object to the processing (in particular to profiling or marketing);<br \/>- data portability (transfer of data to another controller) - insofar as the processing is carried out by automated means and on the basis of consent or contract;<br \/>- revoke consent at any time - without affecting the lawfulness of processing carried out before revocation;<br \/>- to lodge a complaint with a supervisory authority (in Poland: Urz\u0105d Ochrony Danych Osobowych).<\/p>\n<h3>6 Voluntary data provision<\/h3>\n<p>The provision of data is voluntary, however, if the data required to process the order (e.g. name, surname, delivery address) is not provided, it may not be possible to provide the service (sales processing).<\/p>\n<h3>7 Cookies and similar technologies<\/h3>\n<p>7.1 \"Cookies\" are small text files stored on the User's device.<br \/>7.2 We use the Service:<br \/>- files necessary for the operation of the Website;<br \/>- analytical files (e.g. Google Analytics) for traffic analysis;<br \/>- marketing\/advertising files to display personalised content.<br \/>7.3 You can change your browser's cookie settings or disable cookies at any time (although this may affect the performance of the Website).<br \/>7.4 The administrator uses Google Analytics - more information available on the Google website.<br \/>7.5 A list of third parties using cookies, together with their purposes and storage period, is available in the dedicated document \"Information on cookies\".<\/p>\n<h3>8 Data security<\/h3>\n<p>The controller shall apply appropriate technical and organisational measures to protect personal data against accidental or unlawful destruction, loss, alteration, unauthorised disclosure or access. In particular, data is transferred using an encrypted SSL\/TLS connection and IT systems are regularly updated and secured.<\/p>\n<h3>9 Changes to the Privacy Policy<\/h3>\n<p>The Administrator reserves the right to amend this Policy. Users will be informed of any changes by posting its new content on the Website, together with its effective date. In the event of significant changes, a relevant notice may be sent to the e-mail address.<\/p>\n<h3>10 Contact<\/h3>\n<p>For matters relating to the processing of personal data, please contact:<br \/>SAINT BODY Sp. z o.o.<br \/>\u017burawia Street 2\/43, 00-503 Warsaw<br \/>email: <a href=\"mailto:kontakt@saintbody.com\">kontakt@saintbody.com<\/a><br \/>Tel: +48 535 614 540<\/p>\n<p>Date of last update: 13.11.2025<\/p>\t\t\t\t\t\t\t\t<\/div>\n\t\t\t\t<\/div>\n\t\t\t\t\t<\/div>\n\t\t<\/div>\n\t\t\t\t\t<\/div>\n\t\t<\/section>\n\t\t\t\t<\/div>","protected":false},"excerpt":{"rendered":"<p>Polityka prywatno\u015bciNiniejsza Polityka okre\u015bla zasady przetwarzania danych osobowych przez SAINT BODY Sp. z o.o. z siedzib\u0105 w Warszawie, ul. \u017burawia 2\/43, 00-503 Warszawa, wpisan\u0105 do rejestru przedsi\u0119biorc\u00f3w KRS 0000618297 (\u201eAdministrator\u201d, \u201eMy\u201d, \u201eNas\u201d) w zwi\u0105zku z dzia\u0142alno\u015bci\u0105 sklepu internetowego dost\u0119pnego pod adresem https:\/\/saintbody.com (\u201eSklep\u201d, \u201eSerwis\u201d). 1. Administrator danych Administrator danych osobowych U\u017cytkownik\u00f3w oraz Klient\u00f3w Sklepu jest [&hellip;]<\/p>","protected":false},"author":1,"featured_media":0,"parent":0,"menu_order":0,"comment_status":"closed","ping_status":"open","template":"elementor_header_footer","meta":{"footnotes":""},"class_list":["post-3","page","type-page","status-publish","hentry"],"yoast_head":"<!-- This site is optimized with the Yoast SEO plugin v27.0 - https:\/\/yoast.com\/product\/yoast-seo-wordpress\/ -->\n<title>Polityka prywatno\u015bci - Sklep SAINTBODY<\/title>\n<meta name=\"robots\" content=\"index, follow, max-snippet:-1, max-image-preview:large, max-video-preview:-1\" \/>\n<link rel=\"canonical\" href=\"https:\/\/saintbody.com\/en_gb\/polityka-prywatnosci\/\" \/>\n<meta property=\"og:locale\" content=\"en_GB\" \/>\n<meta property=\"og:type\" content=\"article\" \/>\n<meta property=\"og:title\" content=\"Polityka prywatno\u015bci - Sklep SAINTBODY\" \/>\n<meta property=\"og:description\" content=\"Polityka prywatno\u015bciNiniejsza Polityka okre\u015bla zasady przetwarzania danych osobowych przez SAINT BODY Sp. z o.o. z siedzib\u0105 w Warszawie, ul. \u017burawia 2\/43, 00-503 Warszawa, wpisan\u0105 do rejestru przedsi\u0119biorc\u00f3w KRS 0000618297 (\u201eAdministrator\u201d, \u201eMy\u201d, \u201eNas\u201d) w zwi\u0105zku z dzia\u0142alno\u015bci\u0105 sklepu internetowego dost\u0119pnego pod adresem https:\/\/saintbody.com (\u201eSklep\u201d, \u201eSerwis\u201d). 1. Administrator danych Administrator danych osobowych U\u017cytkownik\u00f3w oraz Klient\u00f3w Sklepu jest [&hellip;]\" \/>\n<meta property=\"og:url\" content=\"https:\/\/saintbody.com\/en_gb\/polityka-prywatnosci\/\" \/>\n<meta property=\"og:site_name\" content=\"Sklep SAINTBODY\" \/>\n<meta property=\"article:publisher\" content=\"https:\/\/facebook.com\/saintbody\/\" \/>\n<meta property=\"article:modified_time\" content=\"2025-11-13T18:12:42+00:00\" \/>\n<meta name=\"twitter:card\" content=\"summary_large_image\" \/>\n<meta name=\"twitter:label1\" content=\"Estimated reading time\" \/>\n\t<meta name=\"twitter:data1\" content=\"5 minutes\" \/>\n<script type=\"application\/ld+json\" class=\"yoast-schema-graph\">{\"@context\":\"https:\/\/schema.org\",\"@graph\":[{\"@type\":\"WebPage\",\"@id\":\"https:\/\/saintbody.com\/polityka-prywatnosci\/\",\"url\":\"https:\/\/saintbody.com\/polityka-prywatnosci\/\",\"name\":\"Polityka prywatno\u015bci - Sklep SAINTBODY\",\"isPartOf\":{\"@id\":\"https:\/\/saintbody.com\/#website\"},\"datePublished\":\"2023-03-09T16:15:53+00:00\",\"dateModified\":\"2025-11-13T18:12:42+00:00\",\"breadcrumb\":{\"@id\":\"https:\/\/saintbody.com\/polityka-prywatnosci\/#breadcrumb\"},\"inLanguage\":\"en-GB\",\"potentialAction\":[{\"@type\":\"ReadAction\",\"target\":[\"https:\/\/saintbody.com\/polityka-prywatnosci\/\"]}]},{\"@type\":\"BreadcrumbList\",\"@id\":\"https:\/\/saintbody.com\/polityka-prywatnosci\/#breadcrumb\",\"itemListElement\":[{\"@type\":\"ListItem\",\"position\":1,\"name\":\"Strona g\u0142\u00f3wna\",\"item\":\"https:\/\/saintbody.com\/\"},{\"@type\":\"ListItem\",\"position\":2,\"name\":\"Polityka prywatno\u015bci\"}]},{\"@type\":\"WebSite\",\"@id\":\"https:\/\/saintbody.com\/#website\",\"url\":\"https:\/\/saintbody.com\/\",\"name\":\"Sklep SAINTBODY\",\"description\":\"Premium basic na ka\u00c5\u00bcd\u00c4\u2026 okazje. Ponadczasowe Body, Odzie\u00c5\u00bc damska, Sukienki Damskie\",\"publisher\":{\"@id\":\"https:\/\/saintbody.com\/#organization\"},\"potentialAction\":[{\"@type\":\"SearchAction\",\"target\":{\"@type\":\"EntryPoint\",\"urlTemplate\":\"https:\/\/saintbody.com\/?s={search_term_string}\"},\"query-input\":{\"@type\":\"PropertyValueSpecification\",\"valueRequired\":true,\"valueName\":\"search_term_string\"}}],\"inLanguage\":\"en-GB\"},{\"@type\":\"Organization\",\"@id\":\"https:\/\/saintbody.com\/#organization\",\"name\":\"Sklep Saint Body\",\"url\":\"https:\/\/saintbody.com\/\",\"logo\":{\"@type\":\"ImageObject\",\"inLanguage\":\"en-GB\",\"@id\":\"https:\/\/saintbody.com\/#\/schema\/logo\/image\/\",\"url\":\"https:\/\/saintbody.com\/wp-content\/uploads\/2023\/04\/SaintBody_Logo_Typografia-e1691418926919.png\",\"contentUrl\":\"https:\/\/saintbody.com\/wp-content\/uploads\/2023\/04\/SaintBody_Logo_Typografia-e1691418926919.png\",\"width\":1000,\"height\":202,\"caption\":\"Sklep Saint Body\"},\"image\":{\"@id\":\"https:\/\/saintbody.com\/#\/schema\/logo\/image\/\"},\"sameAs\":[\"https:\/\/facebook.com\/saintbody\/\"]}]}<\/script>\n<!-- \/ Yoast SEO plugin. -->","yoast_head_json":{"title":"Polityka prywatno\u015bci - Sklep SAINTBODY","robots":{"index":"index","follow":"follow","max-snippet":"max-snippet:-1","max-image-preview":"max-image-preview:large","max-video-preview":"max-video-preview:-1"},"canonical":"https:\/\/saintbody.com\/en_gb\/polityka-prywatnosci\/","og_locale":"en_GB","og_type":"article","og_title":"Polityka prywatno\u015bci - Sklep SAINTBODY","og_description":"Polityka prywatno\u015bciNiniejsza Polityka okre\u015bla zasady przetwarzania danych osobowych przez SAINT BODY Sp. z o.o. z siedzib\u0105 w Warszawie, ul. \u017burawia 2\/43, 00-503 Warszawa, wpisan\u0105 do rejestru przedsi\u0119biorc\u00f3w KRS 0000618297 (\u201eAdministrator\u201d, \u201eMy\u201d, \u201eNas\u201d) w zwi\u0105zku z dzia\u0142alno\u015bci\u0105 sklepu internetowego dost\u0119pnego pod adresem https:\/\/saintbody.com (\u201eSklep\u201d, \u201eSerwis\u201d). 1. Administrator danych Administrator danych osobowych U\u017cytkownik\u00f3w oraz Klient\u00f3w Sklepu jest [&hellip;]","og_url":"https:\/\/saintbody.com\/en_gb\/polityka-prywatnosci\/","og_site_name":"Sklep SAINTBODY","article_publisher":"https:\/\/facebook.com\/saintbody\/","article_modified_time":"2025-11-13T18:12:42+00:00","twitter_card":"summary_large_image","twitter_misc":{"Estimated reading time":"5 minutes"},"schema":{"@context":"https:\/\/schema.org","@graph":[{"@type":"WebPage","@id":"https:\/\/saintbody.com\/polityka-prywatnosci\/","url":"https:\/\/saintbody.com\/polityka-prywatnosci\/","name":"Polityka prywatno\u015bci - Sklep SAINTBODY","isPartOf":{"@id":"https:\/\/saintbody.com\/#website"},"datePublished":"2023-03-09T16:15:53+00:00","dateModified":"2025-11-13T18:12:42+00:00","breadcrumb":{"@id":"https:\/\/saintbody.com\/polityka-prywatnosci\/#breadcrumb"},"inLanguage":"en-GB","potentialAction":[{"@type":"ReadAction","target":["https:\/\/saintbody.com\/polityka-prywatnosci\/"]}]},{"@type":"BreadcrumbList","@id":"https:\/\/saintbody.com\/polityka-prywatnosci\/#breadcrumb","itemListElement":[{"@type":"ListItem","position":1,"name":"Strona g\u0142\u00f3wna","item":"https:\/\/saintbody.com\/"},{"@type":"ListItem","position":2,"name":"Polityka prywatno\u015bci"}]},{"@type":"WebSite","@id":"https:\/\/saintbody.com\/#website","url":"https:\/\/saintbody.com\/","name":"Sklep SAINTBODY","description":"Premium basic na ka\u00c5\u00bcd\u00c4\u2026 okazje. Ponadczasowe Body, Odzie\u00c5\u00bc damska, Sukienki Damskie","publisher":{"@id":"https:\/\/saintbody.com\/#organization"},"potentialAction":[{"@type":"SearchAction","target":{"@type":"EntryPoint","urlTemplate":"https:\/\/saintbody.com\/?s={search_term_string}"},"query-input":{"@type":"PropertyValueSpecification","valueRequired":true,"valueName":"search_term_string"}}],"inLanguage":"en-GB"},{"@type":"Organization","@id":"https:\/\/saintbody.com\/#organization","name":"Sklep Saint Body","url":"https:\/\/saintbody.com\/","logo":{"@type":"ImageObject","inLanguage":"en-GB","@id":"https:\/\/saintbody.com\/#\/schema\/logo\/image\/","url":"https:\/\/saintbody.com\/wp-content\/uploads\/2023\/04\/SaintBody_Logo_Typografia-e1691418926919.png","contentUrl":"https:\/\/saintbody.com\/wp-content\/uploads\/2023\/04\/SaintBody_Logo_Typografia-e1691418926919.png","width":1000,"height":202,"caption":"Sklep Saint Body"},"image":{"@id":"https:\/\/saintbody.com\/#\/schema\/logo\/image\/"},"sameAs":["https:\/\/facebook.com\/saintbody\/"]}]}},"_links":{"self":[{"href":"https:\/\/saintbody.com\/en_gb\/wp-json\/wp\/v2\/pages\/3","targetHints":{"allow":["GET"]}}],"collection":[{"href":"https:\/\/saintbody.com\/en_gb\/wp-json\/wp\/v2\/pages"}],"about":[{"href":"https:\/\/saintbody.com\/en_gb\/wp-json\/wp\/v2\/types\/page"}],"author":[{"embeddable":true,"href":"https:\/\/saintbody.com\/en_gb\/wp-json\/wp\/v2\/users\/1"}],"replies":[{"embeddable":true,"href":"https:\/\/saintbody.com\/en_gb\/wp-json\/wp\/v2\/comments?post=3"}],"version-history":[{"count":3,"href":"https:\/\/saintbody.com\/en_gb\/wp-json\/wp\/v2\/pages\/3\/revisions"}],"predecessor-version":[{"id":58529,"href":"https:\/\/saintbody.com\/en_gb\/wp-json\/wp\/v2\/pages\/3\/revisions\/58529"}],"wp:attachment":[{"href":"https:\/\/saintbody.com\/en_gb\/wp-json\/wp\/v2\/media?parent=3"}],"curies":[{"name":"wp","href":"https:\/\/api.w.org\/{rel}","templated":true}]}}