{"id":11979,"date":"2023-03-15T07:01:51","date_gmt":"2023-03-15T06:01:51","guid":{"rendered":"http:\/\/saintbody.com\/?page_id=11979"},"modified":"2025-11-13T19:07:27","modified_gmt":"2025-11-13T18:07:27","slug":"dostawa","status":"publish","type":"page","link":"https:\/\/saintbody.com\/en_gb\/dostawa\/","title":{"rendered":"Delivery"},"content":{"rendered":"<div data-elementor-type=\"wp-page\" data-elementor-id=\"11979\" class=\"elementor elementor-11979\" data-elementor-post-type=\"page\">\n\t\t\t\t\t\t<section class=\"elementor-section elementor-top-section elementor-element elementor-element-9375dc0 elementor-section-boxed elementor-section-height-default elementor-section-height-default\" data-id=\"9375dc0\" data-element_type=\"section\" data-e-type=\"section\">\n\t\t\t\t\t\t<div class=\"elementor-container elementor-column-gap-default\">\n\t\t\t\t\t<div class=\"elementor-column elementor-col-100 elementor-top-column elementor-element elementor-element-69d323c7\" data-id=\"69d323c7\" data-element_type=\"column\" data-e-type=\"column\">\n\t\t\t<div class=\"elementor-widget-wrap elementor-element-populated\">\n\t\t\t\t\t\t<div class=\"elementor-element elementor-element-4007ce8 elementor-widget elementor-widget-text-editor\" data-id=\"4007ce8\" data-element_type=\"widget\" data-e-type=\"widget\" data-widget_type=\"text-editor.default\">\n\t\t\t\t<div class=\"elementor-widget-container\">\n\t\t\t\t\t\t\t\t\t<p><strong><span style=\"font-size: small; color: #333333;\">HOW LONG WILL I HAVE TO WAIT FOR DELIVERY?<\/span><\/strong><\/p><p style=\"font-size: small;\"><span style=\"color: #333333;\">All orders are dispatched by courier based on the selection made by the customer during purchase. We do not make you wait long for your purchases - you should receive your parcel within 48 hours of making your purchase. Lead times may vary slightly from those stated in the product description due to the varying nature of the goods and their availability.\u00a0<\/span><\/p><p style=\"font-size: small;\"><span style=\"color: #333333;\">Any delay in the dispatch of goods will be communicated to the customer immediately, on the day the customer places the order.<\/span><\/p><p style=\"font-size: small;\"><strong><span style=\"color: #333333;\">HOW MUCH DOES DELIVERY COST?\u00a0<\/span><\/strong><\/p><p style=\"font-size: small;\"><span style=\"color: #333333;\">Regardless of how many products you order, you will pay \u00a316 for delivery by courier.\u00a0<\/span><\/p><p style=\"font-size: small;\"><span style=\"color: #333333;\">We do not currently offer cash on delivery. The order must be prepaid.\u00a0<\/span><\/p><p style=\"font-size: small;\"><strong><span style=\"color: #333333;\">CAN I PICK UP THE ORDERED PRODUCTS IN PERSON ?\u00a0<\/span><\/strong><\/p><p style=\"font-size: small;\"><span style=\"color: #333333;\">As one of the delivery options, we offer delivery to our order pick-up point. This is the address of our pick-up point in the SAINTBODY pop-up storeroom in the Powi\u015ble power station, at 42 Dobra Street on the 1st floor. <\/span><\/p><p style=\"font-size: small;\"><strong style=\"font-family: var(--rz-font-family-primary);\"><span style=\"color: #333333;\">HOW CAN I CONTACT THE SHOP?\u00a0<\/span><\/strong><\/p><p style=\"font-size: small;\"><span style=\"color: #333333;\">You can contact us by e-mail, select the appropriate tab on the menu bar. For all your<\/span> your questions will be answered within 48h.<\/p>\t\t\t\t\t\t\t\t<\/div>\n\t\t\t\t<\/div>\n\t\t\t\t\t<\/div>\n\t\t<\/div>\n\t\t\t\t\t<\/div>\n\t\t<\/section>\n\t\t\t\t<\/div>","protected":false},"excerpt":{"rendered":"<p>HOW LONG WILL I HAVE TO WAIT FOR DELIVERY ? All orders are sent by courier based on the selection made during the purchase by the customer. We do not make you wait long for your purchases - you should receive your parcel within 48 hours of making your purchase. Delivery times may vary slightly from those stated in the product description due to the [...].<\/p>","protected":false},"author":1,"featured_media":0,"parent":0,"menu_order":0,"comment_status":"closed","ping_status":"closed","template":"elementor_header_footer","meta":{"footnotes":""},"class_list":["post-11979","page","type-page","status-publish","hentry"],"yoast_head":"<!-- This site is optimized with the Yoast SEO plugin v27.0 - https:\/\/yoast.com\/product\/yoast-seo-wordpress\/ -->\n<title>Dostawa - Sklep SAINTBODY<\/title>\n<meta name=\"robots\" content=\"index, follow, max-snippet:-1, max-image-preview:large, max-video-preview:-1\" \/>\n<link rel=\"canonical\" href=\"https:\/\/saintbody.com\/en_gb\/dostawa\/\" \/>\n<meta property=\"og:locale\" content=\"en_GB\" \/>\n<meta property=\"og:type\" content=\"article\" \/>\n<meta property=\"og:title\" content=\"Dostawa - Sklep SAINTBODY\" \/>\n<meta property=\"og:description\" content=\"JAK D\u0141UGO B\u0118D\u0118 CZEKA\u0106 NA PRZESY\u0141K\u0118 ? Wszystkie zam\u00f3wienia zostaj\u0105 wys\u0142ane przesy\u0142k\u0105 kuriersk\u0105 na podstawie dokonanego wyboru podczas zakup\u00f3w przez klienta. Na Twoje zakupy nie ka\u017cemy Ci d\u0142ugo czeka\u0107 \u2013 przesy\u0142k\u0119 powinna\u015b otrzyma\u0107 w przeci\u0105gu 48 godzin od dokonania zakupu. Czas realizacji zam\u00f3wienia mo\u017ce si\u0119 nieznacznie r\u00f3\u017cni\u0107 od podanego przy opisie produktu z racji r\u00f3\u017cnorodnej [&hellip;]\" \/>\n<meta property=\"og:url\" content=\"https:\/\/saintbody.com\/en_gb\/dostawa\/\" \/>\n<meta property=\"og:site_name\" content=\"Sklep SAINTBODY\" \/>\n<meta property=\"article:publisher\" content=\"https:\/\/facebook.com\/saintbody\/\" \/>\n<meta property=\"article:modified_time\" content=\"2025-11-13T18:07:27+00:00\" \/>\n<meta name=\"twitter:card\" content=\"summary_large_image\" \/>\n<meta name=\"twitter:label1\" content=\"Estimated reading time\" \/>\n\t<meta name=\"twitter:data1\" content=\"2 minutes\" \/>\n<script type=\"application\/ld+json\" class=\"yoast-schema-graph\">{\"@context\":\"https:\/\/schema.org\",\"@graph\":[{\"@type\":\"WebPage\",\"@id\":\"https:\/\/saintbody.com\/dostawa\/\",\"url\":\"https:\/\/saintbody.com\/dostawa\/\",\"name\":\"Dostawa - Sklep SAINTBODY\",\"isPartOf\":{\"@id\":\"https:\/\/saintbody.com\/#website\"},\"datePublished\":\"2023-03-15T06:01:51+00:00\",\"dateModified\":\"2025-11-13T18:07:27+00:00\",\"breadcrumb\":{\"@id\":\"https:\/\/saintbody.com\/dostawa\/#breadcrumb\"},\"inLanguage\":\"en-GB\",\"potentialAction\":[{\"@type\":\"ReadAction\",\"target\":[\"https:\/\/saintbody.com\/dostawa\/\"]}]},{\"@type\":\"BreadcrumbList\",\"@id\":\"https:\/\/saintbody.com\/dostawa\/#breadcrumb\",\"itemListElement\":[{\"@type\":\"ListItem\",\"position\":1,\"name\":\"Strona g\u0142\u00f3wna\",\"item\":\"https:\/\/saintbody.com\/\"},{\"@type\":\"ListItem\",\"position\":2,\"name\":\"Dostawa\"}]},{\"@type\":\"WebSite\",\"@id\":\"https:\/\/saintbody.com\/#website\",\"url\":\"https:\/\/saintbody.com\/\",\"name\":\"Sklep SAINTBODY\",\"description\":\"Premium basic na ka\u00c5\u00bcd\u00c4\u2026 okazje. Ponadczasowe Body, Odzie\u00c5\u00bc damska, Sukienki Damskie\",\"publisher\":{\"@id\":\"https:\/\/saintbody.com\/#organization\"},\"potentialAction\":[{\"@type\":\"SearchAction\",\"target\":{\"@type\":\"EntryPoint\",\"urlTemplate\":\"https:\/\/saintbody.com\/?s={search_term_string}\"},\"query-input\":{\"@type\":\"PropertyValueSpecification\",\"valueRequired\":true,\"valueName\":\"search_term_string\"}}],\"inLanguage\":\"en-GB\"},{\"@type\":\"Organization\",\"@id\":\"https:\/\/saintbody.com\/#organization\",\"name\":\"Sklep Saint Body\",\"url\":\"https:\/\/saintbody.com\/\",\"logo\":{\"@type\":\"ImageObject\",\"inLanguage\":\"en-GB\",\"@id\":\"https:\/\/saintbody.com\/#\/schema\/logo\/image\/\",\"url\":\"https:\/\/saintbody.com\/wp-content\/uploads\/2023\/04\/SaintBody_Logo_Typografia-e1691418926919.png\",\"contentUrl\":\"https:\/\/saintbody.com\/wp-content\/uploads\/2023\/04\/SaintBody_Logo_Typografia-e1691418926919.png\",\"width\":1000,\"height\":202,\"caption\":\"Sklep Saint Body\"},\"image\":{\"@id\":\"https:\/\/saintbody.com\/#\/schema\/logo\/image\/\"},\"sameAs\":[\"https:\/\/facebook.com\/saintbody\/\"]}]}<\/script>\n<!-- \/ Yoast SEO plugin. -->","yoast_head_json":{"title":"Dostawa - Sklep SAINTBODY","robots":{"index":"index","follow":"follow","max-snippet":"max-snippet:-1","max-image-preview":"max-image-preview:large","max-video-preview":"max-video-preview:-1"},"canonical":"https:\/\/saintbody.com\/en_gb\/dostawa\/","og_locale":"en_GB","og_type":"article","og_title":"Dostawa - Sklep SAINTBODY","og_description":"JAK D\u0141UGO B\u0118D\u0118 CZEKA\u0106 NA PRZESY\u0141K\u0118 ? Wszystkie zam\u00f3wienia zostaj\u0105 wys\u0142ane przesy\u0142k\u0105 kuriersk\u0105 na podstawie dokonanego wyboru podczas zakup\u00f3w przez klienta. Na Twoje zakupy nie ka\u017cemy Ci d\u0142ugo czeka\u0107 \u2013 przesy\u0142k\u0119 powinna\u015b otrzyma\u0107 w przeci\u0105gu 48 godzin od dokonania zakupu. Czas realizacji zam\u00f3wienia mo\u017ce si\u0119 nieznacznie r\u00f3\u017cni\u0107 od podanego przy opisie produktu z racji r\u00f3\u017cnorodnej [&hellip;]","og_url":"https:\/\/saintbody.com\/en_gb\/dostawa\/","og_site_name":"Sklep SAINTBODY","article_publisher":"https:\/\/facebook.com\/saintbody\/","article_modified_time":"2025-11-13T18:07:27+00:00","twitter_card":"summary_large_image","twitter_misc":{"Estimated reading time":"2 minutes"},"schema":{"@context":"https:\/\/schema.org","@graph":[{"@type":"WebPage","@id":"https:\/\/saintbody.com\/dostawa\/","url":"https:\/\/saintbody.com\/dostawa\/","name":"Dostawa - Sklep SAINTBODY","isPartOf":{"@id":"https:\/\/saintbody.com\/#website"},"datePublished":"2023-03-15T06:01:51+00:00","dateModified":"2025-11-13T18:07:27+00:00","breadcrumb":{"@id":"https:\/\/saintbody.com\/dostawa\/#breadcrumb"},"inLanguage":"en-GB","potentialAction":[{"@type":"ReadAction","target":["https:\/\/saintbody.com\/dostawa\/"]}]},{"@type":"BreadcrumbList","@id":"https:\/\/saintbody.com\/dostawa\/#breadcrumb","itemListElement":[{"@type":"ListItem","position":1,"name":"Strona g\u0142\u00f3wna","item":"https:\/\/saintbody.com\/"},{"@type":"ListItem","position":2,"name":"Dostawa"}]},{"@type":"WebSite","@id":"https:\/\/saintbody.com\/#website","url":"https:\/\/saintbody.com\/","name":"Sklep SAINTBODY","description":"Premium basic na ka\u00c5\u00bcd\u00c4\u2026 okazje. Ponadczasowe Body, Odzie\u00c5\u00bc damska, Sukienki Damskie","publisher":{"@id":"https:\/\/saintbody.com\/#organization"},"potentialAction":[{"@type":"SearchAction","target":{"@type":"EntryPoint","urlTemplate":"https:\/\/saintbody.com\/?s={search_term_string}"},"query-input":{"@type":"PropertyValueSpecification","valueRequired":true,"valueName":"search_term_string"}}],"inLanguage":"en-GB"},{"@type":"Organization","@id":"https:\/\/saintbody.com\/#organization","name":"Sklep Saint Body","url":"https:\/\/saintbody.com\/","logo":{"@type":"ImageObject","inLanguage":"en-GB","@id":"https:\/\/saintbody.com\/#\/schema\/logo\/image\/","url":"https:\/\/saintbody.com\/wp-content\/uploads\/2023\/04\/SaintBody_Logo_Typografia-e1691418926919.png","contentUrl":"https:\/\/saintbody.com\/wp-content\/uploads\/2023\/04\/SaintBody_Logo_Typografia-e1691418926919.png","width":1000,"height":202,"caption":"Sklep Saint Body"},"image":{"@id":"https:\/\/saintbody.com\/#\/schema\/logo\/image\/"},"sameAs":["https:\/\/facebook.com\/saintbody\/"]}]}},"_links":{"self":[{"href":"https:\/\/saintbody.com\/en_gb\/wp-json\/wp\/v2\/pages\/11979","targetHints":{"allow":["GET"]}}],"collection":[{"href":"https:\/\/saintbody.com\/en_gb\/wp-json\/wp\/v2\/pages"}],"about":[{"href":"https:\/\/saintbody.com\/en_gb\/wp-json\/wp\/v2\/types\/page"}],"author":[{"embeddable":true,"href":"https:\/\/saintbody.com\/en_gb\/wp-json\/wp\/v2\/users\/1"}],"replies":[{"embeddable":true,"href":"https:\/\/saintbody.com\/en_gb\/wp-json\/wp\/v2\/comments?post=11979"}],"version-history":[{"count":15,"href":"https:\/\/saintbody.com\/en_gb\/wp-json\/wp\/v2\/pages\/11979\/revisions"}],"predecessor-version":[{"id":58526,"href":"https:\/\/saintbody.com\/en_gb\/wp-json\/wp\/v2\/pages\/11979\/revisions\/58526"}],"wp:attachment":[{"href":"https:\/\/saintbody.com\/en_gb\/wp-json\/wp\/v2\/media?parent=11979"}],"curies":[{"name":"wp","href":"https:\/\/api.w.org\/{rel}","templated":true}]}}