{"id":11961,"date":"2023-03-15T06:57:03","date_gmt":"2023-03-15T05:57:03","guid":{"rendered":"http:\/\/saintbody.com\/?page_id=11961"},"modified":"2026-04-16T14:45:07","modified_gmt":"2026-04-16T12:45:07","slug":"zwroty","status":"publish","type":"page","link":"https:\/\/saintbody.com\/en_gb\/zwroty\/","title":{"rendered":"Returns"},"content":{"rendered":"<div data-elementor-type=\"wp-page\" data-elementor-id=\"11961\" class=\"elementor elementor-11961\" data-elementor-post-type=\"page\">\n\t\t\t\t\t\t<section class=\"elementor-section elementor-top-section elementor-element elementor-element-9375dc0 elementor-section-boxed elementor-section-height-default elementor-section-height-default\" data-id=\"9375dc0\" data-element_type=\"section\" data-e-type=\"section\">\n\t\t\t\t\t\t<div class=\"elementor-container elementor-column-gap-default\">\n\t\t\t\t\t<div class=\"elementor-column elementor-col-100 elementor-top-column elementor-element elementor-element-69d323c7\" data-id=\"69d323c7\" data-element_type=\"column\" data-e-type=\"column\">\n\t\t\t<div class=\"elementor-widget-wrap elementor-element-populated\">\n\t\t\t\t\t\t<div class=\"elementor-element elementor-element-4007ce8 elementor-widget elementor-widget-text-editor\" data-id=\"4007ce8\" data-element_type=\"widget\" data-e-type=\"widget\" data-widget_type=\"text-editor.default\">\n\t\t\t\t<div class=\"elementor-widget-container\">\n\t\t\t\t\t\t\t\t\t<p><strong>1. CAN I RETURN THE PRODUCTS I HAVE ORDERED?<\/strong><\/p><p>You may, of course, return the products you have ordered, without stating a reason, within 14 days from the day you receive the parcel. The goods must be in unaltered, unused and complete condition with no signs of use - and have the original tags. We reserve the right to refuse a return if any of the above conditions are not met.<\/p><p><strong>2. HOW TO RETURN\/EXCHANGE ORDERED PRODUCTS ?<\/strong><\/p>\t\t\t\t\t\t\t\t<\/div>\n\t\t\t\t<\/div>\n\t\t\t\t<section class=\"elementor-section elementor-inner-section elementor-element elementor-element-55d09ff elementor-section-boxed elementor-section-height-default elementor-section-height-default\" data-id=\"55d09ff\" data-element_type=\"section\" data-e-type=\"section\">\n\t\t\t\t\t\t<div class=\"elementor-container elementor-column-gap-wider\">\n\t\t\t\t\t<div class=\"elementor-column elementor-col-50 elementor-inner-column elementor-element elementor-element-3083a56\" data-id=\"3083a56\" data-element_type=\"column\" data-e-type=\"column\">\n\t\t\t<div class=\"elementor-widget-wrap elementor-element-populated\">\n\t\t\t\t\t\t<div class=\"elementor-element elementor-element-1848267 elementor-widget elementor-widget-text-editor\" data-id=\"1848267\" data-element_type=\"widget\" data-e-type=\"widget\" data-widget_type=\"text-editor.default\">\n\t\t\t\t<div class=\"elementor-widget-container\">\n\t\t\t\t\t\t\t\t\t<p><strong>STEP 1: FILL IN THE FORM\u00a0<\/strong><\/p><p>Fill out <strong><a href=\"https:\/\/order.baselinker.com\/return\/dfxko3y7wthg\">online return form - CLICK HERE<\/a><br \/><\/strong><br \/>*Pami\u0119taj, \u017ce wype\u0142nienie formularza nie jest gwarancj\u0105 dokonania wymiany, skontaktuj si\u0119 nami aby potwierdzi\u0107 dost\u0119pno\u015b\u0107 +48 535 672 264\u200b\/\u00a0<a href=\"mailto:kontakt@saintbody.com\">kontakt@saintbody.com<\/a><\/p>\t\t\t\t\t\t\t\t<\/div>\n\t\t\t\t<\/div>\n\t\t\t\t<div class=\"elementor-element elementor-element-bd0da88 elementor-widget elementor-widget-text-editor\" data-id=\"bd0da88\" data-element_type=\"widget\" data-e-type=\"widget\" data-widget_type=\"text-editor.default\">\n\t\t\t\t<div class=\"elementor-widget-container\">\n\t\t\t\t\t\t\t\t\t<p><strong>DO YOU SEND BY COURIER AT YOUR OWN EXPENSE?<\/strong><\/p><p><strong><a href=\"https:\/\/saintbody.com\/wp-content\/uploads\/2026\/04\/FORMULARZ-ZWROTU-WYMIANY-REKLAMACJI-zaznacz-wlasciwe-Imie-i-nazwisko-Nazwa-firmy\u2026\u2026\u2026\u2026\u2026.\u2026\u2026\u2026\u2026\u2026\u2026\u2026\u2026\u2026\u2026\u2026\u2026\u2026\u2026\u2026\u2026\u2026\u2026\u2026\u2026\u2026\u2026\u2026-Adres-korespondencyjny\u2026\u2026\u2026\u2026\u2026.\u2026.pdf\">Wype\u0142nij formularz zwrotu\/wymiany\/reklamacji, <\/a><\/strong>zapakuj produkty\u00a0i ode\u015blij na adres:<\/p><p>Saint Body Sp. z o.o.<br \/>Good 42, Powisle power station<br \/>00-312 Warsaw<\/p>\t\t\t\t\t\t\t\t<\/div>\n\t\t\t\t<\/div>\n\t\t\t\t\t<\/div>\n\t\t<\/div>\n\t\t\t\t<div class=\"elementor-column elementor-col-50 elementor-inner-column elementor-element elementor-element-f3d7b2a\" data-id=\"f3d7b2a\" data-element_type=\"column\" data-e-type=\"column\">\n\t\t\t<div class=\"elementor-widget-wrap elementor-element-populated\">\n\t\t\t\t\t\t<div class=\"elementor-element elementor-element-cf7b7bf elementor-widget elementor-widget-heading\" data-id=\"cf7b7bf\" data-element_type=\"widget\" data-e-type=\"widget\" data-widget_type=\"heading.default\">\n\t\t\t\t<div class=\"elementor-widget-container\">\n\t\t\t\t\t<h2 class=\"elementor-heading-title elementor-size-default\">STEP 2: OVER - COST PLN 9.90<\/h2>\t\t\t\t<\/div>\n\t\t\t\t<\/div>\n\t\t\t\t<div class=\"elementor-element elementor-element-114ce94 elementor-widget elementor-widget-text-editor\" data-id=\"114ce94\" data-element_type=\"widget\" data-e-type=\"widget\" data-widget_type=\"text-editor.default\">\n\t\t\t\t<div class=\"elementor-widget-container\">\n\t\t\t\t\t\t\t\t\t<ul><li style=\"list-style-type: none;\"><ol><li>Go to <a href=\"https:\/\/szybkiezwroty.pl\/pl\">szybkiezwroty.pl<\/a> and find the Saint Body shop there, then press Return.<\/li><li>Fill in a few fields and you're done. Wait for the confirmation and the return code you will receive by sms\/email. <b>Place the return code on the return package (make sure it is clearly written).<\/b><\/li><li>That's it! Send your parcel at the parcel machine using the code you received earlier.<b>\u00a0<\/b><b>\u00a0<\/b><\/li><li>The value of the parcel being sent is \u00a39.90 - this will be deducted from the purchase amount and included on the invoice adjustment.\u00a0<\/li><\/ol><\/li><\/ul>\t\t\t\t\t\t\t\t<\/div>\n\t\t\t\t<\/div>\n\t\t\t\t<div class=\"elementor-element elementor-element-f512601 elementor-align-left elementor-mobile-align-center elementor-widget elementor-widget-razzi-button\" data-id=\"f512601\" data-element_type=\"widget\" data-e-type=\"widget\" data-widget_type=\"razzi-button.default\">\n\t\t\t\t<div class=\"elementor-widget-container\">\n\t\t\t\t\t        <a href=\"https:\/\/szybkiezwroty.pl\/pl\" class=\"razzi-button-link razzi-button button-outline\">\n\t\t\t\t\t\t\t\t\t<span class=\"razzi-button-text\">szybkiezwroty.pl<\/span>        <\/a>\n\t\t\t\t\t\t<\/div>\n\t\t\t\t<\/div>\n\t\t\t\t\t<\/div>\n\t\t<\/div>\n\t\t\t\t\t<\/div>\n\t\t<\/section>\n\t\t\t\t\t<\/div>\n\t\t<\/div>\n\t\t\t\t\t<\/div>\n\t\t<\/section>\n\t\t\t\t<\/div>","protected":false},"excerpt":{"rendered":"<p>1. CAN I RETURN THE PRODUCTS I ORDERED ? Of course you can return the products you have ordered, without giving any reason, within 14 days from the day you receive the parcel. The goods must be in unaltered, unused and complete condition, without signs of use - they must have the original tags. We reserve the right to refuse a return if any of the above [...] is not met.<\/p>","protected":false},"author":1,"featured_media":0,"parent":0,"menu_order":0,"comment_status":"closed","ping_status":"closed","template":"elementor_header_footer","meta":{"footnotes":""},"class_list":["post-11961","page","type-page","status-publish","hentry"],"yoast_head":"<!-- This site is optimized with the Yoast SEO plugin v27.0 - https:\/\/yoast.com\/product\/yoast-seo-wordpress\/ -->\n<title>Zwroty - Sklep SAINTBODY<\/title>\n<meta name=\"robots\" content=\"index, follow, max-snippet:-1, max-image-preview:large, max-video-preview:-1\" \/>\n<link rel=\"canonical\" href=\"https:\/\/saintbody.com\/en_gb\/zwroty\/\" \/>\n<meta property=\"og:locale\" content=\"en_GB\" \/>\n<meta property=\"og:type\" content=\"article\" \/>\n<meta property=\"og:title\" content=\"Zwroty - Sklep SAINTBODY\" \/>\n<meta property=\"og:description\" content=\"1. CZY MOG\u0118 ZWR\u00d3CI\u0106 ZAM\u00d3WIONE PRODUKTY ? Oczywi\u015bcie, mo\u017cesz zwr\u00f3ci\u0107 zam\u00f3wione produkty, bez podawania przyczyny, w terminie 14 dni od dnia otrzymania przez Ciebie przesy\u0142ki. Towar musi by\u0107 w stanie niezmienionym, nieu\u017cywany i kompletny, bez \u015blad\u00f3w u\u017cytkowania \u2013 posiada\u0107 oryginalne metki. Zastrzegamy sobie prawo do odmowy przyj\u0119cia zwrotu w przypadku nie spe\u0142nienia kt\u00f3rego\u015b z powy\u017cszych [&hellip;]\" \/>\n<meta property=\"og:url\" content=\"https:\/\/saintbody.com\/en_gb\/zwroty\/\" \/>\n<meta property=\"og:site_name\" content=\"Sklep SAINTBODY\" \/>\n<meta property=\"article:publisher\" content=\"https:\/\/facebook.com\/saintbody\/\" \/>\n<meta property=\"article:modified_time\" content=\"2026-04-16T12:45:07+00:00\" \/>\n<meta name=\"twitter:card\" content=\"summary_large_image\" \/>\n<meta name=\"twitter:label1\" content=\"Estimated reading time\" \/>\n\t<meta name=\"twitter:data1\" content=\"2 minutes\" \/>\n<script type=\"application\/ld+json\" class=\"yoast-schema-graph\">{\"@context\":\"https:\/\/schema.org\",\"@graph\":[{\"@type\":\"WebPage\",\"@id\":\"https:\/\/saintbody.com\/zwroty\/\",\"url\":\"https:\/\/saintbody.com\/zwroty\/\",\"name\":\"Zwroty - Sklep SAINTBODY\",\"isPartOf\":{\"@id\":\"https:\/\/saintbody.com\/#website\"},\"datePublished\":\"2023-03-15T05:57:03+00:00\",\"dateModified\":\"2026-04-16T12:45:07+00:00\",\"breadcrumb\":{\"@id\":\"https:\/\/saintbody.com\/zwroty\/#breadcrumb\"},\"inLanguage\":\"en-GB\",\"potentialAction\":[{\"@type\":\"ReadAction\",\"target\":[\"https:\/\/saintbody.com\/zwroty\/\"]}]},{\"@type\":\"BreadcrumbList\",\"@id\":\"https:\/\/saintbody.com\/zwroty\/#breadcrumb\",\"itemListElement\":[{\"@type\":\"ListItem\",\"position\":1,\"name\":\"Strona g\u0142\u00f3wna\",\"item\":\"https:\/\/saintbody.com\/\"},{\"@type\":\"ListItem\",\"position\":2,\"name\":\"Zwroty\"}]},{\"@type\":\"WebSite\",\"@id\":\"https:\/\/saintbody.com\/#website\",\"url\":\"https:\/\/saintbody.com\/\",\"name\":\"Sklep SAINTBODY\",\"description\":\"Premium basic na ka\u00c5\u00bcd\u00c4\u2026 okazje. Ponadczasowe Body, Odzie\u00c5\u00bc damska, Sukienki Damskie\",\"publisher\":{\"@id\":\"https:\/\/saintbody.com\/#organization\"},\"potentialAction\":[{\"@type\":\"SearchAction\",\"target\":{\"@type\":\"EntryPoint\",\"urlTemplate\":\"https:\/\/saintbody.com\/?s={search_term_string}\"},\"query-input\":{\"@type\":\"PropertyValueSpecification\",\"valueRequired\":true,\"valueName\":\"search_term_string\"}}],\"inLanguage\":\"en-GB\"},{\"@type\":\"Organization\",\"@id\":\"https:\/\/saintbody.com\/#organization\",\"name\":\"Sklep Saint Body\",\"url\":\"https:\/\/saintbody.com\/\",\"logo\":{\"@type\":\"ImageObject\",\"inLanguage\":\"en-GB\",\"@id\":\"https:\/\/saintbody.com\/#\/schema\/logo\/image\/\",\"url\":\"https:\/\/saintbody.com\/wp-content\/uploads\/2023\/04\/SaintBody_Logo_Typografia-e1691418926919.png\",\"contentUrl\":\"https:\/\/saintbody.com\/wp-content\/uploads\/2023\/04\/SaintBody_Logo_Typografia-e1691418926919.png\",\"width\":1000,\"height\":202,\"caption\":\"Sklep Saint Body\"},\"image\":{\"@id\":\"https:\/\/saintbody.com\/#\/schema\/logo\/image\/\"},\"sameAs\":[\"https:\/\/facebook.com\/saintbody\/\"]}]}<\/script>\n<!-- \/ Yoast SEO plugin. -->","yoast_head_json":{"title":"Zwroty - Sklep SAINTBODY","robots":{"index":"index","follow":"follow","max-snippet":"max-snippet:-1","max-image-preview":"max-image-preview:large","max-video-preview":"max-video-preview:-1"},"canonical":"https:\/\/saintbody.com\/en_gb\/zwroty\/","og_locale":"en_GB","og_type":"article","og_title":"Zwroty - Sklep SAINTBODY","og_description":"1. CZY MOG\u0118 ZWR\u00d3CI\u0106 ZAM\u00d3WIONE PRODUKTY ? Oczywi\u015bcie, mo\u017cesz zwr\u00f3ci\u0107 zam\u00f3wione produkty, bez podawania przyczyny, w terminie 14 dni od dnia otrzymania przez Ciebie przesy\u0142ki. Towar musi by\u0107 w stanie niezmienionym, nieu\u017cywany i kompletny, bez \u015blad\u00f3w u\u017cytkowania \u2013 posiada\u0107 oryginalne metki. Zastrzegamy sobie prawo do odmowy przyj\u0119cia zwrotu w przypadku nie spe\u0142nienia kt\u00f3rego\u015b z powy\u017cszych [&hellip;]","og_url":"https:\/\/saintbody.com\/en_gb\/zwroty\/","og_site_name":"Sklep SAINTBODY","article_publisher":"https:\/\/facebook.com\/saintbody\/","article_modified_time":"2026-04-16T12:45:07+00:00","twitter_card":"summary_large_image","twitter_misc":{"Estimated reading time":"2 minutes"},"schema":{"@context":"https:\/\/schema.org","@graph":[{"@type":"WebPage","@id":"https:\/\/saintbody.com\/zwroty\/","url":"https:\/\/saintbody.com\/zwroty\/","name":"Zwroty - Sklep SAINTBODY","isPartOf":{"@id":"https:\/\/saintbody.com\/#website"},"datePublished":"2023-03-15T05:57:03+00:00","dateModified":"2026-04-16T12:45:07+00:00","breadcrumb":{"@id":"https:\/\/saintbody.com\/zwroty\/#breadcrumb"},"inLanguage":"en-GB","potentialAction":[{"@type":"ReadAction","target":["https:\/\/saintbody.com\/zwroty\/"]}]},{"@type":"BreadcrumbList","@id":"https:\/\/saintbody.com\/zwroty\/#breadcrumb","itemListElement":[{"@type":"ListItem","position":1,"name":"Strona g\u0142\u00f3wna","item":"https:\/\/saintbody.com\/"},{"@type":"ListItem","position":2,"name":"Zwroty"}]},{"@type":"WebSite","@id":"https:\/\/saintbody.com\/#website","url":"https:\/\/saintbody.com\/","name":"Sklep SAINTBODY","description":"Premium basic na ka\u00c5\u00bcd\u00c4\u2026 okazje. Ponadczasowe Body, Odzie\u00c5\u00bc damska, Sukienki Damskie","publisher":{"@id":"https:\/\/saintbody.com\/#organization"},"potentialAction":[{"@type":"SearchAction","target":{"@type":"EntryPoint","urlTemplate":"https:\/\/saintbody.com\/?s={search_term_string}"},"query-input":{"@type":"PropertyValueSpecification","valueRequired":true,"valueName":"search_term_string"}}],"inLanguage":"en-GB"},{"@type":"Organization","@id":"https:\/\/saintbody.com\/#organization","name":"Sklep Saint Body","url":"https:\/\/saintbody.com\/","logo":{"@type":"ImageObject","inLanguage":"en-GB","@id":"https:\/\/saintbody.com\/#\/schema\/logo\/image\/","url":"https:\/\/saintbody.com\/wp-content\/uploads\/2023\/04\/SaintBody_Logo_Typografia-e1691418926919.png","contentUrl":"https:\/\/saintbody.com\/wp-content\/uploads\/2023\/04\/SaintBody_Logo_Typografia-e1691418926919.png","width":1000,"height":202,"caption":"Sklep Saint Body"},"image":{"@id":"https:\/\/saintbody.com\/#\/schema\/logo\/image\/"},"sameAs":["https:\/\/facebook.com\/saintbody\/"]}]}},"_links":{"self":[{"href":"https:\/\/saintbody.com\/en_gb\/wp-json\/wp\/v2\/pages\/11961","targetHints":{"allow":["GET"]}}],"collection":[{"href":"https:\/\/saintbody.com\/en_gb\/wp-json\/wp\/v2\/pages"}],"about":[{"href":"https:\/\/saintbody.com\/en_gb\/wp-json\/wp\/v2\/types\/page"}],"author":[{"embeddable":true,"href":"https:\/\/saintbody.com\/en_gb\/wp-json\/wp\/v2\/users\/1"}],"replies":[{"embeddable":true,"href":"https:\/\/saintbody.com\/en_gb\/wp-json\/wp\/v2\/comments?post=11961"}],"version-history":[{"count":30,"href":"https:\/\/saintbody.com\/en_gb\/wp-json\/wp\/v2\/pages\/11961\/revisions"}],"predecessor-version":[{"id":60216,"href":"https:\/\/saintbody.com\/en_gb\/wp-json\/wp\/v2\/pages\/11961\/revisions\/60216"}],"wp:attachment":[{"href":"https:\/\/saintbody.com\/en_gb\/wp-json\/wp\/v2\/media?parent=11961"}],"curies":[{"name":"wp","href":"https:\/\/api.w.org\/{rel}","templated":true}]}}