{"id":75,"date":"2023-03-09T17:36:32","date_gmt":"2023-03-09T16:36:32","guid":{"rendered":"http:\/\/saintbody.com\/?post_type=product&#038;p=75"},"modified":"2026-04-24T12:31:13","modified_gmt":"2026-04-24T10:31:13","slug":"body-z-marszczeniem-czarne","status":"publish","type":"product","link":"https:\/\/saintbody.com\/en\/body-z-marszczeniem-czarne\/","title":{"rendered":"Body with crease black"},"content":{"rendered":"<p>Original bodysuit with a sexy crease, masking imperfections. Square neckline. Creases beautifully emphasize the figure. Double layer of knitwear, seamless finish, elastic threads ensure high wearing comfort. Fastened with delicate springs. Nickel-free.<\/p>\n<p>The model is 178 cm tall, wears size S.<br \/>\nThe product is sewn in Poland from fabric produced in a Polish knitting mill.<\/p>\n<p>Also check out our bestselling\u00a0<a href=\"https:\/\/saintbody.com\/en\/kategoria\/sukienki\/\">dresses<\/a> !<br \/>\nVisit us at <a href=\"https:\/\/www.instagram.com\/saintbodyofficial\/\">instagram<\/a>.<\/p>","protected":false},"excerpt":{"rendered":"<p>Oryginalne body z seksownym marszczeniem, maskuj\u0105ce niedoskona\u0142o\u015bci. Kwadratowy dekolt. Marszczenia pi\u0119knie podkre\u015blaj\u0105 figur\u0119. Podw\u00f3jna warstwa dzianiny, bezszwowe wyko\u0144czenie, elastyczne nici zapewniaj\u0105 wysoki komfort noszenia. Zapinane na delikatne springi. Wolne od niklu. Modelka ma 178 cm wzrostu, nosi rozm. S Produkt szyty w Polsce z materia\u0142u wyprodukowanego w polskiej dziewiarni. Sprawd\u017a r\u00f3wnie\u017c nasze bestsellerowe\u00a0sukienki ! Odwied\u017a [&hellip;]<\/p>","protected":false},"featured_media":59924,"template":"","meta":[],"product_brand":[],"product_cat":[20,21,183],"product_tag":[23],"class_list":{"0":"post-75","1":"product","2":"type-product","3":"status-publish","4":"has-post-thumbnail","6":"product_cat-wszystko","7":"product_cat-body-damskie","8":"product_cat-sale","9":"product_tag-body","11":"first","12":"instock","13":"sale","14":"taxable","15":"shipping-taxable","16":"purchasable","17":"product-type-variable","18":"has-default-attributes"},"yoast_head":"<!-- This site is optimized with the Yoast SEO plugin v27.0 - https:\/\/yoast.com\/product\/yoast-seo-wordpress\/ -->\n<title>Body z marszczeniem - Body z marszczeniem czarne - Sklep SAINTBODY<\/title>\n<meta name=\"description\" content=\"Oryginalne body z seksownym marszczeniem, maskuj\u0105ce niedoskona\u0142o\u015bci. Kwadratowy dekolt. Marszczenie body pi\u0119knie podkre\u015blaj\u0105 figur\u0119.\" \/>\n<meta name=\"robots\" content=\"index, follow, max-snippet:-1, max-image-preview:large, max-video-preview:-1\" \/>\n<link rel=\"canonical\" href=\"https:\/\/saintbody.com\/en\/body-z-marszczeniem-czarne\/\" \/>\n<meta property=\"og:locale\" content=\"en_US\" \/>\n<meta property=\"og:type\" content=\"article\" \/>\n<meta property=\"og:title\" content=\"Body z marszczeniem - Body z marszczeniem czarne - Sklep SAINTBODY\" \/>\n<meta property=\"og:description\" content=\"Oryginalne body z seksownym marszczeniem, maskuj\u0105ce niedoskona\u0142o\u015bci. Kwadratowy dekolt. Marszczenie body pi\u0119knie podkre\u015blaj\u0105 figur\u0119.\" \/>\n<meta property=\"og:url\" content=\"https:\/\/saintbody.com\/en\/body-z-marszczeniem-czarne\/\" \/>\n<meta property=\"og:site_name\" content=\"Sklep SAINTBODY\" \/>\n<meta property=\"article:publisher\" content=\"https:\/\/facebook.com\/saintbody\/\" \/>\n<meta property=\"article:modified_time\" content=\"2026-04-24T10:31:13+00:00\" \/>\n<meta property=\"og:image\" content=\"https:\/\/saintbody.com\/wp-content\/uploads\/2023\/03\/DSC4695-Luci-Studio-1.jpeg\" \/>\n\t<meta property=\"og:image:width\" content=\"1362\" \/>\n\t<meta property=\"og:image:height\" content=\"2048\" \/>\n\t<meta property=\"og:image:type\" content=\"image\/jpeg\" \/>\n<meta name=\"twitter:card\" content=\"summary_large_image\" \/>\n<meta name=\"twitter:label1\" content=\"Est. reading time\" \/>\n\t<meta name=\"twitter:data1\" content=\"1 minute\" \/>\n<script type=\"application\/ld+json\" class=\"yoast-schema-graph\">{\"@context\":\"https:\/\/schema.org\",\"@graph\":[{\"@type\":\"WebPage\",\"@id\":\"https:\/\/saintbody.com\/body-z-marszczeniem-czarne\/\",\"url\":\"https:\/\/saintbody.com\/body-z-marszczeniem-czarne\/\",\"name\":\"Body z marszczeniem - Body z marszczeniem czarne - Sklep SAINTBODY\",\"isPartOf\":{\"@id\":\"https:\/\/saintbody.com\/#website\"},\"primaryImageOfPage\":{\"@id\":\"https:\/\/saintbody.com\/body-z-marszczeniem-czarne\/#primaryimage\"},\"image\":{\"@id\":\"https:\/\/saintbody.com\/body-z-marszczeniem-czarne\/#primaryimage\"},\"thumbnailUrl\":\"https:\/\/saintbody.com\/wp-content\/uploads\/2023\/03\/DSC4695-Luci-Studio-1.jpeg\",\"datePublished\":\"2023-03-09T16:36:32+00:00\",\"dateModified\":\"2026-04-24T10:31:13+00:00\",\"description\":\"Oryginalne body z seksownym marszczeniem, maskuj\u0105ce niedoskona\u0142o\u015bci. Kwadratowy dekolt. Marszczenie body pi\u0119knie podkre\u015blaj\u0105 figur\u0119.\",\"breadcrumb\":{\"@id\":\"https:\/\/saintbody.com\/body-z-marszczeniem-czarne\/#breadcrumb\"},\"inLanguage\":\"en-US\",\"potentialAction\":[{\"@type\":\"ReadAction\",\"target\":[\"https:\/\/saintbody.com\/body-z-marszczeniem-czarne\/\"]}]},{\"@type\":\"ImageObject\",\"inLanguage\":\"en-US\",\"@id\":\"https:\/\/saintbody.com\/body-z-marszczeniem-czarne\/#primaryimage\",\"url\":\"https:\/\/saintbody.com\/wp-content\/uploads\/2023\/03\/DSC4695-Luci-Studio-1.jpeg\",\"contentUrl\":\"https:\/\/saintbody.com\/wp-content\/uploads\/2023\/03\/DSC4695-Luci-Studio-1.jpeg\",\"width\":1362,\"height\":2048},{\"@type\":\"BreadcrumbList\",\"@id\":\"https:\/\/saintbody.com\/body-z-marszczeniem-czarne\/#breadcrumb\",\"itemListElement\":[{\"@type\":\"ListItem\",\"position\":1,\"name\":\"Strona g\u0142\u00f3wna\",\"item\":\"https:\/\/saintbody.com\/\"},{\"@type\":\"ListItem\",\"position\":2,\"name\":\"Sklep\",\"item\":\"https:\/\/saintbody.com\/sklep\/\"},{\"@type\":\"ListItem\",\"position\":3,\"name\":\"Body z marszczeniem czarne\"}]},{\"@type\":\"WebSite\",\"@id\":\"https:\/\/saintbody.com\/#website\",\"url\":\"https:\/\/saintbody.com\/\",\"name\":\"Sklep SAINTBODY\",\"description\":\"Premium basic na ka\u00c5\u00bcd\u00c4\u2026 okazje. Ponadczasowe Body, Odzie\u00c5\u00bc damska, Sukienki Damskie\",\"publisher\":{\"@id\":\"https:\/\/saintbody.com\/#organization\"},\"potentialAction\":[{\"@type\":\"SearchAction\",\"target\":{\"@type\":\"EntryPoint\",\"urlTemplate\":\"https:\/\/saintbody.com\/?s={search_term_string}\"},\"query-input\":{\"@type\":\"PropertyValueSpecification\",\"valueRequired\":true,\"valueName\":\"search_term_string\"}}],\"inLanguage\":\"en-US\"},{\"@type\":\"Organization\",\"@id\":\"https:\/\/saintbody.com\/#organization\",\"name\":\"Sklep Saint Body\",\"url\":\"https:\/\/saintbody.com\/\",\"logo\":{\"@type\":\"ImageObject\",\"inLanguage\":\"en-US\",\"@id\":\"https:\/\/saintbody.com\/#\/schema\/logo\/image\/\",\"url\":\"https:\/\/saintbody.com\/wp-content\/uploads\/2023\/04\/SaintBody_Logo_Typografia-e1691418926919.png\",\"contentUrl\":\"https:\/\/saintbody.com\/wp-content\/uploads\/2023\/04\/SaintBody_Logo_Typografia-e1691418926919.png\",\"width\":1000,\"height\":202,\"caption\":\"Sklep Saint Body\"},\"image\":{\"@id\":\"https:\/\/saintbody.com\/#\/schema\/logo\/image\/\"},\"sameAs\":[\"https:\/\/facebook.com\/saintbody\/\"]}]}<\/script>\n<!-- \/ Yoast SEO plugin. -->","yoast_head_json":{"title":"Body z marszczeniem - Body z marszczeniem czarne - Sklep SAINTBODY","description":"Oryginalne body z seksownym marszczeniem, maskuj\u0105ce niedoskona\u0142o\u015bci. Kwadratowy dekolt. Marszczenie body pi\u0119knie podkre\u015blaj\u0105 figur\u0119.","robots":{"index":"index","follow":"follow","max-snippet":"max-snippet:-1","max-image-preview":"max-image-preview:large","max-video-preview":"max-video-preview:-1"},"canonical":"https:\/\/saintbody.com\/en\/body-z-marszczeniem-czarne\/","og_locale":"en_US","og_type":"article","og_title":"Body z marszczeniem - Body z marszczeniem czarne - Sklep SAINTBODY","og_description":"Oryginalne body z seksownym marszczeniem, maskuj\u0105ce niedoskona\u0142o\u015bci. Kwadratowy dekolt. Marszczenie body pi\u0119knie podkre\u015blaj\u0105 figur\u0119.","og_url":"https:\/\/saintbody.com\/en\/body-z-marszczeniem-czarne\/","og_site_name":"Sklep SAINTBODY","article_publisher":"https:\/\/facebook.com\/saintbody\/","article_modified_time":"2026-04-24T10:31:13+00:00","og_image":[{"width":1362,"height":2048,"url":"https:\/\/saintbody.com\/wp-content\/uploads\/2023\/03\/DSC4695-Luci-Studio-1.jpeg","type":"image\/jpeg"}],"twitter_card":"summary_large_image","twitter_misc":{"Est. reading time":"1 minute"},"schema":{"@context":"https:\/\/schema.org","@graph":[{"@type":"WebPage","@id":"https:\/\/saintbody.com\/body-z-marszczeniem-czarne\/","url":"https:\/\/saintbody.com\/body-z-marszczeniem-czarne\/","name":"Body z marszczeniem - Body z marszczeniem czarne - Sklep SAINTBODY","isPartOf":{"@id":"https:\/\/saintbody.com\/#website"},"primaryImageOfPage":{"@id":"https:\/\/saintbody.com\/body-z-marszczeniem-czarne\/#primaryimage"},"image":{"@id":"https:\/\/saintbody.com\/body-z-marszczeniem-czarne\/#primaryimage"},"thumbnailUrl":"https:\/\/saintbody.com\/wp-content\/uploads\/2023\/03\/DSC4695-Luci-Studio-1.jpeg","datePublished":"2023-03-09T16:36:32+00:00","dateModified":"2026-04-24T10:31:13+00:00","description":"Oryginalne body z seksownym marszczeniem, maskuj\u0105ce niedoskona\u0142o\u015bci. Kwadratowy dekolt. Marszczenie body pi\u0119knie podkre\u015blaj\u0105 figur\u0119.","breadcrumb":{"@id":"https:\/\/saintbody.com\/body-z-marszczeniem-czarne\/#breadcrumb"},"inLanguage":"en-US","potentialAction":[{"@type":"ReadAction","target":["https:\/\/saintbody.com\/body-z-marszczeniem-czarne\/"]}]},{"@type":"ImageObject","inLanguage":"en-US","@id":"https:\/\/saintbody.com\/body-z-marszczeniem-czarne\/#primaryimage","url":"https:\/\/saintbody.com\/wp-content\/uploads\/2023\/03\/DSC4695-Luci-Studio-1.jpeg","contentUrl":"https:\/\/saintbody.com\/wp-content\/uploads\/2023\/03\/DSC4695-Luci-Studio-1.jpeg","width":1362,"height":2048},{"@type":"BreadcrumbList","@id":"https:\/\/saintbody.com\/body-z-marszczeniem-czarne\/#breadcrumb","itemListElement":[{"@type":"ListItem","position":1,"name":"Strona g\u0142\u00f3wna","item":"https:\/\/saintbody.com\/"},{"@type":"ListItem","position":2,"name":"Sklep","item":"https:\/\/saintbody.com\/sklep\/"},{"@type":"ListItem","position":3,"name":"Body z marszczeniem czarne"}]},{"@type":"WebSite","@id":"https:\/\/saintbody.com\/#website","url":"https:\/\/saintbody.com\/","name":"Sklep SAINTBODY","description":"Premium basic na ka\u00c5\u00bcd\u00c4\u2026 okazje. Ponadczasowe Body, Odzie\u00c5\u00bc damska, Sukienki Damskie","publisher":{"@id":"https:\/\/saintbody.com\/#organization"},"potentialAction":[{"@type":"SearchAction","target":{"@type":"EntryPoint","urlTemplate":"https:\/\/saintbody.com\/?s={search_term_string}"},"query-input":{"@type":"PropertyValueSpecification","valueRequired":true,"valueName":"search_term_string"}}],"inLanguage":"en-US"},{"@type":"Organization","@id":"https:\/\/saintbody.com\/#organization","name":"Sklep Saint Body","url":"https:\/\/saintbody.com\/","logo":{"@type":"ImageObject","inLanguage":"en-US","@id":"https:\/\/saintbody.com\/#\/schema\/logo\/image\/","url":"https:\/\/saintbody.com\/wp-content\/uploads\/2023\/04\/SaintBody_Logo_Typografia-e1691418926919.png","contentUrl":"https:\/\/saintbody.com\/wp-content\/uploads\/2023\/04\/SaintBody_Logo_Typografia-e1691418926919.png","width":1000,"height":202,"caption":"Sklep Saint Body"},"image":{"@id":"https:\/\/saintbody.com\/#\/schema\/logo\/image\/"},"sameAs":["https:\/\/facebook.com\/saintbody\/"]}]}},"_links":{"self":[{"href":"https:\/\/saintbody.com\/en\/wp-json\/wp\/v2\/product\/75","targetHints":{"allow":["GET"]}}],"collection":[{"href":"https:\/\/saintbody.com\/en\/wp-json\/wp\/v2\/product"}],"about":[{"href":"https:\/\/saintbody.com\/en\/wp-json\/wp\/v2\/types\/product"}],"wp:featuredmedia":[{"embeddable":true,"href":"https:\/\/saintbody.com\/en\/wp-json\/wp\/v2\/media\/59924"}],"wp:attachment":[{"href":"https:\/\/saintbody.com\/en\/wp-json\/wp\/v2\/media?parent=75"}],"wp:term":[{"taxonomy":"product_brand","embeddable":true,"href":"https:\/\/saintbody.com\/en\/wp-json\/wp\/v2\/product_brand?post=75"},{"taxonomy":"product_cat","embeddable":true,"href":"https:\/\/saintbody.com\/en\/wp-json\/wp\/v2\/product_cat?post=75"},{"taxonomy":"product_tag","embeddable":true,"href":"https:\/\/saintbody.com\/en\/wp-json\/wp\/v2\/product_tag?post=75"}],"curies":[{"name":"wp","href":"https:\/\/api.w.org\/{rel}","templated":true}]}}