{"id":60017,"date":"2026-03-23T11:48:29","date_gmt":"2026-03-23T10:48:29","guid":{"rendered":"https:\/\/saintbody.com\/?post_type=product&#038;p=60017"},"modified":"2026-04-20T15:19:09","modified_gmt":"2026-04-20T13:19:09","slug":"t-shirt-classic-ecru","status":"publish","type":"product","link":"https:\/\/saintbody.com\/en\/t-shirt-classic-ecru\/","title":{"rendered":"T-shirt classic ecru"},"content":{"rendered":"<p data-start=\"39\" data-end=\"308\">Klasyczny t-shirt w odcieniu ecru o lu\u017anym, swobodnym fasonie, kt\u00f3ry zapewnia komfort i nowoczesny, minimalistyczny look. Uszyty z mi\u0119kkiej mieszanki lyocellu i elastanu, dzi\u0119ki czemu jest przyjemny w dotyku, lekko elastyczny i dobrze uk\u0142ada si\u0119 na sylwetce.<\/p>\n<p data-start=\"310\" data-end=\"520\">To uniwersalny element garderoby, kt\u00f3ry sprawdzi si\u0119 zar\u00f3wno w codziennych, jak i bardziej dopracowanych stylizacjach. \u015awietnie wygl\u0105da noszony solo, ale te\u017c jako baza pod marynark\u0119, koszul\u0119 czy lekk\u0105 narzutk\u0119.<\/p>\n<p data-start=\"522\" data-end=\"676\" data-is-last-node=\"\" data-is-only-node=\"\">Po\u0142\u0105cz go z naszymi legginsami, aby stworzy\u0107 wygodny, nowoczesny zestaw idealny na co dzie\u0144 &#8211; od spacer\u00f3w, przez podr\u00f3\u017ce, a\u017c po lu\u017ane spotkania w mie\u015bcie.<\/p>\n<p>The model in the photo is 178 cm tall and is wearing size S.<br \/>\nAt Saint Body, we use certified knitted fabrics from local suppliers<\/p>\n<p>Also check out our bestselling\u00a0<a href=\"https:\/\/saintbody.com\/en\/kategoria\/sukienki\/\">dresses<\/a> !<br \/>\nVisit us at <a href=\"https:\/\/www.instagram.com\/saintbodyofficial\/\">instagram<\/a>.<\/p>","protected":false},"excerpt":{"rendered":"<p>Klasyczny t-shirt w odcieniu ecru o lu\u017anym, swobodnym fasonie, kt\u00f3ry zapewnia komfort i nowoczesny, minimalistyczny look. Uszyty z mi\u0119kkiej mieszanki lyocellu i elastanu, dzi\u0119ki czemu jest przyjemny w dotyku, lekko elastyczny i dobrze uk\u0142ada si\u0119 na sylwetce. To uniwersalny element garderoby, kt\u00f3ry sprawdzi si\u0119 zar\u00f3wno w codziennych, jak i bardziej dopracowanych stylizacjach. \u015awietnie wygl\u0105da noszony [&hellip;]<\/p>","protected":false},"featured_media":60244,"template":"","meta":[],"product_brand":[],"product_cat":[186,37,20],"product_tag":[38],"class_list":{"0":"post-60017","1":"product","2":"type-product","3":"status-publish","4":"has-post-thumbnail","6":"product_cat-newin","7":"product_cat-topy","8":"product_cat-wszystko","9":"product_tag-topy","11":"first","12":"instock","13":"taxable","14":"shipping-taxable","15":"purchasable","16":"product-type-variable"},"yoast_head":"<!-- This site is optimized with the Yoast SEO plugin v27.0 - https:\/\/yoast.com\/product\/yoast-seo-wordpress\/ -->\n<title>T-shirt z poduszkami w kolorze czarnym - Klasyka - Sklep SAINTBODY<\/title>\n<meta name=\"description\" content=\"Czarny T-shirt z poduszkami to esencja nowoczesnej klasyki - prosty, ale wyrazisty, niezb\u0119dny w ka\u017cdej kapsu\u0142owej szafie.\" \/>\n<meta name=\"robots\" content=\"index, follow, max-snippet:-1, max-image-preview:large, max-video-preview:-1\" \/>\n<link rel=\"canonical\" href=\"https:\/\/saintbody.com\/en\/t-shirt-classic-ecru\/\" \/>\n<meta property=\"og:locale\" content=\"en_US\" \/>\n<meta property=\"og:type\" content=\"article\" \/>\n<meta property=\"og:title\" content=\"T-shirt z poduszkami w kolorze czarnym - Klasyka - Sklep SAINTBODY\" \/>\n<meta property=\"og:description\" content=\"Czarny T-shirt z poduszkami to esencja nowoczesnej klasyki - prosty, ale wyrazisty, niezb\u0119dny w ka\u017cdej kapsu\u0142owej szafie.\" \/>\n<meta property=\"og:url\" content=\"https:\/\/saintbody.com\/en\/t-shirt-classic-ecru\/\" \/>\n<meta property=\"og:site_name\" content=\"Sklep SAINTBODY\" \/>\n<meta property=\"article:publisher\" content=\"https:\/\/facebook.com\/saintbody\/\" \/>\n<meta property=\"article:modified_time\" content=\"2026-04-20T13:19:09+00:00\" \/>\n<meta property=\"og:image\" content=\"https:\/\/saintbody.com\/wp-content\/uploads\/2026\/03\/713-1Agata-Studio.jpeg\" \/>\n\t<meta property=\"og:image:width\" content=\"1520\" \/>\n\t<meta property=\"og:image:height\" content=\"2048\" \/>\n\t<meta property=\"og:image:type\" content=\"image\/jpeg\" \/>\n<meta name=\"twitter:card\" content=\"summary_large_image\" \/>\n<meta name=\"twitter:label1\" content=\"Est. reading time\" \/>\n\t<meta name=\"twitter:data1\" content=\"1 minute\" \/>\n<script type=\"application\/ld+json\" class=\"yoast-schema-graph\">{\"@context\":\"https:\/\/schema.org\",\"@graph\":[{\"@type\":\"WebPage\",\"@id\":\"https:\/\/saintbody.com\/t-shirt-classic-ecru\/\",\"url\":\"https:\/\/saintbody.com\/t-shirt-classic-ecru\/\",\"name\":\"T-shirt z poduszkami w kolorze czarnym - Klasyka - Sklep SAINTBODY\",\"isPartOf\":{\"@id\":\"https:\/\/saintbody.com\/#website\"},\"primaryImageOfPage\":{\"@id\":\"https:\/\/saintbody.com\/t-shirt-classic-ecru\/#primaryimage\"},\"image\":{\"@id\":\"https:\/\/saintbody.com\/t-shirt-classic-ecru\/#primaryimage\"},\"thumbnailUrl\":\"https:\/\/saintbody.com\/wp-content\/uploads\/2026\/03\/713-1Agata-Studio.jpeg\",\"datePublished\":\"2026-03-23T10:48:29+00:00\",\"dateModified\":\"2026-04-20T13:19:09+00:00\",\"description\":\"Czarny T-shirt z poduszkami to esencja nowoczesnej klasyki - prosty, ale wyrazisty, niezb\u0119dny w ka\u017cdej kapsu\u0142owej szafie.\",\"breadcrumb\":{\"@id\":\"https:\/\/saintbody.com\/t-shirt-classic-ecru\/#breadcrumb\"},\"inLanguage\":\"en-US\",\"potentialAction\":[{\"@type\":\"ReadAction\",\"target\":[\"https:\/\/saintbody.com\/t-shirt-classic-ecru\/\"]}]},{\"@type\":\"ImageObject\",\"inLanguage\":\"en-US\",\"@id\":\"https:\/\/saintbody.com\/t-shirt-classic-ecru\/#primaryimage\",\"url\":\"https:\/\/saintbody.com\/wp-content\/uploads\/2026\/03\/713-1Agata-Studio.jpeg\",\"contentUrl\":\"https:\/\/saintbody.com\/wp-content\/uploads\/2026\/03\/713-1Agata-Studio.jpeg\",\"width\":1520,\"height\":2048},{\"@type\":\"BreadcrumbList\",\"@id\":\"https:\/\/saintbody.com\/t-shirt-classic-ecru\/#breadcrumb\",\"itemListElement\":[{\"@type\":\"ListItem\",\"position\":1,\"name\":\"Strona g\u0142\u00f3wna\",\"item\":\"https:\/\/saintbody.com\/\"},{\"@type\":\"ListItem\",\"position\":2,\"name\":\"Sklep\",\"item\":\"https:\/\/saintbody.com\/sklep\/\"},{\"@type\":\"ListItem\",\"position\":3,\"name\":\"T-shirt classic ecru\"}]},{\"@type\":\"WebSite\",\"@id\":\"https:\/\/saintbody.com\/#website\",\"url\":\"https:\/\/saintbody.com\/\",\"name\":\"Sklep SAINTBODY\",\"description\":\"Premium basic na ka\u00c5\u00bcd\u00c4\u2026 okazje. Ponadczasowe Body, Odzie\u00c5\u00bc damska, Sukienki Damskie\",\"publisher\":{\"@id\":\"https:\/\/saintbody.com\/#organization\"},\"potentialAction\":[{\"@type\":\"SearchAction\",\"target\":{\"@type\":\"EntryPoint\",\"urlTemplate\":\"https:\/\/saintbody.com\/?s={search_term_string}\"},\"query-input\":{\"@type\":\"PropertyValueSpecification\",\"valueRequired\":true,\"valueName\":\"search_term_string\"}}],\"inLanguage\":\"en-US\"},{\"@type\":\"Organization\",\"@id\":\"https:\/\/saintbody.com\/#organization\",\"name\":\"Sklep Saint Body\",\"url\":\"https:\/\/saintbody.com\/\",\"logo\":{\"@type\":\"ImageObject\",\"inLanguage\":\"en-US\",\"@id\":\"https:\/\/saintbody.com\/#\/schema\/logo\/image\/\",\"url\":\"https:\/\/saintbody.com\/wp-content\/uploads\/2023\/04\/SaintBody_Logo_Typografia-e1691418926919.png\",\"contentUrl\":\"https:\/\/saintbody.com\/wp-content\/uploads\/2023\/04\/SaintBody_Logo_Typografia-e1691418926919.png\",\"width\":1000,\"height\":202,\"caption\":\"Sklep Saint Body\"},\"image\":{\"@id\":\"https:\/\/saintbody.com\/#\/schema\/logo\/image\/\"},\"sameAs\":[\"https:\/\/facebook.com\/saintbody\/\"]}]}<\/script>\n<!-- \/ Yoast SEO plugin. -->","yoast_head_json":{"title":"T-shirt z poduszkami w kolorze czarnym - Klasyka - Sklep SAINTBODY","description":"Czarny T-shirt z poduszkami to esencja nowoczesnej klasyki - prosty, ale wyrazisty, niezb\u0119dny w ka\u017cdej kapsu\u0142owej szafie.","robots":{"index":"index","follow":"follow","max-snippet":"max-snippet:-1","max-image-preview":"max-image-preview:large","max-video-preview":"max-video-preview:-1"},"canonical":"https:\/\/saintbody.com\/en\/t-shirt-classic-ecru\/","og_locale":"en_US","og_type":"article","og_title":"T-shirt z poduszkami w kolorze czarnym - Klasyka - Sklep SAINTBODY","og_description":"Czarny T-shirt z poduszkami to esencja nowoczesnej klasyki - prosty, ale wyrazisty, niezb\u0119dny w ka\u017cdej kapsu\u0142owej szafie.","og_url":"https:\/\/saintbody.com\/en\/t-shirt-classic-ecru\/","og_site_name":"Sklep SAINTBODY","article_publisher":"https:\/\/facebook.com\/saintbody\/","article_modified_time":"2026-04-20T13:19:09+00:00","og_image":[{"width":1520,"height":2048,"url":"https:\/\/saintbody.com\/wp-content\/uploads\/2026\/03\/713-1Agata-Studio.jpeg","type":"image\/jpeg"}],"twitter_card":"summary_large_image","twitter_misc":{"Est. reading time":"1 minute"},"schema":{"@context":"https:\/\/schema.org","@graph":[{"@type":"WebPage","@id":"https:\/\/saintbody.com\/t-shirt-classic-ecru\/","url":"https:\/\/saintbody.com\/t-shirt-classic-ecru\/","name":"T-shirt z poduszkami w kolorze czarnym - Klasyka - Sklep SAINTBODY","isPartOf":{"@id":"https:\/\/saintbody.com\/#website"},"primaryImageOfPage":{"@id":"https:\/\/saintbody.com\/t-shirt-classic-ecru\/#primaryimage"},"image":{"@id":"https:\/\/saintbody.com\/t-shirt-classic-ecru\/#primaryimage"},"thumbnailUrl":"https:\/\/saintbody.com\/wp-content\/uploads\/2026\/03\/713-1Agata-Studio.jpeg","datePublished":"2026-03-23T10:48:29+00:00","dateModified":"2026-04-20T13:19:09+00:00","description":"Czarny T-shirt z poduszkami to esencja nowoczesnej klasyki - prosty, ale wyrazisty, niezb\u0119dny w ka\u017cdej kapsu\u0142owej szafie.","breadcrumb":{"@id":"https:\/\/saintbody.com\/t-shirt-classic-ecru\/#breadcrumb"},"inLanguage":"en-US","potentialAction":[{"@type":"ReadAction","target":["https:\/\/saintbody.com\/t-shirt-classic-ecru\/"]}]},{"@type":"ImageObject","inLanguage":"en-US","@id":"https:\/\/saintbody.com\/t-shirt-classic-ecru\/#primaryimage","url":"https:\/\/saintbody.com\/wp-content\/uploads\/2026\/03\/713-1Agata-Studio.jpeg","contentUrl":"https:\/\/saintbody.com\/wp-content\/uploads\/2026\/03\/713-1Agata-Studio.jpeg","width":1520,"height":2048},{"@type":"BreadcrumbList","@id":"https:\/\/saintbody.com\/t-shirt-classic-ecru\/#breadcrumb","itemListElement":[{"@type":"ListItem","position":1,"name":"Strona g\u0142\u00f3wna","item":"https:\/\/saintbody.com\/"},{"@type":"ListItem","position":2,"name":"Sklep","item":"https:\/\/saintbody.com\/sklep\/"},{"@type":"ListItem","position":3,"name":"T-shirt classic ecru"}]},{"@type":"WebSite","@id":"https:\/\/saintbody.com\/#website","url":"https:\/\/saintbody.com\/","name":"Sklep SAINTBODY","description":"Premium basic na ka\u00c5\u00bcd\u00c4\u2026 okazje. Ponadczasowe Body, Odzie\u00c5\u00bc damska, Sukienki Damskie","publisher":{"@id":"https:\/\/saintbody.com\/#organization"},"potentialAction":[{"@type":"SearchAction","target":{"@type":"EntryPoint","urlTemplate":"https:\/\/saintbody.com\/?s={search_term_string}"},"query-input":{"@type":"PropertyValueSpecification","valueRequired":true,"valueName":"search_term_string"}}],"inLanguage":"en-US"},{"@type":"Organization","@id":"https:\/\/saintbody.com\/#organization","name":"Sklep Saint Body","url":"https:\/\/saintbody.com\/","logo":{"@type":"ImageObject","inLanguage":"en-US","@id":"https:\/\/saintbody.com\/#\/schema\/logo\/image\/","url":"https:\/\/saintbody.com\/wp-content\/uploads\/2023\/04\/SaintBody_Logo_Typografia-e1691418926919.png","contentUrl":"https:\/\/saintbody.com\/wp-content\/uploads\/2023\/04\/SaintBody_Logo_Typografia-e1691418926919.png","width":1000,"height":202,"caption":"Sklep Saint Body"},"image":{"@id":"https:\/\/saintbody.com\/#\/schema\/logo\/image\/"},"sameAs":["https:\/\/facebook.com\/saintbody\/"]}]}},"_links":{"self":[{"href":"https:\/\/saintbody.com\/en\/wp-json\/wp\/v2\/product\/60017","targetHints":{"allow":["GET"]}}],"collection":[{"href":"https:\/\/saintbody.com\/en\/wp-json\/wp\/v2\/product"}],"about":[{"href":"https:\/\/saintbody.com\/en\/wp-json\/wp\/v2\/types\/product"}],"wp:featuredmedia":[{"embeddable":true,"href":"https:\/\/saintbody.com\/en\/wp-json\/wp\/v2\/media\/60244"}],"wp:attachment":[{"href":"https:\/\/saintbody.com\/en\/wp-json\/wp\/v2\/media?parent=60017"}],"wp:term":[{"taxonomy":"product_brand","embeddable":true,"href":"https:\/\/saintbody.com\/en\/wp-json\/wp\/v2\/product_brand?post=60017"},{"taxonomy":"product_cat","embeddable":true,"href":"https:\/\/saintbody.com\/en\/wp-json\/wp\/v2\/product_cat?post=60017"},{"taxonomy":"product_tag","embeddable":true,"href":"https:\/\/saintbody.com\/en\/wp-json\/wp\/v2\/product_tag?post=60017"}],"curies":[{"name":"wp","href":"https:\/\/api.w.org\/{rel}","templated":true}]}}