{"id":60006,"date":"2026-03-23T10:56:28","date_gmt":"2026-03-23T09:56:28","guid":{"rendered":"https:\/\/saintbody.com\/?post_type=product&#038;p=60006"},"modified":"2026-04-30T11:52:07","modified_gmt":"2026-04-30T09:52:07","slug":"sukienka-mini-tenis-duo-czarna","status":"publish","type":"product","link":"https:\/\/saintbody.com\/en\/sukienka-mini-tenis-duo-czarna\/","title":{"rendered":"Sukienka mini tenis duo czarna"},"content":{"rendered":"<p data-start=\"0\" data-end=\"223\">Sukienka mini Duo Tenis w kolorze czarnym to nowoczesna interpretacja klasyki z nut\u0105 sportowej elegancji. Dopasowany fason pi\u0119knie podkre\u015bla sylwetk\u0119, a elastyczna dzianina zapewnia wygod\u0119 i swobod\u0119 ruch\u00f3w przez ca\u0142y dzie\u0144.<\/p>\n<p data-start=\"225\" data-end=\"571\">Model zosta\u0142 zaprojektowany z my\u015bl\u0105 o komforcie &#8211; posiada podszewk\u0119, dzi\u0119ki kt\u00f3rej materia\u0142 lepiej uk\u0142ada si\u0119 na ciele i daje wi\u0119ksze poczucie pewno\u015bci. Charakterystyczne rozci\u0119cia na r\u0119kawach dodaj\u0105 lekko\u015bci i subtelnego detalu, kt\u00f3ry wyr\u00f3\u017cnia ca\u0142o\u015b\u0107. Niewielkie rozci\u0119cia po bokach sukienki delikatnie eksponuj\u0105 nogi i nadaj\u0105 sylwetce dynamiki.<\/p>\n<p data-start=\"573\" data-end=\"730\" data-is-last-node=\"\" data-is-only-node=\"\">Minimalistyczna forma w klasycznej czerni sprawia, \u017ce sukienka \u015bwietnie sprawdzi si\u0119 zar\u00f3wno w codziennych stylizacjach, jak i w bardziej wyj\u015bciowym wydaniu.<\/p>\n<p>The model is 176 cm tall, wears size S.<\/p>\n<p>Also check out our bestselling\u00a0<a href=\"https:\/\/saintbody.com\/en\/kategoria\/body\/\">body<\/a>\u00a0!<br \/>\nVisit us at\u00a0<a href=\"https:\/\/www.instagram.com\/saintbodyofficial\/\">instagram<\/a>.<\/p>","protected":false},"excerpt":{"rendered":"<p>Sukienka mini Duo Tenis w kolorze czarnym to nowoczesna interpretacja klasyki z nut\u0105 sportowej elegancji. Dopasowany fason pi\u0119knie podkre\u015bla sylwetk\u0119, a elastyczna dzianina zapewnia wygod\u0119 i swobod\u0119 ruch\u00f3w przez ca\u0142y dzie\u0144. Model zosta\u0142 zaprojektowany z my\u015bl\u0105 o komforcie &#8211; posiada podszewk\u0119, dzi\u0119ki kt\u00f3rej materia\u0142 lepiej uk\u0142ada si\u0119 na ciele i daje wi\u0119ksze poczucie pewno\u015bci. Charakterystyczne [&hellip;]<\/p>","protected":false},"featured_media":60247,"template":"","meta":[],"product_brand":[],"product_cat":[186,26,20],"product_tag":[27],"class_list":{"0":"post-60006","1":"product","2":"type-product","3":"status-publish","4":"has-post-thumbnail","6":"product_cat-newin","7":"product_cat-sukienki","8":"product_cat-wszystko","9":"product_tag-sukienki","11":"first","12":"instock","13":"taxable","14":"shipping-taxable","15":"purchasable","16":"product-type-variable"},"yoast_head":"<!-- This site is optimized with the Yoast SEO plugin v27.0 - https:\/\/yoast.com\/product\/yoast-seo-wordpress\/ -->\n<title>Sukienka mini tenis duo czarna - Sklep SAINTBODY<\/title>\n<meta name=\"description\" content=\"Oryginalna czarna sukienka mini z seksownym zak\u0142adkami oraz przed\u0142u\u017canym r\u0119kawem z efektownym rozci\u0119ciem.\" \/>\n<meta name=\"robots\" content=\"index, follow, max-snippet:-1, max-image-preview:large, max-video-preview:-1\" \/>\n<link rel=\"canonical\" href=\"https:\/\/saintbody.com\/en\/sukienka-mini-tenis-duo-czarna\/\" \/>\n<meta property=\"og:locale\" content=\"en_US\" \/>\n<meta property=\"og:type\" content=\"article\" \/>\n<meta property=\"og:title\" content=\"Sukienka mini tenis duo czarna - Sklep SAINTBODY\" \/>\n<meta property=\"og:description\" content=\"Oryginalna czarna sukienka mini z seksownym zak\u0142adkami oraz przed\u0142u\u017canym r\u0119kawem z efektownym rozci\u0119ciem.\" \/>\n<meta property=\"og:url\" content=\"https:\/\/saintbody.com\/en\/sukienka-mini-tenis-duo-czarna\/\" \/>\n<meta property=\"og:site_name\" content=\"Sklep SAINTBODY\" \/>\n<meta property=\"article:publisher\" content=\"https:\/\/facebook.com\/saintbody\/\" \/>\n<meta property=\"article:modified_time\" content=\"2026-04-30T09:52:07+00:00\" \/>\n<meta property=\"og:image\" content=\"https:\/\/saintbody.com\/wp-content\/uploads\/2026\/03\/709Agata-Studio.jpeg\" \/>\n\t<meta property=\"og:image:width\" content=\"1520\" \/>\n\t<meta property=\"og:image:height\" content=\"2048\" \/>\n\t<meta property=\"og:image:type\" content=\"image\/jpeg\" \/>\n<meta name=\"twitter:card\" content=\"summary_large_image\" \/>\n<meta name=\"twitter:label1\" content=\"Est. reading time\" \/>\n\t<meta name=\"twitter:data1\" content=\"1 minute\" \/>\n<script type=\"application\/ld+json\" class=\"yoast-schema-graph\">{\"@context\":\"https:\/\/schema.org\",\"@graph\":[{\"@type\":\"WebPage\",\"@id\":\"https:\/\/saintbody.com\/sukienka-mini-tenis-duo-czarna\/\",\"url\":\"https:\/\/saintbody.com\/sukienka-mini-tenis-duo-czarna\/\",\"name\":\"Sukienka mini tenis duo czarna - Sklep SAINTBODY\",\"isPartOf\":{\"@id\":\"https:\/\/saintbody.com\/#website\"},\"primaryImageOfPage\":{\"@id\":\"https:\/\/saintbody.com\/sukienka-mini-tenis-duo-czarna\/#primaryimage\"},\"image\":{\"@id\":\"https:\/\/saintbody.com\/sukienka-mini-tenis-duo-czarna\/#primaryimage\"},\"thumbnailUrl\":\"https:\/\/saintbody.com\/wp-content\/uploads\/2026\/03\/709Agata-Studio.jpeg\",\"datePublished\":\"2026-03-23T09:56:28+00:00\",\"dateModified\":\"2026-04-30T09:52:07+00:00\",\"description\":\"Oryginalna czarna sukienka mini z seksownym zak\u0142adkami oraz przed\u0142u\u017canym r\u0119kawem z efektownym rozci\u0119ciem.\",\"breadcrumb\":{\"@id\":\"https:\/\/saintbody.com\/sukienka-mini-tenis-duo-czarna\/#breadcrumb\"},\"inLanguage\":\"en-US\",\"potentialAction\":[{\"@type\":\"ReadAction\",\"target\":[\"https:\/\/saintbody.com\/sukienka-mini-tenis-duo-czarna\/\"]}]},{\"@type\":\"ImageObject\",\"inLanguage\":\"en-US\",\"@id\":\"https:\/\/saintbody.com\/sukienka-mini-tenis-duo-czarna\/#primaryimage\",\"url\":\"https:\/\/saintbody.com\/wp-content\/uploads\/2026\/03\/709Agata-Studio.jpeg\",\"contentUrl\":\"https:\/\/saintbody.com\/wp-content\/uploads\/2026\/03\/709Agata-Studio.jpeg\",\"width\":1520,\"height\":2048},{\"@type\":\"BreadcrumbList\",\"@id\":\"https:\/\/saintbody.com\/sukienka-mini-tenis-duo-czarna\/#breadcrumb\",\"itemListElement\":[{\"@type\":\"ListItem\",\"position\":1,\"name\":\"Strona g\u0142\u00f3wna\",\"item\":\"https:\/\/saintbody.com\/\"},{\"@type\":\"ListItem\",\"position\":2,\"name\":\"Sklep\",\"item\":\"https:\/\/saintbody.com\/sklep\/\"},{\"@type\":\"ListItem\",\"position\":3,\"name\":\"Sukienka mini tenis duo czarna\"}]},{\"@type\":\"WebSite\",\"@id\":\"https:\/\/saintbody.com\/#website\",\"url\":\"https:\/\/saintbody.com\/\",\"name\":\"Sklep SAINTBODY\",\"description\":\"Premium basic na ka\u00c5\u00bcd\u00c4\u2026 okazje. Ponadczasowe Body, Odzie\u00c5\u00bc damska, Sukienki Damskie\",\"publisher\":{\"@id\":\"https:\/\/saintbody.com\/#organization\"},\"potentialAction\":[{\"@type\":\"SearchAction\",\"target\":{\"@type\":\"EntryPoint\",\"urlTemplate\":\"https:\/\/saintbody.com\/?s={search_term_string}\"},\"query-input\":{\"@type\":\"PropertyValueSpecification\",\"valueRequired\":true,\"valueName\":\"search_term_string\"}}],\"inLanguage\":\"en-US\"},{\"@type\":\"Organization\",\"@id\":\"https:\/\/saintbody.com\/#organization\",\"name\":\"Sklep Saint Body\",\"url\":\"https:\/\/saintbody.com\/\",\"logo\":{\"@type\":\"ImageObject\",\"inLanguage\":\"en-US\",\"@id\":\"https:\/\/saintbody.com\/#\/schema\/logo\/image\/\",\"url\":\"https:\/\/saintbody.com\/wp-content\/uploads\/2023\/04\/SaintBody_Logo_Typografia-e1691418926919.png\",\"contentUrl\":\"https:\/\/saintbody.com\/wp-content\/uploads\/2023\/04\/SaintBody_Logo_Typografia-e1691418926919.png\",\"width\":1000,\"height\":202,\"caption\":\"Sklep Saint Body\"},\"image\":{\"@id\":\"https:\/\/saintbody.com\/#\/schema\/logo\/image\/\"},\"sameAs\":[\"https:\/\/facebook.com\/saintbody\/\"]}]}<\/script>\n<!-- \/ Yoast SEO plugin. -->","yoast_head_json":{"title":"Sukienka mini tenis duo czarna - Sklep SAINTBODY","description":"Oryginalna czarna sukienka mini z seksownym zak\u0142adkami oraz przed\u0142u\u017canym r\u0119kawem z efektownym rozci\u0119ciem.","robots":{"index":"index","follow":"follow","max-snippet":"max-snippet:-1","max-image-preview":"max-image-preview:large","max-video-preview":"max-video-preview:-1"},"canonical":"https:\/\/saintbody.com\/en\/sukienka-mini-tenis-duo-czarna\/","og_locale":"en_US","og_type":"article","og_title":"Sukienka mini tenis duo czarna - Sklep SAINTBODY","og_description":"Oryginalna czarna sukienka mini z seksownym zak\u0142adkami oraz przed\u0142u\u017canym r\u0119kawem z efektownym rozci\u0119ciem.","og_url":"https:\/\/saintbody.com\/en\/sukienka-mini-tenis-duo-czarna\/","og_site_name":"Sklep SAINTBODY","article_publisher":"https:\/\/facebook.com\/saintbody\/","article_modified_time":"2026-04-30T09:52:07+00:00","og_image":[{"width":1520,"height":2048,"url":"https:\/\/saintbody.com\/wp-content\/uploads\/2026\/03\/709Agata-Studio.jpeg","type":"image\/jpeg"}],"twitter_card":"summary_large_image","twitter_misc":{"Est. reading time":"1 minute"},"schema":{"@context":"https:\/\/schema.org","@graph":[{"@type":"WebPage","@id":"https:\/\/saintbody.com\/sukienka-mini-tenis-duo-czarna\/","url":"https:\/\/saintbody.com\/sukienka-mini-tenis-duo-czarna\/","name":"Sukienka mini tenis duo czarna - Sklep SAINTBODY","isPartOf":{"@id":"https:\/\/saintbody.com\/#website"},"primaryImageOfPage":{"@id":"https:\/\/saintbody.com\/sukienka-mini-tenis-duo-czarna\/#primaryimage"},"image":{"@id":"https:\/\/saintbody.com\/sukienka-mini-tenis-duo-czarna\/#primaryimage"},"thumbnailUrl":"https:\/\/saintbody.com\/wp-content\/uploads\/2026\/03\/709Agata-Studio.jpeg","datePublished":"2026-03-23T09:56:28+00:00","dateModified":"2026-04-30T09:52:07+00:00","description":"Oryginalna czarna sukienka mini z seksownym zak\u0142adkami oraz przed\u0142u\u017canym r\u0119kawem z efektownym rozci\u0119ciem.","breadcrumb":{"@id":"https:\/\/saintbody.com\/sukienka-mini-tenis-duo-czarna\/#breadcrumb"},"inLanguage":"en-US","potentialAction":[{"@type":"ReadAction","target":["https:\/\/saintbody.com\/sukienka-mini-tenis-duo-czarna\/"]}]},{"@type":"ImageObject","inLanguage":"en-US","@id":"https:\/\/saintbody.com\/sukienka-mini-tenis-duo-czarna\/#primaryimage","url":"https:\/\/saintbody.com\/wp-content\/uploads\/2026\/03\/709Agata-Studio.jpeg","contentUrl":"https:\/\/saintbody.com\/wp-content\/uploads\/2026\/03\/709Agata-Studio.jpeg","width":1520,"height":2048},{"@type":"BreadcrumbList","@id":"https:\/\/saintbody.com\/sukienka-mini-tenis-duo-czarna\/#breadcrumb","itemListElement":[{"@type":"ListItem","position":1,"name":"Strona g\u0142\u00f3wna","item":"https:\/\/saintbody.com\/"},{"@type":"ListItem","position":2,"name":"Sklep","item":"https:\/\/saintbody.com\/sklep\/"},{"@type":"ListItem","position":3,"name":"Sukienka mini tenis duo czarna"}]},{"@type":"WebSite","@id":"https:\/\/saintbody.com\/#website","url":"https:\/\/saintbody.com\/","name":"Sklep SAINTBODY","description":"Premium basic na ka\u00c5\u00bcd\u00c4\u2026 okazje. Ponadczasowe Body, Odzie\u00c5\u00bc damska, Sukienki Damskie","publisher":{"@id":"https:\/\/saintbody.com\/#organization"},"potentialAction":[{"@type":"SearchAction","target":{"@type":"EntryPoint","urlTemplate":"https:\/\/saintbody.com\/?s={search_term_string}"},"query-input":{"@type":"PropertyValueSpecification","valueRequired":true,"valueName":"search_term_string"}}],"inLanguage":"en-US"},{"@type":"Organization","@id":"https:\/\/saintbody.com\/#organization","name":"Sklep Saint Body","url":"https:\/\/saintbody.com\/","logo":{"@type":"ImageObject","inLanguage":"en-US","@id":"https:\/\/saintbody.com\/#\/schema\/logo\/image\/","url":"https:\/\/saintbody.com\/wp-content\/uploads\/2023\/04\/SaintBody_Logo_Typografia-e1691418926919.png","contentUrl":"https:\/\/saintbody.com\/wp-content\/uploads\/2023\/04\/SaintBody_Logo_Typografia-e1691418926919.png","width":1000,"height":202,"caption":"Sklep Saint Body"},"image":{"@id":"https:\/\/saintbody.com\/#\/schema\/logo\/image\/"},"sameAs":["https:\/\/facebook.com\/saintbody\/"]}]}},"_links":{"self":[{"href":"https:\/\/saintbody.com\/en\/wp-json\/wp\/v2\/product\/60006","targetHints":{"allow":["GET"]}}],"collection":[{"href":"https:\/\/saintbody.com\/en\/wp-json\/wp\/v2\/product"}],"about":[{"href":"https:\/\/saintbody.com\/en\/wp-json\/wp\/v2\/types\/product"}],"wp:featuredmedia":[{"embeddable":true,"href":"https:\/\/saintbody.com\/en\/wp-json\/wp\/v2\/media\/60247"}],"wp:attachment":[{"href":"https:\/\/saintbody.com\/en\/wp-json\/wp\/v2\/media?parent=60006"}],"wp:term":[{"taxonomy":"product_brand","embeddable":true,"href":"https:\/\/saintbody.com\/en\/wp-json\/wp\/v2\/product_brand?post=60006"},{"taxonomy":"product_cat","embeddable":true,"href":"https:\/\/saintbody.com\/en\/wp-json\/wp\/v2\/product_cat?post=60006"},{"taxonomy":"product_tag","embeddable":true,"href":"https:\/\/saintbody.com\/en\/wp-json\/wp\/v2\/product_tag?post=60006"}],"curies":[{"name":"wp","href":"https:\/\/api.w.org\/{rel}","templated":true}]}}