{"id":59873,"date":"2026-03-10T15:08:37","date_gmt":"2026-03-10T14:08:37","guid":{"rendered":"https:\/\/saintbody.com\/?post_type=product&#038;p=59873"},"modified":"2026-03-16T20:08:03","modified_gmt":"2026-03-16T19:08:03","slug":"dreamcareset","status":"publish","type":"product","link":"https:\/\/saintbody.com\/en\/dreamcareset\/","title":{"rendered":"Dream care set Mi\u0119kko + Murka"},"content":{"rendered":"<p data-start=\"173\" data-end=\"350\">Wasza ulubiona pi\u017camka <strong data-start=\"196\" data-end=\"213\">Dream Vanilla<\/strong> ju\u017c teraz dost\u0119pna w wyj\u0105tkowym zestawie <strong data-start=\"255\" data-end=\"273\">Dream Care Set<\/strong> &#8211; idealnym po\u0142\u0105czeniu komfortu, relaksu i drobnej codziennej przyjemno\u015bci.<\/p>\n<p data-start=\"173\" data-end=\"350\">W zestawie znajdziesz:<\/p>\n<ul>\n<li data-start=\"379\" data-end=\"442\"><strong data-start=\"379\" data-end=\"400\">Top Dream Vanilla<\/strong> &#8211; dost\u0119pny w rozmiarach <strong data-start=\"425\" data-end=\"440\">XS, S, M, L<\/strong><\/li>\n<li data-section-id=\"x1jzmd\" data-start=\"443\" data-end=\"514\">\n<p data-start=\"445\" data-end=\"514\"><strong data-start=\"445\" data-end=\"471\">Spodenki Dream Vanilla<\/strong> &#8211; dost\u0119pne w rozmiarach <strong data-start=\"496\" data-end=\"512\">XS\/S lub M\/L<\/strong><\/p>\n<\/li>\n<li data-section-id=\"zg991n\" data-start=\"515\" data-end=\"694\">\n<p data-start=\"517\" data-end=\"694\"><strong data-start=\"517\" data-end=\"558\">Mi\u0119kki r\u0119cznik frotte od marki Mi\u0119kko<\/strong> &#8211; prezent do zestawu, wykonany w 100% z ch\u0142onnej, mi\u0119kkiej bawe\u0142ny, o wymiarze <strong data-start=\"638\" data-end=\"653\">140 \u00d7 70 cm<\/strong>, z subtelnym t\u0142oczeniem logotypu marki<\/p>\n<\/li>\n<li data-section-id=\"1loetx2\" data-start=\"695\" data-end=\"792\">\n<p data-start=\"697\" data-end=\"792\"><strong data-start=\"697\" data-end=\"745\">Kosmetyczna niespodzianka od Murka Cosmetics<\/strong> &#8211; jeden z wybranych produkt\u00f3w marki (losowo). To drobny element piel\u0119gnacyjnego rytua\u0142u, kt\u00f3ry dope\u0142ni Tw\u00f3j moment relaksu.<\/p>\n<\/li>\n<\/ul>\n<p data-start=\"794\" data-end=\"896\">Kupuj\u0105c zestaw Dream Care Set, p\u0142acisz 490 z\u0142 zamiast \u0142\u0105cznej warto\u015bci produkt\u00f3w 630 z\u0142.<\/p>\n<p data-start=\"794\" data-end=\"896\">Istnieje r\u00f3wnie\u017c mo\u017cliwo\u015b\u0107 zapakowania zestawu w eleganckie, magnetyczne pude\u0142ko Dream Box.<br data-start=\"1893\" data-end=\"1896\" \/>Cena zestawu w tej wersji wynosi 540 z\u0142 (opcja dost\u0119pna. w koszyku po dodaniu dream care set).<\/p>\n<p data-start=\"794\" data-end=\"896\">*Ze wzgl\u0119du na charakter produktu (bielizna) zwrot mo\u017cliwy jest wy\u0142\u0105cznie w przypadku produkt\u00f3w z nienaruszonym zabezpieczeniem higienicznym oraz kompletem metek. W przypadku nieodpowiedniego rozmiaru istnieje mo\u017cliwo\u015b\u0107 wymiany<\/p>","protected":false},"excerpt":{"rendered":"<p>Top &amp; Majtki + r\u0119cznik + kosmetyk<\/p>","protected":false},"featured_media":59885,"template":"","meta":[],"product_brand":[],"product_cat":[187,44,186,37,20],"product_tag":[],"class_list":{"0":"post-59873","1":"product","2":"type-product","3":"status-publish","4":"has-post-thumbnail","6":"product_cat-akcesoria-saint-body","7":"product_cat-karta-podarunkowa","8":"product_cat-newin","9":"product_cat-topy","10":"product_cat-wszystko","12":"first","13":"instock","14":"featured","15":"taxable","16":"shipping-taxable","17":"purchasable","18":"product-type-woosb"},"yoast_head":"<!-- This site is optimized with the Yoast SEO plugin v27.0 - https:\/\/yoast.com\/product\/yoast-seo-wordpress\/ -->\n<title>Dream care set Mi\u0119kko + Murka - Sklep SAINTBODY<\/title>\n<meta name=\"robots\" content=\"index, follow, max-snippet:-1, max-image-preview:large, max-video-preview:-1\" \/>\n<link rel=\"canonical\" href=\"https:\/\/saintbody.com\/en\/dreamcareset\/\" \/>\n<meta property=\"og:locale\" content=\"en_US\" \/>\n<meta property=\"og:type\" content=\"article\" \/>\n<meta property=\"og:title\" content=\"Dream care set Mi\u0119kko + Murka - Sklep SAINTBODY\" \/>\n<meta property=\"og:description\" content=\"Top &amp; Majtki + r\u0119cznik + kosmetyk\" \/>\n<meta property=\"og:url\" content=\"https:\/\/saintbody.com\/en\/dreamcareset\/\" \/>\n<meta property=\"og:site_name\" content=\"Sklep SAINTBODY\" \/>\n<meta property=\"article:publisher\" content=\"https:\/\/facebook.com\/saintbody\/\" \/>\n<meta property=\"article:modified_time\" content=\"2026-03-16T19:08:03+00:00\" \/>\n<meta property=\"og:image\" content=\"https:\/\/saintbody.com\/wp-content\/uploads\/2026\/03\/3F1A1196-scaled.jpg\" \/>\n\t<meta property=\"og:image:width\" content=\"1708\" \/>\n\t<meta property=\"og:image:height\" content=\"2560\" \/>\n\t<meta property=\"og:image:type\" content=\"image\/jpeg\" \/>\n<meta name=\"twitter:card\" content=\"summary_large_image\" \/>\n<meta name=\"twitter:label1\" content=\"Est. reading time\" \/>\n\t<meta name=\"twitter:data1\" content=\"2 minutes\" \/>\n<script type=\"application\/ld+json\" class=\"yoast-schema-graph\">{\"@context\":\"https:\/\/schema.org\",\"@graph\":[{\"@type\":\"WebPage\",\"@id\":\"https:\/\/saintbody.com\/dreamcareset\/\",\"url\":\"https:\/\/saintbody.com\/dreamcareset\/\",\"name\":\"Dream care set Mi\u0119kko + Murka - Sklep SAINTBODY\",\"isPartOf\":{\"@id\":\"https:\/\/saintbody.com\/#website\"},\"primaryImageOfPage\":{\"@id\":\"https:\/\/saintbody.com\/dreamcareset\/#primaryimage\"},\"image\":{\"@id\":\"https:\/\/saintbody.com\/dreamcareset\/#primaryimage\"},\"thumbnailUrl\":\"https:\/\/saintbody.com\/wp-content\/uploads\/2026\/03\/3F1A1196-scaled.jpg\",\"datePublished\":\"2026-03-10T14:08:37+00:00\",\"dateModified\":\"2026-03-16T19:08:03+00:00\",\"breadcrumb\":{\"@id\":\"https:\/\/saintbody.com\/dreamcareset\/#breadcrumb\"},\"inLanguage\":\"en-US\",\"potentialAction\":[{\"@type\":\"ReadAction\",\"target\":[\"https:\/\/saintbody.com\/dreamcareset\/\"]}]},{\"@type\":\"ImageObject\",\"inLanguage\":\"en-US\",\"@id\":\"https:\/\/saintbody.com\/dreamcareset\/#primaryimage\",\"url\":\"https:\/\/saintbody.com\/wp-content\/uploads\/2026\/03\/3F1A1196-scaled.jpg\",\"contentUrl\":\"https:\/\/saintbody.com\/wp-content\/uploads\/2026\/03\/3F1A1196-scaled.jpg\",\"width\":1708,\"height\":2560},{\"@type\":\"BreadcrumbList\",\"@id\":\"https:\/\/saintbody.com\/dreamcareset\/#breadcrumb\",\"itemListElement\":[{\"@type\":\"ListItem\",\"position\":1,\"name\":\"Strona g\u0142\u00f3wna\",\"item\":\"https:\/\/saintbody.com\/\"},{\"@type\":\"ListItem\",\"position\":2,\"name\":\"Sklep\",\"item\":\"https:\/\/saintbody.com\/sklep\/\"},{\"@type\":\"ListItem\",\"position\":3,\"name\":\"Dream care set Mi\u0119kko + Murka\"}]},{\"@type\":\"WebSite\",\"@id\":\"https:\/\/saintbody.com\/#website\",\"url\":\"https:\/\/saintbody.com\/\",\"name\":\"Sklep SAINTBODY\",\"description\":\"Premium basic na ka\u00c5\u00bcd\u00c4\u2026 okazje. Ponadczasowe Body, Odzie\u00c5\u00bc damska, Sukienki Damskie\",\"publisher\":{\"@id\":\"https:\/\/saintbody.com\/#organization\"},\"potentialAction\":[{\"@type\":\"SearchAction\",\"target\":{\"@type\":\"EntryPoint\",\"urlTemplate\":\"https:\/\/saintbody.com\/?s={search_term_string}\"},\"query-input\":{\"@type\":\"PropertyValueSpecification\",\"valueRequired\":true,\"valueName\":\"search_term_string\"}}],\"inLanguage\":\"en-US\"},{\"@type\":\"Organization\",\"@id\":\"https:\/\/saintbody.com\/#organization\",\"name\":\"Sklep Saint Body\",\"url\":\"https:\/\/saintbody.com\/\",\"logo\":{\"@type\":\"ImageObject\",\"inLanguage\":\"en-US\",\"@id\":\"https:\/\/saintbody.com\/#\/schema\/logo\/image\/\",\"url\":\"https:\/\/saintbody.com\/wp-content\/uploads\/2023\/04\/SaintBody_Logo_Typografia-e1691418926919.png\",\"contentUrl\":\"https:\/\/saintbody.com\/wp-content\/uploads\/2023\/04\/SaintBody_Logo_Typografia-e1691418926919.png\",\"width\":1000,\"height\":202,\"caption\":\"Sklep Saint Body\"},\"image\":{\"@id\":\"https:\/\/saintbody.com\/#\/schema\/logo\/image\/\"},\"sameAs\":[\"https:\/\/facebook.com\/saintbody\/\"]}]}<\/script>\n<!-- \/ Yoast SEO plugin. -->","yoast_head_json":{"title":"Dream care set Mi\u0119kko + Murka - Sklep SAINTBODY","robots":{"index":"index","follow":"follow","max-snippet":"max-snippet:-1","max-image-preview":"max-image-preview:large","max-video-preview":"max-video-preview:-1"},"canonical":"https:\/\/saintbody.com\/en\/dreamcareset\/","og_locale":"en_US","og_type":"article","og_title":"Dream care set Mi\u0119kko + Murka - Sklep SAINTBODY","og_description":"Top &amp; Majtki + r\u0119cznik + kosmetyk","og_url":"https:\/\/saintbody.com\/en\/dreamcareset\/","og_site_name":"Sklep SAINTBODY","article_publisher":"https:\/\/facebook.com\/saintbody\/","article_modified_time":"2026-03-16T19:08:03+00:00","og_image":[{"width":1708,"height":2560,"url":"https:\/\/saintbody.com\/wp-content\/uploads\/2026\/03\/3F1A1196-scaled.jpg","type":"image\/jpeg"}],"twitter_card":"summary_large_image","twitter_misc":{"Est. reading time":"2 minutes"},"schema":{"@context":"https:\/\/schema.org","@graph":[{"@type":"WebPage","@id":"https:\/\/saintbody.com\/dreamcareset\/","url":"https:\/\/saintbody.com\/dreamcareset\/","name":"Dream care set Mi\u0119kko + Murka - Sklep SAINTBODY","isPartOf":{"@id":"https:\/\/saintbody.com\/#website"},"primaryImageOfPage":{"@id":"https:\/\/saintbody.com\/dreamcareset\/#primaryimage"},"image":{"@id":"https:\/\/saintbody.com\/dreamcareset\/#primaryimage"},"thumbnailUrl":"https:\/\/saintbody.com\/wp-content\/uploads\/2026\/03\/3F1A1196-scaled.jpg","datePublished":"2026-03-10T14:08:37+00:00","dateModified":"2026-03-16T19:08:03+00:00","breadcrumb":{"@id":"https:\/\/saintbody.com\/dreamcareset\/#breadcrumb"},"inLanguage":"en-US","potentialAction":[{"@type":"ReadAction","target":["https:\/\/saintbody.com\/dreamcareset\/"]}]},{"@type":"ImageObject","inLanguage":"en-US","@id":"https:\/\/saintbody.com\/dreamcareset\/#primaryimage","url":"https:\/\/saintbody.com\/wp-content\/uploads\/2026\/03\/3F1A1196-scaled.jpg","contentUrl":"https:\/\/saintbody.com\/wp-content\/uploads\/2026\/03\/3F1A1196-scaled.jpg","width":1708,"height":2560},{"@type":"BreadcrumbList","@id":"https:\/\/saintbody.com\/dreamcareset\/#breadcrumb","itemListElement":[{"@type":"ListItem","position":1,"name":"Strona g\u0142\u00f3wna","item":"https:\/\/saintbody.com\/"},{"@type":"ListItem","position":2,"name":"Sklep","item":"https:\/\/saintbody.com\/sklep\/"},{"@type":"ListItem","position":3,"name":"Dream care set Mi\u0119kko + Murka"}]},{"@type":"WebSite","@id":"https:\/\/saintbody.com\/#website","url":"https:\/\/saintbody.com\/","name":"Sklep SAINTBODY","description":"Premium basic na ka\u00c5\u00bcd\u00c4\u2026 okazje. Ponadczasowe Body, Odzie\u00c5\u00bc damska, Sukienki Damskie","publisher":{"@id":"https:\/\/saintbody.com\/#organization"},"potentialAction":[{"@type":"SearchAction","target":{"@type":"EntryPoint","urlTemplate":"https:\/\/saintbody.com\/?s={search_term_string}"},"query-input":{"@type":"PropertyValueSpecification","valueRequired":true,"valueName":"search_term_string"}}],"inLanguage":"en-US"},{"@type":"Organization","@id":"https:\/\/saintbody.com\/#organization","name":"Sklep Saint Body","url":"https:\/\/saintbody.com\/","logo":{"@type":"ImageObject","inLanguage":"en-US","@id":"https:\/\/saintbody.com\/#\/schema\/logo\/image\/","url":"https:\/\/saintbody.com\/wp-content\/uploads\/2023\/04\/SaintBody_Logo_Typografia-e1691418926919.png","contentUrl":"https:\/\/saintbody.com\/wp-content\/uploads\/2023\/04\/SaintBody_Logo_Typografia-e1691418926919.png","width":1000,"height":202,"caption":"Sklep Saint Body"},"image":{"@id":"https:\/\/saintbody.com\/#\/schema\/logo\/image\/"},"sameAs":["https:\/\/facebook.com\/saintbody\/"]}]}},"_links":{"self":[{"href":"https:\/\/saintbody.com\/en\/wp-json\/wp\/v2\/product\/59873","targetHints":{"allow":["GET"]}}],"collection":[{"href":"https:\/\/saintbody.com\/en\/wp-json\/wp\/v2\/product"}],"about":[{"href":"https:\/\/saintbody.com\/en\/wp-json\/wp\/v2\/types\/product"}],"wp:featuredmedia":[{"embeddable":true,"href":"https:\/\/saintbody.com\/en\/wp-json\/wp\/v2\/media\/59885"}],"wp:attachment":[{"href":"https:\/\/saintbody.com\/en\/wp-json\/wp\/v2\/media?parent=59873"}],"wp:term":[{"taxonomy":"product_brand","embeddable":true,"href":"https:\/\/saintbody.com\/en\/wp-json\/wp\/v2\/product_brand?post=59873"},{"taxonomy":"product_cat","embeddable":true,"href":"https:\/\/saintbody.com\/en\/wp-json\/wp\/v2\/product_cat?post=59873"},{"taxonomy":"product_tag","embeddable":true,"href":"https:\/\/saintbody.com\/en\/wp-json\/wp\/v2\/product_tag?post=59873"}],"curies":[{"name":"wp","href":"https:\/\/api.w.org\/{rel}","templated":true}]}}