{"id":59049,"date":"2025-12-10T21:48:55","date_gmt":"2025-12-10T20:48:55","guid":{"rendered":"https:\/\/saintbody.com\/?post_type=product&#038;p=59049"},"modified":"2026-04-09T16:32:33","modified_gmt":"2026-04-09T14:32:33","slug":"spodnie-z-szeroka-nogawka-na-gumce-brazowe","status":"publish","type":"product","link":"https:\/\/saintbody.com\/en\/spodnie-z-szeroka-nogawka-na-gumce-brazowe\/","title":{"rendered":"Pants with wide leg on elastic band brown"},"content":{"rendered":"<p>Long, women's pants with exceptional wearing comfort, made of certified high-quality knit fabric. High-waisted pants, finished with elastic band trimmed with the same fabric and subtle inner satin piping, which emphasizes the luxurious character of the model. The wide, elegant cut sits beautifully on the figure and goes well with both sporty footwear and more formal styling. A premium product sewn from a selected blend of viscose and elastane, guaranteeing softness, flexibility and durability. Pants available in three timeless colors: black, dark brown and taupe.<\/p>\n<p>Also check out our bestselling <a href=\"https:\/\/saintbody.com\/en\/kategoria\/sukienki\/\">dresses<\/a> !<br \/>\nVisit us at <a href=\"https:\/\/www.instagram.com\/saintbodyofficial\/\">instagram<\/a>.<\/p>","protected":false},"excerpt":{"rendered":"<p>Long, women's pants with exceptional wearing comfort, made of certified high-quality knit fabric. High-waisted pants, finished with elastic band trimmed with the same fabric and subtle inner satin piping, which emphasizes the luxurious character of the model. The wide, elegant cut sits beautifully on the figure and goes well with both sporty footwear and more formal [...]<\/p>","protected":false},"featured_media":59485,"template":"","meta":[],"product_brand":[],"product_cat":[186,35,20],"product_tag":[36],"class_list":{"0":"post-59049","1":"product","2":"type-product","3":"status-publish","4":"has-post-thumbnail","6":"product_cat-newin","7":"product_cat-spodnie","8":"product_cat-wszystko","9":"product_tag-spodnie","11":"first","12":"instock","13":"taxable","14":"shipping-taxable","15":"purchasable","16":"product-type-variable","17":"has-default-attributes"},"yoast_head":"<!-- This site is optimized with the Yoast SEO plugin v27.0 - https:\/\/yoast.com\/product\/yoast-seo-wordpress\/ -->\n<title>Br\u0105zowe spodnie z szerok\u0105 nogawk\u0105 na gumce<\/title>\n<meta name=\"description\" content=\"Spodnie z wysokim stanem o wyj\u0105tkowym komforcie noszenia, wyko\u0144czony elastyczn\u0105 gum\u0105 oraz wewn\u0119trznym lamowaniem z satyny.\" \/>\n<meta name=\"robots\" content=\"index, follow, max-snippet:-1, max-image-preview:large, max-video-preview:-1\" \/>\n<link rel=\"canonical\" href=\"https:\/\/saintbody.com\/en\/spodnie-z-szeroka-nogawka-na-gumce-brazowe\/\" \/>\n<meta property=\"og:locale\" content=\"en_US\" \/>\n<meta property=\"og:type\" content=\"article\" \/>\n<meta property=\"og:title\" content=\"Br\u0105zowe spodnie z szerok\u0105 nogawk\u0105 na gumce\" \/>\n<meta property=\"og:description\" content=\"Spodnie z wysokim stanem o wyj\u0105tkowym komforcie noszenia, wyko\u0144czony elastyczn\u0105 gum\u0105 oraz wewn\u0119trznym lamowaniem z satyny.\" \/>\n<meta property=\"og:url\" content=\"https:\/\/saintbody.com\/en\/spodnie-z-szeroka-nogawka-na-gumce-brazowe\/\" \/>\n<meta property=\"og:site_name\" content=\"Sklep SAINTBODY\" \/>\n<meta property=\"article:publisher\" content=\"https:\/\/facebook.com\/saintbody\/\" \/>\n<meta property=\"article:modified_time\" content=\"2026-04-09T14:32:33+00:00\" \/>\n<meta property=\"og:image\" content=\"https:\/\/saintbody.com\/wp-content\/uploads\/2025\/12\/IMG_0986-IMG_0936-women-footwear-3_front-Luci-Studio.jpeg\" \/>\n\t<meta property=\"og:image:width\" content=\"1374\" \/>\n\t<meta property=\"og:image:height\" content=\"2048\" \/>\n\t<meta property=\"og:image:type\" content=\"image\/jpeg\" \/>\n<meta name=\"twitter:card\" content=\"summary_large_image\" \/>\n<meta name=\"twitter:label1\" content=\"Est. reading time\" \/>\n\t<meta name=\"twitter:data1\" content=\"1 minute\" \/>\n<script type=\"application\/ld+json\" class=\"yoast-schema-graph\">{\"@context\":\"https:\/\/schema.org\",\"@graph\":[{\"@type\":\"WebPage\",\"@id\":\"https:\/\/saintbody.com\/spodnie-z-szeroka-nogawka-na-gumce-brazowe\/\",\"url\":\"https:\/\/saintbody.com\/spodnie-z-szeroka-nogawka-na-gumce-brazowe\/\",\"name\":\"Br\u0105zowe spodnie z szerok\u0105 nogawk\u0105 na gumce\",\"isPartOf\":{\"@id\":\"https:\/\/saintbody.com\/#website\"},\"primaryImageOfPage\":{\"@id\":\"https:\/\/saintbody.com\/spodnie-z-szeroka-nogawka-na-gumce-brazowe\/#primaryimage\"},\"image\":{\"@id\":\"https:\/\/saintbody.com\/spodnie-z-szeroka-nogawka-na-gumce-brazowe\/#primaryimage\"},\"thumbnailUrl\":\"https:\/\/saintbody.com\/wp-content\/uploads\/2025\/12\/IMG_0986-IMG_0936-women-footwear-3_front-Luci-Studio.jpeg\",\"datePublished\":\"2025-12-10T20:48:55+00:00\",\"dateModified\":\"2026-04-09T14:32:33+00:00\",\"description\":\"Spodnie z wysokim stanem o wyj\u0105tkowym komforcie noszenia, wyko\u0144czony elastyczn\u0105 gum\u0105 oraz wewn\u0119trznym lamowaniem z satyny.\",\"breadcrumb\":{\"@id\":\"https:\/\/saintbody.com\/spodnie-z-szeroka-nogawka-na-gumce-brazowe\/#breadcrumb\"},\"inLanguage\":\"en-US\",\"potentialAction\":[{\"@type\":\"ReadAction\",\"target\":[\"https:\/\/saintbody.com\/spodnie-z-szeroka-nogawka-na-gumce-brazowe\/\"]}]},{\"@type\":\"ImageObject\",\"inLanguage\":\"en-US\",\"@id\":\"https:\/\/saintbody.com\/spodnie-z-szeroka-nogawka-na-gumce-brazowe\/#primaryimage\",\"url\":\"https:\/\/saintbody.com\/wp-content\/uploads\/2025\/12\/IMG_0986-IMG_0936-women-footwear-3_front-Luci-Studio.jpeg\",\"contentUrl\":\"https:\/\/saintbody.com\/wp-content\/uploads\/2025\/12\/IMG_0986-IMG_0936-women-footwear-3_front-Luci-Studio.jpeg\",\"width\":1374,\"height\":2048},{\"@type\":\"BreadcrumbList\",\"@id\":\"https:\/\/saintbody.com\/spodnie-z-szeroka-nogawka-na-gumce-brazowe\/#breadcrumb\",\"itemListElement\":[{\"@type\":\"ListItem\",\"position\":1,\"name\":\"Strona g\u0142\u00f3wna\",\"item\":\"https:\/\/saintbody.com\/\"},{\"@type\":\"ListItem\",\"position\":2,\"name\":\"Sklep\",\"item\":\"https:\/\/saintbody.com\/sklep\/\"},{\"@type\":\"ListItem\",\"position\":3,\"name\":\"Spodnie z szerok\u0105 nogawk\u0105 na gumce br\u0105zowe\"}]},{\"@type\":\"WebSite\",\"@id\":\"https:\/\/saintbody.com\/#website\",\"url\":\"https:\/\/saintbody.com\/\",\"name\":\"Sklep SAINTBODY\",\"description\":\"Premium basic na ka\u00c5\u00bcd\u00c4\u2026 okazje. Ponadczasowe Body, Odzie\u00c5\u00bc damska, Sukienki Damskie\",\"publisher\":{\"@id\":\"https:\/\/saintbody.com\/#organization\"},\"potentialAction\":[{\"@type\":\"SearchAction\",\"target\":{\"@type\":\"EntryPoint\",\"urlTemplate\":\"https:\/\/saintbody.com\/?s={search_term_string}\"},\"query-input\":{\"@type\":\"PropertyValueSpecification\",\"valueRequired\":true,\"valueName\":\"search_term_string\"}}],\"inLanguage\":\"en-US\"},{\"@type\":\"Organization\",\"@id\":\"https:\/\/saintbody.com\/#organization\",\"name\":\"Sklep Saint Body\",\"url\":\"https:\/\/saintbody.com\/\",\"logo\":{\"@type\":\"ImageObject\",\"inLanguage\":\"en-US\",\"@id\":\"https:\/\/saintbody.com\/#\/schema\/logo\/image\/\",\"url\":\"https:\/\/saintbody.com\/wp-content\/uploads\/2023\/04\/SaintBody_Logo_Typografia-e1691418926919.png\",\"contentUrl\":\"https:\/\/saintbody.com\/wp-content\/uploads\/2023\/04\/SaintBody_Logo_Typografia-e1691418926919.png\",\"width\":1000,\"height\":202,\"caption\":\"Sklep Saint Body\"},\"image\":{\"@id\":\"https:\/\/saintbody.com\/#\/schema\/logo\/image\/\"},\"sameAs\":[\"https:\/\/facebook.com\/saintbody\/\"]}]}<\/script>\n<!-- \/ Yoast SEO plugin. -->","yoast_head_json":{"title":"Br\u0105zowe spodnie z szerok\u0105 nogawk\u0105 na gumce","description":"Spodnie z wysokim stanem o wyj\u0105tkowym komforcie noszenia, wyko\u0144czony elastyczn\u0105 gum\u0105 oraz wewn\u0119trznym lamowaniem z satyny.","robots":{"index":"index","follow":"follow","max-snippet":"max-snippet:-1","max-image-preview":"max-image-preview:large","max-video-preview":"max-video-preview:-1"},"canonical":"https:\/\/saintbody.com\/en\/spodnie-z-szeroka-nogawka-na-gumce-brazowe\/","og_locale":"en_US","og_type":"article","og_title":"Br\u0105zowe spodnie z szerok\u0105 nogawk\u0105 na gumce","og_description":"Spodnie z wysokim stanem o wyj\u0105tkowym komforcie noszenia, wyko\u0144czony elastyczn\u0105 gum\u0105 oraz wewn\u0119trznym lamowaniem z satyny.","og_url":"https:\/\/saintbody.com\/en\/spodnie-z-szeroka-nogawka-na-gumce-brazowe\/","og_site_name":"Sklep SAINTBODY","article_publisher":"https:\/\/facebook.com\/saintbody\/","article_modified_time":"2026-04-09T14:32:33+00:00","og_image":[{"width":1374,"height":2048,"url":"https:\/\/saintbody.com\/wp-content\/uploads\/2025\/12\/IMG_0986-IMG_0936-women-footwear-3_front-Luci-Studio.jpeg","type":"image\/jpeg"}],"twitter_card":"summary_large_image","twitter_misc":{"Est. reading time":"1 minute"},"schema":{"@context":"https:\/\/schema.org","@graph":[{"@type":"WebPage","@id":"https:\/\/saintbody.com\/spodnie-z-szeroka-nogawka-na-gumce-brazowe\/","url":"https:\/\/saintbody.com\/spodnie-z-szeroka-nogawka-na-gumce-brazowe\/","name":"Br\u0105zowe spodnie z szerok\u0105 nogawk\u0105 na gumce","isPartOf":{"@id":"https:\/\/saintbody.com\/#website"},"primaryImageOfPage":{"@id":"https:\/\/saintbody.com\/spodnie-z-szeroka-nogawka-na-gumce-brazowe\/#primaryimage"},"image":{"@id":"https:\/\/saintbody.com\/spodnie-z-szeroka-nogawka-na-gumce-brazowe\/#primaryimage"},"thumbnailUrl":"https:\/\/saintbody.com\/wp-content\/uploads\/2025\/12\/IMG_0986-IMG_0936-women-footwear-3_front-Luci-Studio.jpeg","datePublished":"2025-12-10T20:48:55+00:00","dateModified":"2026-04-09T14:32:33+00:00","description":"Spodnie z wysokim stanem o wyj\u0105tkowym komforcie noszenia, wyko\u0144czony elastyczn\u0105 gum\u0105 oraz wewn\u0119trznym lamowaniem z satyny.","breadcrumb":{"@id":"https:\/\/saintbody.com\/spodnie-z-szeroka-nogawka-na-gumce-brazowe\/#breadcrumb"},"inLanguage":"en-US","potentialAction":[{"@type":"ReadAction","target":["https:\/\/saintbody.com\/spodnie-z-szeroka-nogawka-na-gumce-brazowe\/"]}]},{"@type":"ImageObject","inLanguage":"en-US","@id":"https:\/\/saintbody.com\/spodnie-z-szeroka-nogawka-na-gumce-brazowe\/#primaryimage","url":"https:\/\/saintbody.com\/wp-content\/uploads\/2025\/12\/IMG_0986-IMG_0936-women-footwear-3_front-Luci-Studio.jpeg","contentUrl":"https:\/\/saintbody.com\/wp-content\/uploads\/2025\/12\/IMG_0986-IMG_0936-women-footwear-3_front-Luci-Studio.jpeg","width":1374,"height":2048},{"@type":"BreadcrumbList","@id":"https:\/\/saintbody.com\/spodnie-z-szeroka-nogawka-na-gumce-brazowe\/#breadcrumb","itemListElement":[{"@type":"ListItem","position":1,"name":"Strona g\u0142\u00f3wna","item":"https:\/\/saintbody.com\/"},{"@type":"ListItem","position":2,"name":"Sklep","item":"https:\/\/saintbody.com\/sklep\/"},{"@type":"ListItem","position":3,"name":"Spodnie z szerok\u0105 nogawk\u0105 na gumce br\u0105zowe"}]},{"@type":"WebSite","@id":"https:\/\/saintbody.com\/#website","url":"https:\/\/saintbody.com\/","name":"Sklep SAINTBODY","description":"Premium basic na ka\u00c5\u00bcd\u00c4\u2026 okazje. Ponadczasowe Body, Odzie\u00c5\u00bc damska, Sukienki Damskie","publisher":{"@id":"https:\/\/saintbody.com\/#organization"},"potentialAction":[{"@type":"SearchAction","target":{"@type":"EntryPoint","urlTemplate":"https:\/\/saintbody.com\/?s={search_term_string}"},"query-input":{"@type":"PropertyValueSpecification","valueRequired":true,"valueName":"search_term_string"}}],"inLanguage":"en-US"},{"@type":"Organization","@id":"https:\/\/saintbody.com\/#organization","name":"Sklep Saint Body","url":"https:\/\/saintbody.com\/","logo":{"@type":"ImageObject","inLanguage":"en-US","@id":"https:\/\/saintbody.com\/#\/schema\/logo\/image\/","url":"https:\/\/saintbody.com\/wp-content\/uploads\/2023\/04\/SaintBody_Logo_Typografia-e1691418926919.png","contentUrl":"https:\/\/saintbody.com\/wp-content\/uploads\/2023\/04\/SaintBody_Logo_Typografia-e1691418926919.png","width":1000,"height":202,"caption":"Sklep Saint Body"},"image":{"@id":"https:\/\/saintbody.com\/#\/schema\/logo\/image\/"},"sameAs":["https:\/\/facebook.com\/saintbody\/"]}]}},"_links":{"self":[{"href":"https:\/\/saintbody.com\/en\/wp-json\/wp\/v2\/product\/59049","targetHints":{"allow":["GET"]}}],"collection":[{"href":"https:\/\/saintbody.com\/en\/wp-json\/wp\/v2\/product"}],"about":[{"href":"https:\/\/saintbody.com\/en\/wp-json\/wp\/v2\/types\/product"}],"wp:featuredmedia":[{"embeddable":true,"href":"https:\/\/saintbody.com\/en\/wp-json\/wp\/v2\/media\/59485"}],"wp:attachment":[{"href":"https:\/\/saintbody.com\/en\/wp-json\/wp\/v2\/media?parent=59049"}],"wp:term":[{"taxonomy":"product_brand","embeddable":true,"href":"https:\/\/saintbody.com\/en\/wp-json\/wp\/v2\/product_brand?post=59049"},{"taxonomy":"product_cat","embeddable":true,"href":"https:\/\/saintbody.com\/en\/wp-json\/wp\/v2\/product_cat?post=59049"},{"taxonomy":"product_tag","embeddable":true,"href":"https:\/\/saintbody.com\/en\/wp-json\/wp\/v2\/product_tag?post=59049"}],"curies":[{"name":"wp","href":"https:\/\/api.w.org\/{rel}","templated":true}]}}