{"id":59043,"date":"2025-12-10T20:51:31","date_gmt":"2025-12-10T19:51:31","guid":{"rendered":"https:\/\/saintbody.com\/?post_type=product&#038;p=59043"},"modified":"2026-04-09T16:32:45","modified_gmt":"2026-04-09T14:32:45","slug":"spodnie-z-szeroka-nogawka-na-gumce-bezowe","status":"publish","type":"product","link":"https:\/\/saintbody.com\/en\/spodnie-z-szeroka-nogawka-na-gumce-bezowe\/","title":{"rendered":"Pants with wide leg on elastic band taupe"},"content":{"rendered":"<p>Long, women's pants with exceptional wearing comfort, made of certified high-quality knit fabric. High-waisted pants, finished with elastic band trimmed with the same fabric and subtle inner satin piping, which emphasizes the luxurious character of the model. The wide, elegant cut sits beautifully on the figure and goes well with both sporty footwear and more formal styling. The premium product is sewn from a selected blend of viscose and elastane, guaranteeing softness, flexibility and durability.<\/p>\n<p>The pants are available in three timeless colors: black, dark brown and ecru.<\/p>\n<p>Visit us at <a href=\"https:\/\/www.instagram.com\/saintbodyofficial\/\">instagram<\/a>.<\/p>","protected":false},"excerpt":{"rendered":"<p>Long, women's pants with exceptional wearing comfort, made of certified high-quality knit fabric. High-waisted pants, finished with elastic band trimmed with the same fabric and subtle inner satin piping, which emphasizes the luxurious character of the model. The wide, elegant cut sits beautifully on the figure and goes well with both sporty footwear and more formal [...]<\/p>","protected":false},"featured_media":59525,"template":"","meta":[],"product_brand":[],"product_cat":[20,186,35],"product_tag":[36],"class_list":{"0":"post-59043","1":"product","2":"type-product","3":"status-publish","4":"has-post-thumbnail","6":"product_cat-wszystko","7":"product_cat-newin","8":"product_cat-spodnie","9":"product_tag-spodnie","11":"first","12":"instock","13":"taxable","14":"shipping-taxable","15":"purchasable","16":"product-type-variable","17":"has-default-attributes"},"yoast_head":"<!-- This site is optimized with the Yoast SEO plugin v27.0 - https:\/\/yoast.com\/product\/yoast-seo-wordpress\/ -->\n<title>Spodnie z szerok\u0105 nogawk\u0105 na gumce taupe<\/title>\n<meta name=\"description\" content=\"D\u0142ugie, damskie spodnie o wyj\u0105tkowym komforcie noszenia z wysokim stanem, wyko\u0144czony elastyczn\u0105 gum\u0105 z subtelnym lamowaniem z satyny.\" \/>\n<meta name=\"robots\" content=\"index, follow, max-snippet:-1, max-image-preview:large, max-video-preview:-1\" \/>\n<link rel=\"canonical\" href=\"https:\/\/saintbody.com\/en\/spodnie-z-szeroka-nogawka-na-gumce-bezowe\/\" \/>\n<meta property=\"og:locale\" content=\"en_US\" \/>\n<meta property=\"og:type\" content=\"article\" \/>\n<meta property=\"og:title\" content=\"Spodnie z szerok\u0105 nogawk\u0105 na gumce taupe\" \/>\n<meta property=\"og:description\" content=\"D\u0142ugie, damskie spodnie o wyj\u0105tkowym komforcie noszenia z wysokim stanem, wyko\u0144czony elastyczn\u0105 gum\u0105 z subtelnym lamowaniem z satyny.\" \/>\n<meta property=\"og:url\" content=\"https:\/\/saintbody.com\/en\/spodnie-z-szeroka-nogawka-na-gumce-bezowe\/\" \/>\n<meta property=\"og:site_name\" content=\"Sklep SAINTBODY\" \/>\n<meta property=\"article:publisher\" content=\"https:\/\/facebook.com\/saintbody\/\" \/>\n<meta property=\"article:modified_time\" content=\"2026-04-09T14:32:45+00:00\" \/>\n<meta property=\"og:image\" content=\"https:\/\/saintbody.com\/wp-content\/uploads\/2025\/12\/Mloda-kobieta-w-bezowym-komplecie-1.png\" \/>\n\t<meta property=\"og:image:width\" content=\"1024\" \/>\n\t<meta property=\"og:image:height\" content=\"1536\" \/>\n\t<meta property=\"og:image:type\" content=\"image\/png\" \/>\n<meta name=\"twitter:card\" content=\"summary_large_image\" \/>\n<meta name=\"twitter:label1\" content=\"Est. reading time\" \/>\n\t<meta name=\"twitter:data1\" content=\"1 minute\" \/>\n<script type=\"application\/ld+json\" class=\"yoast-schema-graph\">{\"@context\":\"https:\/\/schema.org\",\"@graph\":[{\"@type\":\"WebPage\",\"@id\":\"https:\/\/saintbody.com\/spodnie-z-szeroka-nogawka-na-gumce-bezowe\/\",\"url\":\"https:\/\/saintbody.com\/spodnie-z-szeroka-nogawka-na-gumce-bezowe\/\",\"name\":\"Spodnie z szerok\u0105 nogawk\u0105 na gumce taupe\",\"isPartOf\":{\"@id\":\"https:\/\/saintbody.com\/#website\"},\"primaryImageOfPage\":{\"@id\":\"https:\/\/saintbody.com\/spodnie-z-szeroka-nogawka-na-gumce-bezowe\/#primaryimage\"},\"image\":{\"@id\":\"https:\/\/saintbody.com\/spodnie-z-szeroka-nogawka-na-gumce-bezowe\/#primaryimage\"},\"thumbnailUrl\":\"https:\/\/saintbody.com\/wp-content\/uploads\/2025\/12\/Mloda-kobieta-w-bezowym-komplecie-1.png\",\"datePublished\":\"2025-12-10T19:51:31+00:00\",\"dateModified\":\"2026-04-09T14:32:45+00:00\",\"description\":\"D\u0142ugie, damskie spodnie o wyj\u0105tkowym komforcie noszenia z wysokim stanem, wyko\u0144czony elastyczn\u0105 gum\u0105 z subtelnym lamowaniem z satyny.\",\"breadcrumb\":{\"@id\":\"https:\/\/saintbody.com\/spodnie-z-szeroka-nogawka-na-gumce-bezowe\/#breadcrumb\"},\"inLanguage\":\"en-US\",\"potentialAction\":[{\"@type\":\"ReadAction\",\"target\":[\"https:\/\/saintbody.com\/spodnie-z-szeroka-nogawka-na-gumce-bezowe\/\"]}]},{\"@type\":\"ImageObject\",\"inLanguage\":\"en-US\",\"@id\":\"https:\/\/saintbody.com\/spodnie-z-szeroka-nogawka-na-gumce-bezowe\/#primaryimage\",\"url\":\"https:\/\/saintbody.com\/wp-content\/uploads\/2025\/12\/Mloda-kobieta-w-bezowym-komplecie-1.png\",\"contentUrl\":\"https:\/\/saintbody.com\/wp-content\/uploads\/2025\/12\/Mloda-kobieta-w-bezowym-komplecie-1.png\",\"width\":1024,\"height\":1536},{\"@type\":\"BreadcrumbList\",\"@id\":\"https:\/\/saintbody.com\/spodnie-z-szeroka-nogawka-na-gumce-bezowe\/#breadcrumb\",\"itemListElement\":[{\"@type\":\"ListItem\",\"position\":1,\"name\":\"Strona g\u0142\u00f3wna\",\"item\":\"https:\/\/saintbody.com\/\"},{\"@type\":\"ListItem\",\"position\":2,\"name\":\"Sklep\",\"item\":\"https:\/\/saintbody.com\/sklep\/\"},{\"@type\":\"ListItem\",\"position\":3,\"name\":\"Spodnie z szerok\u0105 nogawk\u0105 na gumce taupe\"}]},{\"@type\":\"WebSite\",\"@id\":\"https:\/\/saintbody.com\/#website\",\"url\":\"https:\/\/saintbody.com\/\",\"name\":\"Sklep SAINTBODY\",\"description\":\"Premium basic na ka\u00c5\u00bcd\u00c4\u2026 okazje. Ponadczasowe Body, Odzie\u00c5\u00bc damska, Sukienki Damskie\",\"publisher\":{\"@id\":\"https:\/\/saintbody.com\/#organization\"},\"potentialAction\":[{\"@type\":\"SearchAction\",\"target\":{\"@type\":\"EntryPoint\",\"urlTemplate\":\"https:\/\/saintbody.com\/?s={search_term_string}\"},\"query-input\":{\"@type\":\"PropertyValueSpecification\",\"valueRequired\":true,\"valueName\":\"search_term_string\"}}],\"inLanguage\":\"en-US\"},{\"@type\":\"Organization\",\"@id\":\"https:\/\/saintbody.com\/#organization\",\"name\":\"Sklep Saint Body\",\"url\":\"https:\/\/saintbody.com\/\",\"logo\":{\"@type\":\"ImageObject\",\"inLanguage\":\"en-US\",\"@id\":\"https:\/\/saintbody.com\/#\/schema\/logo\/image\/\",\"url\":\"https:\/\/saintbody.com\/wp-content\/uploads\/2023\/04\/SaintBody_Logo_Typografia-e1691418926919.png\",\"contentUrl\":\"https:\/\/saintbody.com\/wp-content\/uploads\/2023\/04\/SaintBody_Logo_Typografia-e1691418926919.png\",\"width\":1000,\"height\":202,\"caption\":\"Sklep Saint Body\"},\"image\":{\"@id\":\"https:\/\/saintbody.com\/#\/schema\/logo\/image\/\"},\"sameAs\":[\"https:\/\/facebook.com\/saintbody\/\"]}]}<\/script>\n<!-- \/ Yoast SEO plugin. -->","yoast_head_json":{"title":"Spodnie z szerok\u0105 nogawk\u0105 na gumce taupe","description":"D\u0142ugie, damskie spodnie o wyj\u0105tkowym komforcie noszenia z wysokim stanem, wyko\u0144czony elastyczn\u0105 gum\u0105 z subtelnym lamowaniem z satyny.","robots":{"index":"index","follow":"follow","max-snippet":"max-snippet:-1","max-image-preview":"max-image-preview:large","max-video-preview":"max-video-preview:-1"},"canonical":"https:\/\/saintbody.com\/en\/spodnie-z-szeroka-nogawka-na-gumce-bezowe\/","og_locale":"en_US","og_type":"article","og_title":"Spodnie z szerok\u0105 nogawk\u0105 na gumce taupe","og_description":"D\u0142ugie, damskie spodnie o wyj\u0105tkowym komforcie noszenia z wysokim stanem, wyko\u0144czony elastyczn\u0105 gum\u0105 z subtelnym lamowaniem z satyny.","og_url":"https:\/\/saintbody.com\/en\/spodnie-z-szeroka-nogawka-na-gumce-bezowe\/","og_site_name":"Sklep SAINTBODY","article_publisher":"https:\/\/facebook.com\/saintbody\/","article_modified_time":"2026-04-09T14:32:45+00:00","og_image":[{"width":1024,"height":1536,"url":"https:\/\/saintbody.com\/wp-content\/uploads\/2025\/12\/Mloda-kobieta-w-bezowym-komplecie-1.png","type":"image\/png"}],"twitter_card":"summary_large_image","twitter_misc":{"Est. reading time":"1 minute"},"schema":{"@context":"https:\/\/schema.org","@graph":[{"@type":"WebPage","@id":"https:\/\/saintbody.com\/spodnie-z-szeroka-nogawka-na-gumce-bezowe\/","url":"https:\/\/saintbody.com\/spodnie-z-szeroka-nogawka-na-gumce-bezowe\/","name":"Spodnie z szerok\u0105 nogawk\u0105 na gumce taupe","isPartOf":{"@id":"https:\/\/saintbody.com\/#website"},"primaryImageOfPage":{"@id":"https:\/\/saintbody.com\/spodnie-z-szeroka-nogawka-na-gumce-bezowe\/#primaryimage"},"image":{"@id":"https:\/\/saintbody.com\/spodnie-z-szeroka-nogawka-na-gumce-bezowe\/#primaryimage"},"thumbnailUrl":"https:\/\/saintbody.com\/wp-content\/uploads\/2025\/12\/Mloda-kobieta-w-bezowym-komplecie-1.png","datePublished":"2025-12-10T19:51:31+00:00","dateModified":"2026-04-09T14:32:45+00:00","description":"D\u0142ugie, damskie spodnie o wyj\u0105tkowym komforcie noszenia z wysokim stanem, wyko\u0144czony elastyczn\u0105 gum\u0105 z subtelnym lamowaniem z satyny.","breadcrumb":{"@id":"https:\/\/saintbody.com\/spodnie-z-szeroka-nogawka-na-gumce-bezowe\/#breadcrumb"},"inLanguage":"en-US","potentialAction":[{"@type":"ReadAction","target":["https:\/\/saintbody.com\/spodnie-z-szeroka-nogawka-na-gumce-bezowe\/"]}]},{"@type":"ImageObject","inLanguage":"en-US","@id":"https:\/\/saintbody.com\/spodnie-z-szeroka-nogawka-na-gumce-bezowe\/#primaryimage","url":"https:\/\/saintbody.com\/wp-content\/uploads\/2025\/12\/Mloda-kobieta-w-bezowym-komplecie-1.png","contentUrl":"https:\/\/saintbody.com\/wp-content\/uploads\/2025\/12\/Mloda-kobieta-w-bezowym-komplecie-1.png","width":1024,"height":1536},{"@type":"BreadcrumbList","@id":"https:\/\/saintbody.com\/spodnie-z-szeroka-nogawka-na-gumce-bezowe\/#breadcrumb","itemListElement":[{"@type":"ListItem","position":1,"name":"Strona g\u0142\u00f3wna","item":"https:\/\/saintbody.com\/"},{"@type":"ListItem","position":2,"name":"Sklep","item":"https:\/\/saintbody.com\/sklep\/"},{"@type":"ListItem","position":3,"name":"Spodnie z szerok\u0105 nogawk\u0105 na gumce taupe"}]},{"@type":"WebSite","@id":"https:\/\/saintbody.com\/#website","url":"https:\/\/saintbody.com\/","name":"Sklep SAINTBODY","description":"Premium basic na ka\u00c5\u00bcd\u00c4\u2026 okazje. Ponadczasowe Body, Odzie\u00c5\u00bc damska, Sukienki Damskie","publisher":{"@id":"https:\/\/saintbody.com\/#organization"},"potentialAction":[{"@type":"SearchAction","target":{"@type":"EntryPoint","urlTemplate":"https:\/\/saintbody.com\/?s={search_term_string}"},"query-input":{"@type":"PropertyValueSpecification","valueRequired":true,"valueName":"search_term_string"}}],"inLanguage":"en-US"},{"@type":"Organization","@id":"https:\/\/saintbody.com\/#organization","name":"Sklep Saint Body","url":"https:\/\/saintbody.com\/","logo":{"@type":"ImageObject","inLanguage":"en-US","@id":"https:\/\/saintbody.com\/#\/schema\/logo\/image\/","url":"https:\/\/saintbody.com\/wp-content\/uploads\/2023\/04\/SaintBody_Logo_Typografia-e1691418926919.png","contentUrl":"https:\/\/saintbody.com\/wp-content\/uploads\/2023\/04\/SaintBody_Logo_Typografia-e1691418926919.png","width":1000,"height":202,"caption":"Sklep Saint Body"},"image":{"@id":"https:\/\/saintbody.com\/#\/schema\/logo\/image\/"},"sameAs":["https:\/\/facebook.com\/saintbody\/"]}]}},"_links":{"self":[{"href":"https:\/\/saintbody.com\/en\/wp-json\/wp\/v2\/product\/59043","targetHints":{"allow":["GET"]}}],"collection":[{"href":"https:\/\/saintbody.com\/en\/wp-json\/wp\/v2\/product"}],"about":[{"href":"https:\/\/saintbody.com\/en\/wp-json\/wp\/v2\/types\/product"}],"wp:featuredmedia":[{"embeddable":true,"href":"https:\/\/saintbody.com\/en\/wp-json\/wp\/v2\/media\/59525"}],"wp:attachment":[{"href":"https:\/\/saintbody.com\/en\/wp-json\/wp\/v2\/media?parent=59043"}],"wp:term":[{"taxonomy":"product_brand","embeddable":true,"href":"https:\/\/saintbody.com\/en\/wp-json\/wp\/v2\/product_brand?post=59043"},{"taxonomy":"product_cat","embeddable":true,"href":"https:\/\/saintbody.com\/en\/wp-json\/wp\/v2\/product_cat?post=59043"},{"taxonomy":"product_tag","embeddable":true,"href":"https:\/\/saintbody.com\/en\/wp-json\/wp\/v2\/product_tag?post=59043"}],"curies":[{"name":"wp","href":"https:\/\/api.w.org\/{rel}","templated":true}]}}