{"id":58735,"date":"2025-11-25T15:19:10","date_gmt":"2025-11-25T14:19:10","guid":{"rendered":"https:\/\/saintbody.com\/?post_type=product&#038;p=58735"},"modified":"2026-04-27T18:38:13","modified_gmt":"2026-04-27T16:38:13","slug":"bluzka-fly-z-rozcieciami-z-dzianiny-brown","status":"publish","type":"product","link":"https:\/\/saintbody.com\/en\/bluzka-fly-z-rozcieciami-z-dzianiny-brown\/","title":{"rendered":"Fly blouse with knit slits brown"},"content":{"rendered":"<p data-start=\"45\" data-end=\"393\">Brown Fly blouse with slits is a combination of subtle elegance and striking cut. Carefully waisted, it fits the figure perfectly, emphasizing its assets and creating a phenomenal hourglass shape. The top with a light, buff cut adds volume in the shoulders, creating a harmonious proportion with the narrow waist and beautifully modeling the figure.<\/p>\n<p data-start=\"395\" data-end=\"661\">Made of pleasant to the touch, stretchy knit fabric, it provides comfort and fits perfectly on the body. Slits add character and lightness to the whole, making the blouse perfect for both everyday and more elegant styling.<\/p>\n<p data-start=\"663\" data-end=\"779\" data-is-last-node=\"\" data-is-only-node=\"\">Feminine, modern and extremely favorable for the silhouette - the Fly blouse is a must-have that will emphasize your uniqueness.<\/p>\n<p>Also check out our bestselling\u00a0<a href=\"https:\/\/saintbody.com\/en\/kategoria\/sukienki\/\">dresses<\/a> !<br \/>\nVisit us at <a href=\"https:\/\/www.instagram.com\/saintbodyofficial\/\">instagram<\/a>.<\/p>","protected":false},"excerpt":{"rendered":"<p>Br\u0105zowa bluzka Fly z rozci\u0119ciami to po\u0142\u0105czenie subtelnej elegancji i efektownego fasonu. Starannie taliowana, idealnie dopasowuje si\u0119 do sylwetki, podkre\u015blaj\u0105c jej atuty i tworz\u0105c zjawiskowy kszta\u0142t klepsydry. G\u00f3ra o lekkim, bufiastym kroju dodaje obj\u0119to\u015bci w ramionach, tworz\u0105c harmonijn\u0105 proporcj\u0119 z w\u0105sk\u0105 tali\u0105 i pi\u0119knie modeluj\u0105c figur\u0119. Wykonana z przyjemnej w dotyku, elastycznej dzianiny, zapewnia komfort [&hellip;]<\/p>","protected":false},"featured_media":0,"template":"","meta":[],"product_brand":[],"product_cat":[20,186,37],"product_tag":[38],"class_list":{"0":"post-58735","1":"product","2":"type-product","3":"status-publish","5":"product_cat-wszystko","6":"product_cat-newin","7":"product_cat-topy","8":"product_tag-topy","10":"first","11":"instock","12":"taxable","13":"shipping-taxable","14":"purchasable","15":"product-type-variable"},"yoast_head":"<!-- This site is optimized with the Yoast SEO plugin v27.0 - https:\/\/yoast.com\/product\/yoast-seo-wordpress\/ -->\n<title>Bluzka fly z rozci\u0119ciami z dzianiny brown - Sklep SAINTBODY<\/title>\n<meta name=\"description\" content=\"Dopasowany longsleeve w odcieniu ecru, o subtelnym \u015bmietankowym tonie, to ponadczasowy element garderoby, kt\u00f3ry \u0142\u0105czy delikatn\u0105 elegancj\u0119 z codziennym komfortem.\" \/>\n<meta name=\"robots\" content=\"index, follow, max-snippet:-1, max-image-preview:large, max-video-preview:-1\" \/>\n<link rel=\"canonical\" href=\"https:\/\/saintbody.com\/en\/bluzka-fly-z-rozcieciami-z-dzianiny-brown\/\" \/>\n<meta property=\"og:locale\" content=\"en_US\" \/>\n<meta property=\"og:type\" content=\"article\" \/>\n<meta property=\"og:title\" content=\"Bluzka fly z rozci\u0119ciami z dzianiny brown - Sklep SAINTBODY\" \/>\n<meta property=\"og:description\" content=\"Dopasowany longsleeve w odcieniu ecru, o subtelnym \u015bmietankowym tonie, to ponadczasowy element garderoby, kt\u00f3ry \u0142\u0105czy delikatn\u0105 elegancj\u0119 z codziennym komfortem.\" \/>\n<meta property=\"og:url\" content=\"https:\/\/saintbody.com\/en\/bluzka-fly-z-rozcieciami-z-dzianiny-brown\/\" \/>\n<meta property=\"og:site_name\" content=\"Sklep SAINTBODY\" \/>\n<meta property=\"article:publisher\" content=\"https:\/\/facebook.com\/saintbody\/\" \/>\n<meta property=\"article:modified_time\" content=\"2026-04-27T16:38:13+00:00\" \/>\n<meta name=\"twitter:card\" content=\"summary_large_image\" \/>\n<meta name=\"twitter:label1\" content=\"Est. reading time\" \/>\n\t<meta name=\"twitter:data1\" content=\"1 minute\" \/>\n<script type=\"application\/ld+json\" class=\"yoast-schema-graph\">{\"@context\":\"https:\/\/schema.org\",\"@graph\":[{\"@type\":\"WebPage\",\"@id\":\"https:\/\/saintbody.com\/bluzka-fly-z-rozcieciami-z-dzianiny-brown\/\",\"url\":\"https:\/\/saintbody.com\/bluzka-fly-z-rozcieciami-z-dzianiny-brown\/\",\"name\":\"Bluzka fly z rozci\u0119ciami z dzianiny brown - Sklep SAINTBODY\",\"isPartOf\":{\"@id\":\"https:\/\/saintbody.com\/#website\"},\"datePublished\":\"2025-11-25T14:19:10+00:00\",\"dateModified\":\"2026-04-27T16:38:13+00:00\",\"description\":\"Dopasowany longsleeve w odcieniu ecru, o subtelnym \u015bmietankowym tonie, to ponadczasowy element garderoby, kt\u00f3ry \u0142\u0105czy delikatn\u0105 elegancj\u0119 z codziennym komfortem.\",\"breadcrumb\":{\"@id\":\"https:\/\/saintbody.com\/bluzka-fly-z-rozcieciami-z-dzianiny-brown\/#breadcrumb\"},\"inLanguage\":\"en-US\",\"potentialAction\":[{\"@type\":\"ReadAction\",\"target\":[\"https:\/\/saintbody.com\/bluzka-fly-z-rozcieciami-z-dzianiny-brown\/\"]}]},{\"@type\":\"BreadcrumbList\",\"@id\":\"https:\/\/saintbody.com\/bluzka-fly-z-rozcieciami-z-dzianiny-brown\/#breadcrumb\",\"itemListElement\":[{\"@type\":\"ListItem\",\"position\":1,\"name\":\"Strona g\u0142\u00f3wna\",\"item\":\"https:\/\/saintbody.com\/\"},{\"@type\":\"ListItem\",\"position\":2,\"name\":\"Sklep\",\"item\":\"https:\/\/saintbody.com\/sklep\/\"},{\"@type\":\"ListItem\",\"position\":3,\"name\":\"Bluzka fly z rozci\u0119ciami z dzianiny brown\"}]},{\"@type\":\"WebSite\",\"@id\":\"https:\/\/saintbody.com\/#website\",\"url\":\"https:\/\/saintbody.com\/\",\"name\":\"Sklep SAINTBODY\",\"description\":\"Premium basic na ka\u00c5\u00bcd\u00c4\u2026 okazje. Ponadczasowe Body, Odzie\u00c5\u00bc damska, Sukienki Damskie\",\"publisher\":{\"@id\":\"https:\/\/saintbody.com\/#organization\"},\"potentialAction\":[{\"@type\":\"SearchAction\",\"target\":{\"@type\":\"EntryPoint\",\"urlTemplate\":\"https:\/\/saintbody.com\/?s={search_term_string}\"},\"query-input\":{\"@type\":\"PropertyValueSpecification\",\"valueRequired\":true,\"valueName\":\"search_term_string\"}}],\"inLanguage\":\"en-US\"},{\"@type\":\"Organization\",\"@id\":\"https:\/\/saintbody.com\/#organization\",\"name\":\"Sklep Saint Body\",\"url\":\"https:\/\/saintbody.com\/\",\"logo\":{\"@type\":\"ImageObject\",\"inLanguage\":\"en-US\",\"@id\":\"https:\/\/saintbody.com\/#\/schema\/logo\/image\/\",\"url\":\"https:\/\/saintbody.com\/wp-content\/uploads\/2023\/04\/SaintBody_Logo_Typografia-e1691418926919.png\",\"contentUrl\":\"https:\/\/saintbody.com\/wp-content\/uploads\/2023\/04\/SaintBody_Logo_Typografia-e1691418926919.png\",\"width\":1000,\"height\":202,\"caption\":\"Sklep Saint Body\"},\"image\":{\"@id\":\"https:\/\/saintbody.com\/#\/schema\/logo\/image\/\"},\"sameAs\":[\"https:\/\/facebook.com\/saintbody\/\"]}]}<\/script>\n<!-- \/ Yoast SEO plugin. -->","yoast_head_json":{"title":"Bluzka fly z rozci\u0119ciami z dzianiny brown - Sklep SAINTBODY","description":"Dopasowany longsleeve w odcieniu ecru, o subtelnym \u015bmietankowym tonie, to ponadczasowy element garderoby, kt\u00f3ry \u0142\u0105czy delikatn\u0105 elegancj\u0119 z codziennym komfortem.","robots":{"index":"index","follow":"follow","max-snippet":"max-snippet:-1","max-image-preview":"max-image-preview:large","max-video-preview":"max-video-preview:-1"},"canonical":"https:\/\/saintbody.com\/en\/bluzka-fly-z-rozcieciami-z-dzianiny-brown\/","og_locale":"en_US","og_type":"article","og_title":"Bluzka fly z rozci\u0119ciami z dzianiny brown - Sklep SAINTBODY","og_description":"Dopasowany longsleeve w odcieniu ecru, o subtelnym \u015bmietankowym tonie, to ponadczasowy element garderoby, kt\u00f3ry \u0142\u0105czy delikatn\u0105 elegancj\u0119 z codziennym komfortem.","og_url":"https:\/\/saintbody.com\/en\/bluzka-fly-z-rozcieciami-z-dzianiny-brown\/","og_site_name":"Sklep SAINTBODY","article_publisher":"https:\/\/facebook.com\/saintbody\/","article_modified_time":"2026-04-27T16:38:13+00:00","twitter_card":"summary_large_image","twitter_misc":{"Est. reading time":"1 minute"},"schema":{"@context":"https:\/\/schema.org","@graph":[{"@type":"WebPage","@id":"https:\/\/saintbody.com\/bluzka-fly-z-rozcieciami-z-dzianiny-brown\/","url":"https:\/\/saintbody.com\/bluzka-fly-z-rozcieciami-z-dzianiny-brown\/","name":"Bluzka fly z rozci\u0119ciami z dzianiny brown - Sklep SAINTBODY","isPartOf":{"@id":"https:\/\/saintbody.com\/#website"},"datePublished":"2025-11-25T14:19:10+00:00","dateModified":"2026-04-27T16:38:13+00:00","description":"Dopasowany longsleeve w odcieniu ecru, o subtelnym \u015bmietankowym tonie, to ponadczasowy element garderoby, kt\u00f3ry \u0142\u0105czy delikatn\u0105 elegancj\u0119 z codziennym komfortem.","breadcrumb":{"@id":"https:\/\/saintbody.com\/bluzka-fly-z-rozcieciami-z-dzianiny-brown\/#breadcrumb"},"inLanguage":"en-US","potentialAction":[{"@type":"ReadAction","target":["https:\/\/saintbody.com\/bluzka-fly-z-rozcieciami-z-dzianiny-brown\/"]}]},{"@type":"BreadcrumbList","@id":"https:\/\/saintbody.com\/bluzka-fly-z-rozcieciami-z-dzianiny-brown\/#breadcrumb","itemListElement":[{"@type":"ListItem","position":1,"name":"Strona g\u0142\u00f3wna","item":"https:\/\/saintbody.com\/"},{"@type":"ListItem","position":2,"name":"Sklep","item":"https:\/\/saintbody.com\/sklep\/"},{"@type":"ListItem","position":3,"name":"Bluzka fly z rozci\u0119ciami z dzianiny brown"}]},{"@type":"WebSite","@id":"https:\/\/saintbody.com\/#website","url":"https:\/\/saintbody.com\/","name":"Sklep SAINTBODY","description":"Premium basic na ka\u00c5\u00bcd\u00c4\u2026 okazje. Ponadczasowe Body, Odzie\u00c5\u00bc damska, Sukienki Damskie","publisher":{"@id":"https:\/\/saintbody.com\/#organization"},"potentialAction":[{"@type":"SearchAction","target":{"@type":"EntryPoint","urlTemplate":"https:\/\/saintbody.com\/?s={search_term_string}"},"query-input":{"@type":"PropertyValueSpecification","valueRequired":true,"valueName":"search_term_string"}}],"inLanguage":"en-US"},{"@type":"Organization","@id":"https:\/\/saintbody.com\/#organization","name":"Sklep Saint Body","url":"https:\/\/saintbody.com\/","logo":{"@type":"ImageObject","inLanguage":"en-US","@id":"https:\/\/saintbody.com\/#\/schema\/logo\/image\/","url":"https:\/\/saintbody.com\/wp-content\/uploads\/2023\/04\/SaintBody_Logo_Typografia-e1691418926919.png","contentUrl":"https:\/\/saintbody.com\/wp-content\/uploads\/2023\/04\/SaintBody_Logo_Typografia-e1691418926919.png","width":1000,"height":202,"caption":"Sklep Saint Body"},"image":{"@id":"https:\/\/saintbody.com\/#\/schema\/logo\/image\/"},"sameAs":["https:\/\/facebook.com\/saintbody\/"]}]}},"_links":{"self":[{"href":"https:\/\/saintbody.com\/en\/wp-json\/wp\/v2\/product\/58735","targetHints":{"allow":["GET"]}}],"collection":[{"href":"https:\/\/saintbody.com\/en\/wp-json\/wp\/v2\/product"}],"about":[{"href":"https:\/\/saintbody.com\/en\/wp-json\/wp\/v2\/types\/product"}],"wp:attachment":[{"href":"https:\/\/saintbody.com\/en\/wp-json\/wp\/v2\/media?parent=58735"}],"wp:term":[{"taxonomy":"product_brand","embeddable":true,"href":"https:\/\/saintbody.com\/en\/wp-json\/wp\/v2\/product_brand?post=58735"},{"taxonomy":"product_cat","embeddable":true,"href":"https:\/\/saintbody.com\/en\/wp-json\/wp\/v2\/product_cat?post=58735"},{"taxonomy":"product_tag","embeddable":true,"href":"https:\/\/saintbody.com\/en\/wp-json\/wp\/v2\/product_tag?post=58735"}],"curies":[{"name":"wp","href":"https:\/\/api.w.org\/{rel}","templated":true}]}}