{"id":58320,"date":"2025-10-27T16:28:08","date_gmt":"2025-10-27T15:28:08","guid":{"rendered":"https:\/\/saintbody.com\/?post_type=product&#038;p=58320"},"modified":"2026-04-29T18:29:57","modified_gmt":"2026-04-29T16:29:57","slug":"body-z-odkrytymi-ramionami-coffee","status":"publish","type":"product","link":"https:\/\/saintbody.com\/en\/body-z-odkrytymi-ramionami-coffee\/","title":{"rendered":"Body with open arms coffee"},"content":{"rendered":"<p>Our bestselling open-shoulder bodysuit now in a new color.<\/p>\n<p data-start=\"37\" data-end=\"237\">This open-shoulder bodysuit in coffee color is the essence of elegance in a sensual way. The gently exposed clavicles add subtle sex appeal, while maintaining a chic and classic form. The careful cut beautifully emphasizes the shoulder line and the top of the silhouette, creating an exceptionally feminine effect. Made of soft, stretchy knit fabric, the bodysuit fits perfectly to the body and guarantees comfort all day long.<\/p>\n<p>Made of a double layer of fabric, with seamless trims. Beautifully exposes the shoulders and neckline. Elastic threads ensure comfortable wearing.<\/p>\n<p>The model is 175 cm tall, wears size S.<\/p>\n<p>Also check out our bestselling\u00a0<a href=\"https:\/\/saintbody.com\/en\/kategoria\/body\/\">body<\/a> !<br \/>\nVisit us at <a href=\"https:\/\/www.instagram.com\/saintbodyofficial\/\">instagram<\/a>.<\/p>","protected":false},"excerpt":{"rendered":"<p>Delicate bodysuit from the new collection beautifully exposing the shoulders. Made of a double layer of fabric, with seamless trims. Elastic threads ensure comfortable wearing.<\/p>\n<p>Composition: 93% viscose, 7% elastane<br \/>\nThe model is 173 cm tall, wears size XS.<\/p>\n<p>Also check out our bestselling\u00a0<a href=\"https:\/\/saintbody.com\/en\/kategoria\/body\/\">body<\/a> !<br \/>\nVisit us at <a href=\"https:\/\/www.instagram.com\/saintbodyofficial\/\">instagram<\/a>.<\/p>","protected":false},"featured_media":58845,"template":"","meta":[],"product_brand":[],"product_cat":[20,21,183],"product_tag":[23],"class_list":{"0":"post-58320","1":"product","2":"type-product","3":"status-publish","4":"has-post-thumbnail","6":"product_cat-wszystko","7":"product_cat-body-damskie","8":"product_cat-sale","9":"product_tag-body","11":"first","12":"instock","13":"sale","14":"taxable","15":"shipping-taxable","16":"purchasable","17":"product-type-variable"},"yoast_head":"<!-- This site is optimized with the Yoast SEO plugin v27.0 - https:\/\/yoast.com\/product\/yoast-seo-wordpress\/ -->\n<title>Body odkrywaj\u0105ce ramiona - Sklep SAINTBODY<\/title>\n<meta name=\"description\" content=\"Czarne body z odkrytymi ramionami, podw\u00f3jna warstwa materia\u0142u, bezszwowe.\" \/>\n<meta name=\"robots\" content=\"index, follow, max-snippet:-1, max-image-preview:large, max-video-preview:-1\" \/>\n<link rel=\"canonical\" href=\"https:\/\/saintbody.com\/en\/body-z-odkrytymi-ramionami-coffee\/\" \/>\n<meta property=\"og:locale\" content=\"en_US\" \/>\n<meta property=\"og:type\" content=\"article\" \/>\n<meta property=\"og:title\" content=\"Body odkrywaj\u0105ce ramiona - Sklep SAINTBODY\" \/>\n<meta property=\"og:description\" content=\"Czarne body z odkrytymi ramionami, podw\u00f3jna warstwa materia\u0142u, bezszwowe.\" \/>\n<meta property=\"og:url\" content=\"https:\/\/saintbody.com\/en\/body-z-odkrytymi-ramionami-coffee\/\" \/>\n<meta property=\"og:site_name\" content=\"Sklep SAINTBODY\" \/>\n<meta property=\"article:publisher\" content=\"https:\/\/facebook.com\/saintbody\/\" \/>\n<meta property=\"article:modified_time\" content=\"2026-04-29T16:29:57+00:00\" \/>\n<meta property=\"og:image\" content=\"https:\/\/saintbody.com\/wp-content\/uploads\/2025\/10\/IMG_8526-scaled.jpg\" \/>\n\t<meta property=\"og:image:width\" content=\"1440\" \/>\n\t<meta property=\"og:image:height\" content=\"2560\" \/>\n\t<meta property=\"og:image:type\" content=\"image\/jpeg\" \/>\n<meta name=\"twitter:card\" content=\"summary_large_image\" \/>\n<meta name=\"twitter:label1\" content=\"Est. reading time\" \/>\n\t<meta name=\"twitter:data1\" content=\"1 minute\" \/>\n<script type=\"application\/ld+json\" class=\"yoast-schema-graph\">{\"@context\":\"https:\/\/schema.org\",\"@graph\":[{\"@type\":\"WebPage\",\"@id\":\"https:\/\/saintbody.com\/body-z-odkrytymi-ramionami-coffee\/\",\"url\":\"https:\/\/saintbody.com\/body-z-odkrytymi-ramionami-coffee\/\",\"name\":\"Body odkrywaj\u0105ce ramiona - Sklep SAINTBODY\",\"isPartOf\":{\"@id\":\"https:\/\/saintbody.com\/#website\"},\"primaryImageOfPage\":{\"@id\":\"https:\/\/saintbody.com\/body-z-odkrytymi-ramionami-coffee\/#primaryimage\"},\"image\":{\"@id\":\"https:\/\/saintbody.com\/body-z-odkrytymi-ramionami-coffee\/#primaryimage\"},\"thumbnailUrl\":\"https:\/\/saintbody.com\/wp-content\/uploads\/2025\/10\/IMG_8526-scaled.jpg\",\"datePublished\":\"2025-10-27T15:28:08+00:00\",\"dateModified\":\"2026-04-29T16:29:57+00:00\",\"description\":\"Czarne body z odkrytymi ramionami, podw\u00f3jna warstwa materia\u0142u, bezszwowe.\",\"breadcrumb\":{\"@id\":\"https:\/\/saintbody.com\/body-z-odkrytymi-ramionami-coffee\/#breadcrumb\"},\"inLanguage\":\"en-US\",\"potentialAction\":[{\"@type\":\"ReadAction\",\"target\":[\"https:\/\/saintbody.com\/body-z-odkrytymi-ramionami-coffee\/\"]}]},{\"@type\":\"ImageObject\",\"inLanguage\":\"en-US\",\"@id\":\"https:\/\/saintbody.com\/body-z-odkrytymi-ramionami-coffee\/#primaryimage\",\"url\":\"https:\/\/saintbody.com\/wp-content\/uploads\/2025\/10\/IMG_8526-scaled.jpg\",\"contentUrl\":\"https:\/\/saintbody.com\/wp-content\/uploads\/2025\/10\/IMG_8526-scaled.jpg\",\"width\":1440,\"height\":2560},{\"@type\":\"BreadcrumbList\",\"@id\":\"https:\/\/saintbody.com\/body-z-odkrytymi-ramionami-coffee\/#breadcrumb\",\"itemListElement\":[{\"@type\":\"ListItem\",\"position\":1,\"name\":\"Strona g\u0142\u00f3wna\",\"item\":\"https:\/\/saintbody.com\/\"},{\"@type\":\"ListItem\",\"position\":2,\"name\":\"Sklep\",\"item\":\"https:\/\/saintbody.com\/sklep\/\"},{\"@type\":\"ListItem\",\"position\":3,\"name\":\"Body z odkrytymi ramionami coffee\"}]},{\"@type\":\"WebSite\",\"@id\":\"https:\/\/saintbody.com\/#website\",\"url\":\"https:\/\/saintbody.com\/\",\"name\":\"Sklep SAINTBODY\",\"description\":\"Premium basic na ka\u00c5\u00bcd\u00c4\u2026 okazje. Ponadczasowe Body, Odzie\u00c5\u00bc damska, Sukienki Damskie\",\"publisher\":{\"@id\":\"https:\/\/saintbody.com\/#organization\"},\"potentialAction\":[{\"@type\":\"SearchAction\",\"target\":{\"@type\":\"EntryPoint\",\"urlTemplate\":\"https:\/\/saintbody.com\/?s={search_term_string}\"},\"query-input\":{\"@type\":\"PropertyValueSpecification\",\"valueRequired\":true,\"valueName\":\"search_term_string\"}}],\"inLanguage\":\"en-US\"},{\"@type\":\"Organization\",\"@id\":\"https:\/\/saintbody.com\/#organization\",\"name\":\"Sklep Saint Body\",\"url\":\"https:\/\/saintbody.com\/\",\"logo\":{\"@type\":\"ImageObject\",\"inLanguage\":\"en-US\",\"@id\":\"https:\/\/saintbody.com\/#\/schema\/logo\/image\/\",\"url\":\"https:\/\/saintbody.com\/wp-content\/uploads\/2023\/04\/SaintBody_Logo_Typografia-e1691418926919.png\",\"contentUrl\":\"https:\/\/saintbody.com\/wp-content\/uploads\/2023\/04\/SaintBody_Logo_Typografia-e1691418926919.png\",\"width\":1000,\"height\":202,\"caption\":\"Sklep Saint Body\"},\"image\":{\"@id\":\"https:\/\/saintbody.com\/#\/schema\/logo\/image\/\"},\"sameAs\":[\"https:\/\/facebook.com\/saintbody\/\"]}]}<\/script>\n<!-- \/ Yoast SEO plugin. -->","yoast_head_json":{"title":"Body odkrywaj\u0105ce ramiona - Sklep SAINTBODY","description":"Czarne body z odkrytymi ramionami, podw\u00f3jna warstwa materia\u0142u, bezszwowe.","robots":{"index":"index","follow":"follow","max-snippet":"max-snippet:-1","max-image-preview":"max-image-preview:large","max-video-preview":"max-video-preview:-1"},"canonical":"https:\/\/saintbody.com\/en\/body-z-odkrytymi-ramionami-coffee\/","og_locale":"en_US","og_type":"article","og_title":"Body odkrywaj\u0105ce ramiona - Sklep SAINTBODY","og_description":"Czarne body z odkrytymi ramionami, podw\u00f3jna warstwa materia\u0142u, bezszwowe.","og_url":"https:\/\/saintbody.com\/en\/body-z-odkrytymi-ramionami-coffee\/","og_site_name":"Sklep SAINTBODY","article_publisher":"https:\/\/facebook.com\/saintbody\/","article_modified_time":"2026-04-29T16:29:57+00:00","og_image":[{"width":1440,"height":2560,"url":"https:\/\/saintbody.com\/wp-content\/uploads\/2025\/10\/IMG_8526-scaled.jpg","type":"image\/jpeg"}],"twitter_card":"summary_large_image","twitter_misc":{"Est. reading time":"1 minute"},"schema":{"@context":"https:\/\/schema.org","@graph":[{"@type":"WebPage","@id":"https:\/\/saintbody.com\/body-z-odkrytymi-ramionami-coffee\/","url":"https:\/\/saintbody.com\/body-z-odkrytymi-ramionami-coffee\/","name":"Body odkrywaj\u0105ce ramiona - Sklep SAINTBODY","isPartOf":{"@id":"https:\/\/saintbody.com\/#website"},"primaryImageOfPage":{"@id":"https:\/\/saintbody.com\/body-z-odkrytymi-ramionami-coffee\/#primaryimage"},"image":{"@id":"https:\/\/saintbody.com\/body-z-odkrytymi-ramionami-coffee\/#primaryimage"},"thumbnailUrl":"https:\/\/saintbody.com\/wp-content\/uploads\/2025\/10\/IMG_8526-scaled.jpg","datePublished":"2025-10-27T15:28:08+00:00","dateModified":"2026-04-29T16:29:57+00:00","description":"Czarne body z odkrytymi ramionami, podw\u00f3jna warstwa materia\u0142u, bezszwowe.","breadcrumb":{"@id":"https:\/\/saintbody.com\/body-z-odkrytymi-ramionami-coffee\/#breadcrumb"},"inLanguage":"en-US","potentialAction":[{"@type":"ReadAction","target":["https:\/\/saintbody.com\/body-z-odkrytymi-ramionami-coffee\/"]}]},{"@type":"ImageObject","inLanguage":"en-US","@id":"https:\/\/saintbody.com\/body-z-odkrytymi-ramionami-coffee\/#primaryimage","url":"https:\/\/saintbody.com\/wp-content\/uploads\/2025\/10\/IMG_8526-scaled.jpg","contentUrl":"https:\/\/saintbody.com\/wp-content\/uploads\/2025\/10\/IMG_8526-scaled.jpg","width":1440,"height":2560},{"@type":"BreadcrumbList","@id":"https:\/\/saintbody.com\/body-z-odkrytymi-ramionami-coffee\/#breadcrumb","itemListElement":[{"@type":"ListItem","position":1,"name":"Strona g\u0142\u00f3wna","item":"https:\/\/saintbody.com\/"},{"@type":"ListItem","position":2,"name":"Sklep","item":"https:\/\/saintbody.com\/sklep\/"},{"@type":"ListItem","position":3,"name":"Body z odkrytymi ramionami coffee"}]},{"@type":"WebSite","@id":"https:\/\/saintbody.com\/#website","url":"https:\/\/saintbody.com\/","name":"Sklep SAINTBODY","description":"Premium basic na ka\u00c5\u00bcd\u00c4\u2026 okazje. Ponadczasowe Body, Odzie\u00c5\u00bc damska, Sukienki Damskie","publisher":{"@id":"https:\/\/saintbody.com\/#organization"},"potentialAction":[{"@type":"SearchAction","target":{"@type":"EntryPoint","urlTemplate":"https:\/\/saintbody.com\/?s={search_term_string}"},"query-input":{"@type":"PropertyValueSpecification","valueRequired":true,"valueName":"search_term_string"}}],"inLanguage":"en-US"},{"@type":"Organization","@id":"https:\/\/saintbody.com\/#organization","name":"Sklep Saint Body","url":"https:\/\/saintbody.com\/","logo":{"@type":"ImageObject","inLanguage":"en-US","@id":"https:\/\/saintbody.com\/#\/schema\/logo\/image\/","url":"https:\/\/saintbody.com\/wp-content\/uploads\/2023\/04\/SaintBody_Logo_Typografia-e1691418926919.png","contentUrl":"https:\/\/saintbody.com\/wp-content\/uploads\/2023\/04\/SaintBody_Logo_Typografia-e1691418926919.png","width":1000,"height":202,"caption":"Sklep Saint Body"},"image":{"@id":"https:\/\/saintbody.com\/#\/schema\/logo\/image\/"},"sameAs":["https:\/\/facebook.com\/saintbody\/"]}]}},"_links":{"self":[{"href":"https:\/\/saintbody.com\/en\/wp-json\/wp\/v2\/product\/58320","targetHints":{"allow":["GET"]}}],"collection":[{"href":"https:\/\/saintbody.com\/en\/wp-json\/wp\/v2\/product"}],"about":[{"href":"https:\/\/saintbody.com\/en\/wp-json\/wp\/v2\/types\/product"}],"wp:featuredmedia":[{"embeddable":true,"href":"https:\/\/saintbody.com\/en\/wp-json\/wp\/v2\/media\/58845"}],"wp:attachment":[{"href":"https:\/\/saintbody.com\/en\/wp-json\/wp\/v2\/media?parent=58320"}],"wp:term":[{"taxonomy":"product_brand","embeddable":true,"href":"https:\/\/saintbody.com\/en\/wp-json\/wp\/v2\/product_brand?post=58320"},{"taxonomy":"product_cat","embeddable":true,"href":"https:\/\/saintbody.com\/en\/wp-json\/wp\/v2\/product_cat?post=58320"},{"taxonomy":"product_tag","embeddable":true,"href":"https:\/\/saintbody.com\/en\/wp-json\/wp\/v2\/product_tag?post=58320"}],"curies":[{"name":"wp","href":"https:\/\/api.w.org\/{rel}","templated":true}]}}