{"id":58267,"date":"2025-10-24T19:30:54","date_gmt":"2025-10-24T17:30:54","guid":{"rendered":"https:\/\/saintbody.com\/?post_type=product&#038;p=58267"},"modified":"2026-03-11T10:04:40","modified_gmt":"2026-03-11T09:04:40","slug":"gorset-z-weganskiej-skory-czarny","status":"publish","type":"product","link":"https:\/\/saintbody.com\/en\/gorset-z-weganskiej-skory-czarny\/","title":{"rendered":"Black vegan leather corset"},"content":{"rendered":"<p>The hook-and-eye corset in vegan leather in a shade of black is a functional design with sophisticated style. It beautifully accentuates the silhouette, and the hook-and-loop closure allows for easy adjustment giving the whole silhouette sex appeal. It will be perfect over your favorite shirt. Pair with our new skirt to complete the look!<\/p>\n<p>The model is 177 cm tall, wears size S.<\/p>\n<p>Also check out our bestselling\u00a0<a href=\"https:\/\/saintbody.com\/en\/kategoria\/body\/\">body<\/a> !<br \/>\nVisit us at <a href=\"https:\/\/www.instagram.com\/saintbodyofficial\/\">instagram<\/a>.<\/p>","protected":false},"excerpt":{"rendered":"<p>Gorset na haftki z wega\u0144skiej sk\u00f3ry w odcieniu czerni to funkcjonalna propozycja z wyrafinowanym stylem. Pi\u0119knie podkre\u015bla sylwetk\u0119, a zamek na haftki umo\u017cliwia \u0142atwe dopasowanie nadaj\u0105c ca\u0142ej sylwetce seksapilu. Idealnie sprawdzi si\u0119 na ulubiona koszul\u0119. Po\u0142\u0105cz z nasz\u0105 now\u0105 sp\u00f3dnic\u0105 do kompletu! Modelka ma 177 cm wzrostu, nosi rozm. S Sprawd\u017a r\u00f3wnie\u017c nasze bestsellerowe\u00a0body ! [&hellip;]<\/p>","protected":false},"featured_media":58271,"template":"","meta":[],"product_brand":[],"product_cat":[20,186,37],"product_tag":[185],"class_list":{"0":"post-58267","1":"product","2":"type-product","3":"status-publish","4":"has-post-thumbnail","6":"product_cat-wszystko","7":"product_cat-newin","8":"product_cat-topy","9":"product_tag-top","11":"first","12":"outofstock","13":"taxable","14":"shipping-taxable","15":"purchasable","16":"product-type-variable"},"yoast_head":"<!-- This site is optimized with the Yoast SEO plugin v27.0 - https:\/\/yoast.com\/product\/yoast-seo-wordpress\/ -->\n<title>Letni kr\u00f3tki top z dzianiny - Sklep SAINTBODY<\/title>\n<meta name=\"description\" content=\"Pi\u0119kny, letni kr\u00f3tki top o wykonany z cienkiej dzianiny bawe\u0142nianej w kolorze cream. Saint Body\" \/>\n<meta name=\"robots\" content=\"index, follow, max-snippet:-1, max-image-preview:large, max-video-preview:-1\" \/>\n<link rel=\"canonical\" href=\"https:\/\/saintbody.com\/en\/gorset-z-weganskiej-skory-czarny\/\" \/>\n<meta property=\"og:locale\" content=\"en_US\" \/>\n<meta property=\"og:type\" content=\"article\" \/>\n<meta property=\"og:title\" content=\"Letni kr\u00f3tki top z dzianiny - Sklep SAINTBODY\" \/>\n<meta property=\"og:description\" content=\"Pi\u0119kny, letni kr\u00f3tki top o wykonany z cienkiej dzianiny bawe\u0142nianej w kolorze cream. Saint Body\" \/>\n<meta property=\"og:url\" content=\"https:\/\/saintbody.com\/en\/gorset-z-weganskiej-skory-czarny\/\" \/>\n<meta property=\"og:site_name\" content=\"Sklep SAINTBODY\" \/>\n<meta property=\"article:publisher\" content=\"https:\/\/facebook.com\/saintbody\/\" \/>\n<meta property=\"article:modified_time\" content=\"2026-03-11T09:04:40+00:00\" \/>\n<meta property=\"og:image\" content=\"https:\/\/saintbody.com\/wp-content\/uploads\/2025\/10\/SAINTBODY.OCT25_img23-scaled.jpeg\" \/>\n\t<meta property=\"og:image:width\" content=\"1829\" \/>\n\t<meta property=\"og:image:height\" content=\"2560\" \/>\n\t<meta property=\"og:image:type\" content=\"image\/jpeg\" \/>\n<meta name=\"twitter:card\" content=\"summary_large_image\" \/>\n<meta name=\"twitter:label1\" content=\"Est. reading time\" \/>\n\t<meta name=\"twitter:data1\" content=\"1 minute\" \/>\n<script type=\"application\/ld+json\" class=\"yoast-schema-graph\">{\"@context\":\"https:\/\/schema.org\",\"@graph\":[{\"@type\":\"WebPage\",\"@id\":\"https:\/\/saintbody.com\/gorset-z-weganskiej-skory-czarny\/\",\"url\":\"https:\/\/saintbody.com\/gorset-z-weganskiej-skory-czarny\/\",\"name\":\"Letni kr\u00f3tki top z dzianiny - Sklep SAINTBODY\",\"isPartOf\":{\"@id\":\"https:\/\/saintbody.com\/#website\"},\"primaryImageOfPage\":{\"@id\":\"https:\/\/saintbody.com\/gorset-z-weganskiej-skory-czarny\/#primaryimage\"},\"image\":{\"@id\":\"https:\/\/saintbody.com\/gorset-z-weganskiej-skory-czarny\/#primaryimage\"},\"thumbnailUrl\":\"https:\/\/saintbody.com\/wp-content\/uploads\/2025\/10\/SAINTBODY.OCT25_img23-scaled.jpeg\",\"datePublished\":\"2025-10-24T17:30:54+00:00\",\"dateModified\":\"2026-03-11T09:04:40+00:00\",\"description\":\"Pi\u0119kny, letni kr\u00f3tki top o wykonany z cienkiej dzianiny bawe\u0142nianej w kolorze cream. Saint Body\",\"breadcrumb\":{\"@id\":\"https:\/\/saintbody.com\/gorset-z-weganskiej-skory-czarny\/#breadcrumb\"},\"inLanguage\":\"en-US\",\"potentialAction\":[{\"@type\":\"ReadAction\",\"target\":[\"https:\/\/saintbody.com\/gorset-z-weganskiej-skory-czarny\/\"]}]},{\"@type\":\"ImageObject\",\"inLanguage\":\"en-US\",\"@id\":\"https:\/\/saintbody.com\/gorset-z-weganskiej-skory-czarny\/#primaryimage\",\"url\":\"https:\/\/saintbody.com\/wp-content\/uploads\/2025\/10\/SAINTBODY.OCT25_img23-scaled.jpeg\",\"contentUrl\":\"https:\/\/saintbody.com\/wp-content\/uploads\/2025\/10\/SAINTBODY.OCT25_img23-scaled.jpeg\",\"width\":1829,\"height\":2560},{\"@type\":\"BreadcrumbList\",\"@id\":\"https:\/\/saintbody.com\/gorset-z-weganskiej-skory-czarny\/#breadcrumb\",\"itemListElement\":[{\"@type\":\"ListItem\",\"position\":1,\"name\":\"Strona g\u0142\u00f3wna\",\"item\":\"https:\/\/saintbody.com\/\"},{\"@type\":\"ListItem\",\"position\":2,\"name\":\"Sklep\",\"item\":\"https:\/\/saintbody.com\/sklep\/\"},{\"@type\":\"ListItem\",\"position\":3,\"name\":\"Gorset z wega\u0144skiej sk\u00f3ry czarny\"}]},{\"@type\":\"WebSite\",\"@id\":\"https:\/\/saintbody.com\/#website\",\"url\":\"https:\/\/saintbody.com\/\",\"name\":\"Sklep SAINTBODY\",\"description\":\"Premium basic na ka\u00c5\u00bcd\u00c4\u2026 okazje. Ponadczasowe Body, Odzie\u00c5\u00bc damska, Sukienki Damskie\",\"publisher\":{\"@id\":\"https:\/\/saintbody.com\/#organization\"},\"potentialAction\":[{\"@type\":\"SearchAction\",\"target\":{\"@type\":\"EntryPoint\",\"urlTemplate\":\"https:\/\/saintbody.com\/?s={search_term_string}\"},\"query-input\":{\"@type\":\"PropertyValueSpecification\",\"valueRequired\":true,\"valueName\":\"search_term_string\"}}],\"inLanguage\":\"en-US\"},{\"@type\":\"Organization\",\"@id\":\"https:\/\/saintbody.com\/#organization\",\"name\":\"Sklep Saint Body\",\"url\":\"https:\/\/saintbody.com\/\",\"logo\":{\"@type\":\"ImageObject\",\"inLanguage\":\"en-US\",\"@id\":\"https:\/\/saintbody.com\/#\/schema\/logo\/image\/\",\"url\":\"https:\/\/saintbody.com\/wp-content\/uploads\/2023\/04\/SaintBody_Logo_Typografia-e1691418926919.png\",\"contentUrl\":\"https:\/\/saintbody.com\/wp-content\/uploads\/2023\/04\/SaintBody_Logo_Typografia-e1691418926919.png\",\"width\":1000,\"height\":202,\"caption\":\"Sklep Saint Body\"},\"image\":{\"@id\":\"https:\/\/saintbody.com\/#\/schema\/logo\/image\/\"},\"sameAs\":[\"https:\/\/facebook.com\/saintbody\/\"]}]}<\/script>\n<!-- \/ Yoast SEO plugin. -->","yoast_head_json":{"title":"Letni kr\u00f3tki top z dzianiny - Sklep SAINTBODY","description":"Pi\u0119kny, letni kr\u00f3tki top o wykonany z cienkiej dzianiny bawe\u0142nianej w kolorze cream. Saint Body","robots":{"index":"index","follow":"follow","max-snippet":"max-snippet:-1","max-image-preview":"max-image-preview:large","max-video-preview":"max-video-preview:-1"},"canonical":"https:\/\/saintbody.com\/en\/gorset-z-weganskiej-skory-czarny\/","og_locale":"en_US","og_type":"article","og_title":"Letni kr\u00f3tki top z dzianiny - Sklep SAINTBODY","og_description":"Pi\u0119kny, letni kr\u00f3tki top o wykonany z cienkiej dzianiny bawe\u0142nianej w kolorze cream. Saint Body","og_url":"https:\/\/saintbody.com\/en\/gorset-z-weganskiej-skory-czarny\/","og_site_name":"Sklep SAINTBODY","article_publisher":"https:\/\/facebook.com\/saintbody\/","article_modified_time":"2026-03-11T09:04:40+00:00","og_image":[{"width":1829,"height":2560,"url":"https:\/\/saintbody.com\/wp-content\/uploads\/2025\/10\/SAINTBODY.OCT25_img23-scaled.jpeg","type":"image\/jpeg"}],"twitter_card":"summary_large_image","twitter_misc":{"Est. reading time":"1 minute"},"schema":{"@context":"https:\/\/schema.org","@graph":[{"@type":"WebPage","@id":"https:\/\/saintbody.com\/gorset-z-weganskiej-skory-czarny\/","url":"https:\/\/saintbody.com\/gorset-z-weganskiej-skory-czarny\/","name":"Letni kr\u00f3tki top z dzianiny - Sklep SAINTBODY","isPartOf":{"@id":"https:\/\/saintbody.com\/#website"},"primaryImageOfPage":{"@id":"https:\/\/saintbody.com\/gorset-z-weganskiej-skory-czarny\/#primaryimage"},"image":{"@id":"https:\/\/saintbody.com\/gorset-z-weganskiej-skory-czarny\/#primaryimage"},"thumbnailUrl":"https:\/\/saintbody.com\/wp-content\/uploads\/2025\/10\/SAINTBODY.OCT25_img23-scaled.jpeg","datePublished":"2025-10-24T17:30:54+00:00","dateModified":"2026-03-11T09:04:40+00:00","description":"Pi\u0119kny, letni kr\u00f3tki top o wykonany z cienkiej dzianiny bawe\u0142nianej w kolorze cream. Saint Body","breadcrumb":{"@id":"https:\/\/saintbody.com\/gorset-z-weganskiej-skory-czarny\/#breadcrumb"},"inLanguage":"en-US","potentialAction":[{"@type":"ReadAction","target":["https:\/\/saintbody.com\/gorset-z-weganskiej-skory-czarny\/"]}]},{"@type":"ImageObject","inLanguage":"en-US","@id":"https:\/\/saintbody.com\/gorset-z-weganskiej-skory-czarny\/#primaryimage","url":"https:\/\/saintbody.com\/wp-content\/uploads\/2025\/10\/SAINTBODY.OCT25_img23-scaled.jpeg","contentUrl":"https:\/\/saintbody.com\/wp-content\/uploads\/2025\/10\/SAINTBODY.OCT25_img23-scaled.jpeg","width":1829,"height":2560},{"@type":"BreadcrumbList","@id":"https:\/\/saintbody.com\/gorset-z-weganskiej-skory-czarny\/#breadcrumb","itemListElement":[{"@type":"ListItem","position":1,"name":"Strona g\u0142\u00f3wna","item":"https:\/\/saintbody.com\/"},{"@type":"ListItem","position":2,"name":"Sklep","item":"https:\/\/saintbody.com\/sklep\/"},{"@type":"ListItem","position":3,"name":"Gorset z wega\u0144skiej sk\u00f3ry czarny"}]},{"@type":"WebSite","@id":"https:\/\/saintbody.com\/#website","url":"https:\/\/saintbody.com\/","name":"Sklep SAINTBODY","description":"Premium basic na ka\u00c5\u00bcd\u00c4\u2026 okazje. Ponadczasowe Body, Odzie\u00c5\u00bc damska, Sukienki Damskie","publisher":{"@id":"https:\/\/saintbody.com\/#organization"},"potentialAction":[{"@type":"SearchAction","target":{"@type":"EntryPoint","urlTemplate":"https:\/\/saintbody.com\/?s={search_term_string}"},"query-input":{"@type":"PropertyValueSpecification","valueRequired":true,"valueName":"search_term_string"}}],"inLanguage":"en-US"},{"@type":"Organization","@id":"https:\/\/saintbody.com\/#organization","name":"Sklep Saint Body","url":"https:\/\/saintbody.com\/","logo":{"@type":"ImageObject","inLanguage":"en-US","@id":"https:\/\/saintbody.com\/#\/schema\/logo\/image\/","url":"https:\/\/saintbody.com\/wp-content\/uploads\/2023\/04\/SaintBody_Logo_Typografia-e1691418926919.png","contentUrl":"https:\/\/saintbody.com\/wp-content\/uploads\/2023\/04\/SaintBody_Logo_Typografia-e1691418926919.png","width":1000,"height":202,"caption":"Sklep Saint Body"},"image":{"@id":"https:\/\/saintbody.com\/#\/schema\/logo\/image\/"},"sameAs":["https:\/\/facebook.com\/saintbody\/"]}]}},"_links":{"self":[{"href":"https:\/\/saintbody.com\/en\/wp-json\/wp\/v2\/product\/58267","targetHints":{"allow":["GET"]}}],"collection":[{"href":"https:\/\/saintbody.com\/en\/wp-json\/wp\/v2\/product"}],"about":[{"href":"https:\/\/saintbody.com\/en\/wp-json\/wp\/v2\/types\/product"}],"wp:featuredmedia":[{"embeddable":true,"href":"https:\/\/saintbody.com\/en\/wp-json\/wp\/v2\/media\/58271"}],"wp:attachment":[{"href":"https:\/\/saintbody.com\/en\/wp-json\/wp\/v2\/media?parent=58267"}],"wp:term":[{"taxonomy":"product_brand","embeddable":true,"href":"https:\/\/saintbody.com\/en\/wp-json\/wp\/v2\/product_brand?post=58267"},{"taxonomy":"product_cat","embeddable":true,"href":"https:\/\/saintbody.com\/en\/wp-json\/wp\/v2\/product_cat?post=58267"},{"taxonomy":"product_tag","embeddable":true,"href":"https:\/\/saintbody.com\/en\/wp-json\/wp\/v2\/product_tag?post=58267"}],"curies":[{"name":"wp","href":"https:\/\/api.w.org\/{rel}","templated":true}]}}