{"id":58188,"date":"2025-10-17T11:19:37","date_gmt":"2025-10-17T09:19:37","guid":{"rendered":"https:\/\/saintbody.com\/?post_type=product&#038;p=58188"},"modified":"2026-03-23T19:27:23","modified_gmt":"2026-03-23T18:27:23","slug":"spodnie-flare-z-siatki-czarne","status":"publish","type":"product","link":"https:\/\/saintbody.com\/en\/spodnie-flare-z-siatki-czarne\/","title":{"rendered":"Mesh flare pants black"},"content":{"rendered":"<p>Transparent mesh pants that accentuate the silhouette and add a bold, feminine touch to any outfit. Made of soft, stretchy mesh made of recycled polyester, they fit perfectly to the body and subtly reveal the legs. Vertical stitching optically slenderizes the legs, and a delicate elastic waistband ensures comfortable wear. The model has a fitted cut and is finished with the utmost attention to detail. Wear them in layers - the pants are the perfect base for many styles, put on an oversize t-shirt \/ shirt, and over it a jacket and enjoy a timeless styling - sensual, modern, conscious.<\/p>\n<p>Check out our social media to see how to pair products with our new pants.<\/p>\n<p>The product is sewn in Poland.<\/p>\n<p>The model is 177 cm tall, wears size S.<\/p>\n<p>Also check out our bestselling\u00a0<a href=\"https:\/\/saintbody.com\/en\/kategoria\/body\/\">body<\/a> !<br \/>\nVisit us at <a href=\"https:\/\/www.instagram.com\/saintbodyofficial\/\">instagram<\/a>.<\/p>","protected":false},"excerpt":{"rendered":"<p>Przezroczyste spodnie z siateczki, kt\u00f3re podkre\u015blaj\u0105 sylwetk\u0119 i dodaj\u0105 ka\u017cdej stylizacji odwa\u017cnego, kobiecego charakteru. Wykonane z mi\u0119kkiej, elastycznej siatki z recyklingowanego poliestru, idealnie dopasowuj\u0105 si\u0119 do cia\u0142a i subtelnie ods\u0142aniaj\u0105 nogi. Pionowe przeszycia optycznie wysmuklaj\u0105 nogi, a delikatna gumka w pasie zapewnia wygod\u0119 noszenia. Model ma dopasowany kr\u00f3j i wyko\u0144czenie z najwy\u017csz\u0105 dba\u0142o\u015bci\u0105 o detale. [&hellip;]<\/p>","protected":false},"featured_media":58193,"template":"","meta":[],"product_brand":[],"product_cat":[20,186,35],"product_tag":[36],"class_list":{"0":"post-58188","1":"product","2":"type-product","3":"status-publish","4":"has-post-thumbnail","6":"product_cat-wszystko","7":"product_cat-newin","8":"product_cat-spodnie","9":"product_tag-spodnie","11":"first","12":"instock","13":"taxable","14":"shipping-taxable","15":"purchasable","16":"product-type-variable","17":"has-default-attributes"},"yoast_head":"<!-- This site is optimized with the Yoast SEO plugin v27.0 - https:\/\/yoast.com\/product\/yoast-seo-wordpress\/ -->\n<title>Czarne spodnie z nogawk\u0105 typu flare z siatki - Sklep SAINTBODY<\/title>\n<meta name=\"description\" content=\"Przezroczyste spodnie z siateczki, kt\u00f3re podkre\u015blaj\u0105 sylwetk\u0119 i dodaj\u0105 ka\u017cdej stylizacji odwa\u017cnego, kobiecego charakteru.\" \/>\n<meta name=\"robots\" content=\"index, follow, max-snippet:-1, max-image-preview:large, max-video-preview:-1\" \/>\n<link rel=\"canonical\" href=\"https:\/\/saintbody.com\/en\/spodnie-flare-z-siatki-czarne\/\" \/>\n<meta property=\"og:locale\" content=\"en_US\" \/>\n<meta property=\"og:type\" content=\"article\" \/>\n<meta property=\"og:title\" content=\"Czarne spodnie z nogawk\u0105 typu flare z siatki - Sklep SAINTBODY\" \/>\n<meta property=\"og:description\" content=\"Przezroczyste spodnie z siateczki, kt\u00f3re podkre\u015blaj\u0105 sylwetk\u0119 i dodaj\u0105 ka\u017cdej stylizacji odwa\u017cnego, kobiecego charakteru.\" \/>\n<meta property=\"og:url\" content=\"https:\/\/saintbody.com\/en\/spodnie-flare-z-siatki-czarne\/\" \/>\n<meta property=\"og:site_name\" content=\"Sklep SAINTBODY\" \/>\n<meta property=\"article:publisher\" content=\"https:\/\/facebook.com\/saintbody\/\" \/>\n<meta property=\"article:modified_time\" content=\"2026-03-23T18:27:23+00:00\" \/>\n<meta property=\"og:image\" content=\"https:\/\/saintbody.com\/wp-content\/uploads\/2025\/10\/SAINTBODY.OCT25_img17-scaled.jpeg\" \/>\n\t<meta property=\"og:image:width\" content=\"1829\" \/>\n\t<meta property=\"og:image:height\" content=\"2560\" \/>\n\t<meta property=\"og:image:type\" content=\"image\/jpeg\" \/>\n<meta name=\"twitter:card\" content=\"summary_large_image\" \/>\n<meta name=\"twitter:label1\" content=\"Est. reading time\" \/>\n\t<meta name=\"twitter:data1\" content=\"1 minute\" \/>\n<script type=\"application\/ld+json\" class=\"yoast-schema-graph\">{\"@context\":\"https:\/\/schema.org\",\"@graph\":[{\"@type\":\"WebPage\",\"@id\":\"https:\/\/saintbody.com\/spodnie-flare-z-siatki-czarne\/\",\"url\":\"https:\/\/saintbody.com\/spodnie-flare-z-siatki-czarne\/\",\"name\":\"Czarne spodnie z nogawk\u0105 typu flare z siatki - Sklep SAINTBODY\",\"isPartOf\":{\"@id\":\"https:\/\/saintbody.com\/#website\"},\"primaryImageOfPage\":{\"@id\":\"https:\/\/saintbody.com\/spodnie-flare-z-siatki-czarne\/#primaryimage\"},\"image\":{\"@id\":\"https:\/\/saintbody.com\/spodnie-flare-z-siatki-czarne\/#primaryimage\"},\"thumbnailUrl\":\"https:\/\/saintbody.com\/wp-content\/uploads\/2025\/10\/SAINTBODY.OCT25_img17-scaled.jpeg\",\"datePublished\":\"2025-10-17T09:19:37+00:00\",\"dateModified\":\"2026-03-23T18:27:23+00:00\",\"description\":\"Przezroczyste spodnie z siateczki, kt\u00f3re podkre\u015blaj\u0105 sylwetk\u0119 i dodaj\u0105 ka\u017cdej stylizacji odwa\u017cnego, kobiecego charakteru.\",\"breadcrumb\":{\"@id\":\"https:\/\/saintbody.com\/spodnie-flare-z-siatki-czarne\/#breadcrumb\"},\"inLanguage\":\"en-US\",\"potentialAction\":[{\"@type\":\"ReadAction\",\"target\":[\"https:\/\/saintbody.com\/spodnie-flare-z-siatki-czarne\/\"]}]},{\"@type\":\"ImageObject\",\"inLanguage\":\"en-US\",\"@id\":\"https:\/\/saintbody.com\/spodnie-flare-z-siatki-czarne\/#primaryimage\",\"url\":\"https:\/\/saintbody.com\/wp-content\/uploads\/2025\/10\/SAINTBODY.OCT25_img17-scaled.jpeg\",\"contentUrl\":\"https:\/\/saintbody.com\/wp-content\/uploads\/2025\/10\/SAINTBODY.OCT25_img17-scaled.jpeg\",\"width\":1829,\"height\":2560},{\"@type\":\"BreadcrumbList\",\"@id\":\"https:\/\/saintbody.com\/spodnie-flare-z-siatki-czarne\/#breadcrumb\",\"itemListElement\":[{\"@type\":\"ListItem\",\"position\":1,\"name\":\"Strona g\u0142\u00f3wna\",\"item\":\"https:\/\/saintbody.com\/\"},{\"@type\":\"ListItem\",\"position\":2,\"name\":\"Sklep\",\"item\":\"https:\/\/saintbody.com\/sklep\/\"},{\"@type\":\"ListItem\",\"position\":3,\"name\":\"Spodnie flare z siatki czarne\"}]},{\"@type\":\"WebSite\",\"@id\":\"https:\/\/saintbody.com\/#website\",\"url\":\"https:\/\/saintbody.com\/\",\"name\":\"Sklep SAINTBODY\",\"description\":\"Premium basic na ka\u00c5\u00bcd\u00c4\u2026 okazje. Ponadczasowe Body, Odzie\u00c5\u00bc damska, Sukienki Damskie\",\"publisher\":{\"@id\":\"https:\/\/saintbody.com\/#organization\"},\"potentialAction\":[{\"@type\":\"SearchAction\",\"target\":{\"@type\":\"EntryPoint\",\"urlTemplate\":\"https:\/\/saintbody.com\/?s={search_term_string}\"},\"query-input\":{\"@type\":\"PropertyValueSpecification\",\"valueRequired\":true,\"valueName\":\"search_term_string\"}}],\"inLanguage\":\"en-US\"},{\"@type\":\"Organization\",\"@id\":\"https:\/\/saintbody.com\/#organization\",\"name\":\"Sklep Saint Body\",\"url\":\"https:\/\/saintbody.com\/\",\"logo\":{\"@type\":\"ImageObject\",\"inLanguage\":\"en-US\",\"@id\":\"https:\/\/saintbody.com\/#\/schema\/logo\/image\/\",\"url\":\"https:\/\/saintbody.com\/wp-content\/uploads\/2023\/04\/SaintBody_Logo_Typografia-e1691418926919.png\",\"contentUrl\":\"https:\/\/saintbody.com\/wp-content\/uploads\/2023\/04\/SaintBody_Logo_Typografia-e1691418926919.png\",\"width\":1000,\"height\":202,\"caption\":\"Sklep Saint Body\"},\"image\":{\"@id\":\"https:\/\/saintbody.com\/#\/schema\/logo\/image\/\"},\"sameAs\":[\"https:\/\/facebook.com\/saintbody\/\"]}]}<\/script>\n<!-- \/ Yoast SEO plugin. -->","yoast_head_json":{"title":"Czarne spodnie z nogawk\u0105 typu flare z siatki - Sklep SAINTBODY","description":"Przezroczyste spodnie z siateczki, kt\u00f3re podkre\u015blaj\u0105 sylwetk\u0119 i dodaj\u0105 ka\u017cdej stylizacji odwa\u017cnego, kobiecego charakteru.","robots":{"index":"index","follow":"follow","max-snippet":"max-snippet:-1","max-image-preview":"max-image-preview:large","max-video-preview":"max-video-preview:-1"},"canonical":"https:\/\/saintbody.com\/en\/spodnie-flare-z-siatki-czarne\/","og_locale":"en_US","og_type":"article","og_title":"Czarne spodnie z nogawk\u0105 typu flare z siatki - Sklep SAINTBODY","og_description":"Przezroczyste spodnie z siateczki, kt\u00f3re podkre\u015blaj\u0105 sylwetk\u0119 i dodaj\u0105 ka\u017cdej stylizacji odwa\u017cnego, kobiecego charakteru.","og_url":"https:\/\/saintbody.com\/en\/spodnie-flare-z-siatki-czarne\/","og_site_name":"Sklep SAINTBODY","article_publisher":"https:\/\/facebook.com\/saintbody\/","article_modified_time":"2026-03-23T18:27:23+00:00","og_image":[{"width":1829,"height":2560,"url":"https:\/\/saintbody.com\/wp-content\/uploads\/2025\/10\/SAINTBODY.OCT25_img17-scaled.jpeg","type":"image\/jpeg"}],"twitter_card":"summary_large_image","twitter_misc":{"Est. reading time":"1 minute"},"schema":{"@context":"https:\/\/schema.org","@graph":[{"@type":"WebPage","@id":"https:\/\/saintbody.com\/spodnie-flare-z-siatki-czarne\/","url":"https:\/\/saintbody.com\/spodnie-flare-z-siatki-czarne\/","name":"Czarne spodnie z nogawk\u0105 typu flare z siatki - Sklep SAINTBODY","isPartOf":{"@id":"https:\/\/saintbody.com\/#website"},"primaryImageOfPage":{"@id":"https:\/\/saintbody.com\/spodnie-flare-z-siatki-czarne\/#primaryimage"},"image":{"@id":"https:\/\/saintbody.com\/spodnie-flare-z-siatki-czarne\/#primaryimage"},"thumbnailUrl":"https:\/\/saintbody.com\/wp-content\/uploads\/2025\/10\/SAINTBODY.OCT25_img17-scaled.jpeg","datePublished":"2025-10-17T09:19:37+00:00","dateModified":"2026-03-23T18:27:23+00:00","description":"Przezroczyste spodnie z siateczki, kt\u00f3re podkre\u015blaj\u0105 sylwetk\u0119 i dodaj\u0105 ka\u017cdej stylizacji odwa\u017cnego, kobiecego charakteru.","breadcrumb":{"@id":"https:\/\/saintbody.com\/spodnie-flare-z-siatki-czarne\/#breadcrumb"},"inLanguage":"en-US","potentialAction":[{"@type":"ReadAction","target":["https:\/\/saintbody.com\/spodnie-flare-z-siatki-czarne\/"]}]},{"@type":"ImageObject","inLanguage":"en-US","@id":"https:\/\/saintbody.com\/spodnie-flare-z-siatki-czarne\/#primaryimage","url":"https:\/\/saintbody.com\/wp-content\/uploads\/2025\/10\/SAINTBODY.OCT25_img17-scaled.jpeg","contentUrl":"https:\/\/saintbody.com\/wp-content\/uploads\/2025\/10\/SAINTBODY.OCT25_img17-scaled.jpeg","width":1829,"height":2560},{"@type":"BreadcrumbList","@id":"https:\/\/saintbody.com\/spodnie-flare-z-siatki-czarne\/#breadcrumb","itemListElement":[{"@type":"ListItem","position":1,"name":"Strona g\u0142\u00f3wna","item":"https:\/\/saintbody.com\/"},{"@type":"ListItem","position":2,"name":"Sklep","item":"https:\/\/saintbody.com\/sklep\/"},{"@type":"ListItem","position":3,"name":"Spodnie flare z siatki czarne"}]},{"@type":"WebSite","@id":"https:\/\/saintbody.com\/#website","url":"https:\/\/saintbody.com\/","name":"Sklep SAINTBODY","description":"Premium basic na ka\u00c5\u00bcd\u00c4\u2026 okazje. Ponadczasowe Body, Odzie\u00c5\u00bc damska, Sukienki Damskie","publisher":{"@id":"https:\/\/saintbody.com\/#organization"},"potentialAction":[{"@type":"SearchAction","target":{"@type":"EntryPoint","urlTemplate":"https:\/\/saintbody.com\/?s={search_term_string}"},"query-input":{"@type":"PropertyValueSpecification","valueRequired":true,"valueName":"search_term_string"}}],"inLanguage":"en-US"},{"@type":"Organization","@id":"https:\/\/saintbody.com\/#organization","name":"Sklep Saint Body","url":"https:\/\/saintbody.com\/","logo":{"@type":"ImageObject","inLanguage":"en-US","@id":"https:\/\/saintbody.com\/#\/schema\/logo\/image\/","url":"https:\/\/saintbody.com\/wp-content\/uploads\/2023\/04\/SaintBody_Logo_Typografia-e1691418926919.png","contentUrl":"https:\/\/saintbody.com\/wp-content\/uploads\/2023\/04\/SaintBody_Logo_Typografia-e1691418926919.png","width":1000,"height":202,"caption":"Sklep Saint Body"},"image":{"@id":"https:\/\/saintbody.com\/#\/schema\/logo\/image\/"},"sameAs":["https:\/\/facebook.com\/saintbody\/"]}]}},"_links":{"self":[{"href":"https:\/\/saintbody.com\/en\/wp-json\/wp\/v2\/product\/58188","targetHints":{"allow":["GET"]}}],"collection":[{"href":"https:\/\/saintbody.com\/en\/wp-json\/wp\/v2\/product"}],"about":[{"href":"https:\/\/saintbody.com\/en\/wp-json\/wp\/v2\/types\/product"}],"wp:featuredmedia":[{"embeddable":true,"href":"https:\/\/saintbody.com\/en\/wp-json\/wp\/v2\/media\/58193"}],"wp:attachment":[{"href":"https:\/\/saintbody.com\/en\/wp-json\/wp\/v2\/media?parent=58188"}],"wp:term":[{"taxonomy":"product_brand","embeddable":true,"href":"https:\/\/saintbody.com\/en\/wp-json\/wp\/v2\/product_brand?post=58188"},{"taxonomy":"product_cat","embeddable":true,"href":"https:\/\/saintbody.com\/en\/wp-json\/wp\/v2\/product_cat?post=58188"},{"taxonomy":"product_tag","embeddable":true,"href":"https:\/\/saintbody.com\/en\/wp-json\/wp\/v2\/product_tag?post=58188"}],"curies":[{"name":"wp","href":"https:\/\/api.w.org\/{rel}","templated":true}]}}