{"id":58148,"date":"2025-10-13T17:16:03","date_gmt":"2025-10-13T15:16:03","guid":{"rendered":"https:\/\/saintbody.com\/?post_type=product&#038;p=58148"},"modified":"2026-03-17T15:27:16","modified_gmt":"2026-03-17T14:27:16","slug":"chustka-z-domieszka-kaszmiru-ecru","status":"publish","type":"product","link":"https:\/\/saintbody.com\/en\/chustka-z-domieszka-kaszmiru-ecru\/","title":{"rendered":"Cashmere blend scarf ecru large"},"content":{"rendered":"<p>Wrap yourself in the softness of luxury. Our triangle scarf was sewn from the highest quality knit fabric, in which the softness of Micro Modal is combined with the subtle warmth of cashmere. A small addition of Lycra gives it elasticity and makes it perfectly form-fitting.\u00a0<br data-start=\"1131\" data-end=\"1134\" \/>It is a timeless accessory that will complement any styling, from casual to elegant.<\/p>\n<p>Available in two colors : ecru and dark brown.<\/p>\n<p>The base is 115 cm long and 55 cm high.<\/p>\n<p>Manufactured in Poland.<\/p>\n<p>Also check out our bestselling\u00a0<a href=\"https:\/\/saintbody.com\/en\/kategoria\/body\/\">body<\/a> !<br \/>\nVisit us at <a href=\"https:\/\/www.instagram.com\/saintbodyofficial\/\">instagram<\/a>.<\/p>","protected":false},"excerpt":{"rendered":"<p>Otul si\u0119 mi\u0119kko\u015bci\u0105 luksusu. Nasza chustka o tr\u00f3jk\u0105tnym kroju zosta\u0142a uszyta z najwy\u017cszej jako\u015bci dzianiny, w kt\u00f3rej delikatno\u015b\u0107 Micro Modalu \u0142\u0105czy si\u0119 z subtelnym ciep\u0142em kaszmiru. Niewielki dodatek lycry nadaje jej elastyczno\u015b\u0107 i sprawia, \u017ce idealnie dopasowuje si\u0119 do kszta\u0142tu.\u00a0To ponadczasowy dodatek, kt\u00f3ry dope\u0142ni ka\u017cd\u0105 stylizacj\u0119 &#8211; od codziennej po eleganck\u0105. Dost\u0119pne w dw\u00f3ch kolorach [&hellip;]<\/p>","protected":false},"featured_media":58211,"template":"","meta":[],"product_brand":[],"product_cat":[20,187,183],"product_tag":[],"class_list":{"0":"post-58148","1":"product","2":"type-product","3":"status-publish","4":"has-post-thumbnail","6":"product_cat-wszystko","7":"product_cat-akcesoria-saint-body","8":"product_cat-sale","10":"first","11":"instock","12":"sale","13":"taxable","14":"shipping-taxable","15":"purchasable","16":"product-type-variable","17":"has-default-attributes"},"yoast_head":"<!-- This site is optimized with the Yoast SEO plugin v27.0 - https:\/\/yoast.com\/product\/yoast-seo-wordpress\/ -->\n<title>Chustka z domieszk\u0105 kaszmiru ecru du\u017ca - Sklep SAINTBODY<\/title>\n<meta name=\"description\" content=\"Otul si\u0119 mi\u0119kko\u015bci\u0105 luksusu. Nasza chustka o tr\u00f3jk\u0105tnym kroju zosta\u0142a uszyta z najwy\u017cszej jako\u015bci dzianiny, w kt\u00f3rej delikatno\u015b\u0107 Micro Modalu \u0142\u0105czy si\u0119 z subtelnym ciep\u0142em kaszmiru.\" \/>\n<meta name=\"robots\" content=\"index, follow, max-snippet:-1, max-image-preview:large, max-video-preview:-1\" \/>\n<link rel=\"canonical\" href=\"https:\/\/saintbody.com\/en\/chustka-z-domieszka-kaszmiru-ecru\/\" \/>\n<meta property=\"og:locale\" content=\"en_US\" \/>\n<meta property=\"og:type\" content=\"article\" \/>\n<meta property=\"og:title\" content=\"Chustka z domieszk\u0105 kaszmiru ecru du\u017ca - Sklep SAINTBODY\" \/>\n<meta property=\"og:description\" content=\"Otul si\u0119 mi\u0119kko\u015bci\u0105 luksusu. Nasza chustka o tr\u00f3jk\u0105tnym kroju zosta\u0142a uszyta z najwy\u017cszej jako\u015bci dzianiny, w kt\u00f3rej delikatno\u015b\u0107 Micro Modalu \u0142\u0105czy si\u0119 z subtelnym ciep\u0142em kaszmiru.\" \/>\n<meta property=\"og:url\" content=\"https:\/\/saintbody.com\/en\/chustka-z-domieszka-kaszmiru-ecru\/\" \/>\n<meta property=\"og:site_name\" content=\"Sklep SAINTBODY\" \/>\n<meta property=\"article:publisher\" content=\"https:\/\/facebook.com\/saintbody\/\" \/>\n<meta property=\"article:modified_time\" content=\"2026-03-17T14:27:16+00:00\" \/>\n<meta property=\"og:image\" content=\"https:\/\/saintbody.com\/wp-content\/uploads\/2025\/10\/SAINTBODY.OCT25_img25-scaled.jpeg\" \/>\n\t<meta property=\"og:image:width\" content=\"1828\" \/>\n\t<meta property=\"og:image:height\" content=\"2560\" \/>\n\t<meta property=\"og:image:type\" content=\"image\/jpeg\" \/>\n<meta name=\"twitter:card\" content=\"summary_large_image\" \/>\n<meta name=\"twitter:label1\" content=\"Est. reading time\" \/>\n\t<meta name=\"twitter:data1\" content=\"1 minute\" \/>\n<script type=\"application\/ld+json\" class=\"yoast-schema-graph\">{\"@context\":\"https:\/\/schema.org\",\"@graph\":[{\"@type\":\"WebPage\",\"@id\":\"https:\/\/saintbody.com\/chustka-z-domieszka-kaszmiru-ecru\/\",\"url\":\"https:\/\/saintbody.com\/chustka-z-domieszka-kaszmiru-ecru\/\",\"name\":\"Chustka z domieszk\u0105 kaszmiru ecru du\u017ca - Sklep SAINTBODY\",\"isPartOf\":{\"@id\":\"https:\/\/saintbody.com\/#website\"},\"primaryImageOfPage\":{\"@id\":\"https:\/\/saintbody.com\/chustka-z-domieszka-kaszmiru-ecru\/#primaryimage\"},\"image\":{\"@id\":\"https:\/\/saintbody.com\/chustka-z-domieszka-kaszmiru-ecru\/#primaryimage\"},\"thumbnailUrl\":\"https:\/\/saintbody.com\/wp-content\/uploads\/2025\/10\/SAINTBODY.OCT25_img25-scaled.jpeg\",\"datePublished\":\"2025-10-13T15:16:03+00:00\",\"dateModified\":\"2026-03-17T14:27:16+00:00\",\"description\":\"Otul si\u0119 mi\u0119kko\u015bci\u0105 luksusu. Nasza chustka o tr\u00f3jk\u0105tnym kroju zosta\u0142a uszyta z najwy\u017cszej jako\u015bci dzianiny, w kt\u00f3rej delikatno\u015b\u0107 Micro Modalu \u0142\u0105czy si\u0119 z subtelnym ciep\u0142em kaszmiru.\",\"breadcrumb\":{\"@id\":\"https:\/\/saintbody.com\/chustka-z-domieszka-kaszmiru-ecru\/#breadcrumb\"},\"inLanguage\":\"en-US\",\"potentialAction\":[{\"@type\":\"ReadAction\",\"target\":[\"https:\/\/saintbody.com\/chustka-z-domieszka-kaszmiru-ecru\/\"]}]},{\"@type\":\"ImageObject\",\"inLanguage\":\"en-US\",\"@id\":\"https:\/\/saintbody.com\/chustka-z-domieszka-kaszmiru-ecru\/#primaryimage\",\"url\":\"https:\/\/saintbody.com\/wp-content\/uploads\/2025\/10\/SAINTBODY.OCT25_img25-scaled.jpeg\",\"contentUrl\":\"https:\/\/saintbody.com\/wp-content\/uploads\/2025\/10\/SAINTBODY.OCT25_img25-scaled.jpeg\",\"width\":1828,\"height\":2560},{\"@type\":\"BreadcrumbList\",\"@id\":\"https:\/\/saintbody.com\/chustka-z-domieszka-kaszmiru-ecru\/#breadcrumb\",\"itemListElement\":[{\"@type\":\"ListItem\",\"position\":1,\"name\":\"Strona g\u0142\u00f3wna\",\"item\":\"https:\/\/saintbody.com\/\"},{\"@type\":\"ListItem\",\"position\":2,\"name\":\"Sklep\",\"item\":\"https:\/\/saintbody.com\/sklep\/\"},{\"@type\":\"ListItem\",\"position\":3,\"name\":\"Chustka z domieszk\u0105 kaszmiru ecru du\u017ca\"}]},{\"@type\":\"WebSite\",\"@id\":\"https:\/\/saintbody.com\/#website\",\"url\":\"https:\/\/saintbody.com\/\",\"name\":\"Sklep SAINTBODY\",\"description\":\"Premium basic na ka\u00c5\u00bcd\u00c4\u2026 okazje. Ponadczasowe Body, Odzie\u00c5\u00bc damska, Sukienki Damskie\",\"publisher\":{\"@id\":\"https:\/\/saintbody.com\/#organization\"},\"potentialAction\":[{\"@type\":\"SearchAction\",\"target\":{\"@type\":\"EntryPoint\",\"urlTemplate\":\"https:\/\/saintbody.com\/?s={search_term_string}\"},\"query-input\":{\"@type\":\"PropertyValueSpecification\",\"valueRequired\":true,\"valueName\":\"search_term_string\"}}],\"inLanguage\":\"en-US\"},{\"@type\":\"Organization\",\"@id\":\"https:\/\/saintbody.com\/#organization\",\"name\":\"Sklep Saint Body\",\"url\":\"https:\/\/saintbody.com\/\",\"logo\":{\"@type\":\"ImageObject\",\"inLanguage\":\"en-US\",\"@id\":\"https:\/\/saintbody.com\/#\/schema\/logo\/image\/\",\"url\":\"https:\/\/saintbody.com\/wp-content\/uploads\/2023\/04\/SaintBody_Logo_Typografia-e1691418926919.png\",\"contentUrl\":\"https:\/\/saintbody.com\/wp-content\/uploads\/2023\/04\/SaintBody_Logo_Typografia-e1691418926919.png\",\"width\":1000,\"height\":202,\"caption\":\"Sklep Saint Body\"},\"image\":{\"@id\":\"https:\/\/saintbody.com\/#\/schema\/logo\/image\/\"},\"sameAs\":[\"https:\/\/facebook.com\/saintbody\/\"]}]}<\/script>\n<!-- \/ Yoast SEO plugin. -->","yoast_head_json":{"title":"Chustka z domieszk\u0105 kaszmiru ecru du\u017ca - Sklep SAINTBODY","description":"Otul si\u0119 mi\u0119kko\u015bci\u0105 luksusu. Nasza chustka o tr\u00f3jk\u0105tnym kroju zosta\u0142a uszyta z najwy\u017cszej jako\u015bci dzianiny, w kt\u00f3rej delikatno\u015b\u0107 Micro Modalu \u0142\u0105czy si\u0119 z subtelnym ciep\u0142em kaszmiru.","robots":{"index":"index","follow":"follow","max-snippet":"max-snippet:-1","max-image-preview":"max-image-preview:large","max-video-preview":"max-video-preview:-1"},"canonical":"https:\/\/saintbody.com\/en\/chustka-z-domieszka-kaszmiru-ecru\/","og_locale":"en_US","og_type":"article","og_title":"Chustka z domieszk\u0105 kaszmiru ecru du\u017ca - Sklep SAINTBODY","og_description":"Otul si\u0119 mi\u0119kko\u015bci\u0105 luksusu. Nasza chustka o tr\u00f3jk\u0105tnym kroju zosta\u0142a uszyta z najwy\u017cszej jako\u015bci dzianiny, w kt\u00f3rej delikatno\u015b\u0107 Micro Modalu \u0142\u0105czy si\u0119 z subtelnym ciep\u0142em kaszmiru.","og_url":"https:\/\/saintbody.com\/en\/chustka-z-domieszka-kaszmiru-ecru\/","og_site_name":"Sklep SAINTBODY","article_publisher":"https:\/\/facebook.com\/saintbody\/","article_modified_time":"2026-03-17T14:27:16+00:00","og_image":[{"width":1828,"height":2560,"url":"https:\/\/saintbody.com\/wp-content\/uploads\/2025\/10\/SAINTBODY.OCT25_img25-scaled.jpeg","type":"image\/jpeg"}],"twitter_card":"summary_large_image","twitter_misc":{"Est. reading time":"1 minute"},"schema":{"@context":"https:\/\/schema.org","@graph":[{"@type":"WebPage","@id":"https:\/\/saintbody.com\/chustka-z-domieszka-kaszmiru-ecru\/","url":"https:\/\/saintbody.com\/chustka-z-domieszka-kaszmiru-ecru\/","name":"Chustka z domieszk\u0105 kaszmiru ecru du\u017ca - Sklep SAINTBODY","isPartOf":{"@id":"https:\/\/saintbody.com\/#website"},"primaryImageOfPage":{"@id":"https:\/\/saintbody.com\/chustka-z-domieszka-kaszmiru-ecru\/#primaryimage"},"image":{"@id":"https:\/\/saintbody.com\/chustka-z-domieszka-kaszmiru-ecru\/#primaryimage"},"thumbnailUrl":"https:\/\/saintbody.com\/wp-content\/uploads\/2025\/10\/SAINTBODY.OCT25_img25-scaled.jpeg","datePublished":"2025-10-13T15:16:03+00:00","dateModified":"2026-03-17T14:27:16+00:00","description":"Otul si\u0119 mi\u0119kko\u015bci\u0105 luksusu. Nasza chustka o tr\u00f3jk\u0105tnym kroju zosta\u0142a uszyta z najwy\u017cszej jako\u015bci dzianiny, w kt\u00f3rej delikatno\u015b\u0107 Micro Modalu \u0142\u0105czy si\u0119 z subtelnym ciep\u0142em kaszmiru.","breadcrumb":{"@id":"https:\/\/saintbody.com\/chustka-z-domieszka-kaszmiru-ecru\/#breadcrumb"},"inLanguage":"en-US","potentialAction":[{"@type":"ReadAction","target":["https:\/\/saintbody.com\/chustka-z-domieszka-kaszmiru-ecru\/"]}]},{"@type":"ImageObject","inLanguage":"en-US","@id":"https:\/\/saintbody.com\/chustka-z-domieszka-kaszmiru-ecru\/#primaryimage","url":"https:\/\/saintbody.com\/wp-content\/uploads\/2025\/10\/SAINTBODY.OCT25_img25-scaled.jpeg","contentUrl":"https:\/\/saintbody.com\/wp-content\/uploads\/2025\/10\/SAINTBODY.OCT25_img25-scaled.jpeg","width":1828,"height":2560},{"@type":"BreadcrumbList","@id":"https:\/\/saintbody.com\/chustka-z-domieszka-kaszmiru-ecru\/#breadcrumb","itemListElement":[{"@type":"ListItem","position":1,"name":"Strona g\u0142\u00f3wna","item":"https:\/\/saintbody.com\/"},{"@type":"ListItem","position":2,"name":"Sklep","item":"https:\/\/saintbody.com\/sklep\/"},{"@type":"ListItem","position":3,"name":"Chustka z domieszk\u0105 kaszmiru ecru du\u017ca"}]},{"@type":"WebSite","@id":"https:\/\/saintbody.com\/#website","url":"https:\/\/saintbody.com\/","name":"Sklep SAINTBODY","description":"Premium basic na ka\u00c5\u00bcd\u00c4\u2026 okazje. Ponadczasowe Body, Odzie\u00c5\u00bc damska, Sukienki Damskie","publisher":{"@id":"https:\/\/saintbody.com\/#organization"},"potentialAction":[{"@type":"SearchAction","target":{"@type":"EntryPoint","urlTemplate":"https:\/\/saintbody.com\/?s={search_term_string}"},"query-input":{"@type":"PropertyValueSpecification","valueRequired":true,"valueName":"search_term_string"}}],"inLanguage":"en-US"},{"@type":"Organization","@id":"https:\/\/saintbody.com\/#organization","name":"Sklep Saint Body","url":"https:\/\/saintbody.com\/","logo":{"@type":"ImageObject","inLanguage":"en-US","@id":"https:\/\/saintbody.com\/#\/schema\/logo\/image\/","url":"https:\/\/saintbody.com\/wp-content\/uploads\/2023\/04\/SaintBody_Logo_Typografia-e1691418926919.png","contentUrl":"https:\/\/saintbody.com\/wp-content\/uploads\/2023\/04\/SaintBody_Logo_Typografia-e1691418926919.png","width":1000,"height":202,"caption":"Sklep Saint Body"},"image":{"@id":"https:\/\/saintbody.com\/#\/schema\/logo\/image\/"},"sameAs":["https:\/\/facebook.com\/saintbody\/"]}]}},"_links":{"self":[{"href":"https:\/\/saintbody.com\/en\/wp-json\/wp\/v2\/product\/58148","targetHints":{"allow":["GET"]}}],"collection":[{"href":"https:\/\/saintbody.com\/en\/wp-json\/wp\/v2\/product"}],"about":[{"href":"https:\/\/saintbody.com\/en\/wp-json\/wp\/v2\/types\/product"}],"wp:featuredmedia":[{"embeddable":true,"href":"https:\/\/saintbody.com\/en\/wp-json\/wp\/v2\/media\/58211"}],"wp:attachment":[{"href":"https:\/\/saintbody.com\/en\/wp-json\/wp\/v2\/media?parent=58148"}],"wp:term":[{"taxonomy":"product_brand","embeddable":true,"href":"https:\/\/saintbody.com\/en\/wp-json\/wp\/v2\/product_brand?post=58148"},{"taxonomy":"product_cat","embeddable":true,"href":"https:\/\/saintbody.com\/en\/wp-json\/wp\/v2\/product_cat?post=58148"},{"taxonomy":"product_tag","embeddable":true,"href":"https:\/\/saintbody.com\/en\/wp-json\/wp\/v2\/product_tag?post=58148"}],"curies":[{"name":"wp","href":"https:\/\/api.w.org\/{rel}","templated":true}]}}