{"id":57384,"date":"2025-08-12T11:47:30","date_gmt":"2025-08-12T09:47:30","guid":{"rendered":"https:\/\/saintbody.com\/?post_type=product&#038;p=57384"},"modified":"2026-04-14T15:26:38","modified_gmt":"2026-04-14T13:26:38","slug":"top-elastyczny-zapinany-na-szyi-czarny","status":"publish","type":"product","link":"https:\/\/saintbody.com\/en\/top-elastyczny-zapinany-na-szyi-czarny\/","title":{"rendered":"Elastic top fastened at the neck black"},"content":{"rendered":"<p>Elastic top with neck closure is the perfect combination of femininity, elegance and subtle sex appeal. The carefully designed cut was sewn to perfectly emphasize the silhouette - it slims the waist, accentuates the shoulders and gently exposes the neckline. The material adapts to the body like a second skin, ensuring comfortable wear and a perfect fit. The top has a r<span class=\"a_GcMg font-feature-liga-off font-feature-clig-off font-feature-calt-off text-decoration-none text-strikethrough-none\">egulated for two <\/span><span class=\"a_GcMg font-feature-liga-off font-feature-clig-off font-feature-calt-off text-decoration-none text-strikethrough-none\">A tension fastener at the neck, allowing you to adjust the length of the strap to your individual needs. <\/span>This is a must-have in the closet of any woman who likes to combine classics with a touch of sensuality.<\/p>\n<p>Available in two colors, ecru and timeless black<\/p>\n<p>The model is 177 cm tall, wears size S.<\/p>\n<p>Also check out our bestselling\u00a0<a href=\"https:\/\/saintbody.com\/en\/kategoria\/body\/\">body<\/a> !<br \/>\nVisit us at <a href=\"https:\/\/www.instagram.com\/saintbodyofficial\/\">instagram<\/a>.<\/p>","protected":false},"excerpt":{"rendered":"<p>Elastyczny top z zapi\u0119ciem na szyi to idealne po\u0142\u0105czenie kobieco\u015bci, elegancji i subtelnego seksapilu. Starannie zaprojektowany kr\u00f3j zosta\u0142 uszyty tak, aby perfekcyjnie podkre\u015bla\u0107 sylwetk\u0119 \u2013 wysmukla tali\u0119, akcentuje ramiona i delikatnie eksponuje dekolt. Materia\u0142 dopasowuje si\u0119 do cia\u0142a niczym druga sk\u00f3ra, zapewniaj\u0105c wygod\u0119 noszenia i idealne dopasowanie. Top posiada regulowane na dwa napy zapi\u0119cie na [&hellip;]<\/p>","protected":false},"featured_media":57454,"template":"","meta":[],"product_brand":[],"product_cat":[20,37],"product_tag":[185],"class_list":{"0":"post-57384","1":"product","2":"type-product","3":"status-publish","4":"has-post-thumbnail","6":"product_cat-wszystko","7":"product_cat-topy","8":"product_tag-top","10":"first","11":"instock","12":"taxable","13":"shipping-taxable","14":"purchasable","15":"product-type-variable"},"yoast_head":"<!-- This site is optimized with the Yoast SEO plugin v27.0 - https:\/\/yoast.com\/product\/yoast-seo-wordpress\/ -->\n<title>Letni kr\u00f3tki top z dzianiny - Sklep SAINTBODY<\/title>\n<meta name=\"description\" content=\"Pi\u0119kny, letni kr\u00f3tki top o wykonany z cienkiej dzianiny bawe\u0142nianej w kolorze cream. Saint Body\" \/>\n<meta name=\"robots\" content=\"index, follow, max-snippet:-1, max-image-preview:large, max-video-preview:-1\" \/>\n<link rel=\"canonical\" href=\"https:\/\/saintbody.com\/en\/top-elastyczny-zapinany-na-szyi-czarny\/\" \/>\n<meta property=\"og:locale\" content=\"en_US\" \/>\n<meta property=\"og:type\" content=\"article\" \/>\n<meta property=\"og:title\" content=\"Letni kr\u00f3tki top z dzianiny - Sklep SAINTBODY\" \/>\n<meta property=\"og:description\" content=\"Pi\u0119kny, letni kr\u00f3tki top o wykonany z cienkiej dzianiny bawe\u0142nianej w kolorze cream. Saint Body\" \/>\n<meta property=\"og:url\" content=\"https:\/\/saintbody.com\/en\/top-elastyczny-zapinany-na-szyi-czarny\/\" \/>\n<meta property=\"og:site_name\" content=\"Sklep SAINTBODY\" \/>\n<meta property=\"article:publisher\" content=\"https:\/\/facebook.com\/saintbody\/\" \/>\n<meta property=\"article:modified_time\" content=\"2026-04-14T13:26:38+00:00\" \/>\n<meta property=\"og:image\" content=\"https:\/\/saintbody.com\/wp-content\/uploads\/2025\/08\/DSCF5091-e1755335994427.png\" \/>\n\t<meta property=\"og:image:width\" content=\"640\" \/>\n\t<meta property=\"og:image:height\" content=\"969\" \/>\n\t<meta property=\"og:image:type\" content=\"image\/png\" \/>\n<meta name=\"twitter:card\" content=\"summary_large_image\" \/>\n<meta name=\"twitter:label1\" content=\"Est. reading time\" \/>\n\t<meta name=\"twitter:data1\" content=\"1 minute\" \/>\n<script type=\"application\/ld+json\" class=\"yoast-schema-graph\">{\"@context\":\"https:\/\/schema.org\",\"@graph\":[{\"@type\":\"WebPage\",\"@id\":\"https:\/\/saintbody.com\/top-elastyczny-zapinany-na-szyi-czarny\/\",\"url\":\"https:\/\/saintbody.com\/top-elastyczny-zapinany-na-szyi-czarny\/\",\"name\":\"Letni kr\u00f3tki top z dzianiny - Sklep SAINTBODY\",\"isPartOf\":{\"@id\":\"https:\/\/saintbody.com\/#website\"},\"primaryImageOfPage\":{\"@id\":\"https:\/\/saintbody.com\/top-elastyczny-zapinany-na-szyi-czarny\/#primaryimage\"},\"image\":{\"@id\":\"https:\/\/saintbody.com\/top-elastyczny-zapinany-na-szyi-czarny\/#primaryimage\"},\"thumbnailUrl\":\"https:\/\/saintbody.com\/wp-content\/uploads\/2025\/08\/DSCF5091-e1755335994427.png\",\"datePublished\":\"2025-08-12T09:47:30+00:00\",\"dateModified\":\"2026-04-14T13:26:38+00:00\",\"description\":\"Pi\u0119kny, letni kr\u00f3tki top o wykonany z cienkiej dzianiny bawe\u0142nianej w kolorze cream. Saint Body\",\"breadcrumb\":{\"@id\":\"https:\/\/saintbody.com\/top-elastyczny-zapinany-na-szyi-czarny\/#breadcrumb\"},\"inLanguage\":\"en-US\",\"potentialAction\":[{\"@type\":\"ReadAction\",\"target\":[\"https:\/\/saintbody.com\/top-elastyczny-zapinany-na-szyi-czarny\/\"]}]},{\"@type\":\"ImageObject\",\"inLanguage\":\"en-US\",\"@id\":\"https:\/\/saintbody.com\/top-elastyczny-zapinany-na-szyi-czarny\/#primaryimage\",\"url\":\"https:\/\/saintbody.com\/wp-content\/uploads\/2025\/08\/DSCF5091-e1755335994427.png\",\"contentUrl\":\"https:\/\/saintbody.com\/wp-content\/uploads\/2025\/08\/DSCF5091-e1755335994427.png\",\"width\":1394,\"height\":2110},{\"@type\":\"BreadcrumbList\",\"@id\":\"https:\/\/saintbody.com\/top-elastyczny-zapinany-na-szyi-czarny\/#breadcrumb\",\"itemListElement\":[{\"@type\":\"ListItem\",\"position\":1,\"name\":\"Strona g\u0142\u00f3wna\",\"item\":\"https:\/\/saintbody.com\/\"},{\"@type\":\"ListItem\",\"position\":2,\"name\":\"Sklep\",\"item\":\"https:\/\/saintbody.com\/sklep\/\"},{\"@type\":\"ListItem\",\"position\":3,\"name\":\"Top elastyczny zapinany na szyi czarny\"}]},{\"@type\":\"WebSite\",\"@id\":\"https:\/\/saintbody.com\/#website\",\"url\":\"https:\/\/saintbody.com\/\",\"name\":\"Sklep SAINTBODY\",\"description\":\"Premium basic na ka\u00c5\u00bcd\u00c4\u2026 okazje. Ponadczasowe Body, Odzie\u00c5\u00bc damska, Sukienki Damskie\",\"publisher\":{\"@id\":\"https:\/\/saintbody.com\/#organization\"},\"potentialAction\":[{\"@type\":\"SearchAction\",\"target\":{\"@type\":\"EntryPoint\",\"urlTemplate\":\"https:\/\/saintbody.com\/?s={search_term_string}\"},\"query-input\":{\"@type\":\"PropertyValueSpecification\",\"valueRequired\":true,\"valueName\":\"search_term_string\"}}],\"inLanguage\":\"en-US\"},{\"@type\":\"Organization\",\"@id\":\"https:\/\/saintbody.com\/#organization\",\"name\":\"Sklep Saint Body\",\"url\":\"https:\/\/saintbody.com\/\",\"logo\":{\"@type\":\"ImageObject\",\"inLanguage\":\"en-US\",\"@id\":\"https:\/\/saintbody.com\/#\/schema\/logo\/image\/\",\"url\":\"https:\/\/saintbody.com\/wp-content\/uploads\/2023\/04\/SaintBody_Logo_Typografia-e1691418926919.png\",\"contentUrl\":\"https:\/\/saintbody.com\/wp-content\/uploads\/2023\/04\/SaintBody_Logo_Typografia-e1691418926919.png\",\"width\":1000,\"height\":202,\"caption\":\"Sklep Saint Body\"},\"image\":{\"@id\":\"https:\/\/saintbody.com\/#\/schema\/logo\/image\/\"},\"sameAs\":[\"https:\/\/facebook.com\/saintbody\/\"]}]}<\/script>\n<!-- \/ Yoast SEO plugin. -->","yoast_head_json":{"title":"Letni kr\u00f3tki top z dzianiny - Sklep SAINTBODY","description":"Pi\u0119kny, letni kr\u00f3tki top o wykonany z cienkiej dzianiny bawe\u0142nianej w kolorze cream. Saint Body","robots":{"index":"index","follow":"follow","max-snippet":"max-snippet:-1","max-image-preview":"max-image-preview:large","max-video-preview":"max-video-preview:-1"},"canonical":"https:\/\/saintbody.com\/en\/top-elastyczny-zapinany-na-szyi-czarny\/","og_locale":"en_US","og_type":"article","og_title":"Letni kr\u00f3tki top z dzianiny - Sklep SAINTBODY","og_description":"Pi\u0119kny, letni kr\u00f3tki top o wykonany z cienkiej dzianiny bawe\u0142nianej w kolorze cream. Saint Body","og_url":"https:\/\/saintbody.com\/en\/top-elastyczny-zapinany-na-szyi-czarny\/","og_site_name":"Sklep SAINTBODY","article_publisher":"https:\/\/facebook.com\/saintbody\/","article_modified_time":"2026-04-14T13:26:38+00:00","og_image":[{"url":"https:\/\/saintbody.com\/wp-content\/uploads\/2025\/08\/DSCF5091-e1755335994427.png","width":640,"height":969,"type":"image\/png"}],"twitter_card":"summary_large_image","twitter_misc":{"Est. reading time":"1 minute"},"schema":{"@context":"https:\/\/schema.org","@graph":[{"@type":"WebPage","@id":"https:\/\/saintbody.com\/top-elastyczny-zapinany-na-szyi-czarny\/","url":"https:\/\/saintbody.com\/top-elastyczny-zapinany-na-szyi-czarny\/","name":"Letni kr\u00f3tki top z dzianiny - Sklep SAINTBODY","isPartOf":{"@id":"https:\/\/saintbody.com\/#website"},"primaryImageOfPage":{"@id":"https:\/\/saintbody.com\/top-elastyczny-zapinany-na-szyi-czarny\/#primaryimage"},"image":{"@id":"https:\/\/saintbody.com\/top-elastyczny-zapinany-na-szyi-czarny\/#primaryimage"},"thumbnailUrl":"https:\/\/saintbody.com\/wp-content\/uploads\/2025\/08\/DSCF5091-e1755335994427.png","datePublished":"2025-08-12T09:47:30+00:00","dateModified":"2026-04-14T13:26:38+00:00","description":"Pi\u0119kny, letni kr\u00f3tki top o wykonany z cienkiej dzianiny bawe\u0142nianej w kolorze cream. Saint Body","breadcrumb":{"@id":"https:\/\/saintbody.com\/top-elastyczny-zapinany-na-szyi-czarny\/#breadcrumb"},"inLanguage":"en-US","potentialAction":[{"@type":"ReadAction","target":["https:\/\/saintbody.com\/top-elastyczny-zapinany-na-szyi-czarny\/"]}]},{"@type":"ImageObject","inLanguage":"en-US","@id":"https:\/\/saintbody.com\/top-elastyczny-zapinany-na-szyi-czarny\/#primaryimage","url":"https:\/\/saintbody.com\/wp-content\/uploads\/2025\/08\/DSCF5091-e1755335994427.png","contentUrl":"https:\/\/saintbody.com\/wp-content\/uploads\/2025\/08\/DSCF5091-e1755335994427.png","width":1394,"height":2110},{"@type":"BreadcrumbList","@id":"https:\/\/saintbody.com\/top-elastyczny-zapinany-na-szyi-czarny\/#breadcrumb","itemListElement":[{"@type":"ListItem","position":1,"name":"Strona g\u0142\u00f3wna","item":"https:\/\/saintbody.com\/"},{"@type":"ListItem","position":2,"name":"Sklep","item":"https:\/\/saintbody.com\/sklep\/"},{"@type":"ListItem","position":3,"name":"Top elastyczny zapinany na szyi czarny"}]},{"@type":"WebSite","@id":"https:\/\/saintbody.com\/#website","url":"https:\/\/saintbody.com\/","name":"Sklep SAINTBODY","description":"Premium basic na ka\u00c5\u00bcd\u00c4\u2026 okazje. Ponadczasowe Body, Odzie\u00c5\u00bc damska, Sukienki Damskie","publisher":{"@id":"https:\/\/saintbody.com\/#organization"},"potentialAction":[{"@type":"SearchAction","target":{"@type":"EntryPoint","urlTemplate":"https:\/\/saintbody.com\/?s={search_term_string}"},"query-input":{"@type":"PropertyValueSpecification","valueRequired":true,"valueName":"search_term_string"}}],"inLanguage":"en-US"},{"@type":"Organization","@id":"https:\/\/saintbody.com\/#organization","name":"Sklep Saint Body","url":"https:\/\/saintbody.com\/","logo":{"@type":"ImageObject","inLanguage":"en-US","@id":"https:\/\/saintbody.com\/#\/schema\/logo\/image\/","url":"https:\/\/saintbody.com\/wp-content\/uploads\/2023\/04\/SaintBody_Logo_Typografia-e1691418926919.png","contentUrl":"https:\/\/saintbody.com\/wp-content\/uploads\/2023\/04\/SaintBody_Logo_Typografia-e1691418926919.png","width":1000,"height":202,"caption":"Sklep Saint Body"},"image":{"@id":"https:\/\/saintbody.com\/#\/schema\/logo\/image\/"},"sameAs":["https:\/\/facebook.com\/saintbody\/"]}]}},"_links":{"self":[{"href":"https:\/\/saintbody.com\/en\/wp-json\/wp\/v2\/product\/57384","targetHints":{"allow":["GET"]}}],"collection":[{"href":"https:\/\/saintbody.com\/en\/wp-json\/wp\/v2\/product"}],"about":[{"href":"https:\/\/saintbody.com\/en\/wp-json\/wp\/v2\/types\/product"}],"wp:featuredmedia":[{"embeddable":true,"href":"https:\/\/saintbody.com\/en\/wp-json\/wp\/v2\/media\/57454"}],"wp:attachment":[{"href":"https:\/\/saintbody.com\/en\/wp-json\/wp\/v2\/media?parent=57384"}],"wp:term":[{"taxonomy":"product_brand","embeddable":true,"href":"https:\/\/saintbody.com\/en\/wp-json\/wp\/v2\/product_brand?post=57384"},{"taxonomy":"product_cat","embeddable":true,"href":"https:\/\/saintbody.com\/en\/wp-json\/wp\/v2\/product_cat?post=57384"},{"taxonomy":"product_tag","embeddable":true,"href":"https:\/\/saintbody.com\/en\/wp-json\/wp\/v2\/product_tag?post=57384"}],"curies":[{"name":"wp","href":"https:\/\/api.w.org\/{rel}","templated":true}]}}