{"id":56783,"date":"2025-07-16T20:49:24","date_gmt":"2025-07-16T18:49:24","guid":{"rendered":"https:\/\/saintbody.com\/?post_type=product&#038;p=56783"},"modified":"2026-02-24T12:32:06","modified_gmt":"2026-02-24T11:32:06","slug":"satynowy-top-z-paskiem-na-plecach-bezowy","status":"publish","type":"product","link":"https:\/\/saintbody.com\/en\/satynowy-top-z-paskiem-na-plecach-bezowy\/","title":{"rendered":"Satin top with back strap beige"},"content":{"rendered":"<p data-start=\"212\" data-end=\"501\">This satin top made of eco-friendly ECOVERO\u2122 fabric combines modern elegance with delicate sensuality. Designed with attention to every detail, it delights with the subtle sheen of the fabric.<\/p>\n<p data-start=\"503\" data-end=\"774\">The fitted top with a clearly marked waist seamlessly flows into a slightly flared bottom, creating a feminine and harmonious line. The sensually exposed back draws the eye and is a unique element of this form. A thin, adjustable belt subtly decorates the back, adding lightness and delicacy to the whole.<\/p>\n<p data-start=\"1013\" data-end=\"1191\">Perfect for both everyday and special occasions wear it with our <a href=\"https:\/\/saintbody.com\/en\/spodnie-satynowe-z-kieszeniami-wiazane-bezowe\/\">pants to match<\/a>, an elegant skirt or as a contrasting accent to casual outfits.<\/p>\n<p>Available in two colors: timeless black and champagne beige !<\/p>\n<p>Also check out our bestselling\u00a0<a href=\"https:\/\/saintbody.com\/en\/kategoria\/sukienki\/\">dresses<\/a> !<br \/>\nVisit us at <a href=\"https:\/\/www.instagram.com\/saintbodyofficial\/\">instagram<\/a>.<\/p>","protected":false},"excerpt":{"rendered":"<p>Satynowy top wykonany z przyjaznej dla \u015brodowiska tkaniny ECOVERO\u2122 to po\u0142\u0105czenie nowoczesnej elegancji z delikatn\u0105 zmys\u0142owo\u015bci\u0105. Zaprojektowany z dba\u0142o\u015bci\u0105 o ka\u017cdy detal, zachwyca subtelnym po\u0142yskiem materia\u0142u. Dopasowana g\u00f3ra z wyra\u017anie zaznaczon\u0105 tali\u0105 p\u0142ynnie przechodzi w lekko rozkloszowany d\u00f3\u0142, tworz\u0105c kobiec\u0105 i harmonijn\u0105 lini\u0119. Zmys\u0142owo ods\u0142oni\u0119te plecy przyci\u0105gaj\u0105 spojrzenia i stanowi\u0105 wyj\u0105tkowy element tej formy. Cienki, [&hellip;]<\/p>","protected":false},"featured_media":56817,"template":"","meta":[],"product_brand":[],"product_cat":[183,20],"product_tag":[38],"class_list":{"0":"post-56783","1":"product","2":"type-product","3":"status-publish","4":"has-post-thumbnail","6":"product_cat-sale","7":"product_cat-wszystko","8":"product_tag-topy","10":"first","11":"outofstock","12":"sale","13":"taxable","14":"shipping-taxable","15":"purchasable","16":"product-type-variable","17":"has-default-attributes"},"yoast_head":"<!-- This site is optimized with the Yoast SEO plugin v27.0 - https:\/\/yoast.com\/product\/yoast-seo-wordpress\/ -->\n<title>Satynowy top z paskiem na plecach be\u017cowy - Sklep SAINTBODY<\/title>\n<meta name=\"description\" content=\"Klasyczny, kr\u00f3tki, szary crop top pod szyj\u0119 z okr\u0105g\u0142ym dekoltem. Ponadczasowy i prosty kr\u00f3j. Crop top o ponadczasowym kroju. Saintbody\" \/>\n<meta name=\"robots\" content=\"index, follow, max-snippet:-1, max-image-preview:large, max-video-preview:-1\" \/>\n<link rel=\"canonical\" href=\"https:\/\/saintbody.com\/en\/satynowy-top-z-paskiem-na-plecach-bezowy\/\" \/>\n<meta property=\"og:locale\" content=\"en_US\" \/>\n<meta property=\"og:type\" content=\"article\" \/>\n<meta property=\"og:title\" content=\"Satynowy top z paskiem na plecach be\u017cowy - Sklep SAINTBODY\" \/>\n<meta property=\"og:description\" content=\"Klasyczny, kr\u00f3tki, szary crop top pod szyj\u0119 z okr\u0105g\u0142ym dekoltem. Ponadczasowy i prosty kr\u00f3j. Crop top o ponadczasowym kroju. Saintbody\" \/>\n<meta property=\"og:url\" content=\"https:\/\/saintbody.com\/en\/satynowy-top-z-paskiem-na-plecach-bezowy\/\" \/>\n<meta property=\"og:site_name\" content=\"Sklep SAINTBODY\" \/>\n<meta property=\"article:publisher\" content=\"https:\/\/facebook.com\/saintbody\/\" \/>\n<meta property=\"article:modified_time\" content=\"2026-02-24T11:32:06+00:00\" \/>\n<meta property=\"og:image\" content=\"https:\/\/saintbody.com\/wp-content\/uploads\/2025\/07\/DSCF5202-e1752784494490.jpg\" \/>\n\t<meta property=\"og:image:width\" content=\"1106\" \/>\n\t<meta property=\"og:image:height\" content=\"1670\" \/>\n\t<meta property=\"og:image:type\" content=\"image\/jpeg\" \/>\n<meta name=\"twitter:card\" content=\"summary_large_image\" \/>\n<meta name=\"twitter:label1\" content=\"Est. reading time\" \/>\n\t<meta name=\"twitter:data1\" content=\"1 minute\" \/>\n<script type=\"application\/ld+json\" class=\"yoast-schema-graph\">{\"@context\":\"https:\/\/schema.org\",\"@graph\":[{\"@type\":\"WebPage\",\"@id\":\"https:\/\/saintbody.com\/satynowy-top-z-paskiem-na-plecach-bezowy\/\",\"url\":\"https:\/\/saintbody.com\/satynowy-top-z-paskiem-na-plecach-bezowy\/\",\"name\":\"Satynowy top z paskiem na plecach be\u017cowy - Sklep SAINTBODY\",\"isPartOf\":{\"@id\":\"https:\/\/saintbody.com\/#website\"},\"primaryImageOfPage\":{\"@id\":\"https:\/\/saintbody.com\/satynowy-top-z-paskiem-na-plecach-bezowy\/#primaryimage\"},\"image\":{\"@id\":\"https:\/\/saintbody.com\/satynowy-top-z-paskiem-na-plecach-bezowy\/#primaryimage\"},\"thumbnailUrl\":\"https:\/\/saintbody.com\/wp-content\/uploads\/2025\/07\/DSCF5202-e1752784494490.jpg\",\"datePublished\":\"2025-07-16T18:49:24+00:00\",\"dateModified\":\"2026-02-24T11:32:06+00:00\",\"description\":\"Klasyczny, kr\u00f3tki, szary crop top pod szyj\u0119 z okr\u0105g\u0142ym dekoltem. Ponadczasowy i prosty kr\u00f3j. Crop top o ponadczasowym kroju. Saintbody\",\"breadcrumb\":{\"@id\":\"https:\/\/saintbody.com\/satynowy-top-z-paskiem-na-plecach-bezowy\/#breadcrumb\"},\"inLanguage\":\"en-US\",\"potentialAction\":[{\"@type\":\"ReadAction\",\"target\":[\"https:\/\/saintbody.com\/satynowy-top-z-paskiem-na-plecach-bezowy\/\"]}]},{\"@type\":\"ImageObject\",\"inLanguage\":\"en-US\",\"@id\":\"https:\/\/saintbody.com\/satynowy-top-z-paskiem-na-plecach-bezowy\/#primaryimage\",\"url\":\"https:\/\/saintbody.com\/wp-content\/uploads\/2025\/07\/DSCF5202-e1752784494490.jpg\",\"contentUrl\":\"https:\/\/saintbody.com\/wp-content\/uploads\/2025\/07\/DSCF5202-e1752784494490.jpg\",\"width\":1106,\"height\":1670},{\"@type\":\"BreadcrumbList\",\"@id\":\"https:\/\/saintbody.com\/satynowy-top-z-paskiem-na-plecach-bezowy\/#breadcrumb\",\"itemListElement\":[{\"@type\":\"ListItem\",\"position\":1,\"name\":\"Strona g\u0142\u00f3wna\",\"item\":\"https:\/\/saintbody.com\/\"},{\"@type\":\"ListItem\",\"position\":2,\"name\":\"Sklep\",\"item\":\"https:\/\/saintbody.com\/sklep\/\"},{\"@type\":\"ListItem\",\"position\":3,\"name\":\"Satynowy top z paskiem na plecach be\u017cowy\"}]},{\"@type\":\"WebSite\",\"@id\":\"https:\/\/saintbody.com\/#website\",\"url\":\"https:\/\/saintbody.com\/\",\"name\":\"Sklep SAINTBODY\",\"description\":\"Premium basic na ka\u00c5\u00bcd\u00c4\u2026 okazje. Ponadczasowe Body, Odzie\u00c5\u00bc damska, Sukienki Damskie\",\"publisher\":{\"@id\":\"https:\/\/saintbody.com\/#organization\"},\"potentialAction\":[{\"@type\":\"SearchAction\",\"target\":{\"@type\":\"EntryPoint\",\"urlTemplate\":\"https:\/\/saintbody.com\/?s={search_term_string}\"},\"query-input\":{\"@type\":\"PropertyValueSpecification\",\"valueRequired\":true,\"valueName\":\"search_term_string\"}}],\"inLanguage\":\"en-US\"},{\"@type\":\"Organization\",\"@id\":\"https:\/\/saintbody.com\/#organization\",\"name\":\"Sklep Saint Body\",\"url\":\"https:\/\/saintbody.com\/\",\"logo\":{\"@type\":\"ImageObject\",\"inLanguage\":\"en-US\",\"@id\":\"https:\/\/saintbody.com\/#\/schema\/logo\/image\/\",\"url\":\"https:\/\/saintbody.com\/wp-content\/uploads\/2023\/04\/SaintBody_Logo_Typografia-e1691418926919.png\",\"contentUrl\":\"https:\/\/saintbody.com\/wp-content\/uploads\/2023\/04\/SaintBody_Logo_Typografia-e1691418926919.png\",\"width\":1000,\"height\":202,\"caption\":\"Sklep Saint Body\"},\"image\":{\"@id\":\"https:\/\/saintbody.com\/#\/schema\/logo\/image\/\"},\"sameAs\":[\"https:\/\/facebook.com\/saintbody\/\"]}]}<\/script>\n<!-- \/ Yoast SEO plugin. -->","yoast_head_json":{"title":"Satynowy top z paskiem na plecach be\u017cowy - Sklep SAINTBODY","description":"Klasyczny, kr\u00f3tki, szary crop top pod szyj\u0119 z okr\u0105g\u0142ym dekoltem. Ponadczasowy i prosty kr\u00f3j. Crop top o ponadczasowym kroju. Saintbody","robots":{"index":"index","follow":"follow","max-snippet":"max-snippet:-1","max-image-preview":"max-image-preview:large","max-video-preview":"max-video-preview:-1"},"canonical":"https:\/\/saintbody.com\/en\/satynowy-top-z-paskiem-na-plecach-bezowy\/","og_locale":"en_US","og_type":"article","og_title":"Satynowy top z paskiem na plecach be\u017cowy - Sklep SAINTBODY","og_description":"Klasyczny, kr\u00f3tki, szary crop top pod szyj\u0119 z okr\u0105g\u0142ym dekoltem. Ponadczasowy i prosty kr\u00f3j. Crop top o ponadczasowym kroju. Saintbody","og_url":"https:\/\/saintbody.com\/en\/satynowy-top-z-paskiem-na-plecach-bezowy\/","og_site_name":"Sklep SAINTBODY","article_publisher":"https:\/\/facebook.com\/saintbody\/","article_modified_time":"2026-02-24T11:32:06+00:00","og_image":[{"width":1106,"height":1670,"url":"https:\/\/saintbody.com\/wp-content\/uploads\/2025\/07\/DSCF5202-e1752784494490.jpg","type":"image\/jpeg"}],"twitter_card":"summary_large_image","twitter_misc":{"Est. reading time":"1 minute"},"schema":{"@context":"https:\/\/schema.org","@graph":[{"@type":"WebPage","@id":"https:\/\/saintbody.com\/satynowy-top-z-paskiem-na-plecach-bezowy\/","url":"https:\/\/saintbody.com\/satynowy-top-z-paskiem-na-plecach-bezowy\/","name":"Satynowy top z paskiem na plecach be\u017cowy - Sklep SAINTBODY","isPartOf":{"@id":"https:\/\/saintbody.com\/#website"},"primaryImageOfPage":{"@id":"https:\/\/saintbody.com\/satynowy-top-z-paskiem-na-plecach-bezowy\/#primaryimage"},"image":{"@id":"https:\/\/saintbody.com\/satynowy-top-z-paskiem-na-plecach-bezowy\/#primaryimage"},"thumbnailUrl":"https:\/\/saintbody.com\/wp-content\/uploads\/2025\/07\/DSCF5202-e1752784494490.jpg","datePublished":"2025-07-16T18:49:24+00:00","dateModified":"2026-02-24T11:32:06+00:00","description":"Klasyczny, kr\u00f3tki, szary crop top pod szyj\u0119 z okr\u0105g\u0142ym dekoltem. Ponadczasowy i prosty kr\u00f3j. Crop top o ponadczasowym kroju. Saintbody","breadcrumb":{"@id":"https:\/\/saintbody.com\/satynowy-top-z-paskiem-na-plecach-bezowy\/#breadcrumb"},"inLanguage":"en-US","potentialAction":[{"@type":"ReadAction","target":["https:\/\/saintbody.com\/satynowy-top-z-paskiem-na-plecach-bezowy\/"]}]},{"@type":"ImageObject","inLanguage":"en-US","@id":"https:\/\/saintbody.com\/satynowy-top-z-paskiem-na-plecach-bezowy\/#primaryimage","url":"https:\/\/saintbody.com\/wp-content\/uploads\/2025\/07\/DSCF5202-e1752784494490.jpg","contentUrl":"https:\/\/saintbody.com\/wp-content\/uploads\/2025\/07\/DSCF5202-e1752784494490.jpg","width":1106,"height":1670},{"@type":"BreadcrumbList","@id":"https:\/\/saintbody.com\/satynowy-top-z-paskiem-na-plecach-bezowy\/#breadcrumb","itemListElement":[{"@type":"ListItem","position":1,"name":"Strona g\u0142\u00f3wna","item":"https:\/\/saintbody.com\/"},{"@type":"ListItem","position":2,"name":"Sklep","item":"https:\/\/saintbody.com\/sklep\/"},{"@type":"ListItem","position":3,"name":"Satynowy top z paskiem na plecach be\u017cowy"}]},{"@type":"WebSite","@id":"https:\/\/saintbody.com\/#website","url":"https:\/\/saintbody.com\/","name":"Sklep SAINTBODY","description":"Premium basic na ka\u00c5\u00bcd\u00c4\u2026 okazje. Ponadczasowe Body, Odzie\u00c5\u00bc damska, Sukienki Damskie","publisher":{"@id":"https:\/\/saintbody.com\/#organization"},"potentialAction":[{"@type":"SearchAction","target":{"@type":"EntryPoint","urlTemplate":"https:\/\/saintbody.com\/?s={search_term_string}"},"query-input":{"@type":"PropertyValueSpecification","valueRequired":true,"valueName":"search_term_string"}}],"inLanguage":"en-US"},{"@type":"Organization","@id":"https:\/\/saintbody.com\/#organization","name":"Sklep Saint Body","url":"https:\/\/saintbody.com\/","logo":{"@type":"ImageObject","inLanguage":"en-US","@id":"https:\/\/saintbody.com\/#\/schema\/logo\/image\/","url":"https:\/\/saintbody.com\/wp-content\/uploads\/2023\/04\/SaintBody_Logo_Typografia-e1691418926919.png","contentUrl":"https:\/\/saintbody.com\/wp-content\/uploads\/2023\/04\/SaintBody_Logo_Typografia-e1691418926919.png","width":1000,"height":202,"caption":"Sklep Saint Body"},"image":{"@id":"https:\/\/saintbody.com\/#\/schema\/logo\/image\/"},"sameAs":["https:\/\/facebook.com\/saintbody\/"]}]}},"_links":{"self":[{"href":"https:\/\/saintbody.com\/en\/wp-json\/wp\/v2\/product\/56783","targetHints":{"allow":["GET"]}}],"collection":[{"href":"https:\/\/saintbody.com\/en\/wp-json\/wp\/v2\/product"}],"about":[{"href":"https:\/\/saintbody.com\/en\/wp-json\/wp\/v2\/types\/product"}],"wp:featuredmedia":[{"embeddable":true,"href":"https:\/\/saintbody.com\/en\/wp-json\/wp\/v2\/media\/56817"}],"wp:attachment":[{"href":"https:\/\/saintbody.com\/en\/wp-json\/wp\/v2\/media?parent=56783"}],"wp:term":[{"taxonomy":"product_brand","embeddable":true,"href":"https:\/\/saintbody.com\/en\/wp-json\/wp\/v2\/product_brand?post=56783"},{"taxonomy":"product_cat","embeddable":true,"href":"https:\/\/saintbody.com\/en\/wp-json\/wp\/v2\/product_cat?post=56783"},{"taxonomy":"product_tag","embeddable":true,"href":"https:\/\/saintbody.com\/en\/wp-json\/wp\/v2\/product_tag?post=56783"}],"curies":[{"name":"wp","href":"https:\/\/api.w.org\/{rel}","templated":true}]}}