{"id":56764,"date":"2025-07-16T20:29:14","date_gmt":"2025-07-16T18:29:14","guid":{"rendered":"https:\/\/saintbody.com\/?post_type=product&#038;p=56764"},"modified":"2026-03-26T13:35:40","modified_gmt":"2026-03-26T12:35:40","slug":"sukienka-maxi-zakardowa-cream","status":"publish","type":"product","link":"https:\/\/saintbody.com\/en\/sukienka-maxi-zakardowa-cream\/","title":{"rendered":"Jacquard cream maxi dress"},"content":{"rendered":"<p><span style=\"font-weight: 400;\">Jacquard maxi dress with a subtle slit is a proposal for lovers of urban casualness and distinctive details. The dress was sewn from high-quality fabric with a distinctive jacquard print, which attracts the eye with its intriguing texture and timeless character. Slightly blended cut with a subtle slit at the side adds lightness and allows full freedom of movement, while beautifully emphasizing the silhouette.<\/span><\/p>\n<p>Available in two elegant color variants - a classic ecru and a muted, sensual \"washed green\" - it will be the perfect choice for many occasions. It will work well both on a daily basis and during meetings with friends or evening outings, when you want to look casual yet stylish<\/p>\n<p>The model is 176 cm tall, wears size S.<\/p>\n<p>Also check out our bestselling\u00a0<a href=\"https:\/\/saintbody.com\/en\/kategoria\/body\/\">body<\/a>\u00a0!<br \/>\nVisit us at\u00a0<a href=\"https:\/\/www.instagram.com\/saintbodyofficial\/\">instagram<\/a>.<\/p>","protected":false},"excerpt":{"rendered":"<p>\u017bakardowa sukienka maxi z subtelnym rozci\u0119ciem to propozycja dla mi\u0142o\u015bniczek miejskiego luzu i wyr\u00f3\u017cniaj\u0105cych si\u0119 detali. Sukienka zosta\u0142a uszyta z wysokiej jako\u015bci tkaniny o wyrazistym, \u017cakardowym princie, kt\u00f3ry przyci\u0105ga wzrok intryguj\u0105c\u0105 faktur\u0105 i ponadczasowym charakterem. Lekko rozkloszowany fason z subtelnym rozci\u0119ciem z boku dodaje lekko\u015bci i pozwala na pe\u0142n\u0105 swobod\u0119 ruch\u00f3w, jednocze\u015bnie pi\u0119knie podkre\u015blaj\u0105c sylwetk\u0119. [&hellip;]<\/p>","protected":false},"featured_media":56776,"template":"","meta":[],"product_brand":[],"product_cat":[26,20],"product_tag":[27],"class_list":{"0":"post-56764","1":"product","2":"type-product","3":"status-publish","4":"has-post-thumbnail","6":"product_cat-sukienki","7":"product_cat-wszystko","8":"product_tag-sukienki","10":"first","11":"outofstock","12":"taxable","13":"shipping-taxable","14":"purchasable","15":"product-type-variable"},"yoast_head":"<!-- This site is optimized with the Yoast SEO plugin v27.0 - https:\/\/yoast.com\/product\/yoast-seo-wordpress\/ -->\n<title>Sukienka maxi \u017cakardowa cream z subtelnym rozci\u0119ciem - Sklep SAINTBODY<\/title>\n<meta name=\"description\" content=\"\u017bakardowa sukienka maxi z subtelnym rozci\u0119ciem to propozycja dla mi\u0142o\u015bniczek miejskiego luzu i wyr\u00f3\u017cniaj\u0105cych si\u0119 detali.\" \/>\n<meta name=\"robots\" content=\"index, follow, max-snippet:-1, max-image-preview:large, max-video-preview:-1\" \/>\n<link rel=\"canonical\" href=\"https:\/\/saintbody.com\/en\/sukienka-maxi-zakardowa-cream\/\" \/>\n<meta property=\"og:locale\" content=\"en_US\" \/>\n<meta property=\"og:type\" content=\"article\" \/>\n<meta property=\"og:title\" content=\"Sukienka maxi \u017cakardowa cream z subtelnym rozci\u0119ciem - Sklep SAINTBODY\" \/>\n<meta property=\"og:description\" content=\"\u017bakardowa sukienka maxi z subtelnym rozci\u0119ciem to propozycja dla mi\u0142o\u015bniczek miejskiego luzu i wyr\u00f3\u017cniaj\u0105cych si\u0119 detali.\" \/>\n<meta property=\"og:url\" content=\"https:\/\/saintbody.com\/en\/sukienka-maxi-zakardowa-cream\/\" \/>\n<meta property=\"og:site_name\" content=\"Sklep SAINTBODY\" \/>\n<meta property=\"article:publisher\" content=\"https:\/\/facebook.com\/saintbody\/\" \/>\n<meta property=\"article:modified_time\" content=\"2026-03-26T12:35:40+00:00\" \/>\n<meta property=\"og:image\" content=\"https:\/\/saintbody.com\/wp-content\/uploads\/2025\/07\/DSCF4714.jpg\" \/>\n\t<meta property=\"og:image:width\" content=\"1536\" \/>\n\t<meta property=\"og:image:height\" content=\"2304\" \/>\n\t<meta property=\"og:image:type\" content=\"image\/jpeg\" \/>\n<meta name=\"twitter:card\" content=\"summary_large_image\" \/>\n<meta name=\"twitter:label1\" content=\"Est. reading time\" \/>\n\t<meta name=\"twitter:data1\" content=\"1 minute\" \/>\n<script type=\"application\/ld+json\" class=\"yoast-schema-graph\">{\"@context\":\"https:\/\/schema.org\",\"@graph\":[{\"@type\":\"WebPage\",\"@id\":\"https:\/\/saintbody.com\/sukienka-maxi-zakardowa-cream\/\",\"url\":\"https:\/\/saintbody.com\/sukienka-maxi-zakardowa-cream\/\",\"name\":\"Sukienka maxi \u017cakardowa cream z subtelnym rozci\u0119ciem - Sklep SAINTBODY\",\"isPartOf\":{\"@id\":\"https:\/\/saintbody.com\/#website\"},\"primaryImageOfPage\":{\"@id\":\"https:\/\/saintbody.com\/sukienka-maxi-zakardowa-cream\/#primaryimage\"},\"image\":{\"@id\":\"https:\/\/saintbody.com\/sukienka-maxi-zakardowa-cream\/#primaryimage\"},\"thumbnailUrl\":\"https:\/\/saintbody.com\/wp-content\/uploads\/2025\/07\/DSCF4714.jpg\",\"datePublished\":\"2025-07-16T18:29:14+00:00\",\"dateModified\":\"2026-03-26T12:35:40+00:00\",\"description\":\"\u017bakardowa sukienka maxi z subtelnym rozci\u0119ciem to propozycja dla mi\u0142o\u015bniczek miejskiego luzu i wyr\u00f3\u017cniaj\u0105cych si\u0119 detali.\",\"breadcrumb\":{\"@id\":\"https:\/\/saintbody.com\/sukienka-maxi-zakardowa-cream\/#breadcrumb\"},\"inLanguage\":\"en-US\",\"potentialAction\":[{\"@type\":\"ReadAction\",\"target\":[\"https:\/\/saintbody.com\/sukienka-maxi-zakardowa-cream\/\"]}]},{\"@type\":\"ImageObject\",\"inLanguage\":\"en-US\",\"@id\":\"https:\/\/saintbody.com\/sukienka-maxi-zakardowa-cream\/#primaryimage\",\"url\":\"https:\/\/saintbody.com\/wp-content\/uploads\/2025\/07\/DSCF4714.jpg\",\"contentUrl\":\"https:\/\/saintbody.com\/wp-content\/uploads\/2025\/07\/DSCF4714.jpg\",\"width\":1536,\"height\":2304},{\"@type\":\"BreadcrumbList\",\"@id\":\"https:\/\/saintbody.com\/sukienka-maxi-zakardowa-cream\/#breadcrumb\",\"itemListElement\":[{\"@type\":\"ListItem\",\"position\":1,\"name\":\"Strona g\u0142\u00f3wna\",\"item\":\"https:\/\/saintbody.com\/\"},{\"@type\":\"ListItem\",\"position\":2,\"name\":\"Sklep\",\"item\":\"https:\/\/saintbody.com\/sklep\/\"},{\"@type\":\"ListItem\",\"position\":3,\"name\":\"Sukienka maxi \u017cakardowa cream\"}]},{\"@type\":\"WebSite\",\"@id\":\"https:\/\/saintbody.com\/#website\",\"url\":\"https:\/\/saintbody.com\/\",\"name\":\"Sklep SAINTBODY\",\"description\":\"Premium basic na ka\u00c5\u00bcd\u00c4\u2026 okazje. Ponadczasowe Body, Odzie\u00c5\u00bc damska, Sukienki Damskie\",\"publisher\":{\"@id\":\"https:\/\/saintbody.com\/#organization\"},\"potentialAction\":[{\"@type\":\"SearchAction\",\"target\":{\"@type\":\"EntryPoint\",\"urlTemplate\":\"https:\/\/saintbody.com\/?s={search_term_string}\"},\"query-input\":{\"@type\":\"PropertyValueSpecification\",\"valueRequired\":true,\"valueName\":\"search_term_string\"}}],\"inLanguage\":\"en-US\"},{\"@type\":\"Organization\",\"@id\":\"https:\/\/saintbody.com\/#organization\",\"name\":\"Sklep Saint Body\",\"url\":\"https:\/\/saintbody.com\/\",\"logo\":{\"@type\":\"ImageObject\",\"inLanguage\":\"en-US\",\"@id\":\"https:\/\/saintbody.com\/#\/schema\/logo\/image\/\",\"url\":\"https:\/\/saintbody.com\/wp-content\/uploads\/2023\/04\/SaintBody_Logo_Typografia-e1691418926919.png\",\"contentUrl\":\"https:\/\/saintbody.com\/wp-content\/uploads\/2023\/04\/SaintBody_Logo_Typografia-e1691418926919.png\",\"width\":1000,\"height\":202,\"caption\":\"Sklep Saint Body\"},\"image\":{\"@id\":\"https:\/\/saintbody.com\/#\/schema\/logo\/image\/\"},\"sameAs\":[\"https:\/\/facebook.com\/saintbody\/\"]}]}<\/script>\n<!-- \/ Yoast SEO plugin. -->","yoast_head_json":{"title":"Sukienka maxi \u017cakardowa cream z subtelnym rozci\u0119ciem - Sklep SAINTBODY","description":"\u017bakardowa sukienka maxi z subtelnym rozci\u0119ciem to propozycja dla mi\u0142o\u015bniczek miejskiego luzu i wyr\u00f3\u017cniaj\u0105cych si\u0119 detali.","robots":{"index":"index","follow":"follow","max-snippet":"max-snippet:-1","max-image-preview":"max-image-preview:large","max-video-preview":"max-video-preview:-1"},"canonical":"https:\/\/saintbody.com\/en\/sukienka-maxi-zakardowa-cream\/","og_locale":"en_US","og_type":"article","og_title":"Sukienka maxi \u017cakardowa cream z subtelnym rozci\u0119ciem - Sklep SAINTBODY","og_description":"\u017bakardowa sukienka maxi z subtelnym rozci\u0119ciem to propozycja dla mi\u0142o\u015bniczek miejskiego luzu i wyr\u00f3\u017cniaj\u0105cych si\u0119 detali.","og_url":"https:\/\/saintbody.com\/en\/sukienka-maxi-zakardowa-cream\/","og_site_name":"Sklep SAINTBODY","article_publisher":"https:\/\/facebook.com\/saintbody\/","article_modified_time":"2026-03-26T12:35:40+00:00","og_image":[{"width":1536,"height":2304,"url":"https:\/\/saintbody.com\/wp-content\/uploads\/2025\/07\/DSCF4714.jpg","type":"image\/jpeg"}],"twitter_card":"summary_large_image","twitter_misc":{"Est. reading time":"1 minute"},"schema":{"@context":"https:\/\/schema.org","@graph":[{"@type":"WebPage","@id":"https:\/\/saintbody.com\/sukienka-maxi-zakardowa-cream\/","url":"https:\/\/saintbody.com\/sukienka-maxi-zakardowa-cream\/","name":"Sukienka maxi \u017cakardowa cream z subtelnym rozci\u0119ciem - Sklep SAINTBODY","isPartOf":{"@id":"https:\/\/saintbody.com\/#website"},"primaryImageOfPage":{"@id":"https:\/\/saintbody.com\/sukienka-maxi-zakardowa-cream\/#primaryimage"},"image":{"@id":"https:\/\/saintbody.com\/sukienka-maxi-zakardowa-cream\/#primaryimage"},"thumbnailUrl":"https:\/\/saintbody.com\/wp-content\/uploads\/2025\/07\/DSCF4714.jpg","datePublished":"2025-07-16T18:29:14+00:00","dateModified":"2026-03-26T12:35:40+00:00","description":"\u017bakardowa sukienka maxi z subtelnym rozci\u0119ciem to propozycja dla mi\u0142o\u015bniczek miejskiego luzu i wyr\u00f3\u017cniaj\u0105cych si\u0119 detali.","breadcrumb":{"@id":"https:\/\/saintbody.com\/sukienka-maxi-zakardowa-cream\/#breadcrumb"},"inLanguage":"en-US","potentialAction":[{"@type":"ReadAction","target":["https:\/\/saintbody.com\/sukienka-maxi-zakardowa-cream\/"]}]},{"@type":"ImageObject","inLanguage":"en-US","@id":"https:\/\/saintbody.com\/sukienka-maxi-zakardowa-cream\/#primaryimage","url":"https:\/\/saintbody.com\/wp-content\/uploads\/2025\/07\/DSCF4714.jpg","contentUrl":"https:\/\/saintbody.com\/wp-content\/uploads\/2025\/07\/DSCF4714.jpg","width":1536,"height":2304},{"@type":"BreadcrumbList","@id":"https:\/\/saintbody.com\/sukienka-maxi-zakardowa-cream\/#breadcrumb","itemListElement":[{"@type":"ListItem","position":1,"name":"Strona g\u0142\u00f3wna","item":"https:\/\/saintbody.com\/"},{"@type":"ListItem","position":2,"name":"Sklep","item":"https:\/\/saintbody.com\/sklep\/"},{"@type":"ListItem","position":3,"name":"Sukienka maxi \u017cakardowa cream"}]},{"@type":"WebSite","@id":"https:\/\/saintbody.com\/#website","url":"https:\/\/saintbody.com\/","name":"Sklep SAINTBODY","description":"Premium basic na ka\u00c5\u00bcd\u00c4\u2026 okazje. Ponadczasowe Body, Odzie\u00c5\u00bc damska, Sukienki Damskie","publisher":{"@id":"https:\/\/saintbody.com\/#organization"},"potentialAction":[{"@type":"SearchAction","target":{"@type":"EntryPoint","urlTemplate":"https:\/\/saintbody.com\/?s={search_term_string}"},"query-input":{"@type":"PropertyValueSpecification","valueRequired":true,"valueName":"search_term_string"}}],"inLanguage":"en-US"},{"@type":"Organization","@id":"https:\/\/saintbody.com\/#organization","name":"Sklep Saint Body","url":"https:\/\/saintbody.com\/","logo":{"@type":"ImageObject","inLanguage":"en-US","@id":"https:\/\/saintbody.com\/#\/schema\/logo\/image\/","url":"https:\/\/saintbody.com\/wp-content\/uploads\/2023\/04\/SaintBody_Logo_Typografia-e1691418926919.png","contentUrl":"https:\/\/saintbody.com\/wp-content\/uploads\/2023\/04\/SaintBody_Logo_Typografia-e1691418926919.png","width":1000,"height":202,"caption":"Sklep Saint Body"},"image":{"@id":"https:\/\/saintbody.com\/#\/schema\/logo\/image\/"},"sameAs":["https:\/\/facebook.com\/saintbody\/"]}]}},"_links":{"self":[{"href":"https:\/\/saintbody.com\/en\/wp-json\/wp\/v2\/product\/56764","targetHints":{"allow":["GET"]}}],"collection":[{"href":"https:\/\/saintbody.com\/en\/wp-json\/wp\/v2\/product"}],"about":[{"href":"https:\/\/saintbody.com\/en\/wp-json\/wp\/v2\/types\/product"}],"wp:featuredmedia":[{"embeddable":true,"href":"https:\/\/saintbody.com\/en\/wp-json\/wp\/v2\/media\/56776"}],"wp:attachment":[{"href":"https:\/\/saintbody.com\/en\/wp-json\/wp\/v2\/media?parent=56764"}],"wp:term":[{"taxonomy":"product_brand","embeddable":true,"href":"https:\/\/saintbody.com\/en\/wp-json\/wp\/v2\/product_brand?post=56764"},{"taxonomy":"product_cat","embeddable":true,"href":"https:\/\/saintbody.com\/en\/wp-json\/wp\/v2\/product_cat?post=56764"},{"taxonomy":"product_tag","embeddable":true,"href":"https:\/\/saintbody.com\/en\/wp-json\/wp\/v2\/product_tag?post=56764"}],"curies":[{"name":"wp","href":"https:\/\/api.w.org\/{rel}","templated":true}]}}