{"id":56745,"date":"2025-07-15T13:32:57","date_gmt":"2025-07-15T11:32:57","guid":{"rendered":"https:\/\/saintbody.com\/?post_type=product&#038;p=56745"},"modified":"2026-03-26T13:35:33","modified_gmt":"2026-03-26T12:35:33","slug":"mini-stanik-mesh-kaszmir-taupe","status":"publish","type":"product","link":"https:\/\/saintbody.com\/en\/mini-stanik-mesh-kaszmir-taupe\/","title":{"rendered":"Mini mesh bra with added cashmere taupe"},"content":{"rendered":"<article class=\"text-token-text-primary w-full focus:outline-none scroll-mt-[calc(var(--header-height)+min(200px,max(70px,20svh)))]\" dir=\"auto\" tabindex=\"-1\" data-testid=\"conversation-turn-2\" data-scroll-anchor=\"true\" data-turn=\"assistant\">\n<div class=\"text-base my-auto mx-auto pb-10 [--thread-content-margin:--spacing(4)] @[37rem]:[--thread-content-margin:--spacing(6)] @[72rem]:[--thread-content-margin:--spacing(16)] px-(--thread-content-margin)\">\n<div class=\"[--thread-content-max-width:32rem] @[34rem]:[--thread-content-max-width:40rem] @[64rem]:[--thread-content-max-width:48rem] mx-auto max-w-(--thread-content-max-width) flex-1 group\/turn-messages focus-visible:outline-hidden relative flex w-full min-w-0 flex-col agent-turn\" tabindex=\"-1\">\n<div class=\"flex max-w-full flex-col grow\">\n<div class=\"min-h-8 text-message relative flex w-full flex-col items-end gap-2 text-start break-words whitespace-normal [.text-message+&amp;]:mt-5\" dir=\"auto\" data-message-author-role=\"assistant\" data-message-id=\"307e0ae1-041b-4ded-b3ab-fbca74f1a03f\" data-message-model-slug=\"gpt-4o\">\n<div class=\"flex w-full flex-col gap-1 empty:hidden first:pt-[3px]\">\n<div class=\"markdown prose dark:prose-invert w-full break-words light\">\n<p data-start=\"0\" data-end=\"217\">Simple, comfortable and sensual in its minimalist form. Made of thin, stretchy cashmere-blend knit fabric that fits softly to the body for all-day comfort and freedom of wear.<\/p>\n<p data-start=\"219\" data-end=\"413\">No underwires, no stiffeners - just lightweight construction and careful finishing.<br data-start=\"296\" data-end=\"299\" \/>The taupe color emphasizes the subtlety of the form, making it an ideal piece for layering or wearing solo.<\/p>\n<p data-start=\"415\" data-end=\"541\" data-is-last-node=\"\" data-is-only-node=\"\">It's a great alternative to pair with our longsleeve, a dress or wear on the bare body - just the way you like it best.<\/p>\n<\/div>\n<\/div>\n<\/div>\n<\/div>\n<\/div>\n<\/div>\n<\/article>\n<p data-start=\"564\" data-end=\"613\"><strong data-start=\"564\" data-end=\"613\">Sewn in Poland with attention to detail and quality.<\/strong><\/p>\n<p>&nbsp;<\/p>\n<p>Also check out our bestselling\u00a0<a href=\"https:\/\/saintbody.com\/en\/kategoria\/sukienki\/\">dresses<\/a> !<br \/>\nVisit us at <a href=\"https:\/\/www.instagram.com\/saintbodyofficial\/\">instagram<\/a>.<\/p>","protected":false},"excerpt":{"rendered":"<p>Prosty, wygodny i zmys\u0142owy w swojej minimalistycznej formie. Uszyty z cienkiej, elastycznej dzianiny z domieszk\u0105 kaszmiru, kt\u00f3ra mi\u0119kko dopasowuje si\u0119 do cia\u0142a, zapewniaj\u0105c komfort i swobod\u0119 noszenia przez ca\u0142y dzie\u0144. Bez fiszbin, bez usztywnie\u0144 \u2013 tylko lekka konstrukcja i staranne wyko\u0144czenia.Kolor taupe podkre\u015bla subtelno\u015b\u0107 formy, czyni\u0105c go idealnym elementem do stylizacji warstwowych lub noszenia solo. [&hellip;]<\/p>","protected":false},"featured_media":56882,"template":"","meta":[],"product_brand":[],"product_cat":[20,37,183],"product_tag":[38],"class_list":{"0":"post-56745","1":"product","2":"type-product","3":"status-publish","4":"has-post-thumbnail","6":"product_cat-wszystko","7":"product_cat-topy","8":"product_cat-sale","9":"product_tag-topy","11":"first","12":"instock","13":"sale","14":"taxable","15":"shipping-taxable","16":"purchasable","17":"product-type-variable","18":"has-default-attributes"},"yoast_head":"<!-- This site is optimized with the Yoast SEO plugin v27.0 - https:\/\/yoast.com\/product\/yoast-seo-wordpress\/ -->\n<title>Mini stanik mesh z dodatkiem kaszmiru taupe - Sklep SAINTBODY<\/title>\n<meta name=\"description\" content=\"Koszula wykonana z lyocelu o kr\u00f3tszym kroju. Jej d\u0142ugo\u015b\u0107 jest bezpieczna i \u015bwietnie kszta\u0142tuje sylwetk\u0119.\" \/>\n<meta name=\"robots\" content=\"index, follow, max-snippet:-1, max-image-preview:large, max-video-preview:-1\" \/>\n<link rel=\"canonical\" href=\"https:\/\/saintbody.com\/en\/mini-stanik-mesh-kaszmir-taupe\/\" \/>\n<meta property=\"og:locale\" content=\"en_US\" \/>\n<meta property=\"og:type\" content=\"article\" \/>\n<meta property=\"og:title\" content=\"Mini stanik mesh z dodatkiem kaszmiru taupe - Sklep SAINTBODY\" \/>\n<meta property=\"og:description\" content=\"Koszula wykonana z lyocelu o kr\u00f3tszym kroju. Jej d\u0142ugo\u015b\u0107 jest bezpieczna i \u015bwietnie kszta\u0142tuje sylwetk\u0119.\" \/>\n<meta property=\"og:url\" content=\"https:\/\/saintbody.com\/en\/mini-stanik-mesh-kaszmir-taupe\/\" \/>\n<meta property=\"og:site_name\" content=\"Sklep SAINTBODY\" \/>\n<meta property=\"article:publisher\" content=\"https:\/\/facebook.com\/saintbody\/\" \/>\n<meta property=\"article:modified_time\" content=\"2026-03-26T12:35:33+00:00\" \/>\n<meta property=\"og:image\" content=\"https:\/\/saintbody.com\/wp-content\/uploads\/2025\/07\/1.png\" \/>\n\t<meta property=\"og:image:width\" content=\"640\" \/>\n\t<meta property=\"og:image:height\" content=\"981\" \/>\n\t<meta property=\"og:image:type\" content=\"image\/png\" \/>\n<meta name=\"twitter:card\" content=\"summary_large_image\" \/>\n<meta name=\"twitter:label1\" content=\"Est. reading time\" \/>\n\t<meta name=\"twitter:data1\" content=\"1 minute\" \/>\n<script type=\"application\/ld+json\" class=\"yoast-schema-graph\">{\"@context\":\"https:\/\/schema.org\",\"@graph\":[{\"@type\":\"WebPage\",\"@id\":\"https:\/\/saintbody.com\/mini-stanik-mesh-kaszmir-taupe\/\",\"url\":\"https:\/\/saintbody.com\/mini-stanik-mesh-kaszmir-taupe\/\",\"name\":\"Mini stanik mesh z dodatkiem kaszmiru taupe - Sklep SAINTBODY\",\"isPartOf\":{\"@id\":\"https:\/\/saintbody.com\/#website\"},\"primaryImageOfPage\":{\"@id\":\"https:\/\/saintbody.com\/mini-stanik-mesh-kaszmir-taupe\/#primaryimage\"},\"image\":{\"@id\":\"https:\/\/saintbody.com\/mini-stanik-mesh-kaszmir-taupe\/#primaryimage\"},\"thumbnailUrl\":\"https:\/\/saintbody.com\/wp-content\/uploads\/2025\/07\/1.png\",\"datePublished\":\"2025-07-15T11:32:57+00:00\",\"dateModified\":\"2026-03-26T12:35:33+00:00\",\"description\":\"Koszula wykonana z lyocelu o kr\u00f3tszym kroju. Jej d\u0142ugo\u015b\u0107 jest bezpieczna i \u015bwietnie kszta\u0142tuje sylwetk\u0119.\",\"breadcrumb\":{\"@id\":\"https:\/\/saintbody.com\/mini-stanik-mesh-kaszmir-taupe\/#breadcrumb\"},\"inLanguage\":\"en-US\",\"potentialAction\":[{\"@type\":\"ReadAction\",\"target\":[\"https:\/\/saintbody.com\/mini-stanik-mesh-kaszmir-taupe\/\"]}]},{\"@type\":\"ImageObject\",\"inLanguage\":\"en-US\",\"@id\":\"https:\/\/saintbody.com\/mini-stanik-mesh-kaszmir-taupe\/#primaryimage\",\"url\":\"https:\/\/saintbody.com\/wp-content\/uploads\/2025\/07\/1.png\",\"contentUrl\":\"https:\/\/saintbody.com\/wp-content\/uploads\/2025\/07\/1.png\",\"width\":1500,\"height\":2300},{\"@type\":\"BreadcrumbList\",\"@id\":\"https:\/\/saintbody.com\/mini-stanik-mesh-kaszmir-taupe\/#breadcrumb\",\"itemListElement\":[{\"@type\":\"ListItem\",\"position\":1,\"name\":\"Strona g\u0142\u00f3wna\",\"item\":\"https:\/\/saintbody.com\/\"},{\"@type\":\"ListItem\",\"position\":2,\"name\":\"Sklep\",\"item\":\"https:\/\/saintbody.com\/sklep\/\"},{\"@type\":\"ListItem\",\"position\":3,\"name\":\"Mini stanik mesh z dodatkiem kaszmiru taupe\"}]},{\"@type\":\"WebSite\",\"@id\":\"https:\/\/saintbody.com\/#website\",\"url\":\"https:\/\/saintbody.com\/\",\"name\":\"Sklep SAINTBODY\",\"description\":\"Premium basic na ka\u00c5\u00bcd\u00c4\u2026 okazje. Ponadczasowe Body, Odzie\u00c5\u00bc damska, Sukienki Damskie\",\"publisher\":{\"@id\":\"https:\/\/saintbody.com\/#organization\"},\"potentialAction\":[{\"@type\":\"SearchAction\",\"target\":{\"@type\":\"EntryPoint\",\"urlTemplate\":\"https:\/\/saintbody.com\/?s={search_term_string}\"},\"query-input\":{\"@type\":\"PropertyValueSpecification\",\"valueRequired\":true,\"valueName\":\"search_term_string\"}}],\"inLanguage\":\"en-US\"},{\"@type\":\"Organization\",\"@id\":\"https:\/\/saintbody.com\/#organization\",\"name\":\"Sklep Saint Body\",\"url\":\"https:\/\/saintbody.com\/\",\"logo\":{\"@type\":\"ImageObject\",\"inLanguage\":\"en-US\",\"@id\":\"https:\/\/saintbody.com\/#\/schema\/logo\/image\/\",\"url\":\"https:\/\/saintbody.com\/wp-content\/uploads\/2023\/04\/SaintBody_Logo_Typografia-e1691418926919.png\",\"contentUrl\":\"https:\/\/saintbody.com\/wp-content\/uploads\/2023\/04\/SaintBody_Logo_Typografia-e1691418926919.png\",\"width\":1000,\"height\":202,\"caption\":\"Sklep Saint Body\"},\"image\":{\"@id\":\"https:\/\/saintbody.com\/#\/schema\/logo\/image\/\"},\"sameAs\":[\"https:\/\/facebook.com\/saintbody\/\"]}]}<\/script>\n<!-- \/ Yoast SEO plugin. -->","yoast_head_json":{"title":"Mini stanik mesh z dodatkiem kaszmiru taupe - Sklep SAINTBODY","description":"Koszula wykonana z lyocelu o kr\u00f3tszym kroju. Jej d\u0142ugo\u015b\u0107 jest bezpieczna i \u015bwietnie kszta\u0142tuje sylwetk\u0119.","robots":{"index":"index","follow":"follow","max-snippet":"max-snippet:-1","max-image-preview":"max-image-preview:large","max-video-preview":"max-video-preview:-1"},"canonical":"https:\/\/saintbody.com\/en\/mini-stanik-mesh-kaszmir-taupe\/","og_locale":"en_US","og_type":"article","og_title":"Mini stanik mesh z dodatkiem kaszmiru taupe - Sklep SAINTBODY","og_description":"Koszula wykonana z lyocelu o kr\u00f3tszym kroju. Jej d\u0142ugo\u015b\u0107 jest bezpieczna i \u015bwietnie kszta\u0142tuje sylwetk\u0119.","og_url":"https:\/\/saintbody.com\/en\/mini-stanik-mesh-kaszmir-taupe\/","og_site_name":"Sklep SAINTBODY","article_publisher":"https:\/\/facebook.com\/saintbody\/","article_modified_time":"2026-03-26T12:35:33+00:00","og_image":[{"url":"https:\/\/saintbody.com\/wp-content\/uploads\/2025\/07\/1.png","width":640,"height":981,"type":"image\/png"}],"twitter_card":"summary_large_image","twitter_misc":{"Est. reading time":"1 minute"},"schema":{"@context":"https:\/\/schema.org","@graph":[{"@type":"WebPage","@id":"https:\/\/saintbody.com\/mini-stanik-mesh-kaszmir-taupe\/","url":"https:\/\/saintbody.com\/mini-stanik-mesh-kaszmir-taupe\/","name":"Mini stanik mesh z dodatkiem kaszmiru taupe - Sklep SAINTBODY","isPartOf":{"@id":"https:\/\/saintbody.com\/#website"},"primaryImageOfPage":{"@id":"https:\/\/saintbody.com\/mini-stanik-mesh-kaszmir-taupe\/#primaryimage"},"image":{"@id":"https:\/\/saintbody.com\/mini-stanik-mesh-kaszmir-taupe\/#primaryimage"},"thumbnailUrl":"https:\/\/saintbody.com\/wp-content\/uploads\/2025\/07\/1.png","datePublished":"2025-07-15T11:32:57+00:00","dateModified":"2026-03-26T12:35:33+00:00","description":"Koszula wykonana z lyocelu o kr\u00f3tszym kroju. Jej d\u0142ugo\u015b\u0107 jest bezpieczna i \u015bwietnie kszta\u0142tuje sylwetk\u0119.","breadcrumb":{"@id":"https:\/\/saintbody.com\/mini-stanik-mesh-kaszmir-taupe\/#breadcrumb"},"inLanguage":"en-US","potentialAction":[{"@type":"ReadAction","target":["https:\/\/saintbody.com\/mini-stanik-mesh-kaszmir-taupe\/"]}]},{"@type":"ImageObject","inLanguage":"en-US","@id":"https:\/\/saintbody.com\/mini-stanik-mesh-kaszmir-taupe\/#primaryimage","url":"https:\/\/saintbody.com\/wp-content\/uploads\/2025\/07\/1.png","contentUrl":"https:\/\/saintbody.com\/wp-content\/uploads\/2025\/07\/1.png","width":1500,"height":2300},{"@type":"BreadcrumbList","@id":"https:\/\/saintbody.com\/mini-stanik-mesh-kaszmir-taupe\/#breadcrumb","itemListElement":[{"@type":"ListItem","position":1,"name":"Strona g\u0142\u00f3wna","item":"https:\/\/saintbody.com\/"},{"@type":"ListItem","position":2,"name":"Sklep","item":"https:\/\/saintbody.com\/sklep\/"},{"@type":"ListItem","position":3,"name":"Mini stanik mesh z dodatkiem kaszmiru taupe"}]},{"@type":"WebSite","@id":"https:\/\/saintbody.com\/#website","url":"https:\/\/saintbody.com\/","name":"Sklep SAINTBODY","description":"Premium basic na ka\u00c5\u00bcd\u00c4\u2026 okazje. Ponadczasowe Body, Odzie\u00c5\u00bc damska, Sukienki Damskie","publisher":{"@id":"https:\/\/saintbody.com\/#organization"},"potentialAction":[{"@type":"SearchAction","target":{"@type":"EntryPoint","urlTemplate":"https:\/\/saintbody.com\/?s={search_term_string}"},"query-input":{"@type":"PropertyValueSpecification","valueRequired":true,"valueName":"search_term_string"}}],"inLanguage":"en-US"},{"@type":"Organization","@id":"https:\/\/saintbody.com\/#organization","name":"Sklep Saint Body","url":"https:\/\/saintbody.com\/","logo":{"@type":"ImageObject","inLanguage":"en-US","@id":"https:\/\/saintbody.com\/#\/schema\/logo\/image\/","url":"https:\/\/saintbody.com\/wp-content\/uploads\/2023\/04\/SaintBody_Logo_Typografia-e1691418926919.png","contentUrl":"https:\/\/saintbody.com\/wp-content\/uploads\/2023\/04\/SaintBody_Logo_Typografia-e1691418926919.png","width":1000,"height":202,"caption":"Sklep Saint Body"},"image":{"@id":"https:\/\/saintbody.com\/#\/schema\/logo\/image\/"},"sameAs":["https:\/\/facebook.com\/saintbody\/"]}]}},"_links":{"self":[{"href":"https:\/\/saintbody.com\/en\/wp-json\/wp\/v2\/product\/56745","targetHints":{"allow":["GET"]}}],"collection":[{"href":"https:\/\/saintbody.com\/en\/wp-json\/wp\/v2\/product"}],"about":[{"href":"https:\/\/saintbody.com\/en\/wp-json\/wp\/v2\/types\/product"}],"wp:featuredmedia":[{"embeddable":true,"href":"https:\/\/saintbody.com\/en\/wp-json\/wp\/v2\/media\/56882"}],"wp:attachment":[{"href":"https:\/\/saintbody.com\/en\/wp-json\/wp\/v2\/media?parent=56745"}],"wp:term":[{"taxonomy":"product_brand","embeddable":true,"href":"https:\/\/saintbody.com\/en\/wp-json\/wp\/v2\/product_brand?post=56745"},{"taxonomy":"product_cat","embeddable":true,"href":"https:\/\/saintbody.com\/en\/wp-json\/wp\/v2\/product_cat?post=56745"},{"taxonomy":"product_tag","embeddable":true,"href":"https:\/\/saintbody.com\/en\/wp-json\/wp\/v2\/product_tag?post=56745"}],"curies":[{"name":"wp","href":"https:\/\/api.w.org\/{rel}","templated":true}]}}