{"id":56460,"date":"2025-06-27T16:39:50","date_gmt":"2025-06-27T14:39:50","guid":{"rendered":"https:\/\/saintbody.com\/?post_type=product&#038;p=56460"},"modified":"2025-10-17T12:17:58","modified_gmt":"2025-10-17T10:17:58","slug":"sukienka-mini-satynowa-halter-biala","status":"publish","type":"product","link":"https:\/\/saintbody.com\/en\/sukienka-mini-satynowa-halter-biala\/","title":{"rendered":"Mini satin halter dress white"},"content":{"rendered":"<p><span style=\"font-weight: 400;\">Satin mini dress with open back is the essence of summer chic and feminine confidence. Made of environmentally friendly ECOVERO\u2122 fabric, it impresses with its delicate sheen and flowing texture that subtly sits on the body. The halter fastening beautifully exposes the shoulders and neck, while the open back adds lightness and sensuality to the styling.<\/span><\/p>\n<p><span style=\"font-weight: 400;\">It is available in two timeless color versions - classic black and a subtle shade of white.<\/span><\/p>\n<p>The model is 176 cm tall, wears size S.<\/p>\n<p>Also check out our bestselling\u00a0<a href=\"https:\/\/saintbody.com\/en\/kategoria\/body\/\">body<\/a>\u00a0!<br \/>\nVisit us at\u00a0<a href=\"https:\/\/www.instagram.com\/saintbodyofficial\/\">instagram<\/a>.<\/p>","protected":false},"excerpt":{"rendered":"<p>Satin mini dress with open back is the essence of summer chic and feminine confidence. Made of environmentally friendly ECOVERO\u2122 fabric, it impresses with its delicate sheen and flowing texture that subtly sits on the body. The halter fastening beautifully exposes the shoulders and neck, while the open back adds lightness and sensuality to the styling. Available in two timeless versions [...]<\/p>","protected":false},"featured_media":56581,"template":"","meta":[],"product_brand":[],"product_cat":[20],"product_tag":[27],"class_list":{"0":"post-56460","1":"product","2":"type-product","3":"status-publish","4":"has-post-thumbnail","6":"product_cat-wszystko","7":"product_tag-sukienki","9":"first","10":"outofstock","11":"taxable","12":"shipping-taxable","13":"purchasable","14":"product-type-variable"},"yoast_head":"<!-- This site is optimized with the Yoast SEO plugin v27.0 - https:\/\/yoast.com\/product\/yoast-seo-wordpress\/ -->\n<title>Sukienka mini satynowa halter bia\u0142a - Sklep SAINTBODY<\/title>\n<meta name=\"description\" content=\"Oryginalna czarna sukienka mini z seksownym zak\u0142adkami oraz przed\u0142u\u017canym r\u0119kawem z efektownym rozci\u0119ciem.\" \/>\n<meta name=\"robots\" content=\"index, follow, max-snippet:-1, max-image-preview:large, max-video-preview:-1\" \/>\n<link rel=\"canonical\" href=\"https:\/\/saintbody.com\/en\/sukienka-mini-satynowa-halter-biala\/\" \/>\n<meta property=\"og:locale\" content=\"en_US\" \/>\n<meta property=\"og:type\" content=\"article\" \/>\n<meta property=\"og:title\" content=\"Sukienka mini satynowa halter bia\u0142a - Sklep SAINTBODY\" \/>\n<meta property=\"og:description\" content=\"Oryginalna czarna sukienka mini z seksownym zak\u0142adkami oraz przed\u0142u\u017canym r\u0119kawem z efektownym rozci\u0119ciem.\" \/>\n<meta property=\"og:url\" content=\"https:\/\/saintbody.com\/en\/sukienka-mini-satynowa-halter-biala\/\" \/>\n<meta property=\"og:site_name\" content=\"Sklep SAINTBODY\" \/>\n<meta property=\"article:publisher\" content=\"https:\/\/facebook.com\/saintbody\/\" \/>\n<meta property=\"article:modified_time\" content=\"2025-10-17T10:17:58+00:00\" \/>\n<meta property=\"og:image\" content=\"http:\/\/saintbody.com\/wp-content\/uploads\/2025\/06\/DSCF4914-e1751992396793.jpg\" \/>\n\t<meta property=\"og:image:width\" content=\"1490\" \/>\n\t<meta property=\"og:image:height\" content=\"2220\" \/>\n\t<meta property=\"og:image:type\" content=\"image\/jpeg\" \/>\n<meta name=\"twitter:card\" content=\"summary_large_image\" \/>\n<meta name=\"twitter:label1\" content=\"Est. reading time\" \/>\n\t<meta name=\"twitter:data1\" content=\"1 minute\" \/>\n<script type=\"application\/ld+json\" class=\"yoast-schema-graph\">{\"@context\":\"https:\/\/schema.org\",\"@graph\":[{\"@type\":\"WebPage\",\"@id\":\"https:\/\/saintbody.com\/sukienka-mini-satynowa-halter-biala\/\",\"url\":\"https:\/\/saintbody.com\/sukienka-mini-satynowa-halter-biala\/\",\"name\":\"Sukienka mini satynowa halter bia\u0142a - Sklep SAINTBODY\",\"isPartOf\":{\"@id\":\"https:\/\/saintbody.com\/#website\"},\"primaryImageOfPage\":{\"@id\":\"https:\/\/saintbody.com\/sukienka-mini-satynowa-halter-biala\/#primaryimage\"},\"image\":{\"@id\":\"https:\/\/saintbody.com\/sukienka-mini-satynowa-halter-biala\/#primaryimage\"},\"thumbnailUrl\":\"https:\/\/saintbody.com\/wp-content\/uploads\/2025\/06\/DSCF4914-e1751992396793.jpg\",\"datePublished\":\"2025-06-27T14:39:50+00:00\",\"dateModified\":\"2025-10-17T10:17:58+00:00\",\"description\":\"Oryginalna czarna sukienka mini z seksownym zak\u0142adkami oraz przed\u0142u\u017canym r\u0119kawem z efektownym rozci\u0119ciem.\",\"breadcrumb\":{\"@id\":\"https:\/\/saintbody.com\/sukienka-mini-satynowa-halter-biala\/#breadcrumb\"},\"inLanguage\":\"en-US\",\"potentialAction\":[{\"@type\":\"ReadAction\",\"target\":[\"https:\/\/saintbody.com\/sukienka-mini-satynowa-halter-biala\/\"]}]},{\"@type\":\"ImageObject\",\"inLanguage\":\"en-US\",\"@id\":\"https:\/\/saintbody.com\/sukienka-mini-satynowa-halter-biala\/#primaryimage\",\"url\":\"https:\/\/saintbody.com\/wp-content\/uploads\/2025\/06\/DSCF4914-e1751992396793.jpg\",\"contentUrl\":\"https:\/\/saintbody.com\/wp-content\/uploads\/2025\/06\/DSCF4914-e1751992396793.jpg\",\"width\":1490,\"height\":2220},{\"@type\":\"BreadcrumbList\",\"@id\":\"https:\/\/saintbody.com\/sukienka-mini-satynowa-halter-biala\/#breadcrumb\",\"itemListElement\":[{\"@type\":\"ListItem\",\"position\":1,\"name\":\"Strona g\u0142\u00f3wna\",\"item\":\"https:\/\/saintbody.com\/\"},{\"@type\":\"ListItem\",\"position\":2,\"name\":\"Sklep\",\"item\":\"https:\/\/saintbody.com\/sklep\/\"},{\"@type\":\"ListItem\",\"position\":3,\"name\":\"Sukienka mini satynowa halter bia\u0142a\"}]},{\"@type\":\"WebSite\",\"@id\":\"https:\/\/saintbody.com\/#website\",\"url\":\"https:\/\/saintbody.com\/\",\"name\":\"Sklep SAINTBODY\",\"description\":\"Premium basic na ka\u00c5\u00bcd\u00c4\u2026 okazje. Ponadczasowe Body, Odzie\u00c5\u00bc damska, Sukienki Damskie\",\"publisher\":{\"@id\":\"https:\/\/saintbody.com\/#organization\"},\"potentialAction\":[{\"@type\":\"SearchAction\",\"target\":{\"@type\":\"EntryPoint\",\"urlTemplate\":\"https:\/\/saintbody.com\/?s={search_term_string}\"},\"query-input\":{\"@type\":\"PropertyValueSpecification\",\"valueRequired\":true,\"valueName\":\"search_term_string\"}}],\"inLanguage\":\"en-US\"},{\"@type\":\"Organization\",\"@id\":\"https:\/\/saintbody.com\/#organization\",\"name\":\"Sklep Saint Body\",\"url\":\"https:\/\/saintbody.com\/\",\"logo\":{\"@type\":\"ImageObject\",\"inLanguage\":\"en-US\",\"@id\":\"https:\/\/saintbody.com\/#\/schema\/logo\/image\/\",\"url\":\"https:\/\/saintbody.com\/wp-content\/uploads\/2023\/04\/SaintBody_Logo_Typografia-e1691418926919.png\",\"contentUrl\":\"https:\/\/saintbody.com\/wp-content\/uploads\/2023\/04\/SaintBody_Logo_Typografia-e1691418926919.png\",\"width\":1000,\"height\":202,\"caption\":\"Sklep Saint Body\"},\"image\":{\"@id\":\"https:\/\/saintbody.com\/#\/schema\/logo\/image\/\"},\"sameAs\":[\"https:\/\/facebook.com\/saintbody\/\"]}]}<\/script>\n<!-- \/ Yoast SEO plugin. -->","yoast_head_json":{"title":"Sukienka mini satynowa halter bia\u0142a - Sklep SAINTBODY","description":"Oryginalna czarna sukienka mini z seksownym zak\u0142adkami oraz przed\u0142u\u017canym r\u0119kawem z efektownym rozci\u0119ciem.","robots":{"index":"index","follow":"follow","max-snippet":"max-snippet:-1","max-image-preview":"max-image-preview:large","max-video-preview":"max-video-preview:-1"},"canonical":"https:\/\/saintbody.com\/en\/sukienka-mini-satynowa-halter-biala\/","og_locale":"en_US","og_type":"article","og_title":"Sukienka mini satynowa halter bia\u0142a - Sklep SAINTBODY","og_description":"Oryginalna czarna sukienka mini z seksownym zak\u0142adkami oraz przed\u0142u\u017canym r\u0119kawem z efektownym rozci\u0119ciem.","og_url":"https:\/\/saintbody.com\/en\/sukienka-mini-satynowa-halter-biala\/","og_site_name":"Sklep SAINTBODY","article_publisher":"https:\/\/facebook.com\/saintbody\/","article_modified_time":"2025-10-17T10:17:58+00:00","og_image":[{"width":1490,"height":2220,"url":"http:\/\/saintbody.com\/wp-content\/uploads\/2025\/06\/DSCF4914-e1751992396793.jpg","type":"image\/jpeg"}],"twitter_card":"summary_large_image","twitter_misc":{"Est. reading time":"1 minute"},"schema":{"@context":"https:\/\/schema.org","@graph":[{"@type":"WebPage","@id":"https:\/\/saintbody.com\/sukienka-mini-satynowa-halter-biala\/","url":"https:\/\/saintbody.com\/sukienka-mini-satynowa-halter-biala\/","name":"Sukienka mini satynowa halter bia\u0142a - Sklep SAINTBODY","isPartOf":{"@id":"https:\/\/saintbody.com\/#website"},"primaryImageOfPage":{"@id":"https:\/\/saintbody.com\/sukienka-mini-satynowa-halter-biala\/#primaryimage"},"image":{"@id":"https:\/\/saintbody.com\/sukienka-mini-satynowa-halter-biala\/#primaryimage"},"thumbnailUrl":"https:\/\/saintbody.com\/wp-content\/uploads\/2025\/06\/DSCF4914-e1751992396793.jpg","datePublished":"2025-06-27T14:39:50+00:00","dateModified":"2025-10-17T10:17:58+00:00","description":"Oryginalna czarna sukienka mini z seksownym zak\u0142adkami oraz przed\u0142u\u017canym r\u0119kawem z efektownym rozci\u0119ciem.","breadcrumb":{"@id":"https:\/\/saintbody.com\/sukienka-mini-satynowa-halter-biala\/#breadcrumb"},"inLanguage":"en-US","potentialAction":[{"@type":"ReadAction","target":["https:\/\/saintbody.com\/sukienka-mini-satynowa-halter-biala\/"]}]},{"@type":"ImageObject","inLanguage":"en-US","@id":"https:\/\/saintbody.com\/sukienka-mini-satynowa-halter-biala\/#primaryimage","url":"https:\/\/saintbody.com\/wp-content\/uploads\/2025\/06\/DSCF4914-e1751992396793.jpg","contentUrl":"https:\/\/saintbody.com\/wp-content\/uploads\/2025\/06\/DSCF4914-e1751992396793.jpg","width":1490,"height":2220},{"@type":"BreadcrumbList","@id":"https:\/\/saintbody.com\/sukienka-mini-satynowa-halter-biala\/#breadcrumb","itemListElement":[{"@type":"ListItem","position":1,"name":"Strona g\u0142\u00f3wna","item":"https:\/\/saintbody.com\/"},{"@type":"ListItem","position":2,"name":"Sklep","item":"https:\/\/saintbody.com\/sklep\/"},{"@type":"ListItem","position":3,"name":"Sukienka mini satynowa halter bia\u0142a"}]},{"@type":"WebSite","@id":"https:\/\/saintbody.com\/#website","url":"https:\/\/saintbody.com\/","name":"Sklep SAINTBODY","description":"Premium basic na ka\u00c5\u00bcd\u00c4\u2026 okazje. Ponadczasowe Body, Odzie\u00c5\u00bc damska, Sukienki Damskie","publisher":{"@id":"https:\/\/saintbody.com\/#organization"},"potentialAction":[{"@type":"SearchAction","target":{"@type":"EntryPoint","urlTemplate":"https:\/\/saintbody.com\/?s={search_term_string}"},"query-input":{"@type":"PropertyValueSpecification","valueRequired":true,"valueName":"search_term_string"}}],"inLanguage":"en-US"},{"@type":"Organization","@id":"https:\/\/saintbody.com\/#organization","name":"Sklep Saint Body","url":"https:\/\/saintbody.com\/","logo":{"@type":"ImageObject","inLanguage":"en-US","@id":"https:\/\/saintbody.com\/#\/schema\/logo\/image\/","url":"https:\/\/saintbody.com\/wp-content\/uploads\/2023\/04\/SaintBody_Logo_Typografia-e1691418926919.png","contentUrl":"https:\/\/saintbody.com\/wp-content\/uploads\/2023\/04\/SaintBody_Logo_Typografia-e1691418926919.png","width":1000,"height":202,"caption":"Sklep Saint Body"},"image":{"@id":"https:\/\/saintbody.com\/#\/schema\/logo\/image\/"},"sameAs":["https:\/\/facebook.com\/saintbody\/"]}]}},"_links":{"self":[{"href":"https:\/\/saintbody.com\/en\/wp-json\/wp\/v2\/product\/56460","targetHints":{"allow":["GET"]}}],"collection":[{"href":"https:\/\/saintbody.com\/en\/wp-json\/wp\/v2\/product"}],"about":[{"href":"https:\/\/saintbody.com\/en\/wp-json\/wp\/v2\/types\/product"}],"wp:featuredmedia":[{"embeddable":true,"href":"https:\/\/saintbody.com\/en\/wp-json\/wp\/v2\/media\/56581"}],"wp:attachment":[{"href":"https:\/\/saintbody.com\/en\/wp-json\/wp\/v2\/media?parent=56460"}],"wp:term":[{"taxonomy":"product_brand","embeddable":true,"href":"https:\/\/saintbody.com\/en\/wp-json\/wp\/v2\/product_brand?post=56460"},{"taxonomy":"product_cat","embeddable":true,"href":"https:\/\/saintbody.com\/en\/wp-json\/wp\/v2\/product_cat?post=56460"},{"taxonomy":"product_tag","embeddable":true,"href":"https:\/\/saintbody.com\/en\/wp-json\/wp\/v2\/product_tag?post=56460"}],"curies":[{"name":"wp","href":"https:\/\/api.w.org\/{rel}","templated":true}]}}