{"id":56440,"date":"2025-06-26T10:51:48","date_gmt":"2025-06-26T08:51:48","guid":{"rendered":"https:\/\/saintbody.com\/?post_type=product&#038;p=56440"},"modified":"2026-04-08T17:25:45","modified_gmt":"2026-04-08T15:25:45","slug":"spodnie-satynowe-z-kieszeniami-wiazane-czarne","status":"publish","type":"product","link":"https:\/\/saintbody.com\/en\/spodnie-satynowe-z-kieszeniami-wiazane-czarne\/","title":{"rendered":"Satin pants with pockets tied black"},"content":{"rendered":"<p data-start=\"94\" data-end=\"424\">Loose satin pants are the essence of comfort, style and timeless minimalism. Made in 100% from OEKO-TEX\u00ae certified viscose, they combine natural breathability with softness and a delicate sheen, ensuring comfort even on the hottest days. The fabric is skin and environmentally friendly - safe, breathable and lightweight.<\/p>\n<p data-start=\"426\" data-end=\"638\">The pants have a relaxed fit that sits beautifully on the figure without restricting movement. An elastic waistband with adjustable binding allows for a perfect fit around the waist, while practical pockets add functionality.<\/p>\n<p data-start=\"640\" data-end=\"880\">Available in two versatile colors - deep black and subtle beige. Wear them with a matching top or long-sleeve blouse, or mix it your way - a versatile base that will suit your style no matter the occasion.<\/p>\n<p>The product is sewn in Poland.<\/p>\n<p>Also check out our bestselling\u00a0<a href=\"https:\/\/saintbody.com\/en\/kategoria\/body\/\">body<\/a> !<br \/>\nVisit us at <a href=\"https:\/\/www.instagram.com\/saintbodyofficial\/\">instagram<\/a>.<\/p>","protected":false},"excerpt":{"rendered":"<p>Lu\u017ane spodnie satynowe to esencja wygody, stylu i ponadczasowego minimalizmu. Uszyte w 100% z wiskozy posiadaj\u0105cej certyfikat OEKO-TEX\u00ae, \u0142\u0105cz\u0105 naturaln\u0105 przewiewno\u015b\u0107 z mi\u0119kko\u015bci\u0105 i delikatnym po\u0142yskiem, zapewniaj\u0105c komfort nawet w najcieplejsze dni. Tkanina jest przyjazna dla sk\u00f3ry i \u015brodowiska \u2013 bezpieczna, oddychaj\u0105ca i lekka. Spodnie maj\u0105 swobodny kr\u00f3j, kt\u00f3ry pi\u0119knie uk\u0142ada si\u0119 na sylwetce, nie [&hellip;]<\/p>","protected":false},"featured_media":56343,"template":"","meta":[],"product_brand":[],"product_cat":[20,35],"product_tag":[36],"class_list":{"0":"post-56440","1":"product","2":"type-product","3":"status-publish","4":"has-post-thumbnail","6":"product_cat-wszystko","7":"product_cat-spodnie","8":"product_tag-spodnie","10":"first","11":"instock","12":"taxable","13":"shipping-taxable","14":"purchasable","15":"product-type-variable","16":"has-default-attributes"},"yoast_head":"<!-- This site is optimized with the Yoast SEO plugin v27.0 - https:\/\/yoast.com\/product\/yoast-seo-wordpress\/ -->\n<title>Spodnie satynowe z kieszeniami wi\u0105zane czarne - Sklep SAINTBODY<\/title>\n<meta name=\"description\" content=\"Lu\u017ane spodnie satynowe to esencja wygody, stylu i ponadczasowego minimalizmu. Uszyte w 100% z wiskozy posiadaj\u0105cej certyfikat OEKO-TEX\u00ae.\" \/>\n<meta name=\"robots\" content=\"index, follow, max-snippet:-1, max-image-preview:large, max-video-preview:-1\" \/>\n<link rel=\"canonical\" href=\"https:\/\/saintbody.com\/en\/spodnie-satynowe-z-kieszeniami-wiazane-czarne\/\" \/>\n<meta property=\"og:locale\" content=\"en_US\" \/>\n<meta property=\"og:type\" content=\"article\" \/>\n<meta property=\"og:title\" content=\"Spodnie satynowe z kieszeniami wi\u0105zane czarne - Sklep SAINTBODY\" \/>\n<meta property=\"og:description\" content=\"Lu\u017ane spodnie satynowe to esencja wygody, stylu i ponadczasowego minimalizmu. Uszyte w 100% z wiskozy posiadaj\u0105cej certyfikat OEKO-TEX\u00ae.\" \/>\n<meta property=\"og:url\" content=\"https:\/\/saintbody.com\/en\/spodnie-satynowe-z-kieszeniami-wiazane-czarne\/\" \/>\n<meta property=\"og:site_name\" content=\"Sklep SAINTBODY\" \/>\n<meta property=\"article:publisher\" content=\"https:\/\/facebook.com\/saintbody\/\" \/>\n<meta property=\"article:modified_time\" content=\"2026-04-08T15:25:45+00:00\" \/>\n<meta property=\"og:image\" content=\"https:\/\/saintbody.com\/wp-content\/uploads\/2025\/06\/DSCF4755-scaled-e1750928039902.jpg\" \/>\n\t<meta property=\"og:image:width\" content=\"1004\" \/>\n\t<meta property=\"og:image:height\" content=\"1353\" \/>\n\t<meta property=\"og:image:type\" content=\"image\/jpeg\" \/>\n<meta name=\"twitter:card\" content=\"summary_large_image\" \/>\n<meta name=\"twitter:label1\" content=\"Est. reading time\" \/>\n\t<meta name=\"twitter:data1\" content=\"1 minute\" \/>\n<script type=\"application\/ld+json\" class=\"yoast-schema-graph\">{\"@context\":\"https:\/\/schema.org\",\"@graph\":[{\"@type\":\"WebPage\",\"@id\":\"https:\/\/saintbody.com\/spodnie-satynowe-z-kieszeniami-wiazane-czarne\/\",\"url\":\"https:\/\/saintbody.com\/spodnie-satynowe-z-kieszeniami-wiazane-czarne\/\",\"name\":\"Spodnie satynowe z kieszeniami wi\u0105zane czarne - Sklep SAINTBODY\",\"isPartOf\":{\"@id\":\"https:\/\/saintbody.com\/#website\"},\"primaryImageOfPage\":{\"@id\":\"https:\/\/saintbody.com\/spodnie-satynowe-z-kieszeniami-wiazane-czarne\/#primaryimage\"},\"image\":{\"@id\":\"https:\/\/saintbody.com\/spodnie-satynowe-z-kieszeniami-wiazane-czarne\/#primaryimage\"},\"thumbnailUrl\":\"https:\/\/saintbody.com\/wp-content\/uploads\/2025\/06\/DSCF4755-scaled-e1750928039902.jpg\",\"datePublished\":\"2025-06-26T08:51:48+00:00\",\"dateModified\":\"2026-04-08T15:25:45+00:00\",\"description\":\"Lu\u017ane spodnie satynowe to esencja wygody, stylu i ponadczasowego minimalizmu. Uszyte w 100% z wiskozy posiadaj\u0105cej certyfikat OEKO-TEX\u00ae.\",\"breadcrumb\":{\"@id\":\"https:\/\/saintbody.com\/spodnie-satynowe-z-kieszeniami-wiazane-czarne\/#breadcrumb\"},\"inLanguage\":\"en-US\",\"potentialAction\":[{\"@type\":\"ReadAction\",\"target\":[\"https:\/\/saintbody.com\/spodnie-satynowe-z-kieszeniami-wiazane-czarne\/\"]}]},{\"@type\":\"ImageObject\",\"inLanguage\":\"en-US\",\"@id\":\"https:\/\/saintbody.com\/spodnie-satynowe-z-kieszeniami-wiazane-czarne\/#primaryimage\",\"url\":\"https:\/\/saintbody.com\/wp-content\/uploads\/2025\/06\/DSCF4755-scaled-e1750928039902.jpg\",\"contentUrl\":\"https:\/\/saintbody.com\/wp-content\/uploads\/2025\/06\/DSCF4755-scaled-e1750928039902.jpg\",\"width\":1004,\"height\":1353},{\"@type\":\"BreadcrumbList\",\"@id\":\"https:\/\/saintbody.com\/spodnie-satynowe-z-kieszeniami-wiazane-czarne\/#breadcrumb\",\"itemListElement\":[{\"@type\":\"ListItem\",\"position\":1,\"name\":\"Strona g\u0142\u00f3wna\",\"item\":\"https:\/\/saintbody.com\/\"},{\"@type\":\"ListItem\",\"position\":2,\"name\":\"Sklep\",\"item\":\"https:\/\/saintbody.com\/sklep\/\"},{\"@type\":\"ListItem\",\"position\":3,\"name\":\"Spodnie satynowe z kieszeniami wi\u0105zane czarne\"}]},{\"@type\":\"WebSite\",\"@id\":\"https:\/\/saintbody.com\/#website\",\"url\":\"https:\/\/saintbody.com\/\",\"name\":\"Sklep SAINTBODY\",\"description\":\"Premium basic na ka\u00c5\u00bcd\u00c4\u2026 okazje. Ponadczasowe Body, Odzie\u00c5\u00bc damska, Sukienki Damskie\",\"publisher\":{\"@id\":\"https:\/\/saintbody.com\/#organization\"},\"potentialAction\":[{\"@type\":\"SearchAction\",\"target\":{\"@type\":\"EntryPoint\",\"urlTemplate\":\"https:\/\/saintbody.com\/?s={search_term_string}\"},\"query-input\":{\"@type\":\"PropertyValueSpecification\",\"valueRequired\":true,\"valueName\":\"search_term_string\"}}],\"inLanguage\":\"en-US\"},{\"@type\":\"Organization\",\"@id\":\"https:\/\/saintbody.com\/#organization\",\"name\":\"Sklep Saint Body\",\"url\":\"https:\/\/saintbody.com\/\",\"logo\":{\"@type\":\"ImageObject\",\"inLanguage\":\"en-US\",\"@id\":\"https:\/\/saintbody.com\/#\/schema\/logo\/image\/\",\"url\":\"https:\/\/saintbody.com\/wp-content\/uploads\/2023\/04\/SaintBody_Logo_Typografia-e1691418926919.png\",\"contentUrl\":\"https:\/\/saintbody.com\/wp-content\/uploads\/2023\/04\/SaintBody_Logo_Typografia-e1691418926919.png\",\"width\":1000,\"height\":202,\"caption\":\"Sklep Saint Body\"},\"image\":{\"@id\":\"https:\/\/saintbody.com\/#\/schema\/logo\/image\/\"},\"sameAs\":[\"https:\/\/facebook.com\/saintbody\/\"]}]}<\/script>\n<!-- \/ Yoast SEO plugin. -->","yoast_head_json":{"title":"Spodnie satynowe z kieszeniami wi\u0105zane czarne - Sklep SAINTBODY","description":"Lu\u017ane spodnie satynowe to esencja wygody, stylu i ponadczasowego minimalizmu. Uszyte w 100% z wiskozy posiadaj\u0105cej certyfikat OEKO-TEX\u00ae.","robots":{"index":"index","follow":"follow","max-snippet":"max-snippet:-1","max-image-preview":"max-image-preview:large","max-video-preview":"max-video-preview:-1"},"canonical":"https:\/\/saintbody.com\/en\/spodnie-satynowe-z-kieszeniami-wiazane-czarne\/","og_locale":"en_US","og_type":"article","og_title":"Spodnie satynowe z kieszeniami wi\u0105zane czarne - Sklep SAINTBODY","og_description":"Lu\u017ane spodnie satynowe to esencja wygody, stylu i ponadczasowego minimalizmu. Uszyte w 100% z wiskozy posiadaj\u0105cej certyfikat OEKO-TEX\u00ae.","og_url":"https:\/\/saintbody.com\/en\/spodnie-satynowe-z-kieszeniami-wiazane-czarne\/","og_site_name":"Sklep SAINTBODY","article_publisher":"https:\/\/facebook.com\/saintbody\/","article_modified_time":"2026-04-08T15:25:45+00:00","og_image":[{"width":1004,"height":1353,"url":"https:\/\/saintbody.com\/wp-content\/uploads\/2025\/06\/DSCF4755-scaled-e1750928039902.jpg","type":"image\/jpeg"}],"twitter_card":"summary_large_image","twitter_misc":{"Est. reading time":"1 minute"},"schema":{"@context":"https:\/\/schema.org","@graph":[{"@type":"WebPage","@id":"https:\/\/saintbody.com\/spodnie-satynowe-z-kieszeniami-wiazane-czarne\/","url":"https:\/\/saintbody.com\/spodnie-satynowe-z-kieszeniami-wiazane-czarne\/","name":"Spodnie satynowe z kieszeniami wi\u0105zane czarne - Sklep SAINTBODY","isPartOf":{"@id":"https:\/\/saintbody.com\/#website"},"primaryImageOfPage":{"@id":"https:\/\/saintbody.com\/spodnie-satynowe-z-kieszeniami-wiazane-czarne\/#primaryimage"},"image":{"@id":"https:\/\/saintbody.com\/spodnie-satynowe-z-kieszeniami-wiazane-czarne\/#primaryimage"},"thumbnailUrl":"https:\/\/saintbody.com\/wp-content\/uploads\/2025\/06\/DSCF4755-scaled-e1750928039902.jpg","datePublished":"2025-06-26T08:51:48+00:00","dateModified":"2026-04-08T15:25:45+00:00","description":"Lu\u017ane spodnie satynowe to esencja wygody, stylu i ponadczasowego minimalizmu. Uszyte w 100% z wiskozy posiadaj\u0105cej certyfikat OEKO-TEX\u00ae.","breadcrumb":{"@id":"https:\/\/saintbody.com\/spodnie-satynowe-z-kieszeniami-wiazane-czarne\/#breadcrumb"},"inLanguage":"en-US","potentialAction":[{"@type":"ReadAction","target":["https:\/\/saintbody.com\/spodnie-satynowe-z-kieszeniami-wiazane-czarne\/"]}]},{"@type":"ImageObject","inLanguage":"en-US","@id":"https:\/\/saintbody.com\/spodnie-satynowe-z-kieszeniami-wiazane-czarne\/#primaryimage","url":"https:\/\/saintbody.com\/wp-content\/uploads\/2025\/06\/DSCF4755-scaled-e1750928039902.jpg","contentUrl":"https:\/\/saintbody.com\/wp-content\/uploads\/2025\/06\/DSCF4755-scaled-e1750928039902.jpg","width":1004,"height":1353},{"@type":"BreadcrumbList","@id":"https:\/\/saintbody.com\/spodnie-satynowe-z-kieszeniami-wiazane-czarne\/#breadcrumb","itemListElement":[{"@type":"ListItem","position":1,"name":"Strona g\u0142\u00f3wna","item":"https:\/\/saintbody.com\/"},{"@type":"ListItem","position":2,"name":"Sklep","item":"https:\/\/saintbody.com\/sklep\/"},{"@type":"ListItem","position":3,"name":"Spodnie satynowe z kieszeniami wi\u0105zane czarne"}]},{"@type":"WebSite","@id":"https:\/\/saintbody.com\/#website","url":"https:\/\/saintbody.com\/","name":"Sklep SAINTBODY","description":"Premium basic na ka\u00c5\u00bcd\u00c4\u2026 okazje. Ponadczasowe Body, Odzie\u00c5\u00bc damska, Sukienki Damskie","publisher":{"@id":"https:\/\/saintbody.com\/#organization"},"potentialAction":[{"@type":"SearchAction","target":{"@type":"EntryPoint","urlTemplate":"https:\/\/saintbody.com\/?s={search_term_string}"},"query-input":{"@type":"PropertyValueSpecification","valueRequired":true,"valueName":"search_term_string"}}],"inLanguage":"en-US"},{"@type":"Organization","@id":"https:\/\/saintbody.com\/#organization","name":"Sklep Saint Body","url":"https:\/\/saintbody.com\/","logo":{"@type":"ImageObject","inLanguage":"en-US","@id":"https:\/\/saintbody.com\/#\/schema\/logo\/image\/","url":"https:\/\/saintbody.com\/wp-content\/uploads\/2023\/04\/SaintBody_Logo_Typografia-e1691418926919.png","contentUrl":"https:\/\/saintbody.com\/wp-content\/uploads\/2023\/04\/SaintBody_Logo_Typografia-e1691418926919.png","width":1000,"height":202,"caption":"Sklep Saint Body"},"image":{"@id":"https:\/\/saintbody.com\/#\/schema\/logo\/image\/"},"sameAs":["https:\/\/facebook.com\/saintbody\/"]}]}},"_links":{"self":[{"href":"https:\/\/saintbody.com\/en\/wp-json\/wp\/v2\/product\/56440","targetHints":{"allow":["GET"]}}],"collection":[{"href":"https:\/\/saintbody.com\/en\/wp-json\/wp\/v2\/product"}],"about":[{"href":"https:\/\/saintbody.com\/en\/wp-json\/wp\/v2\/types\/product"}],"wp:featuredmedia":[{"embeddable":true,"href":"https:\/\/saintbody.com\/en\/wp-json\/wp\/v2\/media\/56343"}],"wp:attachment":[{"href":"https:\/\/saintbody.com\/en\/wp-json\/wp\/v2\/media?parent=56440"}],"wp:term":[{"taxonomy":"product_brand","embeddable":true,"href":"https:\/\/saintbody.com\/en\/wp-json\/wp\/v2\/product_brand?post=56440"},{"taxonomy":"product_cat","embeddable":true,"href":"https:\/\/saintbody.com\/en\/wp-json\/wp\/v2\/product_cat?post=56440"},{"taxonomy":"product_tag","embeddable":true,"href":"https:\/\/saintbody.com\/en\/wp-json\/wp\/v2\/product_tag?post=56440"}],"curies":[{"name":"wp","href":"https:\/\/api.w.org\/{rel}","templated":true}]}}