{"id":56289,"date":"2025-06-18T13:58:12","date_gmt":"2025-06-18T11:58:12","guid":{"rendered":"https:\/\/saintbody.com\/?post_type=product&#038;p=56289"},"modified":"2026-04-05T20:28:21","modified_gmt":"2026-04-05T18:28:21","slug":"body-na-szerokie-ramiaczka-czarne-2","status":"publish","type":"product","link":"https:\/\/saintbody.com\/en\/body-na-szerokie-ramiaczka-czarne-2\/","title":{"rendered":"Wide strap body black"},"content":{"rendered":"<p><span style=\"font-weight: 400;\">Our iconic bodysuit, sewn from a double layer of knit with a square neckline now available in a summer strapless version. It beautifully accentuates the silhouette, subtly highlighting the neckline, while the extended straps guarantee comfort and excellent support all day long. The bodysuit is available in three universal colors: classic white, timeless black and natural beige - choose your favorite and create styling perfect for any occasion.<\/span><\/p>\n<p>The model is 176 cm tall, wears size S.<\/p>\n<p>Also check out our bestselling dresses !<br \/>\nVisit us on instagram.<\/p>\n<p>&nbsp;<\/p>","protected":false},"excerpt":{"rendered":"<p>Nasze kultowe body, szyte z podw\u00f3jnej warstwy dzianiny z kwadratowym dekoltem dost\u0119pne teraz w letniej wersji na rami\u0105czkach. Pi\u0119knie podkre\u015bla sylwetk\u0119, subtelnie uwydatniaj\u0105c dekolt, a poszerzone rami\u0105czka gwarantuj\u0105 wygod\u0119 i doskona\u0142e podtrzymanie przez ca\u0142y dzie\u0144. Body dost\u0119pne jest w trzech uniwersalnych kolorach: klasycznej bieli, ponadczasowej czerni oraz naturalnym be\u017cu \u2013 wybierz sw\u00f3j ulubiony i stw\u00f3rz [&hellip;]<\/p>","protected":false},"featured_media":56637,"template":"","meta":[],"product_brand":[],"product_cat":[20,21],"product_tag":[23],"class_list":{"0":"post-56289","1":"product","2":"type-product","3":"status-publish","4":"has-post-thumbnail","6":"product_cat-wszystko","7":"product_cat-body-damskie","8":"product_tag-body","10":"first","11":"instock","12":"taxable","13":"shipping-taxable","14":"purchasable","15":"product-type-variable","16":"has-default-attributes"},"yoast_head":"<!-- This site is optimized with the Yoast SEO plugin v27.0 - https:\/\/yoast.com\/product\/yoast-seo-wordpress\/ -->\n<title>Czarne body na grubych rami\u0105czkach - Sklep SAINTBODY<\/title>\n<meta name=\"description\" content=\"Czarne body na grubych rami\u0105czkach. Dzi\u0119ki g\u0142\u0119bokim wyci\u0119ciom, body pi\u0119knie eksponuje dekolt oraz plecy, dzi\u0119ki g\u0142\u0119bokim wyci\u0119ciom. Saintbody\" \/>\n<meta name=\"robots\" content=\"index, follow, max-snippet:-1, max-image-preview:large, max-video-preview:-1\" \/>\n<link rel=\"canonical\" href=\"https:\/\/saintbody.com\/en\/body-na-szerokie-ramiaczka-czarne-2\/\" \/>\n<meta property=\"og:locale\" content=\"en_US\" \/>\n<meta property=\"og:type\" content=\"article\" \/>\n<meta property=\"og:title\" content=\"Czarne body na grubych rami\u0105czkach - Sklep SAINTBODY\" \/>\n<meta property=\"og:description\" content=\"Czarne body na grubych rami\u0105czkach. Dzi\u0119ki g\u0142\u0119bokim wyci\u0119ciom, body pi\u0119knie eksponuje dekolt oraz plecy, dzi\u0119ki g\u0142\u0119bokim wyci\u0119ciom. Saintbody\" \/>\n<meta property=\"og:url\" content=\"https:\/\/saintbody.com\/en\/body-na-szerokie-ramiaczka-czarne-2\/\" \/>\n<meta property=\"og:site_name\" content=\"Sklep SAINTBODY\" \/>\n<meta property=\"article:publisher\" content=\"https:\/\/facebook.com\/saintbody\/\" \/>\n<meta property=\"article:modified_time\" content=\"2026-04-05T18:28:21+00:00\" \/>\n<meta property=\"og:image\" content=\"https:\/\/saintbody.com\/wp-content\/uploads\/2025\/06\/DSCF5132-e1751993150896.jpg\" \/>\n\t<meta property=\"og:image:width\" content=\"1256\" \/>\n\t<meta property=\"og:image:height\" content=\"1900\" \/>\n\t<meta property=\"og:image:type\" content=\"image\/jpeg\" \/>\n<meta name=\"twitter:card\" content=\"summary_large_image\" \/>\n<meta name=\"twitter:label1\" content=\"Est. reading time\" \/>\n\t<meta name=\"twitter:data1\" content=\"1 minute\" \/>\n<script type=\"application\/ld+json\" class=\"yoast-schema-graph\">{\"@context\":\"https:\/\/schema.org\",\"@graph\":[{\"@type\":\"WebPage\",\"@id\":\"https:\/\/saintbody.com\/body-na-szerokie-ramiaczka-czarne-2\/\",\"url\":\"https:\/\/saintbody.com\/body-na-szerokie-ramiaczka-czarne-2\/\",\"name\":\"Czarne body na grubych rami\u0105czkach - Sklep SAINTBODY\",\"isPartOf\":{\"@id\":\"https:\/\/saintbody.com\/#website\"},\"primaryImageOfPage\":{\"@id\":\"https:\/\/saintbody.com\/body-na-szerokie-ramiaczka-czarne-2\/#primaryimage\"},\"image\":{\"@id\":\"https:\/\/saintbody.com\/body-na-szerokie-ramiaczka-czarne-2\/#primaryimage\"},\"thumbnailUrl\":\"https:\/\/saintbody.com\/wp-content\/uploads\/2025\/06\/DSCF5132-e1751993150896.jpg\",\"datePublished\":\"2025-06-18T11:58:12+00:00\",\"dateModified\":\"2026-04-05T18:28:21+00:00\",\"description\":\"Czarne body na grubych rami\u0105czkach. Dzi\u0119ki g\u0142\u0119bokim wyci\u0119ciom, body pi\u0119knie eksponuje dekolt oraz plecy, dzi\u0119ki g\u0142\u0119bokim wyci\u0119ciom. Saintbody\",\"breadcrumb\":{\"@id\":\"https:\/\/saintbody.com\/body-na-szerokie-ramiaczka-czarne-2\/#breadcrumb\"},\"inLanguage\":\"en-US\",\"potentialAction\":[{\"@type\":\"ReadAction\",\"target\":[\"https:\/\/saintbody.com\/body-na-szerokie-ramiaczka-czarne-2\/\"]}]},{\"@type\":\"ImageObject\",\"inLanguage\":\"en-US\",\"@id\":\"https:\/\/saintbody.com\/body-na-szerokie-ramiaczka-czarne-2\/#primaryimage\",\"url\":\"https:\/\/saintbody.com\/wp-content\/uploads\/2025\/06\/DSCF5132-e1751993150896.jpg\",\"contentUrl\":\"https:\/\/saintbody.com\/wp-content\/uploads\/2025\/06\/DSCF5132-e1751993150896.jpg\",\"width\":1256,\"height\":1900},{\"@type\":\"BreadcrumbList\",\"@id\":\"https:\/\/saintbody.com\/body-na-szerokie-ramiaczka-czarne-2\/#breadcrumb\",\"itemListElement\":[{\"@type\":\"ListItem\",\"position\":1,\"name\":\"Strona g\u0142\u00f3wna\",\"item\":\"https:\/\/saintbody.com\/\"},{\"@type\":\"ListItem\",\"position\":2,\"name\":\"Sklep\",\"item\":\"https:\/\/saintbody.com\/sklep\/\"},{\"@type\":\"ListItem\",\"position\":3,\"name\":\"Body na szerokie rami\u0105czka czarne\"}]},{\"@type\":\"WebSite\",\"@id\":\"https:\/\/saintbody.com\/#website\",\"url\":\"https:\/\/saintbody.com\/\",\"name\":\"Sklep SAINTBODY\",\"description\":\"Premium basic na ka\u00c5\u00bcd\u00c4\u2026 okazje. Ponadczasowe Body, Odzie\u00c5\u00bc damska, Sukienki Damskie\",\"publisher\":{\"@id\":\"https:\/\/saintbody.com\/#organization\"},\"potentialAction\":[{\"@type\":\"SearchAction\",\"target\":{\"@type\":\"EntryPoint\",\"urlTemplate\":\"https:\/\/saintbody.com\/?s={search_term_string}\"},\"query-input\":{\"@type\":\"PropertyValueSpecification\",\"valueRequired\":true,\"valueName\":\"search_term_string\"}}],\"inLanguage\":\"en-US\"},{\"@type\":\"Organization\",\"@id\":\"https:\/\/saintbody.com\/#organization\",\"name\":\"Sklep Saint Body\",\"url\":\"https:\/\/saintbody.com\/\",\"logo\":{\"@type\":\"ImageObject\",\"inLanguage\":\"en-US\",\"@id\":\"https:\/\/saintbody.com\/#\/schema\/logo\/image\/\",\"url\":\"https:\/\/saintbody.com\/wp-content\/uploads\/2023\/04\/SaintBody_Logo_Typografia-e1691418926919.png\",\"contentUrl\":\"https:\/\/saintbody.com\/wp-content\/uploads\/2023\/04\/SaintBody_Logo_Typografia-e1691418926919.png\",\"width\":1000,\"height\":202,\"caption\":\"Sklep Saint Body\"},\"image\":{\"@id\":\"https:\/\/saintbody.com\/#\/schema\/logo\/image\/\"},\"sameAs\":[\"https:\/\/facebook.com\/saintbody\/\"]}]}<\/script>\n<!-- \/ Yoast SEO plugin. -->","yoast_head_json":{"title":"Czarne body na grubych rami\u0105czkach - Sklep SAINTBODY","description":"Czarne body na grubych rami\u0105czkach. Dzi\u0119ki g\u0142\u0119bokim wyci\u0119ciom, body pi\u0119knie eksponuje dekolt oraz plecy, dzi\u0119ki g\u0142\u0119bokim wyci\u0119ciom. Saintbody","robots":{"index":"index","follow":"follow","max-snippet":"max-snippet:-1","max-image-preview":"max-image-preview:large","max-video-preview":"max-video-preview:-1"},"canonical":"https:\/\/saintbody.com\/en\/body-na-szerokie-ramiaczka-czarne-2\/","og_locale":"en_US","og_type":"article","og_title":"Czarne body na grubych rami\u0105czkach - Sklep SAINTBODY","og_description":"Czarne body na grubych rami\u0105czkach. Dzi\u0119ki g\u0142\u0119bokim wyci\u0119ciom, body pi\u0119knie eksponuje dekolt oraz plecy, dzi\u0119ki g\u0142\u0119bokim wyci\u0119ciom. Saintbody","og_url":"https:\/\/saintbody.com\/en\/body-na-szerokie-ramiaczka-czarne-2\/","og_site_name":"Sklep SAINTBODY","article_publisher":"https:\/\/facebook.com\/saintbody\/","article_modified_time":"2026-04-05T18:28:21+00:00","og_image":[{"width":1256,"height":1900,"url":"https:\/\/saintbody.com\/wp-content\/uploads\/2025\/06\/DSCF5132-e1751993150896.jpg","type":"image\/jpeg"}],"twitter_card":"summary_large_image","twitter_misc":{"Est. reading time":"1 minute"},"schema":{"@context":"https:\/\/schema.org","@graph":[{"@type":"WebPage","@id":"https:\/\/saintbody.com\/body-na-szerokie-ramiaczka-czarne-2\/","url":"https:\/\/saintbody.com\/body-na-szerokie-ramiaczka-czarne-2\/","name":"Czarne body na grubych rami\u0105czkach - Sklep SAINTBODY","isPartOf":{"@id":"https:\/\/saintbody.com\/#website"},"primaryImageOfPage":{"@id":"https:\/\/saintbody.com\/body-na-szerokie-ramiaczka-czarne-2\/#primaryimage"},"image":{"@id":"https:\/\/saintbody.com\/body-na-szerokie-ramiaczka-czarne-2\/#primaryimage"},"thumbnailUrl":"https:\/\/saintbody.com\/wp-content\/uploads\/2025\/06\/DSCF5132-e1751993150896.jpg","datePublished":"2025-06-18T11:58:12+00:00","dateModified":"2026-04-05T18:28:21+00:00","description":"Czarne body na grubych rami\u0105czkach. Dzi\u0119ki g\u0142\u0119bokim wyci\u0119ciom, body pi\u0119knie eksponuje dekolt oraz plecy, dzi\u0119ki g\u0142\u0119bokim wyci\u0119ciom. Saintbody","breadcrumb":{"@id":"https:\/\/saintbody.com\/body-na-szerokie-ramiaczka-czarne-2\/#breadcrumb"},"inLanguage":"en-US","potentialAction":[{"@type":"ReadAction","target":["https:\/\/saintbody.com\/body-na-szerokie-ramiaczka-czarne-2\/"]}]},{"@type":"ImageObject","inLanguage":"en-US","@id":"https:\/\/saintbody.com\/body-na-szerokie-ramiaczka-czarne-2\/#primaryimage","url":"https:\/\/saintbody.com\/wp-content\/uploads\/2025\/06\/DSCF5132-e1751993150896.jpg","contentUrl":"https:\/\/saintbody.com\/wp-content\/uploads\/2025\/06\/DSCF5132-e1751993150896.jpg","width":1256,"height":1900},{"@type":"BreadcrumbList","@id":"https:\/\/saintbody.com\/body-na-szerokie-ramiaczka-czarne-2\/#breadcrumb","itemListElement":[{"@type":"ListItem","position":1,"name":"Strona g\u0142\u00f3wna","item":"https:\/\/saintbody.com\/"},{"@type":"ListItem","position":2,"name":"Sklep","item":"https:\/\/saintbody.com\/sklep\/"},{"@type":"ListItem","position":3,"name":"Body na szerokie rami\u0105czka czarne"}]},{"@type":"WebSite","@id":"https:\/\/saintbody.com\/#website","url":"https:\/\/saintbody.com\/","name":"Sklep SAINTBODY","description":"Premium basic na ka\u00c5\u00bcd\u00c4\u2026 okazje. Ponadczasowe Body, Odzie\u00c5\u00bc damska, Sukienki Damskie","publisher":{"@id":"https:\/\/saintbody.com\/#organization"},"potentialAction":[{"@type":"SearchAction","target":{"@type":"EntryPoint","urlTemplate":"https:\/\/saintbody.com\/?s={search_term_string}"},"query-input":{"@type":"PropertyValueSpecification","valueRequired":true,"valueName":"search_term_string"}}],"inLanguage":"en-US"},{"@type":"Organization","@id":"https:\/\/saintbody.com\/#organization","name":"Sklep Saint Body","url":"https:\/\/saintbody.com\/","logo":{"@type":"ImageObject","inLanguage":"en-US","@id":"https:\/\/saintbody.com\/#\/schema\/logo\/image\/","url":"https:\/\/saintbody.com\/wp-content\/uploads\/2023\/04\/SaintBody_Logo_Typografia-e1691418926919.png","contentUrl":"https:\/\/saintbody.com\/wp-content\/uploads\/2023\/04\/SaintBody_Logo_Typografia-e1691418926919.png","width":1000,"height":202,"caption":"Sklep Saint Body"},"image":{"@id":"https:\/\/saintbody.com\/#\/schema\/logo\/image\/"},"sameAs":["https:\/\/facebook.com\/saintbody\/"]}]}},"_links":{"self":[{"href":"https:\/\/saintbody.com\/en\/wp-json\/wp\/v2\/product\/56289","targetHints":{"allow":["GET"]}}],"collection":[{"href":"https:\/\/saintbody.com\/en\/wp-json\/wp\/v2\/product"}],"about":[{"href":"https:\/\/saintbody.com\/en\/wp-json\/wp\/v2\/types\/product"}],"wp:featuredmedia":[{"embeddable":true,"href":"https:\/\/saintbody.com\/en\/wp-json\/wp\/v2\/media\/56637"}],"wp:attachment":[{"href":"https:\/\/saintbody.com\/en\/wp-json\/wp\/v2\/media?parent=56289"}],"wp:term":[{"taxonomy":"product_brand","embeddable":true,"href":"https:\/\/saintbody.com\/en\/wp-json\/wp\/v2\/product_brand?post=56289"},{"taxonomy":"product_cat","embeddable":true,"href":"https:\/\/saintbody.com\/en\/wp-json\/wp\/v2\/product_cat?post=56289"},{"taxonomy":"product_tag","embeddable":true,"href":"https:\/\/saintbody.com\/en\/wp-json\/wp\/v2\/product_tag?post=56289"}],"curies":[{"name":"wp","href":"https:\/\/api.w.org\/{rel}","templated":true}]}}