{"id":56234,"date":"2025-06-13T12:11:05","date_gmt":"2025-06-13T10:11:05","guid":{"rendered":"https:\/\/saintbody.com\/?post_type=product&#038;p=56234"},"modified":"2026-04-05T22:28:59","modified_gmt":"2026-04-05T20:28:59","slug":"sukienka-mini-satynowa-ecovero-czarna","status":"publish","type":"product","link":"https:\/\/saintbody.com\/en\/sukienka-mini-satynowa-ecovero-czarna\/","title":{"rendered":"Black satin mini dress"},"content":{"rendered":"<p data-start=\"103\" data-end=\"517\">Satin mini dress in a shade of deep black is a combination of subtle sensuality and modern minimalism. Made in 100% from OEKO-TEX\u00ae certified ECOVERO\u2122 viscose, it is not only exceptionally soft and pleasant to the skin, but also environmentally friendly. The fabric gently shimmers and sits comfortably on the figure, providing lightweight and comfortable wear all day - and evening.<\/p>\n<p data-start=\"519\" data-end=\"797\">The dress has a loose petticoat-type cut, which adapts to different types of silhouettes; it does not drape, but subtly emphasizes shapes. Adjustable thin straps with Italian zippers allow you to precisely adjust the length, and the minimalist form gives many styling possibilities.<\/p>\n<p data-start=\"799\" data-end=\"1000\">Wear it with heavy boots or dainty sandals - in a casual, evening or layered version, with a blazer or sweater. It's a versatile base that always looks good !<\/p>\n<p>The model is 176 cm tall, wears size S.<\/p>\n<p>Also check out our bestselling\u00a0<a href=\"https:\/\/saintbody.com\/en\/kategoria\/body\/\">body<\/a>\u00a0!<br \/>\nVisit us at\u00a0<a href=\"https:\/\/www.instagram.com\/saintbodyofficial\/\">instagram<\/a>.<\/p>","protected":false},"excerpt":{"rendered":"<p>Satynowa sukienka mini w odcieniu g\u0142\u0119bokiej czerni to po\u0142\u0105czenie subtelnej zmys\u0142owo\u015bci i nowoczesnego minimalizmu. Uszyta w 100% z certyfikowanej wiskozy ECOVERO\u2122 z certyfikatem OEKO-TEX\u00ae, jest nie tylko wyj\u0105tkowo mi\u0119kka i przyjemna dla sk\u00f3ry, ale r\u00f3wnie\u017c przyjazna dla \u015brodowiska. Tkanina delikatnie po\u0142yskuje i swobodnie uk\u0142ada si\u0119 na sylwetce, zapewniaj\u0105c lekko\u015b\u0107 i wygod\u0119 noszenia przez ca\u0142y dzie\u0144 [&hellip;]<\/p>","protected":false},"featured_media":56891,"template":"","meta":[],"product_brand":[],"product_cat":[26,20],"product_tag":[27],"class_list":{"0":"post-56234","1":"product","2":"type-product","3":"status-publish","4":"has-post-thumbnail","6":"product_cat-sukienki","7":"product_cat-wszystko","8":"product_tag-sukienki","10":"first","11":"instock","12":"taxable","13":"shipping-taxable","14":"purchasable","15":"product-type-variable"},"yoast_head":"<!-- This site is optimized with the Yoast SEO plugin v27.0 - https:\/\/yoast.com\/product\/yoast-seo-wordpress\/ -->\n<title>Sukienka mini satynowa czarna - Sklep SAINTBODY<\/title>\n<meta name=\"description\" content=\"Zjawiskowa czarna sukienka mini ze zmys\u0142owo opadaj\u0105cymi rami\u0105czkami. Zaprojektowana tak aby nie zsuwa\u0142a si\u0119 z sylwetki\" \/>\n<meta name=\"robots\" content=\"index, follow, max-snippet:-1, max-image-preview:large, max-video-preview:-1\" \/>\n<link rel=\"canonical\" href=\"https:\/\/saintbody.com\/en\/sukienka-mini-satynowa-ecovero-czarna\/\" \/>\n<meta property=\"og:locale\" content=\"en_US\" \/>\n<meta property=\"og:type\" content=\"article\" \/>\n<meta property=\"og:title\" content=\"Sukienka mini satynowa czarna - Sklep SAINTBODY\" \/>\n<meta property=\"og:description\" content=\"Zjawiskowa czarna sukienka mini ze zmys\u0142owo opadaj\u0105cymi rami\u0105czkami. Zaprojektowana tak aby nie zsuwa\u0142a si\u0119 z sylwetki\" \/>\n<meta property=\"og:url\" content=\"https:\/\/saintbody.com\/en\/sukienka-mini-satynowa-ecovero-czarna\/\" \/>\n<meta property=\"og:site_name\" content=\"Sklep SAINTBODY\" \/>\n<meta property=\"article:publisher\" content=\"https:\/\/facebook.com\/saintbody\/\" \/>\n<meta property=\"article:modified_time\" content=\"2026-04-05T20:28:59+00:00\" \/>\n<meta property=\"og:image\" content=\"https:\/\/saintbody.com\/wp-content\/uploads\/2025\/06\/14.png\" \/>\n\t<meta property=\"og:image:width\" content=\"640\" \/>\n\t<meta property=\"og:image:height\" content=\"981\" \/>\n\t<meta property=\"og:image:type\" content=\"image\/png\" \/>\n<meta name=\"twitter:card\" content=\"summary_large_image\" \/>\n<meta name=\"twitter:label1\" content=\"Est. reading time\" \/>\n\t<meta name=\"twitter:data1\" content=\"2 minutes\" \/>\n<script type=\"application\/ld+json\" class=\"yoast-schema-graph\">{\"@context\":\"https:\/\/schema.org\",\"@graph\":[{\"@type\":\"WebPage\",\"@id\":\"https:\/\/saintbody.com\/sukienka-mini-satynowa-ecovero-czarna\/\",\"url\":\"https:\/\/saintbody.com\/sukienka-mini-satynowa-ecovero-czarna\/\",\"name\":\"Sukienka mini satynowa czarna - Sklep SAINTBODY\",\"isPartOf\":{\"@id\":\"https:\/\/saintbody.com\/#website\"},\"primaryImageOfPage\":{\"@id\":\"https:\/\/saintbody.com\/sukienka-mini-satynowa-ecovero-czarna\/#primaryimage\"},\"image\":{\"@id\":\"https:\/\/saintbody.com\/sukienka-mini-satynowa-ecovero-czarna\/#primaryimage\"},\"thumbnailUrl\":\"https:\/\/saintbody.com\/wp-content\/uploads\/2025\/06\/14.png\",\"datePublished\":\"2025-06-13T10:11:05+00:00\",\"dateModified\":\"2026-04-05T20:28:59+00:00\",\"description\":\"Zjawiskowa czarna sukienka mini ze zmys\u0142owo opadaj\u0105cymi rami\u0105czkami. Zaprojektowana tak aby nie zsuwa\u0142a si\u0119 z sylwetki\",\"breadcrumb\":{\"@id\":\"https:\/\/saintbody.com\/sukienka-mini-satynowa-ecovero-czarna\/#breadcrumb\"},\"inLanguage\":\"en-US\",\"potentialAction\":[{\"@type\":\"ReadAction\",\"target\":[\"https:\/\/saintbody.com\/sukienka-mini-satynowa-ecovero-czarna\/\"]}]},{\"@type\":\"ImageObject\",\"inLanguage\":\"en-US\",\"@id\":\"https:\/\/saintbody.com\/sukienka-mini-satynowa-ecovero-czarna\/#primaryimage\",\"url\":\"https:\/\/saintbody.com\/wp-content\/uploads\/2025\/06\/14.png\",\"contentUrl\":\"https:\/\/saintbody.com\/wp-content\/uploads\/2025\/06\/14.png\",\"width\":1500,\"height\":2300},{\"@type\":\"BreadcrumbList\",\"@id\":\"https:\/\/saintbody.com\/sukienka-mini-satynowa-ecovero-czarna\/#breadcrumb\",\"itemListElement\":[{\"@type\":\"ListItem\",\"position\":1,\"name\":\"Strona g\u0142\u00f3wna\",\"item\":\"https:\/\/saintbody.com\/\"},{\"@type\":\"ListItem\",\"position\":2,\"name\":\"Sklep\",\"item\":\"https:\/\/saintbody.com\/sklep\/\"},{\"@type\":\"ListItem\",\"position\":3,\"name\":\"Sukienka mini satynowa czarna\"}]},{\"@type\":\"WebSite\",\"@id\":\"https:\/\/saintbody.com\/#website\",\"url\":\"https:\/\/saintbody.com\/\",\"name\":\"Sklep SAINTBODY\",\"description\":\"Premium basic na ka\u00c5\u00bcd\u00c4\u2026 okazje. Ponadczasowe Body, Odzie\u00c5\u00bc damska, Sukienki Damskie\",\"publisher\":{\"@id\":\"https:\/\/saintbody.com\/#organization\"},\"potentialAction\":[{\"@type\":\"SearchAction\",\"target\":{\"@type\":\"EntryPoint\",\"urlTemplate\":\"https:\/\/saintbody.com\/?s={search_term_string}\"},\"query-input\":{\"@type\":\"PropertyValueSpecification\",\"valueRequired\":true,\"valueName\":\"search_term_string\"}}],\"inLanguage\":\"en-US\"},{\"@type\":\"Organization\",\"@id\":\"https:\/\/saintbody.com\/#organization\",\"name\":\"Sklep Saint Body\",\"url\":\"https:\/\/saintbody.com\/\",\"logo\":{\"@type\":\"ImageObject\",\"inLanguage\":\"en-US\",\"@id\":\"https:\/\/saintbody.com\/#\/schema\/logo\/image\/\",\"url\":\"https:\/\/saintbody.com\/wp-content\/uploads\/2023\/04\/SaintBody_Logo_Typografia-e1691418926919.png\",\"contentUrl\":\"https:\/\/saintbody.com\/wp-content\/uploads\/2023\/04\/SaintBody_Logo_Typografia-e1691418926919.png\",\"width\":1000,\"height\":202,\"caption\":\"Sklep Saint Body\"},\"image\":{\"@id\":\"https:\/\/saintbody.com\/#\/schema\/logo\/image\/\"},\"sameAs\":[\"https:\/\/facebook.com\/saintbody\/\"]}]}<\/script>\n<!-- \/ Yoast SEO plugin. -->","yoast_head_json":{"title":"Sukienka mini satynowa czarna - Sklep SAINTBODY","description":"Zjawiskowa czarna sukienka mini ze zmys\u0142owo opadaj\u0105cymi rami\u0105czkami. Zaprojektowana tak aby nie zsuwa\u0142a si\u0119 z sylwetki","robots":{"index":"index","follow":"follow","max-snippet":"max-snippet:-1","max-image-preview":"max-image-preview:large","max-video-preview":"max-video-preview:-1"},"canonical":"https:\/\/saintbody.com\/en\/sukienka-mini-satynowa-ecovero-czarna\/","og_locale":"en_US","og_type":"article","og_title":"Sukienka mini satynowa czarna - Sklep SAINTBODY","og_description":"Zjawiskowa czarna sukienka mini ze zmys\u0142owo opadaj\u0105cymi rami\u0105czkami. Zaprojektowana tak aby nie zsuwa\u0142a si\u0119 z sylwetki","og_url":"https:\/\/saintbody.com\/en\/sukienka-mini-satynowa-ecovero-czarna\/","og_site_name":"Sklep SAINTBODY","article_publisher":"https:\/\/facebook.com\/saintbody\/","article_modified_time":"2026-04-05T20:28:59+00:00","og_image":[{"url":"https:\/\/saintbody.com\/wp-content\/uploads\/2025\/06\/14.png","width":640,"height":981,"type":"image\/png"}],"twitter_card":"summary_large_image","twitter_misc":{"Est. reading time":"2 minutes"},"schema":{"@context":"https:\/\/schema.org","@graph":[{"@type":"WebPage","@id":"https:\/\/saintbody.com\/sukienka-mini-satynowa-ecovero-czarna\/","url":"https:\/\/saintbody.com\/sukienka-mini-satynowa-ecovero-czarna\/","name":"Sukienka mini satynowa czarna - Sklep SAINTBODY","isPartOf":{"@id":"https:\/\/saintbody.com\/#website"},"primaryImageOfPage":{"@id":"https:\/\/saintbody.com\/sukienka-mini-satynowa-ecovero-czarna\/#primaryimage"},"image":{"@id":"https:\/\/saintbody.com\/sukienka-mini-satynowa-ecovero-czarna\/#primaryimage"},"thumbnailUrl":"https:\/\/saintbody.com\/wp-content\/uploads\/2025\/06\/14.png","datePublished":"2025-06-13T10:11:05+00:00","dateModified":"2026-04-05T20:28:59+00:00","description":"Zjawiskowa czarna sukienka mini ze zmys\u0142owo opadaj\u0105cymi rami\u0105czkami. Zaprojektowana tak aby nie zsuwa\u0142a si\u0119 z sylwetki","breadcrumb":{"@id":"https:\/\/saintbody.com\/sukienka-mini-satynowa-ecovero-czarna\/#breadcrumb"},"inLanguage":"en-US","potentialAction":[{"@type":"ReadAction","target":["https:\/\/saintbody.com\/sukienka-mini-satynowa-ecovero-czarna\/"]}]},{"@type":"ImageObject","inLanguage":"en-US","@id":"https:\/\/saintbody.com\/sukienka-mini-satynowa-ecovero-czarna\/#primaryimage","url":"https:\/\/saintbody.com\/wp-content\/uploads\/2025\/06\/14.png","contentUrl":"https:\/\/saintbody.com\/wp-content\/uploads\/2025\/06\/14.png","width":1500,"height":2300},{"@type":"BreadcrumbList","@id":"https:\/\/saintbody.com\/sukienka-mini-satynowa-ecovero-czarna\/#breadcrumb","itemListElement":[{"@type":"ListItem","position":1,"name":"Strona g\u0142\u00f3wna","item":"https:\/\/saintbody.com\/"},{"@type":"ListItem","position":2,"name":"Sklep","item":"https:\/\/saintbody.com\/sklep\/"},{"@type":"ListItem","position":3,"name":"Sukienka mini satynowa czarna"}]},{"@type":"WebSite","@id":"https:\/\/saintbody.com\/#website","url":"https:\/\/saintbody.com\/","name":"Sklep SAINTBODY","description":"Premium basic na ka\u00c5\u00bcd\u00c4\u2026 okazje. Ponadczasowe Body, Odzie\u00c5\u00bc damska, Sukienki Damskie","publisher":{"@id":"https:\/\/saintbody.com\/#organization"},"potentialAction":[{"@type":"SearchAction","target":{"@type":"EntryPoint","urlTemplate":"https:\/\/saintbody.com\/?s={search_term_string}"},"query-input":{"@type":"PropertyValueSpecification","valueRequired":true,"valueName":"search_term_string"}}],"inLanguage":"en-US"},{"@type":"Organization","@id":"https:\/\/saintbody.com\/#organization","name":"Sklep Saint Body","url":"https:\/\/saintbody.com\/","logo":{"@type":"ImageObject","inLanguage":"en-US","@id":"https:\/\/saintbody.com\/#\/schema\/logo\/image\/","url":"https:\/\/saintbody.com\/wp-content\/uploads\/2023\/04\/SaintBody_Logo_Typografia-e1691418926919.png","contentUrl":"https:\/\/saintbody.com\/wp-content\/uploads\/2023\/04\/SaintBody_Logo_Typografia-e1691418926919.png","width":1000,"height":202,"caption":"Sklep Saint Body"},"image":{"@id":"https:\/\/saintbody.com\/#\/schema\/logo\/image\/"},"sameAs":["https:\/\/facebook.com\/saintbody\/"]}]}},"_links":{"self":[{"href":"https:\/\/saintbody.com\/en\/wp-json\/wp\/v2\/product\/56234","targetHints":{"allow":["GET"]}}],"collection":[{"href":"https:\/\/saintbody.com\/en\/wp-json\/wp\/v2\/product"}],"about":[{"href":"https:\/\/saintbody.com\/en\/wp-json\/wp\/v2\/types\/product"}],"wp:featuredmedia":[{"embeddable":true,"href":"https:\/\/saintbody.com\/en\/wp-json\/wp\/v2\/media\/56891"}],"wp:attachment":[{"href":"https:\/\/saintbody.com\/en\/wp-json\/wp\/v2\/media?parent=56234"}],"wp:term":[{"taxonomy":"product_brand","embeddable":true,"href":"https:\/\/saintbody.com\/en\/wp-json\/wp\/v2\/product_brand?post=56234"},{"taxonomy":"product_cat","embeddable":true,"href":"https:\/\/saintbody.com\/en\/wp-json\/wp\/v2\/product_cat?post=56234"},{"taxonomy":"product_tag","embeddable":true,"href":"https:\/\/saintbody.com\/en\/wp-json\/wp\/v2\/product_tag?post=56234"}],"curies":[{"name":"wp","href":"https:\/\/api.w.org\/{rel}","templated":true}]}}