{"id":55931,"date":"2025-05-15T14:46:03","date_gmt":"2025-05-15T12:46:03","guid":{"rendered":"https:\/\/saintbody.com\/?post_type=product&#038;p=55931"},"modified":"2026-04-09T21:25:51","modified_gmt":"2026-04-09T19:25:51","slug":"top-z-krotkim-rekawem-z-dzianiny-nude","status":"publish","type":"product","link":"https:\/\/saintbody.com\/en\/top-z-krotkim-rekawem-z-dzianiny-nude\/","title":{"rendered":"Nude knit short sleeve top"},"content":{"rendered":"<p>Classic nude short neck top with round neckline and extended cut. Timeless and simple cut. Double layer of knitwear, seamless finish, elastic threads ensure high wearing comfort. It pairs great with high-waisted pants, and without a doubt this short-sleeve top is an absolute must have this summer.<\/p>\n<p>The product is sewn in Poland from fabric produced in a Polish knitting mill.<\/p>\n<p>Also check out our bestselling\u00a0<a href=\"https:\/\/saintbody.com\/en\/kategoria\/sukienki\/\">dresses<\/a> !<br \/>\nVisit us at <a href=\"https:\/\/www.instagram.com\/saintbodyofficial\/\">instagram<\/a>.<\/p>","protected":false},"excerpt":{"rendered":"<p>Classic nude short neck top with round neckline and extended cut. Timeless and simple cut. Double layer of knitwear, seamless finish, elastic threads ensure high wearing comfort. It pairs great with high-waisted pants and without a doubt this short-sleeved top is an absolute must have this summer. Product sewn in Poland from fabric [...]<\/p>","protected":false},"featured_media":56368,"template":"","meta":[],"product_brand":[],"product_cat":[20,37],"product_tag":[38],"class_list":{"0":"post-55931","1":"product","2":"type-product","3":"status-publish","4":"has-post-thumbnail","6":"product_cat-wszystko","7":"product_cat-topy","8":"product_tag-topy","10":"first","11":"instock","12":"taxable","13":"shipping-taxable","14":"purchasable","15":"product-type-variable","16":"has-default-attributes"},"yoast_head":"<!-- This site is optimized with the Yoast SEO plugin v27.0 - https:\/\/yoast.com\/product\/yoast-seo-wordpress\/ -->\n<title>Top z kr\u00f3tkim r\u0119kawem z dzianiny nude - Sklep SAINTBODY<\/title>\n<meta name=\"description\" content=\"Klasyczny, kr\u00f3tki, szary crop top pod szyj\u0119 z okr\u0105g\u0142ym dekoltem. Ponadczasowy i prosty kr\u00f3j. Crop top o ponadczasowym kroju. Saintbody\" \/>\n<meta name=\"robots\" content=\"index, follow, max-snippet:-1, max-image-preview:large, max-video-preview:-1\" \/>\n<link rel=\"canonical\" href=\"https:\/\/saintbody.com\/en\/top-z-krotkim-rekawem-z-dzianiny-nude\/\" \/>\n<meta property=\"og:locale\" content=\"en_US\" \/>\n<meta property=\"og:type\" content=\"article\" \/>\n<meta property=\"og:title\" content=\"Top z kr\u00f3tkim r\u0119kawem z dzianiny nude - Sklep SAINTBODY\" \/>\n<meta property=\"og:description\" content=\"Klasyczny, kr\u00f3tki, szary crop top pod szyj\u0119 z okr\u0105g\u0142ym dekoltem. Ponadczasowy i prosty kr\u00f3j. Crop top o ponadczasowym kroju. Saintbody\" \/>\n<meta property=\"og:url\" content=\"https:\/\/saintbody.com\/en\/top-z-krotkim-rekawem-z-dzianiny-nude\/\" \/>\n<meta property=\"og:site_name\" content=\"Sklep SAINTBODY\" \/>\n<meta property=\"article:publisher\" content=\"https:\/\/facebook.com\/saintbody\/\" \/>\n<meta property=\"article:modified_time\" content=\"2026-04-09T19:25:51+00:00\" \/>\n<meta property=\"og:image\" content=\"https:\/\/saintbody.com\/wp-content\/uploads\/2025\/05\/IMG_9606-scaled-e1757591608694.jpg\" \/>\n\t<meta property=\"og:image:width\" content=\"960\" \/>\n\t<meta property=\"og:image:height\" content=\"1420\" \/>\n\t<meta property=\"og:image:type\" content=\"image\/jpeg\" \/>\n<meta name=\"twitter:card\" content=\"summary_large_image\" \/>\n<meta name=\"twitter:label1\" content=\"Est. reading time\" \/>\n\t<meta name=\"twitter:data1\" content=\"1 minute\" \/>\n<script type=\"application\/ld+json\" class=\"yoast-schema-graph\">{\"@context\":\"https:\/\/schema.org\",\"@graph\":[{\"@type\":\"WebPage\",\"@id\":\"https:\/\/saintbody.com\/top-z-krotkim-rekawem-z-dzianiny-nude\/\",\"url\":\"https:\/\/saintbody.com\/top-z-krotkim-rekawem-z-dzianiny-nude\/\",\"name\":\"Top z kr\u00f3tkim r\u0119kawem z dzianiny nude - Sklep SAINTBODY\",\"isPartOf\":{\"@id\":\"https:\/\/saintbody.com\/#website\"},\"primaryImageOfPage\":{\"@id\":\"https:\/\/saintbody.com\/top-z-krotkim-rekawem-z-dzianiny-nude\/#primaryimage\"},\"image\":{\"@id\":\"https:\/\/saintbody.com\/top-z-krotkim-rekawem-z-dzianiny-nude\/#primaryimage\"},\"thumbnailUrl\":\"https:\/\/saintbody.com\/wp-content\/uploads\/2025\/05\/IMG_9606-scaled-e1757591608694.jpg\",\"datePublished\":\"2025-05-15T12:46:03+00:00\",\"dateModified\":\"2026-04-09T19:25:51+00:00\",\"description\":\"Klasyczny, kr\u00f3tki, szary crop top pod szyj\u0119 z okr\u0105g\u0142ym dekoltem. Ponadczasowy i prosty kr\u00f3j. Crop top o ponadczasowym kroju. Saintbody\",\"breadcrumb\":{\"@id\":\"https:\/\/saintbody.com\/top-z-krotkim-rekawem-z-dzianiny-nude\/#breadcrumb\"},\"inLanguage\":\"en-US\",\"potentialAction\":[{\"@type\":\"ReadAction\",\"target\":[\"https:\/\/saintbody.com\/top-z-krotkim-rekawem-z-dzianiny-nude\/\"]}]},{\"@type\":\"ImageObject\",\"inLanguage\":\"en-US\",\"@id\":\"https:\/\/saintbody.com\/top-z-krotkim-rekawem-z-dzianiny-nude\/#primaryimage\",\"url\":\"https:\/\/saintbody.com\/wp-content\/uploads\/2025\/05\/IMG_9606-scaled-e1757591608694.jpg\",\"contentUrl\":\"https:\/\/saintbody.com\/wp-content\/uploads\/2025\/05\/IMG_9606-scaled-e1757591608694.jpg\",\"width\":960,\"height\":1420},{\"@type\":\"BreadcrumbList\",\"@id\":\"https:\/\/saintbody.com\/top-z-krotkim-rekawem-z-dzianiny-nude\/#breadcrumb\",\"itemListElement\":[{\"@type\":\"ListItem\",\"position\":1,\"name\":\"Strona g\u0142\u00f3wna\",\"item\":\"https:\/\/saintbody.com\/\"},{\"@type\":\"ListItem\",\"position\":2,\"name\":\"Sklep\",\"item\":\"https:\/\/saintbody.com\/sklep\/\"},{\"@type\":\"ListItem\",\"position\":3,\"name\":\"Top z kr\u00f3tkim r\u0119kawem z dzianiny nude\"}]},{\"@type\":\"WebSite\",\"@id\":\"https:\/\/saintbody.com\/#website\",\"url\":\"https:\/\/saintbody.com\/\",\"name\":\"Sklep SAINTBODY\",\"description\":\"Premium basic na ka\u00c5\u00bcd\u00c4\u2026 okazje. Ponadczasowe Body, Odzie\u00c5\u00bc damska, Sukienki Damskie\",\"publisher\":{\"@id\":\"https:\/\/saintbody.com\/#organization\"},\"potentialAction\":[{\"@type\":\"SearchAction\",\"target\":{\"@type\":\"EntryPoint\",\"urlTemplate\":\"https:\/\/saintbody.com\/?s={search_term_string}\"},\"query-input\":{\"@type\":\"PropertyValueSpecification\",\"valueRequired\":true,\"valueName\":\"search_term_string\"}}],\"inLanguage\":\"en-US\"},{\"@type\":\"Organization\",\"@id\":\"https:\/\/saintbody.com\/#organization\",\"name\":\"Sklep Saint Body\",\"url\":\"https:\/\/saintbody.com\/\",\"logo\":{\"@type\":\"ImageObject\",\"inLanguage\":\"en-US\",\"@id\":\"https:\/\/saintbody.com\/#\/schema\/logo\/image\/\",\"url\":\"https:\/\/saintbody.com\/wp-content\/uploads\/2023\/04\/SaintBody_Logo_Typografia-e1691418926919.png\",\"contentUrl\":\"https:\/\/saintbody.com\/wp-content\/uploads\/2023\/04\/SaintBody_Logo_Typografia-e1691418926919.png\",\"width\":1000,\"height\":202,\"caption\":\"Sklep Saint Body\"},\"image\":{\"@id\":\"https:\/\/saintbody.com\/#\/schema\/logo\/image\/\"},\"sameAs\":[\"https:\/\/facebook.com\/saintbody\/\"]}]}<\/script>\n<!-- \/ Yoast SEO plugin. -->","yoast_head_json":{"title":"Top z kr\u00f3tkim r\u0119kawem z dzianiny nude - Sklep SAINTBODY","description":"Klasyczny, kr\u00f3tki, szary crop top pod szyj\u0119 z okr\u0105g\u0142ym dekoltem. Ponadczasowy i prosty kr\u00f3j. Crop top o ponadczasowym kroju. Saintbody","robots":{"index":"index","follow":"follow","max-snippet":"max-snippet:-1","max-image-preview":"max-image-preview:large","max-video-preview":"max-video-preview:-1"},"canonical":"https:\/\/saintbody.com\/en\/top-z-krotkim-rekawem-z-dzianiny-nude\/","og_locale":"en_US","og_type":"article","og_title":"Top z kr\u00f3tkim r\u0119kawem z dzianiny nude - Sklep SAINTBODY","og_description":"Klasyczny, kr\u00f3tki, szary crop top pod szyj\u0119 z okr\u0105g\u0142ym dekoltem. Ponadczasowy i prosty kr\u00f3j. Crop top o ponadczasowym kroju. Saintbody","og_url":"https:\/\/saintbody.com\/en\/top-z-krotkim-rekawem-z-dzianiny-nude\/","og_site_name":"Sklep SAINTBODY","article_publisher":"https:\/\/facebook.com\/saintbody\/","article_modified_time":"2026-04-09T19:25:51+00:00","og_image":[{"width":960,"height":1420,"url":"https:\/\/saintbody.com\/wp-content\/uploads\/2025\/05\/IMG_9606-scaled-e1757591608694.jpg","type":"image\/jpeg"}],"twitter_card":"summary_large_image","twitter_misc":{"Est. reading time":"1 minute"},"schema":{"@context":"https:\/\/schema.org","@graph":[{"@type":"WebPage","@id":"https:\/\/saintbody.com\/top-z-krotkim-rekawem-z-dzianiny-nude\/","url":"https:\/\/saintbody.com\/top-z-krotkim-rekawem-z-dzianiny-nude\/","name":"Top z kr\u00f3tkim r\u0119kawem z dzianiny nude - Sklep SAINTBODY","isPartOf":{"@id":"https:\/\/saintbody.com\/#website"},"primaryImageOfPage":{"@id":"https:\/\/saintbody.com\/top-z-krotkim-rekawem-z-dzianiny-nude\/#primaryimage"},"image":{"@id":"https:\/\/saintbody.com\/top-z-krotkim-rekawem-z-dzianiny-nude\/#primaryimage"},"thumbnailUrl":"https:\/\/saintbody.com\/wp-content\/uploads\/2025\/05\/IMG_9606-scaled-e1757591608694.jpg","datePublished":"2025-05-15T12:46:03+00:00","dateModified":"2026-04-09T19:25:51+00:00","description":"Klasyczny, kr\u00f3tki, szary crop top pod szyj\u0119 z okr\u0105g\u0142ym dekoltem. Ponadczasowy i prosty kr\u00f3j. Crop top o ponadczasowym kroju. Saintbody","breadcrumb":{"@id":"https:\/\/saintbody.com\/top-z-krotkim-rekawem-z-dzianiny-nude\/#breadcrumb"},"inLanguage":"en-US","potentialAction":[{"@type":"ReadAction","target":["https:\/\/saintbody.com\/top-z-krotkim-rekawem-z-dzianiny-nude\/"]}]},{"@type":"ImageObject","inLanguage":"en-US","@id":"https:\/\/saintbody.com\/top-z-krotkim-rekawem-z-dzianiny-nude\/#primaryimage","url":"https:\/\/saintbody.com\/wp-content\/uploads\/2025\/05\/IMG_9606-scaled-e1757591608694.jpg","contentUrl":"https:\/\/saintbody.com\/wp-content\/uploads\/2025\/05\/IMG_9606-scaled-e1757591608694.jpg","width":960,"height":1420},{"@type":"BreadcrumbList","@id":"https:\/\/saintbody.com\/top-z-krotkim-rekawem-z-dzianiny-nude\/#breadcrumb","itemListElement":[{"@type":"ListItem","position":1,"name":"Strona g\u0142\u00f3wna","item":"https:\/\/saintbody.com\/"},{"@type":"ListItem","position":2,"name":"Sklep","item":"https:\/\/saintbody.com\/sklep\/"},{"@type":"ListItem","position":3,"name":"Top z kr\u00f3tkim r\u0119kawem z dzianiny nude"}]},{"@type":"WebSite","@id":"https:\/\/saintbody.com\/#website","url":"https:\/\/saintbody.com\/","name":"Sklep SAINTBODY","description":"Premium basic na ka\u00c5\u00bcd\u00c4\u2026 okazje. Ponadczasowe Body, Odzie\u00c5\u00bc damska, Sukienki Damskie","publisher":{"@id":"https:\/\/saintbody.com\/#organization"},"potentialAction":[{"@type":"SearchAction","target":{"@type":"EntryPoint","urlTemplate":"https:\/\/saintbody.com\/?s={search_term_string}"},"query-input":{"@type":"PropertyValueSpecification","valueRequired":true,"valueName":"search_term_string"}}],"inLanguage":"en-US"},{"@type":"Organization","@id":"https:\/\/saintbody.com\/#organization","name":"Sklep Saint Body","url":"https:\/\/saintbody.com\/","logo":{"@type":"ImageObject","inLanguage":"en-US","@id":"https:\/\/saintbody.com\/#\/schema\/logo\/image\/","url":"https:\/\/saintbody.com\/wp-content\/uploads\/2023\/04\/SaintBody_Logo_Typografia-e1691418926919.png","contentUrl":"https:\/\/saintbody.com\/wp-content\/uploads\/2023\/04\/SaintBody_Logo_Typografia-e1691418926919.png","width":1000,"height":202,"caption":"Sklep Saint Body"},"image":{"@id":"https:\/\/saintbody.com\/#\/schema\/logo\/image\/"},"sameAs":["https:\/\/facebook.com\/saintbody\/"]}]}},"_links":{"self":[{"href":"https:\/\/saintbody.com\/en\/wp-json\/wp\/v2\/product\/55931","targetHints":{"allow":["GET"]}}],"collection":[{"href":"https:\/\/saintbody.com\/en\/wp-json\/wp\/v2\/product"}],"about":[{"href":"https:\/\/saintbody.com\/en\/wp-json\/wp\/v2\/types\/product"}],"wp:featuredmedia":[{"embeddable":true,"href":"https:\/\/saintbody.com\/en\/wp-json\/wp\/v2\/media\/56368"}],"wp:attachment":[{"href":"https:\/\/saintbody.com\/en\/wp-json\/wp\/v2\/media?parent=55931"}],"wp:term":[{"taxonomy":"product_brand","embeddable":true,"href":"https:\/\/saintbody.com\/en\/wp-json\/wp\/v2\/product_brand?post=55931"},{"taxonomy":"product_cat","embeddable":true,"href":"https:\/\/saintbody.com\/en\/wp-json\/wp\/v2\/product_cat?post=55931"},{"taxonomy":"product_tag","embeddable":true,"href":"https:\/\/saintbody.com\/en\/wp-json\/wp\/v2\/product_tag?post=55931"}],"curies":[{"name":"wp","href":"https:\/\/api.w.org\/{rel}","templated":true}]}}