{"id":52875,"date":"2024-11-13T14:35:39","date_gmt":"2024-11-13T13:35:39","guid":{"rendered":"https:\/\/saintbody.com\/?post_type=product&#038;p=52875"},"modified":"2026-03-26T13:33:04","modified_gmt":"2026-03-26T12:33:04","slug":"spodnie-z-tkaniny-na-zamek-satynowe-czarne","status":"publish","type":"product","link":"https:\/\/saintbody.com\/en\/spodnie-z-tkaniny-na-zamek-satynowe-czarne\/","title":{"rendered":"Zip fabric pants satin black"},"content":{"rendered":"<p>Satin zip fabric pants are a timeless model, an absolute must in any closet. The top quality of the fabric ensures comfortable wear, and the color allows you to easily choose your styling. Zippered and fitted at the waist, they accentuate the silhouette, while straight legs add a chic touch. They pair perfectly with our bodysuits.<\/p>\n<p>The model is 177 cm tall, wears size M.<\/p>\n<p>The product is sewn in Poland.<\/p>\n<p>Also check out our bestselling\u00a0<a href=\"https:\/\/saintbody.com\/en\/kategoria\/body\/\">body<\/a> !<br \/>\nVisit us at <a href=\"https:\/\/www.instagram.com\/saintbodyofficial\/\">instagram<\/a>.<\/p>","protected":false},"excerpt":{"rendered":"<p>Spodnie z tkaniny na zamek satynowe to ponadczasowy model, absolutny must w ka\u017cdej szafie. Najwy\u017csza jako\u015b\u0107 tkaniny zapewnia komfort noszenia, a kolor pozwala na \u0142atwo\u015b\u0107 w doborze stylizacji. Zapinane na zamek i dopasowany kr\u00f3j w talii, podkre\u015bla sylwetk\u0119, a proste nogawki dodaj\u0105 im szyku. Idealnie komponuj\u0105 si\u0119 z naszymi body. Modelka ma 177 cm wzrostu, [&hellip;]<\/p>","protected":false},"featured_media":53863,"template":"","meta":[],"product_brand":[],"product_cat":[35,20],"product_tag":[36],"class_list":{"0":"post-52875","1":"product","2":"type-product","3":"status-publish","4":"has-post-thumbnail","6":"product_cat-spodnie","7":"product_cat-wszystko","8":"product_tag-spodnie","10":"first","11":"instock","12":"taxable","13":"shipping-taxable","14":"purchasable","15":"product-type-variable","16":"has-default-attributes"},"yoast_head":"<!-- This site is optimized with the Yoast SEO plugin v27.0 - https:\/\/yoast.com\/product\/yoast-seo-wordpress\/ -->\n<title>Spodnie z tkaniny na zamek satynowe czarne - Sklep SAINTBODY<\/title>\n<meta name=\"description\" content=\"D\u0142ugie, wygodne, damskie spodnie- z wysokim stanem, w kolorze szarym, z certyfikowanej dzianiny. Spodnie damskie \u015bredni stan. Saintbody\" \/>\n<meta name=\"robots\" content=\"index, follow, max-snippet:-1, max-image-preview:large, max-video-preview:-1\" \/>\n<link rel=\"canonical\" href=\"https:\/\/saintbody.com\/en\/spodnie-z-tkaniny-na-zamek-satynowe-czarne\/\" \/>\n<meta property=\"og:locale\" content=\"en_US\" \/>\n<meta property=\"og:type\" content=\"article\" \/>\n<meta property=\"og:title\" content=\"Spodnie z tkaniny na zamek satynowe czarne - Sklep SAINTBODY\" \/>\n<meta property=\"og:description\" content=\"D\u0142ugie, wygodne, damskie spodnie- z wysokim stanem, w kolorze szarym, z certyfikowanej dzianiny. Spodnie damskie \u015bredni stan. Saintbody\" \/>\n<meta property=\"og:url\" content=\"https:\/\/saintbody.com\/en\/spodnie-z-tkaniny-na-zamek-satynowe-czarne\/\" \/>\n<meta property=\"og:site_name\" content=\"Sklep SAINTBODY\" \/>\n<meta property=\"article:publisher\" content=\"https:\/\/facebook.com\/saintbody\/\" \/>\n<meta property=\"article:modified_time\" content=\"2026-03-26T12:33:04+00:00\" \/>\n<meta property=\"og:image\" content=\"http:\/\/saintbody.com\/wp-content\/uploads\/2024\/11\/7-1.png\" \/>\n\t<meta property=\"og:image:width\" content=\"1000\" \/>\n\t<meta property=\"og:image:height\" content=\"1500\" \/>\n\t<meta property=\"og:image:type\" content=\"image\/png\" \/>\n<meta name=\"twitter:card\" content=\"summary_large_image\" \/>\n<meta name=\"twitter:label1\" content=\"Est. reading time\" \/>\n\t<meta name=\"twitter:data1\" content=\"1 minute\" \/>\n<script type=\"application\/ld+json\" class=\"yoast-schema-graph\">{\"@context\":\"https:\/\/schema.org\",\"@graph\":[{\"@type\":\"WebPage\",\"@id\":\"https:\/\/saintbody.com\/spodnie-z-tkaniny-na-zamek-satynowe-czarne\/\",\"url\":\"https:\/\/saintbody.com\/spodnie-z-tkaniny-na-zamek-satynowe-czarne\/\",\"name\":\"Spodnie z tkaniny na zamek satynowe czarne - Sklep SAINTBODY\",\"isPartOf\":{\"@id\":\"https:\/\/saintbody.com\/#website\"},\"primaryImageOfPage\":{\"@id\":\"https:\/\/saintbody.com\/spodnie-z-tkaniny-na-zamek-satynowe-czarne\/#primaryimage\"},\"image\":{\"@id\":\"https:\/\/saintbody.com\/spodnie-z-tkaniny-na-zamek-satynowe-czarne\/#primaryimage\"},\"thumbnailUrl\":\"https:\/\/saintbody.com\/wp-content\/uploads\/2024\/11\/7-1.png\",\"datePublished\":\"2024-11-13T13:35:39+00:00\",\"dateModified\":\"2026-03-26T12:33:04+00:00\",\"description\":\"D\u0142ugie, wygodne, damskie spodnie- z wysokim stanem, w kolorze szarym, z certyfikowanej dzianiny. Spodnie damskie \u015bredni stan. Saintbody\",\"breadcrumb\":{\"@id\":\"https:\/\/saintbody.com\/spodnie-z-tkaniny-na-zamek-satynowe-czarne\/#breadcrumb\"},\"inLanguage\":\"en-US\",\"potentialAction\":[{\"@type\":\"ReadAction\",\"target\":[\"https:\/\/saintbody.com\/spodnie-z-tkaniny-na-zamek-satynowe-czarne\/\"]}]},{\"@type\":\"ImageObject\",\"inLanguage\":\"en-US\",\"@id\":\"https:\/\/saintbody.com\/spodnie-z-tkaniny-na-zamek-satynowe-czarne\/#primaryimage\",\"url\":\"https:\/\/saintbody.com\/wp-content\/uploads\/2024\/11\/7-1.png\",\"contentUrl\":\"https:\/\/saintbody.com\/wp-content\/uploads\/2024\/11\/7-1.png\",\"width\":1000,\"height\":1500},{\"@type\":\"BreadcrumbList\",\"@id\":\"https:\/\/saintbody.com\/spodnie-z-tkaniny-na-zamek-satynowe-czarne\/#breadcrumb\",\"itemListElement\":[{\"@type\":\"ListItem\",\"position\":1,\"name\":\"Strona g\u0142\u00f3wna\",\"item\":\"https:\/\/saintbody.com\/\"},{\"@type\":\"ListItem\",\"position\":2,\"name\":\"Sklep\",\"item\":\"https:\/\/saintbody.com\/sklep\/\"},{\"@type\":\"ListItem\",\"position\":3,\"name\":\"Spodnie z tkaniny na zamek satynowe czarne\"}]},{\"@type\":\"WebSite\",\"@id\":\"https:\/\/saintbody.com\/#website\",\"url\":\"https:\/\/saintbody.com\/\",\"name\":\"Sklep SAINTBODY\",\"description\":\"Premium basic na ka\u00c5\u00bcd\u00c4\u2026 okazje. Ponadczasowe Body, Odzie\u00c5\u00bc damska, Sukienki Damskie\",\"publisher\":{\"@id\":\"https:\/\/saintbody.com\/#organization\"},\"potentialAction\":[{\"@type\":\"SearchAction\",\"target\":{\"@type\":\"EntryPoint\",\"urlTemplate\":\"https:\/\/saintbody.com\/?s={search_term_string}\"},\"query-input\":{\"@type\":\"PropertyValueSpecification\",\"valueRequired\":true,\"valueName\":\"search_term_string\"}}],\"inLanguage\":\"en-US\"},{\"@type\":\"Organization\",\"@id\":\"https:\/\/saintbody.com\/#organization\",\"name\":\"Sklep Saint Body\",\"url\":\"https:\/\/saintbody.com\/\",\"logo\":{\"@type\":\"ImageObject\",\"inLanguage\":\"en-US\",\"@id\":\"https:\/\/saintbody.com\/#\/schema\/logo\/image\/\",\"url\":\"https:\/\/saintbody.com\/wp-content\/uploads\/2023\/04\/SaintBody_Logo_Typografia-e1691418926919.png\",\"contentUrl\":\"https:\/\/saintbody.com\/wp-content\/uploads\/2023\/04\/SaintBody_Logo_Typografia-e1691418926919.png\",\"width\":1000,\"height\":202,\"caption\":\"Sklep Saint Body\"},\"image\":{\"@id\":\"https:\/\/saintbody.com\/#\/schema\/logo\/image\/\"},\"sameAs\":[\"https:\/\/facebook.com\/saintbody\/\"]}]}<\/script>\n<!-- \/ Yoast SEO plugin. -->","yoast_head_json":{"title":"Spodnie z tkaniny na zamek satynowe czarne - Sklep SAINTBODY","description":"D\u0142ugie, wygodne, damskie spodnie- z wysokim stanem, w kolorze szarym, z certyfikowanej dzianiny. Spodnie damskie \u015bredni stan. Saintbody","robots":{"index":"index","follow":"follow","max-snippet":"max-snippet:-1","max-image-preview":"max-image-preview:large","max-video-preview":"max-video-preview:-1"},"canonical":"https:\/\/saintbody.com\/en\/spodnie-z-tkaniny-na-zamek-satynowe-czarne\/","og_locale":"en_US","og_type":"article","og_title":"Spodnie z tkaniny na zamek satynowe czarne - Sklep SAINTBODY","og_description":"D\u0142ugie, wygodne, damskie spodnie- z wysokim stanem, w kolorze szarym, z certyfikowanej dzianiny. Spodnie damskie \u015bredni stan. Saintbody","og_url":"https:\/\/saintbody.com\/en\/spodnie-z-tkaniny-na-zamek-satynowe-czarne\/","og_site_name":"Sklep SAINTBODY","article_publisher":"https:\/\/facebook.com\/saintbody\/","article_modified_time":"2026-03-26T12:33:04+00:00","og_image":[{"width":1000,"height":1500,"url":"http:\/\/saintbody.com\/wp-content\/uploads\/2024\/11\/7-1.png","type":"image\/png"}],"twitter_card":"summary_large_image","twitter_misc":{"Est. reading time":"1 minute"},"schema":{"@context":"https:\/\/schema.org","@graph":[{"@type":"WebPage","@id":"https:\/\/saintbody.com\/spodnie-z-tkaniny-na-zamek-satynowe-czarne\/","url":"https:\/\/saintbody.com\/spodnie-z-tkaniny-na-zamek-satynowe-czarne\/","name":"Spodnie z tkaniny na zamek satynowe czarne - Sklep SAINTBODY","isPartOf":{"@id":"https:\/\/saintbody.com\/#website"},"primaryImageOfPage":{"@id":"https:\/\/saintbody.com\/spodnie-z-tkaniny-na-zamek-satynowe-czarne\/#primaryimage"},"image":{"@id":"https:\/\/saintbody.com\/spodnie-z-tkaniny-na-zamek-satynowe-czarne\/#primaryimage"},"thumbnailUrl":"https:\/\/saintbody.com\/wp-content\/uploads\/2024\/11\/7-1.png","datePublished":"2024-11-13T13:35:39+00:00","dateModified":"2026-03-26T12:33:04+00:00","description":"D\u0142ugie, wygodne, damskie spodnie- z wysokim stanem, w kolorze szarym, z certyfikowanej dzianiny. Spodnie damskie \u015bredni stan. Saintbody","breadcrumb":{"@id":"https:\/\/saintbody.com\/spodnie-z-tkaniny-na-zamek-satynowe-czarne\/#breadcrumb"},"inLanguage":"en-US","potentialAction":[{"@type":"ReadAction","target":["https:\/\/saintbody.com\/spodnie-z-tkaniny-na-zamek-satynowe-czarne\/"]}]},{"@type":"ImageObject","inLanguage":"en-US","@id":"https:\/\/saintbody.com\/spodnie-z-tkaniny-na-zamek-satynowe-czarne\/#primaryimage","url":"https:\/\/saintbody.com\/wp-content\/uploads\/2024\/11\/7-1.png","contentUrl":"https:\/\/saintbody.com\/wp-content\/uploads\/2024\/11\/7-1.png","width":1000,"height":1500},{"@type":"BreadcrumbList","@id":"https:\/\/saintbody.com\/spodnie-z-tkaniny-na-zamek-satynowe-czarne\/#breadcrumb","itemListElement":[{"@type":"ListItem","position":1,"name":"Strona g\u0142\u00f3wna","item":"https:\/\/saintbody.com\/"},{"@type":"ListItem","position":2,"name":"Sklep","item":"https:\/\/saintbody.com\/sklep\/"},{"@type":"ListItem","position":3,"name":"Spodnie z tkaniny na zamek satynowe czarne"}]},{"@type":"WebSite","@id":"https:\/\/saintbody.com\/#website","url":"https:\/\/saintbody.com\/","name":"Sklep SAINTBODY","description":"Premium basic na ka\u00c5\u00bcd\u00c4\u2026 okazje. Ponadczasowe Body, Odzie\u00c5\u00bc damska, Sukienki Damskie","publisher":{"@id":"https:\/\/saintbody.com\/#organization"},"potentialAction":[{"@type":"SearchAction","target":{"@type":"EntryPoint","urlTemplate":"https:\/\/saintbody.com\/?s={search_term_string}"},"query-input":{"@type":"PropertyValueSpecification","valueRequired":true,"valueName":"search_term_string"}}],"inLanguage":"en-US"},{"@type":"Organization","@id":"https:\/\/saintbody.com\/#organization","name":"Sklep Saint Body","url":"https:\/\/saintbody.com\/","logo":{"@type":"ImageObject","inLanguage":"en-US","@id":"https:\/\/saintbody.com\/#\/schema\/logo\/image\/","url":"https:\/\/saintbody.com\/wp-content\/uploads\/2023\/04\/SaintBody_Logo_Typografia-e1691418926919.png","contentUrl":"https:\/\/saintbody.com\/wp-content\/uploads\/2023\/04\/SaintBody_Logo_Typografia-e1691418926919.png","width":1000,"height":202,"caption":"Sklep Saint Body"},"image":{"@id":"https:\/\/saintbody.com\/#\/schema\/logo\/image\/"},"sameAs":["https:\/\/facebook.com\/saintbody\/"]}]}},"_links":{"self":[{"href":"https:\/\/saintbody.com\/en\/wp-json\/wp\/v2\/product\/52875","targetHints":{"allow":["GET"]}}],"collection":[{"href":"https:\/\/saintbody.com\/en\/wp-json\/wp\/v2\/product"}],"about":[{"href":"https:\/\/saintbody.com\/en\/wp-json\/wp\/v2\/types\/product"}],"wp:featuredmedia":[{"embeddable":true,"href":"https:\/\/saintbody.com\/en\/wp-json\/wp\/v2\/media\/53863"}],"wp:attachment":[{"href":"https:\/\/saintbody.com\/en\/wp-json\/wp\/v2\/media?parent=52875"}],"wp:term":[{"taxonomy":"product_brand","embeddable":true,"href":"https:\/\/saintbody.com\/en\/wp-json\/wp\/v2\/product_brand?post=52875"},{"taxonomy":"product_cat","embeddable":true,"href":"https:\/\/saintbody.com\/en\/wp-json\/wp\/v2\/product_cat?post=52875"},{"taxonomy":"product_tag","embeddable":true,"href":"https:\/\/saintbody.com\/en\/wp-json\/wp\/v2\/product_tag?post=52875"}],"curies":[{"name":"wp","href":"https:\/\/api.w.org\/{rel}","templated":true}]}}