{"id":52763,"date":"2024-11-12T16:32:30","date_gmt":"2024-11-12T15:32:30","guid":{"rendered":"https:\/\/saintbody.com\/?post_type=product&#038;p=52763"},"modified":"2026-03-26T13:32:30","modified_gmt":"2026-03-26T12:32:30","slug":"body-bardot-z-siateczka-czarne","status":"publish","type":"product","link":"https:\/\/saintbody.com\/en\/body-bardot-z-siateczka-czarne\/","title":{"rendered":"Bardot body with mesh black"},"content":{"rendered":"<p>Black bardot bodysuit with mesh is an elegant and sensual design that combines a classic cut with a modern touch. The cut-out shape of the bodysuit and subtly inserted recycled mesh gives the silhouette a feminine and romantic touch, while the delicate slit of the neckline adds lightness and sex appeal.<\/p>\n<p>At Saint Body, we use certified knitted fabrics from local suppliers<\/p>\n<p>The model is 177 cm tall, wears size S.<\/p>\n<p>Also check out our bestselling\u00a0<a href=\"https:\/\/saintbody.com\/en\/kategoria\/sukienki\/\">dresses<\/a> !<br \/>\nVisit us at <a href=\"https:\/\/www.instagram.com\/saintbodyofficial\/\">instagram<\/a>.<\/p>","protected":false},"excerpt":{"rendered":"<p>Black bardot bodysuit with mesh is an elegant and sensual design that combines a classic cut with a modern touch. The cut-out shape of the bodysuit and subtly inserted recycled mesh gives the silhouette a feminine and romantic touch, while the delicate slit of the neckline adds lightness and sex appeal. At Saint Body, we use certified knits from local suppliers The model is 177 cm tall, [...]<\/p>","protected":false},"featured_media":59533,"template":"","meta":[],"product_brand":[],"product_cat":[20,25,21],"product_tag":[23],"class_list":{"0":"post-52763","1":"product","2":"type-product","3":"status-publish","4":"has-post-thumbnail","6":"product_cat-wszystko","7":"product_cat-bestsellers","8":"product_cat-body-damskie","9":"product_tag-body","11":"first","12":"instock","13":"taxable","14":"shipping-taxable","15":"purchasable","16":"product-type-variable","17":"has-default-attributes"},"yoast_head":"<!-- This site is optimized with the Yoast SEO plugin v27.0 - https:\/\/yoast.com\/product\/yoast-seo-wordpress\/ -->\n<title>Body bardot z siateczk\u0105 czarne - Sklep SAINTBODY<\/title>\n<meta name=\"description\" content=\"Obowi\u0105zkowy model w szafie ka\u017cdej z nas. Idealny jako baza pod marynark\u0119 ale r\u00f3wnie \u015bwietnie wygl\u0105da w zestawieniu z jeansami.\" \/>\n<meta name=\"robots\" content=\"index, follow, max-snippet:-1, max-image-preview:large, max-video-preview:-1\" \/>\n<link rel=\"canonical\" href=\"https:\/\/saintbody.com\/en\/body-bardot-z-siateczka-czarne\/\" \/>\n<meta property=\"og:locale\" content=\"en_US\" \/>\n<meta property=\"og:type\" content=\"article\" \/>\n<meta property=\"og:title\" content=\"Body bardot z siateczk\u0105 czarne - Sklep SAINTBODY\" \/>\n<meta property=\"og:description\" content=\"Obowi\u0105zkowy model w szafie ka\u017cdej z nas. Idealny jako baza pod marynark\u0119 ale r\u00f3wnie \u015bwietnie wygl\u0105da w zestawieniu z jeansami.\" \/>\n<meta property=\"og:url\" content=\"https:\/\/saintbody.com\/en\/body-bardot-z-siateczka-czarne\/\" \/>\n<meta property=\"og:site_name\" content=\"Sklep SAINTBODY\" \/>\n<meta property=\"article:publisher\" content=\"https:\/\/facebook.com\/saintbody\/\" \/>\n<meta property=\"article:modified_time\" content=\"2026-03-26T12:32:30+00:00\" \/>\n<meta property=\"og:image\" content=\"https:\/\/saintbody.com\/wp-content\/uploads\/2025\/02\/body-serce-Nora-Studio.jpeg\" \/>\n\t<meta property=\"og:image:width\" content=\"1365\" \/>\n\t<meta property=\"og:image:height\" content=\"2048\" \/>\n\t<meta property=\"og:image:type\" content=\"image\/jpeg\" \/>\n<meta name=\"twitter:card\" content=\"summary_large_image\" \/>\n<meta name=\"twitter:label1\" content=\"Est. reading time\" \/>\n\t<meta name=\"twitter:data1\" content=\"1 minute\" \/>\n<script type=\"application\/ld+json\" class=\"yoast-schema-graph\">{\"@context\":\"https:\/\/schema.org\",\"@graph\":[{\"@type\":\"WebPage\",\"@id\":\"https:\/\/saintbody.com\/body-bardot-z-siateczka-czarne\/\",\"url\":\"https:\/\/saintbody.com\/body-bardot-z-siateczka-czarne\/\",\"name\":\"Body bardot z siateczk\u0105 czarne - Sklep SAINTBODY\",\"isPartOf\":{\"@id\":\"https:\/\/saintbody.com\/#website\"},\"primaryImageOfPage\":{\"@id\":\"https:\/\/saintbody.com\/body-bardot-z-siateczka-czarne\/#primaryimage\"},\"image\":{\"@id\":\"https:\/\/saintbody.com\/body-bardot-z-siateczka-czarne\/#primaryimage\"},\"thumbnailUrl\":\"https:\/\/saintbody.com\/wp-content\/uploads\/2025\/02\/body-serce-Nora-Studio.jpeg\",\"datePublished\":\"2024-11-12T15:32:30+00:00\",\"dateModified\":\"2026-03-26T12:32:30+00:00\",\"description\":\"Obowi\u0105zkowy model w szafie ka\u017cdej z nas. Idealny jako baza pod marynark\u0119 ale r\u00f3wnie \u015bwietnie wygl\u0105da w zestawieniu z jeansami.\",\"breadcrumb\":{\"@id\":\"https:\/\/saintbody.com\/body-bardot-z-siateczka-czarne\/#breadcrumb\"},\"inLanguage\":\"en-US\",\"potentialAction\":[{\"@type\":\"ReadAction\",\"target\":[\"https:\/\/saintbody.com\/body-bardot-z-siateczka-czarne\/\"]}]},{\"@type\":\"ImageObject\",\"inLanguage\":\"en-US\",\"@id\":\"https:\/\/saintbody.com\/body-bardot-z-siateczka-czarne\/#primaryimage\",\"url\":\"https:\/\/saintbody.com\/wp-content\/uploads\/2025\/02\/body-serce-Nora-Studio.jpeg\",\"contentUrl\":\"https:\/\/saintbody.com\/wp-content\/uploads\/2025\/02\/body-serce-Nora-Studio.jpeg\",\"width\":1365,\"height\":2048},{\"@type\":\"BreadcrumbList\",\"@id\":\"https:\/\/saintbody.com\/body-bardot-z-siateczka-czarne\/#breadcrumb\",\"itemListElement\":[{\"@type\":\"ListItem\",\"position\":1,\"name\":\"Strona g\u0142\u00f3wna\",\"item\":\"https:\/\/saintbody.com\/\"},{\"@type\":\"ListItem\",\"position\":2,\"name\":\"Sklep\",\"item\":\"https:\/\/saintbody.com\/sklep\/\"},{\"@type\":\"ListItem\",\"position\":3,\"name\":\"Body bardot z siateczk\u0105 czarne\"}]},{\"@type\":\"WebSite\",\"@id\":\"https:\/\/saintbody.com\/#website\",\"url\":\"https:\/\/saintbody.com\/\",\"name\":\"Sklep SAINTBODY\",\"description\":\"Premium basic na ka\u00c5\u00bcd\u00c4\u2026 okazje. Ponadczasowe Body, Odzie\u00c5\u00bc damska, Sukienki Damskie\",\"publisher\":{\"@id\":\"https:\/\/saintbody.com\/#organization\"},\"potentialAction\":[{\"@type\":\"SearchAction\",\"target\":{\"@type\":\"EntryPoint\",\"urlTemplate\":\"https:\/\/saintbody.com\/?s={search_term_string}\"},\"query-input\":{\"@type\":\"PropertyValueSpecification\",\"valueRequired\":true,\"valueName\":\"search_term_string\"}}],\"inLanguage\":\"en-US\"},{\"@type\":\"Organization\",\"@id\":\"https:\/\/saintbody.com\/#organization\",\"name\":\"Sklep Saint Body\",\"url\":\"https:\/\/saintbody.com\/\",\"logo\":{\"@type\":\"ImageObject\",\"inLanguage\":\"en-US\",\"@id\":\"https:\/\/saintbody.com\/#\/schema\/logo\/image\/\",\"url\":\"https:\/\/saintbody.com\/wp-content\/uploads\/2023\/04\/SaintBody_Logo_Typografia-e1691418926919.png\",\"contentUrl\":\"https:\/\/saintbody.com\/wp-content\/uploads\/2023\/04\/SaintBody_Logo_Typografia-e1691418926919.png\",\"width\":1000,\"height\":202,\"caption\":\"Sklep Saint Body\"},\"image\":{\"@id\":\"https:\/\/saintbody.com\/#\/schema\/logo\/image\/\"},\"sameAs\":[\"https:\/\/facebook.com\/saintbody\/\"]}]}<\/script>\n<!-- \/ Yoast SEO plugin. -->","yoast_head_json":{"title":"Body bardot z siateczk\u0105 czarne - Sklep SAINTBODY","description":"Obowi\u0105zkowy model w szafie ka\u017cdej z nas. Idealny jako baza pod marynark\u0119 ale r\u00f3wnie \u015bwietnie wygl\u0105da w zestawieniu z jeansami.","robots":{"index":"index","follow":"follow","max-snippet":"max-snippet:-1","max-image-preview":"max-image-preview:large","max-video-preview":"max-video-preview:-1"},"canonical":"https:\/\/saintbody.com\/en\/body-bardot-z-siateczka-czarne\/","og_locale":"en_US","og_type":"article","og_title":"Body bardot z siateczk\u0105 czarne - Sklep SAINTBODY","og_description":"Obowi\u0105zkowy model w szafie ka\u017cdej z nas. Idealny jako baza pod marynark\u0119 ale r\u00f3wnie \u015bwietnie wygl\u0105da w zestawieniu z jeansami.","og_url":"https:\/\/saintbody.com\/en\/body-bardot-z-siateczka-czarne\/","og_site_name":"Sklep SAINTBODY","article_publisher":"https:\/\/facebook.com\/saintbody\/","article_modified_time":"2026-03-26T12:32:30+00:00","og_image":[{"width":1365,"height":2048,"url":"https:\/\/saintbody.com\/wp-content\/uploads\/2025\/02\/body-serce-Nora-Studio.jpeg","type":"image\/jpeg"}],"twitter_card":"summary_large_image","twitter_misc":{"Est. reading time":"1 minute"},"schema":{"@context":"https:\/\/schema.org","@graph":[{"@type":"WebPage","@id":"https:\/\/saintbody.com\/body-bardot-z-siateczka-czarne\/","url":"https:\/\/saintbody.com\/body-bardot-z-siateczka-czarne\/","name":"Body bardot z siateczk\u0105 czarne - Sklep SAINTBODY","isPartOf":{"@id":"https:\/\/saintbody.com\/#website"},"primaryImageOfPage":{"@id":"https:\/\/saintbody.com\/body-bardot-z-siateczka-czarne\/#primaryimage"},"image":{"@id":"https:\/\/saintbody.com\/body-bardot-z-siateczka-czarne\/#primaryimage"},"thumbnailUrl":"https:\/\/saintbody.com\/wp-content\/uploads\/2025\/02\/body-serce-Nora-Studio.jpeg","datePublished":"2024-11-12T15:32:30+00:00","dateModified":"2026-03-26T12:32:30+00:00","description":"Obowi\u0105zkowy model w szafie ka\u017cdej z nas. Idealny jako baza pod marynark\u0119 ale r\u00f3wnie \u015bwietnie wygl\u0105da w zestawieniu z jeansami.","breadcrumb":{"@id":"https:\/\/saintbody.com\/body-bardot-z-siateczka-czarne\/#breadcrumb"},"inLanguage":"en-US","potentialAction":[{"@type":"ReadAction","target":["https:\/\/saintbody.com\/body-bardot-z-siateczka-czarne\/"]}]},{"@type":"ImageObject","inLanguage":"en-US","@id":"https:\/\/saintbody.com\/body-bardot-z-siateczka-czarne\/#primaryimage","url":"https:\/\/saintbody.com\/wp-content\/uploads\/2025\/02\/body-serce-Nora-Studio.jpeg","contentUrl":"https:\/\/saintbody.com\/wp-content\/uploads\/2025\/02\/body-serce-Nora-Studio.jpeg","width":1365,"height":2048},{"@type":"BreadcrumbList","@id":"https:\/\/saintbody.com\/body-bardot-z-siateczka-czarne\/#breadcrumb","itemListElement":[{"@type":"ListItem","position":1,"name":"Strona g\u0142\u00f3wna","item":"https:\/\/saintbody.com\/"},{"@type":"ListItem","position":2,"name":"Sklep","item":"https:\/\/saintbody.com\/sklep\/"},{"@type":"ListItem","position":3,"name":"Body bardot z siateczk\u0105 czarne"}]},{"@type":"WebSite","@id":"https:\/\/saintbody.com\/#website","url":"https:\/\/saintbody.com\/","name":"Sklep SAINTBODY","description":"Premium basic na ka\u00c5\u00bcd\u00c4\u2026 okazje. Ponadczasowe Body, Odzie\u00c5\u00bc damska, Sukienki Damskie","publisher":{"@id":"https:\/\/saintbody.com\/#organization"},"potentialAction":[{"@type":"SearchAction","target":{"@type":"EntryPoint","urlTemplate":"https:\/\/saintbody.com\/?s={search_term_string}"},"query-input":{"@type":"PropertyValueSpecification","valueRequired":true,"valueName":"search_term_string"}}],"inLanguage":"en-US"},{"@type":"Organization","@id":"https:\/\/saintbody.com\/#organization","name":"Sklep Saint Body","url":"https:\/\/saintbody.com\/","logo":{"@type":"ImageObject","inLanguage":"en-US","@id":"https:\/\/saintbody.com\/#\/schema\/logo\/image\/","url":"https:\/\/saintbody.com\/wp-content\/uploads\/2023\/04\/SaintBody_Logo_Typografia-e1691418926919.png","contentUrl":"https:\/\/saintbody.com\/wp-content\/uploads\/2023\/04\/SaintBody_Logo_Typografia-e1691418926919.png","width":1000,"height":202,"caption":"Sklep Saint Body"},"image":{"@id":"https:\/\/saintbody.com\/#\/schema\/logo\/image\/"},"sameAs":["https:\/\/facebook.com\/saintbody\/"]}]}},"_links":{"self":[{"href":"https:\/\/saintbody.com\/en\/wp-json\/wp\/v2\/product\/52763","targetHints":{"allow":["GET"]}}],"collection":[{"href":"https:\/\/saintbody.com\/en\/wp-json\/wp\/v2\/product"}],"about":[{"href":"https:\/\/saintbody.com\/en\/wp-json\/wp\/v2\/types\/product"}],"wp:featuredmedia":[{"embeddable":true,"href":"https:\/\/saintbody.com\/en\/wp-json\/wp\/v2\/media\/59533"}],"wp:attachment":[{"href":"https:\/\/saintbody.com\/en\/wp-json\/wp\/v2\/media?parent=52763"}],"wp:term":[{"taxonomy":"product_brand","embeddable":true,"href":"https:\/\/saintbody.com\/en\/wp-json\/wp\/v2\/product_brand?post=52763"},{"taxonomy":"product_cat","embeddable":true,"href":"https:\/\/saintbody.com\/en\/wp-json\/wp\/v2\/product_cat?post=52763"},{"taxonomy":"product_tag","embeddable":true,"href":"https:\/\/saintbody.com\/en\/wp-json\/wp\/v2\/product_tag?post=52763"}],"curies":[{"name":"wp","href":"https:\/\/api.w.org\/{rel}","templated":true}]}}