{"id":52732,"date":"2024-11-12T11:10:06","date_gmt":"2024-11-12T10:10:06","guid":{"rendered":"https:\/\/saintbody.com\/?post_type=product&#038;p=52732"},"modified":"2025-11-12T12:49:57","modified_gmt":"2025-11-12T11:49:57","slug":"body-zapinane-na-szyi-czarne","status":"publish","type":"product","link":"https:\/\/saintbody.com\/en\/body-zapinane-na-szyi-czarne\/","title":{"rendered":"Body fastened at the neck black"},"content":{"rendered":"<p>Open-necked bodysuit with open shoulders is a timeless cut that beautifully exposes the shoulders and emphasizes the neckline. Thanks to the adjustment at the neck you can perfectly adjust the length and tension of the straps. Elegant cut makes the bodysuit perfect for both evening outings and everyday styling.<\/p>\n<p>The model is 177 cm tall, wears size S.<\/p>\n<p>Also check out our bestselling\u00a0<a href=\"https:\/\/saintbody.com\/en\/kategoria\/body\/\">body<\/a> !<br \/>\nVisit us at <a href=\"https:\/\/www.instagram.com\/saintbodyofficial\/\">instagram<\/a>.<\/p>","protected":false},"excerpt":{"rendered":"<p>Open-necked bodysuit with open shoulders is a timeless cut that beautifully exposes the shoulders and emphasizes the neckline. Thanks to the adjustment at the neck you can perfectly adjust the length and tension of the straps. The elegant cut makes the bodysuit perfect for both evening outings and everyday styling. The model is 177 cm tall, wears size S. Check also [...]<\/p>","protected":false},"featured_media":52896,"template":"","meta":[],"product_brand":[],"product_cat":[20,21,183],"product_tag":[23],"class_list":{"0":"post-52732","1":"product","2":"type-product","3":"status-publish","4":"has-post-thumbnail","6":"product_cat-wszystko","7":"product_cat-body-damskie","8":"product_cat-sale","9":"product_tag-body","11":"first","12":"outofstock","13":"sale","14":"taxable","15":"shipping-taxable","16":"purchasable","17":"product-type-variable"},"yoast_head":"<!-- This site is optimized with the Yoast SEO plugin v27.0 - https:\/\/yoast.com\/product\/yoast-seo-wordpress\/ -->\n<title>Body odkrywaj\u0105ce ramiona - Sklep SAINTBODY<\/title>\n<meta name=\"description\" content=\"Czarne body z odkrytymi ramionami, podw\u00f3jna warstwa materia\u0142u, bezszwowe.\" \/>\n<meta name=\"robots\" content=\"index, follow, max-snippet:-1, max-image-preview:large, max-video-preview:-1\" \/>\n<link rel=\"canonical\" href=\"https:\/\/saintbody.com\/en\/body-zapinane-na-szyi-czarne\/\" \/>\n<meta property=\"og:locale\" content=\"en_US\" \/>\n<meta property=\"og:type\" content=\"article\" \/>\n<meta property=\"og:title\" content=\"Body odkrywaj\u0105ce ramiona - Sklep SAINTBODY\" \/>\n<meta property=\"og:description\" content=\"Czarne body z odkrytymi ramionami, podw\u00f3jna warstwa materia\u0142u, bezszwowe.\" \/>\n<meta property=\"og:url\" content=\"https:\/\/saintbody.com\/en\/body-zapinane-na-szyi-czarne\/\" \/>\n<meta property=\"og:site_name\" content=\"Sklep SAINTBODY\" \/>\n<meta property=\"article:publisher\" content=\"https:\/\/facebook.com\/saintbody\/\" \/>\n<meta property=\"article:modified_time\" content=\"2025-11-12T11:49:57+00:00\" \/>\n<meta property=\"og:image\" content=\"http:\/\/saintbody.com\/wp-content\/uploads\/2024\/11\/SBB_0608-2-1.jpg\" \/>\n\t<meta property=\"og:image:width\" content=\"1000\" \/>\n\t<meta property=\"og:image:height\" content=\"1500\" \/>\n\t<meta property=\"og:image:type\" content=\"image\/jpeg\" \/>\n<meta name=\"twitter:card\" content=\"summary_large_image\" \/>\n<meta name=\"twitter:label1\" content=\"Est. reading time\" \/>\n\t<meta name=\"twitter:data1\" content=\"1 minute\" \/>\n<script type=\"application\/ld+json\" class=\"yoast-schema-graph\">{\"@context\":\"https:\/\/schema.org\",\"@graph\":[{\"@type\":\"WebPage\",\"@id\":\"https:\/\/saintbody.com\/body-zapinane-na-szyi-czarne\/\",\"url\":\"https:\/\/saintbody.com\/body-zapinane-na-szyi-czarne\/\",\"name\":\"Body odkrywaj\u0105ce ramiona - Sklep SAINTBODY\",\"isPartOf\":{\"@id\":\"https:\/\/saintbody.com\/#website\"},\"primaryImageOfPage\":{\"@id\":\"https:\/\/saintbody.com\/body-zapinane-na-szyi-czarne\/#primaryimage\"},\"image\":{\"@id\":\"https:\/\/saintbody.com\/body-zapinane-na-szyi-czarne\/#primaryimage\"},\"thumbnailUrl\":\"https:\/\/saintbody.com\/wp-content\/uploads\/2024\/11\/SBB_0608-2-1.jpg\",\"datePublished\":\"2024-11-12T10:10:06+00:00\",\"dateModified\":\"2025-11-12T11:49:57+00:00\",\"description\":\"Czarne body z odkrytymi ramionami, podw\u00f3jna warstwa materia\u0142u, bezszwowe.\",\"breadcrumb\":{\"@id\":\"https:\/\/saintbody.com\/body-zapinane-na-szyi-czarne\/#breadcrumb\"},\"inLanguage\":\"en-US\",\"potentialAction\":[{\"@type\":\"ReadAction\",\"target\":[\"https:\/\/saintbody.com\/body-zapinane-na-szyi-czarne\/\"]}]},{\"@type\":\"ImageObject\",\"inLanguage\":\"en-US\",\"@id\":\"https:\/\/saintbody.com\/body-zapinane-na-szyi-czarne\/#primaryimage\",\"url\":\"https:\/\/saintbody.com\/wp-content\/uploads\/2024\/11\/SBB_0608-2-1.jpg\",\"contentUrl\":\"https:\/\/saintbody.com\/wp-content\/uploads\/2024\/11\/SBB_0608-2-1.jpg\",\"width\":1000,\"height\":1500},{\"@type\":\"BreadcrumbList\",\"@id\":\"https:\/\/saintbody.com\/body-zapinane-na-szyi-czarne\/#breadcrumb\",\"itemListElement\":[{\"@type\":\"ListItem\",\"position\":1,\"name\":\"Strona g\u0142\u00f3wna\",\"item\":\"https:\/\/saintbody.com\/\"},{\"@type\":\"ListItem\",\"position\":2,\"name\":\"Sklep\",\"item\":\"https:\/\/saintbody.com\/sklep\/\"},{\"@type\":\"ListItem\",\"position\":3,\"name\":\"Body zapinane na szyi czarne\"}]},{\"@type\":\"WebSite\",\"@id\":\"https:\/\/saintbody.com\/#website\",\"url\":\"https:\/\/saintbody.com\/\",\"name\":\"Sklep SAINTBODY\",\"description\":\"Premium basic na ka\u00c5\u00bcd\u00c4\u2026 okazje. Ponadczasowe Body, Odzie\u00c5\u00bc damska, Sukienki Damskie\",\"publisher\":{\"@id\":\"https:\/\/saintbody.com\/#organization\"},\"potentialAction\":[{\"@type\":\"SearchAction\",\"target\":{\"@type\":\"EntryPoint\",\"urlTemplate\":\"https:\/\/saintbody.com\/?s={search_term_string}\"},\"query-input\":{\"@type\":\"PropertyValueSpecification\",\"valueRequired\":true,\"valueName\":\"search_term_string\"}}],\"inLanguage\":\"en-US\"},{\"@type\":\"Organization\",\"@id\":\"https:\/\/saintbody.com\/#organization\",\"name\":\"Sklep Saint Body\",\"url\":\"https:\/\/saintbody.com\/\",\"logo\":{\"@type\":\"ImageObject\",\"inLanguage\":\"en-US\",\"@id\":\"https:\/\/saintbody.com\/#\/schema\/logo\/image\/\",\"url\":\"https:\/\/saintbody.com\/wp-content\/uploads\/2023\/04\/SaintBody_Logo_Typografia-e1691418926919.png\",\"contentUrl\":\"https:\/\/saintbody.com\/wp-content\/uploads\/2023\/04\/SaintBody_Logo_Typografia-e1691418926919.png\",\"width\":1000,\"height\":202,\"caption\":\"Sklep Saint Body\"},\"image\":{\"@id\":\"https:\/\/saintbody.com\/#\/schema\/logo\/image\/\"},\"sameAs\":[\"https:\/\/facebook.com\/saintbody\/\"]}]}<\/script>\n<!-- \/ Yoast SEO plugin. -->","yoast_head_json":{"title":"Body odkrywaj\u0105ce ramiona - Sklep SAINTBODY","description":"Czarne body z odkrytymi ramionami, podw\u00f3jna warstwa materia\u0142u, bezszwowe.","robots":{"index":"index","follow":"follow","max-snippet":"max-snippet:-1","max-image-preview":"max-image-preview:large","max-video-preview":"max-video-preview:-1"},"canonical":"https:\/\/saintbody.com\/en\/body-zapinane-na-szyi-czarne\/","og_locale":"en_US","og_type":"article","og_title":"Body odkrywaj\u0105ce ramiona - Sklep SAINTBODY","og_description":"Czarne body z odkrytymi ramionami, podw\u00f3jna warstwa materia\u0142u, bezszwowe.","og_url":"https:\/\/saintbody.com\/en\/body-zapinane-na-szyi-czarne\/","og_site_name":"Sklep SAINTBODY","article_publisher":"https:\/\/facebook.com\/saintbody\/","article_modified_time":"2025-11-12T11:49:57+00:00","og_image":[{"width":1000,"height":1500,"url":"http:\/\/saintbody.com\/wp-content\/uploads\/2024\/11\/SBB_0608-2-1.jpg","type":"image\/jpeg"}],"twitter_card":"summary_large_image","twitter_misc":{"Est. reading time":"1 minute"},"schema":{"@context":"https:\/\/schema.org","@graph":[{"@type":"WebPage","@id":"https:\/\/saintbody.com\/body-zapinane-na-szyi-czarne\/","url":"https:\/\/saintbody.com\/body-zapinane-na-szyi-czarne\/","name":"Body odkrywaj\u0105ce ramiona - Sklep SAINTBODY","isPartOf":{"@id":"https:\/\/saintbody.com\/#website"},"primaryImageOfPage":{"@id":"https:\/\/saintbody.com\/body-zapinane-na-szyi-czarne\/#primaryimage"},"image":{"@id":"https:\/\/saintbody.com\/body-zapinane-na-szyi-czarne\/#primaryimage"},"thumbnailUrl":"https:\/\/saintbody.com\/wp-content\/uploads\/2024\/11\/SBB_0608-2-1.jpg","datePublished":"2024-11-12T10:10:06+00:00","dateModified":"2025-11-12T11:49:57+00:00","description":"Czarne body z odkrytymi ramionami, podw\u00f3jna warstwa materia\u0142u, bezszwowe.","breadcrumb":{"@id":"https:\/\/saintbody.com\/body-zapinane-na-szyi-czarne\/#breadcrumb"},"inLanguage":"en-US","potentialAction":[{"@type":"ReadAction","target":["https:\/\/saintbody.com\/body-zapinane-na-szyi-czarne\/"]}]},{"@type":"ImageObject","inLanguage":"en-US","@id":"https:\/\/saintbody.com\/body-zapinane-na-szyi-czarne\/#primaryimage","url":"https:\/\/saintbody.com\/wp-content\/uploads\/2024\/11\/SBB_0608-2-1.jpg","contentUrl":"https:\/\/saintbody.com\/wp-content\/uploads\/2024\/11\/SBB_0608-2-1.jpg","width":1000,"height":1500},{"@type":"BreadcrumbList","@id":"https:\/\/saintbody.com\/body-zapinane-na-szyi-czarne\/#breadcrumb","itemListElement":[{"@type":"ListItem","position":1,"name":"Strona g\u0142\u00f3wna","item":"https:\/\/saintbody.com\/"},{"@type":"ListItem","position":2,"name":"Sklep","item":"https:\/\/saintbody.com\/sklep\/"},{"@type":"ListItem","position":3,"name":"Body zapinane na szyi czarne"}]},{"@type":"WebSite","@id":"https:\/\/saintbody.com\/#website","url":"https:\/\/saintbody.com\/","name":"Sklep SAINTBODY","description":"Premium basic na ka\u00c5\u00bcd\u00c4\u2026 okazje. Ponadczasowe Body, Odzie\u00c5\u00bc damska, Sukienki Damskie","publisher":{"@id":"https:\/\/saintbody.com\/#organization"},"potentialAction":[{"@type":"SearchAction","target":{"@type":"EntryPoint","urlTemplate":"https:\/\/saintbody.com\/?s={search_term_string}"},"query-input":{"@type":"PropertyValueSpecification","valueRequired":true,"valueName":"search_term_string"}}],"inLanguage":"en-US"},{"@type":"Organization","@id":"https:\/\/saintbody.com\/#organization","name":"Sklep Saint Body","url":"https:\/\/saintbody.com\/","logo":{"@type":"ImageObject","inLanguage":"en-US","@id":"https:\/\/saintbody.com\/#\/schema\/logo\/image\/","url":"https:\/\/saintbody.com\/wp-content\/uploads\/2023\/04\/SaintBody_Logo_Typografia-e1691418926919.png","contentUrl":"https:\/\/saintbody.com\/wp-content\/uploads\/2023\/04\/SaintBody_Logo_Typografia-e1691418926919.png","width":1000,"height":202,"caption":"Sklep Saint Body"},"image":{"@id":"https:\/\/saintbody.com\/#\/schema\/logo\/image\/"},"sameAs":["https:\/\/facebook.com\/saintbody\/"]}]}},"_links":{"self":[{"href":"https:\/\/saintbody.com\/en\/wp-json\/wp\/v2\/product\/52732","targetHints":{"allow":["GET"]}}],"collection":[{"href":"https:\/\/saintbody.com\/en\/wp-json\/wp\/v2\/product"}],"about":[{"href":"https:\/\/saintbody.com\/en\/wp-json\/wp\/v2\/types\/product"}],"wp:featuredmedia":[{"embeddable":true,"href":"https:\/\/saintbody.com\/en\/wp-json\/wp\/v2\/media\/52896"}],"wp:attachment":[{"href":"https:\/\/saintbody.com\/en\/wp-json\/wp\/v2\/media?parent=52732"}],"wp:term":[{"taxonomy":"product_brand","embeddable":true,"href":"https:\/\/saintbody.com\/en\/wp-json\/wp\/v2\/product_brand?post=52732"},{"taxonomy":"product_cat","embeddable":true,"href":"https:\/\/saintbody.com\/en\/wp-json\/wp\/v2\/product_cat?post=52732"},{"taxonomy":"product_tag","embeddable":true,"href":"https:\/\/saintbody.com\/en\/wp-json\/wp\/v2\/product_tag?post=52732"}],"curies":[{"name":"wp","href":"https:\/\/api.w.org\/{rel}","templated":true}]}}