{"id":525,"date":"2023-03-09T17:37:20","date_gmt":"2023-03-09T16:37:20","guid":{"rendered":"http:\/\/saintbody.com\/?post_type=product&#038;p=525"},"modified":"2026-02-24T12:30:57","modified_gmt":"2026-02-24T11:30:57","slug":"sukienka-mini-z-przekladanym-dekoltem","status":"publish","type":"product","link":"https:\/\/saintbody.com\/en\/sukienka-mini-z-przekladanym-dekoltem\/","title":{"rendered":"Mini dress with layered neckline"},"content":{"rendered":"<p>Phenomenal mini dress with a sensual neckline and an interesting cross knot under the neck. The beautiful black color emphasizing the eyes and the interlaced neckline is something that is sure to attract attention in everyday styling, and will cause admiration on a date. All carefully crafted from sweater knit fabric. Premium finish.<\/p>\n<p>Also check out our bestselling\u00a0<a href=\"https:\/\/saintbody.com\/en\/kategoria\/sukienki\/\">dresses<\/a> !<br \/>\nVisit us at <a href=\"https:\/\/www.instagram.com\/saintbodyofficial\/\">instagram<\/a>.<\/p>","protected":false},"excerpt":{"rendered":"<p>Beautiful mini dress from the new collection, sweater knit and sensual cutout on the back. The front, on the other hand, features a classic round neckline and long sleeves.<\/p>\n<p>Composition: 95% viscose, 5% elastane Model is 173 cm tall, wears size XS<\/p>\n<p>Also check out our bestselling\u00a0<a href=\"https:\/\/saintbody.com\/en\/kategoria\/sukienki\/\">dresses<\/a> !<br \/>\nVisit us at <a href=\"https:\/\/www.instagram.com\/saintbodyofficial\/\">instagram<\/a>.<\/p>","protected":false},"featured_media":53665,"template":"","meta":[],"product_brand":[],"product_cat":[20,26,183],"product_tag":[27],"class_list":{"0":"post-525","1":"product","2":"type-product","3":"status-publish","4":"has-post-thumbnail","6":"product_cat-wszystko","7":"product_cat-sukienki","8":"product_cat-sale","9":"product_tag-sukienki","11":"first","12":"outofstock","13":"sale","14":"taxable","15":"shipping-taxable","16":"purchasable","17":"product-type-variable"},"yoast_head":"<!-- This site is optimized with the Yoast SEO plugin v27.0 - https:\/\/yoast.com\/product\/yoast-seo-wordpress\/ -->\n<title>Sukienka z przek\u0142adanym dekoltem - Sklep SAINTBODY<\/title>\n<meta name=\"description\" content=\"Sukienka mini, zmys\u0142owe wyci\u0119cie na dekolcie oraz krzy\u017cowany w\u0119ze\u0142 pod szyj\u0105, d\u0142ugi r\u0119kaw i wszystko wykonane starannie ze sweterkowej dzianiny.\" \/>\n<meta name=\"robots\" content=\"index, follow, max-snippet:-1, max-image-preview:large, max-video-preview:-1\" \/>\n<link rel=\"canonical\" href=\"https:\/\/saintbody.com\/en\/sukienka-mini-z-przekladanym-dekoltem\/\" \/>\n<meta property=\"og:locale\" content=\"en_US\" \/>\n<meta property=\"og:type\" content=\"article\" \/>\n<meta property=\"og:title\" content=\"Sukienka z przek\u0142adanym dekoltem - Sklep SAINTBODY\" \/>\n<meta property=\"og:description\" content=\"Sukienka mini, zmys\u0142owe wyci\u0119cie na dekolcie oraz krzy\u017cowany w\u0119ze\u0142 pod szyj\u0105, d\u0142ugi r\u0119kaw i wszystko wykonane starannie ze sweterkowej dzianiny.\" \/>\n<meta property=\"og:url\" content=\"https:\/\/saintbody.com\/en\/sukienka-mini-z-przekladanym-dekoltem\/\" \/>\n<meta property=\"og:site_name\" content=\"Sklep SAINTBODY\" \/>\n<meta property=\"article:publisher\" content=\"https:\/\/facebook.com\/saintbody\/\" \/>\n<meta property=\"article:modified_time\" content=\"2026-02-24T11:30:57+00:00\" \/>\n<meta property=\"og:image\" content=\"http:\/\/saintbody.com\/wp-content\/uploads\/2023\/03\/1-scaled.jpg\" \/>\n\t<meta property=\"og:image:width\" content=\"1707\" \/>\n\t<meta property=\"og:image:height\" content=\"2560\" \/>\n\t<meta property=\"og:image:type\" content=\"image\/jpeg\" \/>\n<meta name=\"twitter:card\" content=\"summary_large_image\" \/>\n<meta name=\"twitter:label1\" content=\"Est. reading time\" \/>\n\t<meta name=\"twitter:data1\" content=\"1 minute\" \/>\n<script type=\"application\/ld+json\" class=\"yoast-schema-graph\">{\"@context\":\"https:\/\/schema.org\",\"@graph\":[{\"@type\":\"WebPage\",\"@id\":\"https:\/\/saintbody.com\/sukienka-mini-z-przekladanym-dekoltem\/\",\"url\":\"https:\/\/saintbody.com\/sukienka-mini-z-przekladanym-dekoltem\/\",\"name\":\"Sukienka z przek\u0142adanym dekoltem - Sklep SAINTBODY\",\"isPartOf\":{\"@id\":\"https:\/\/saintbody.com\/#website\"},\"primaryImageOfPage\":{\"@id\":\"https:\/\/saintbody.com\/sukienka-mini-z-przekladanym-dekoltem\/#primaryimage\"},\"image\":{\"@id\":\"https:\/\/saintbody.com\/sukienka-mini-z-przekladanym-dekoltem\/#primaryimage\"},\"thumbnailUrl\":\"https:\/\/saintbody.com\/wp-content\/uploads\/2023\/03\/1-scaled.jpg\",\"datePublished\":\"2023-03-09T16:37:20+00:00\",\"dateModified\":\"2026-02-24T11:30:57+00:00\",\"description\":\"Sukienka mini, zmys\u0142owe wyci\u0119cie na dekolcie oraz krzy\u017cowany w\u0119ze\u0142 pod szyj\u0105, d\u0142ugi r\u0119kaw i wszystko wykonane starannie ze sweterkowej dzianiny.\",\"breadcrumb\":{\"@id\":\"https:\/\/saintbody.com\/sukienka-mini-z-przekladanym-dekoltem\/#breadcrumb\"},\"inLanguage\":\"en-US\",\"potentialAction\":[{\"@type\":\"ReadAction\",\"target\":[\"https:\/\/saintbody.com\/sukienka-mini-z-przekladanym-dekoltem\/\"]}]},{\"@type\":\"ImageObject\",\"inLanguage\":\"en-US\",\"@id\":\"https:\/\/saintbody.com\/sukienka-mini-z-przekladanym-dekoltem\/#primaryimage\",\"url\":\"https:\/\/saintbody.com\/wp-content\/uploads\/2023\/03\/1-scaled.jpg\",\"contentUrl\":\"https:\/\/saintbody.com\/wp-content\/uploads\/2023\/03\/1-scaled.jpg\",\"width\":1707,\"height\":2560},{\"@type\":\"BreadcrumbList\",\"@id\":\"https:\/\/saintbody.com\/sukienka-mini-z-przekladanym-dekoltem\/#breadcrumb\",\"itemListElement\":[{\"@type\":\"ListItem\",\"position\":1,\"name\":\"Strona g\u0142\u00f3wna\",\"item\":\"https:\/\/saintbody.com\/\"},{\"@type\":\"ListItem\",\"position\":2,\"name\":\"Sklep\",\"item\":\"https:\/\/saintbody.com\/sklep\/\"},{\"@type\":\"ListItem\",\"position\":3,\"name\":\"Sukienka mini z przek\u0142adanym dekoltem\"}]},{\"@type\":\"WebSite\",\"@id\":\"https:\/\/saintbody.com\/#website\",\"url\":\"https:\/\/saintbody.com\/\",\"name\":\"Sklep SAINTBODY\",\"description\":\"Premium basic na ka\u00c5\u00bcd\u00c4\u2026 okazje. Ponadczasowe Body, Odzie\u00c5\u00bc damska, Sukienki Damskie\",\"publisher\":{\"@id\":\"https:\/\/saintbody.com\/#organization\"},\"potentialAction\":[{\"@type\":\"SearchAction\",\"target\":{\"@type\":\"EntryPoint\",\"urlTemplate\":\"https:\/\/saintbody.com\/?s={search_term_string}\"},\"query-input\":{\"@type\":\"PropertyValueSpecification\",\"valueRequired\":true,\"valueName\":\"search_term_string\"}}],\"inLanguage\":\"en-US\"},{\"@type\":\"Organization\",\"@id\":\"https:\/\/saintbody.com\/#organization\",\"name\":\"Sklep Saint Body\",\"url\":\"https:\/\/saintbody.com\/\",\"logo\":{\"@type\":\"ImageObject\",\"inLanguage\":\"en-US\",\"@id\":\"https:\/\/saintbody.com\/#\/schema\/logo\/image\/\",\"url\":\"https:\/\/saintbody.com\/wp-content\/uploads\/2023\/04\/SaintBody_Logo_Typografia-e1691418926919.png\",\"contentUrl\":\"https:\/\/saintbody.com\/wp-content\/uploads\/2023\/04\/SaintBody_Logo_Typografia-e1691418926919.png\",\"width\":1000,\"height\":202,\"caption\":\"Sklep Saint Body\"},\"image\":{\"@id\":\"https:\/\/saintbody.com\/#\/schema\/logo\/image\/\"},\"sameAs\":[\"https:\/\/facebook.com\/saintbody\/\"]}]}<\/script>\n<!-- \/ Yoast SEO plugin. -->","yoast_head_json":{"title":"Sukienka z przek\u0142adanym dekoltem - Sklep SAINTBODY","description":"Sukienka mini, zmys\u0142owe wyci\u0119cie na dekolcie oraz krzy\u017cowany w\u0119ze\u0142 pod szyj\u0105, d\u0142ugi r\u0119kaw i wszystko wykonane starannie ze sweterkowej dzianiny.","robots":{"index":"index","follow":"follow","max-snippet":"max-snippet:-1","max-image-preview":"max-image-preview:large","max-video-preview":"max-video-preview:-1"},"canonical":"https:\/\/saintbody.com\/en\/sukienka-mini-z-przekladanym-dekoltem\/","og_locale":"en_US","og_type":"article","og_title":"Sukienka z przek\u0142adanym dekoltem - Sklep SAINTBODY","og_description":"Sukienka mini, zmys\u0142owe wyci\u0119cie na dekolcie oraz krzy\u017cowany w\u0119ze\u0142 pod szyj\u0105, d\u0142ugi r\u0119kaw i wszystko wykonane starannie ze sweterkowej dzianiny.","og_url":"https:\/\/saintbody.com\/en\/sukienka-mini-z-przekladanym-dekoltem\/","og_site_name":"Sklep SAINTBODY","article_publisher":"https:\/\/facebook.com\/saintbody\/","article_modified_time":"2026-02-24T11:30:57+00:00","og_image":[{"width":1707,"height":2560,"url":"http:\/\/saintbody.com\/wp-content\/uploads\/2023\/03\/1-scaled.jpg","type":"image\/jpeg"}],"twitter_card":"summary_large_image","twitter_misc":{"Est. reading time":"1 minute"},"schema":{"@context":"https:\/\/schema.org","@graph":[{"@type":"WebPage","@id":"https:\/\/saintbody.com\/sukienka-mini-z-przekladanym-dekoltem\/","url":"https:\/\/saintbody.com\/sukienka-mini-z-przekladanym-dekoltem\/","name":"Sukienka z przek\u0142adanym dekoltem - Sklep SAINTBODY","isPartOf":{"@id":"https:\/\/saintbody.com\/#website"},"primaryImageOfPage":{"@id":"https:\/\/saintbody.com\/sukienka-mini-z-przekladanym-dekoltem\/#primaryimage"},"image":{"@id":"https:\/\/saintbody.com\/sukienka-mini-z-przekladanym-dekoltem\/#primaryimage"},"thumbnailUrl":"https:\/\/saintbody.com\/wp-content\/uploads\/2023\/03\/1-scaled.jpg","datePublished":"2023-03-09T16:37:20+00:00","dateModified":"2026-02-24T11:30:57+00:00","description":"Sukienka mini, zmys\u0142owe wyci\u0119cie na dekolcie oraz krzy\u017cowany w\u0119ze\u0142 pod szyj\u0105, d\u0142ugi r\u0119kaw i wszystko wykonane starannie ze sweterkowej dzianiny.","breadcrumb":{"@id":"https:\/\/saintbody.com\/sukienka-mini-z-przekladanym-dekoltem\/#breadcrumb"},"inLanguage":"en-US","potentialAction":[{"@type":"ReadAction","target":["https:\/\/saintbody.com\/sukienka-mini-z-przekladanym-dekoltem\/"]}]},{"@type":"ImageObject","inLanguage":"en-US","@id":"https:\/\/saintbody.com\/sukienka-mini-z-przekladanym-dekoltem\/#primaryimage","url":"https:\/\/saintbody.com\/wp-content\/uploads\/2023\/03\/1-scaled.jpg","contentUrl":"https:\/\/saintbody.com\/wp-content\/uploads\/2023\/03\/1-scaled.jpg","width":1707,"height":2560},{"@type":"BreadcrumbList","@id":"https:\/\/saintbody.com\/sukienka-mini-z-przekladanym-dekoltem\/#breadcrumb","itemListElement":[{"@type":"ListItem","position":1,"name":"Strona g\u0142\u00f3wna","item":"https:\/\/saintbody.com\/"},{"@type":"ListItem","position":2,"name":"Sklep","item":"https:\/\/saintbody.com\/sklep\/"},{"@type":"ListItem","position":3,"name":"Sukienka mini z przek\u0142adanym dekoltem"}]},{"@type":"WebSite","@id":"https:\/\/saintbody.com\/#website","url":"https:\/\/saintbody.com\/","name":"Sklep SAINTBODY","description":"Premium basic na ka\u00c5\u00bcd\u00c4\u2026 okazje. Ponadczasowe Body, Odzie\u00c5\u00bc damska, Sukienki Damskie","publisher":{"@id":"https:\/\/saintbody.com\/#organization"},"potentialAction":[{"@type":"SearchAction","target":{"@type":"EntryPoint","urlTemplate":"https:\/\/saintbody.com\/?s={search_term_string}"},"query-input":{"@type":"PropertyValueSpecification","valueRequired":true,"valueName":"search_term_string"}}],"inLanguage":"en-US"},{"@type":"Organization","@id":"https:\/\/saintbody.com\/#organization","name":"Sklep Saint Body","url":"https:\/\/saintbody.com\/","logo":{"@type":"ImageObject","inLanguage":"en-US","@id":"https:\/\/saintbody.com\/#\/schema\/logo\/image\/","url":"https:\/\/saintbody.com\/wp-content\/uploads\/2023\/04\/SaintBody_Logo_Typografia-e1691418926919.png","contentUrl":"https:\/\/saintbody.com\/wp-content\/uploads\/2023\/04\/SaintBody_Logo_Typografia-e1691418926919.png","width":1000,"height":202,"caption":"Sklep Saint Body"},"image":{"@id":"https:\/\/saintbody.com\/#\/schema\/logo\/image\/"},"sameAs":["https:\/\/facebook.com\/saintbody\/"]}]}},"_links":{"self":[{"href":"https:\/\/saintbody.com\/en\/wp-json\/wp\/v2\/product\/525","targetHints":{"allow":["GET"]}}],"collection":[{"href":"https:\/\/saintbody.com\/en\/wp-json\/wp\/v2\/product"}],"about":[{"href":"https:\/\/saintbody.com\/en\/wp-json\/wp\/v2\/types\/product"}],"wp:featuredmedia":[{"embeddable":true,"href":"https:\/\/saintbody.com\/en\/wp-json\/wp\/v2\/media\/53665"}],"wp:attachment":[{"href":"https:\/\/saintbody.com\/en\/wp-json\/wp\/v2\/media?parent=525"}],"wp:term":[{"taxonomy":"product_brand","embeddable":true,"href":"https:\/\/saintbody.com\/en\/wp-json\/wp\/v2\/product_brand?post=525"},{"taxonomy":"product_cat","embeddable":true,"href":"https:\/\/saintbody.com\/en\/wp-json\/wp\/v2\/product_cat?post=525"},{"taxonomy":"product_tag","embeddable":true,"href":"https:\/\/saintbody.com\/en\/wp-json\/wp\/v2\/product_tag?post=525"}],"curies":[{"name":"wp","href":"https:\/\/api.w.org\/{rel}","templated":true}]}}