{"id":520,"date":"2023-03-09T17:37:20","date_gmt":"2023-03-09T16:37:20","guid":{"rendered":"http:\/\/saintbody.com\/?post_type=product&#038;p=520"},"modified":"2025-04-09T10:55:15","modified_gmt":"2025-04-09T08:55:15","slug":"crop-top-z-przekladanym-dekoltem","status":"publish","type":"product","link":"https:\/\/saintbody.com\/en\/crop-top-z-przekladanym-dekoltem\/","title":{"rendered":"Crop Top with a layered neckline"},"content":{"rendered":"<p>Crop top with cutout and layered neckline. The top with a cross knot at the top of the neckline is a great solution for people who have problems with the selection of jewelry. It adds variety to everyday looks, and creates awe at meetings. Double layer of knitwear, seamless finish, elastic threads ensure high wearing comfort. Matches perfectly with high-waisted pants.<\/p>\n<p>Also check out our bestselling\u00a0<a href=\"https:\/\/saintbody.com\/en\/kategoria\/spodnie\/\">pants<\/a> !<br \/>\nVisit us at <a href=\"https:\/\/www.instagram.com\/saintbodyofficial\/\">instagram<\/a>.<\/p>","protected":false},"excerpt":{"rendered":"<p>Crop top with cutout and layered neckline. The top with a cross knot at the top of the neckline is a great solution for people who have problems with the selection of jewelry. It adds variety to everyday looks, and creates awe at meetings. Double layer of knitwear, seamless finish, elastic threads ensure high wearing comfort. Matches perfectly with high-waisted pants. Also check out our [...]<\/p>","protected":false},"featured_media":53637,"template":"","meta":[],"product_brand":[],"product_cat":[37,20],"product_tag":[38],"class_list":{"0":"post-520","1":"product","2":"type-product","3":"status-publish","4":"has-post-thumbnail","6":"product_cat-topy","7":"product_cat-wszystko","8":"product_tag-topy","10":"first","11":"outofstock","12":"taxable","13":"shipping-taxable","14":"purchasable","15":"product-type-variable"},"yoast_head":"<!-- This site is optimized with the Yoast SEO plugin v27.0 - https:\/\/yoast.com\/product\/yoast-seo-wordpress\/ -->\n<title>Czarny przek\u0142adany top - Sklep SAINTBODY<\/title>\n<meta name=\"description\" content=\"Crop Top z wyci\u0119ciem i przek\u0142adanym dekoltem. Kr\u00f3tki top z d\u0142ugim r\u0119kawem pi\u0119knie komponuje si\u0119 ze spodniami o podwy\u017cszonym stanie. Saintbody\" \/>\n<meta name=\"robots\" content=\"index, follow, max-snippet:-1, max-image-preview:large, max-video-preview:-1\" \/>\n<link rel=\"canonical\" href=\"https:\/\/saintbody.com\/en\/crop-top-z-przekladanym-dekoltem\/\" \/>\n<meta property=\"og:locale\" content=\"en_US\" \/>\n<meta property=\"og:type\" content=\"article\" \/>\n<meta property=\"og:title\" content=\"Czarny przek\u0142adany top - Sklep SAINTBODY\" \/>\n<meta property=\"og:description\" content=\"Crop Top z wyci\u0119ciem i przek\u0142adanym dekoltem. Kr\u00f3tki top z d\u0142ugim r\u0119kawem pi\u0119knie komponuje si\u0119 ze spodniami o podwy\u017cszonym stanie. Saintbody\" \/>\n<meta property=\"og:url\" content=\"https:\/\/saintbody.com\/en\/crop-top-z-przekladanym-dekoltem\/\" \/>\n<meta property=\"og:site_name\" content=\"Sklep SAINTBODY\" \/>\n<meta property=\"article:publisher\" content=\"https:\/\/facebook.com\/saintbody\/\" \/>\n<meta property=\"article:modified_time\" content=\"2025-04-09T08:55:15+00:00\" \/>\n<meta property=\"og:image\" content=\"https:\/\/saintbody.com\/wp-content\/uploads\/2023\/03\/9a-scaled.jpg\" \/>\n\t<meta property=\"og:image:width\" content=\"1707\" \/>\n\t<meta property=\"og:image:height\" content=\"2560\" \/>\n\t<meta property=\"og:image:type\" content=\"image\/jpeg\" \/>\n<meta name=\"twitter:card\" content=\"summary_large_image\" \/>\n<meta name=\"twitter:label1\" content=\"Est. reading time\" \/>\n\t<meta name=\"twitter:data1\" content=\"1 minute\" \/>\n<script type=\"application\/ld+json\" class=\"yoast-schema-graph\">{\"@context\":\"https:\/\/schema.org\",\"@graph\":[{\"@type\":\"WebPage\",\"@id\":\"https:\/\/saintbody.com\/crop-top-z-przekladanym-dekoltem\/\",\"url\":\"https:\/\/saintbody.com\/crop-top-z-przekladanym-dekoltem\/\",\"name\":\"Czarny przek\u0142adany top - Sklep SAINTBODY\",\"isPartOf\":{\"@id\":\"https:\/\/saintbody.com\/#website\"},\"primaryImageOfPage\":{\"@id\":\"https:\/\/saintbody.com\/crop-top-z-przekladanym-dekoltem\/#primaryimage\"},\"image\":{\"@id\":\"https:\/\/saintbody.com\/crop-top-z-przekladanym-dekoltem\/#primaryimage\"},\"thumbnailUrl\":\"https:\/\/saintbody.com\/wp-content\/uploads\/2023\/03\/9a-scaled.jpg\",\"datePublished\":\"2023-03-09T16:37:20+00:00\",\"dateModified\":\"2025-04-09T08:55:15+00:00\",\"description\":\"Crop Top z wyci\u0119ciem i przek\u0142adanym dekoltem. Kr\u00f3tki top z d\u0142ugim r\u0119kawem pi\u0119knie komponuje si\u0119 ze spodniami o podwy\u017cszonym stanie. Saintbody\",\"breadcrumb\":{\"@id\":\"https:\/\/saintbody.com\/crop-top-z-przekladanym-dekoltem\/#breadcrumb\"},\"inLanguage\":\"en-US\",\"potentialAction\":[{\"@type\":\"ReadAction\",\"target\":[\"https:\/\/saintbody.com\/crop-top-z-przekladanym-dekoltem\/\"]}]},{\"@type\":\"ImageObject\",\"inLanguage\":\"en-US\",\"@id\":\"https:\/\/saintbody.com\/crop-top-z-przekladanym-dekoltem\/#primaryimage\",\"url\":\"https:\/\/saintbody.com\/wp-content\/uploads\/2023\/03\/9a-scaled.jpg\",\"contentUrl\":\"https:\/\/saintbody.com\/wp-content\/uploads\/2023\/03\/9a-scaled.jpg\",\"width\":1707,\"height\":2560},{\"@type\":\"BreadcrumbList\",\"@id\":\"https:\/\/saintbody.com\/crop-top-z-przekladanym-dekoltem\/#breadcrumb\",\"itemListElement\":[{\"@type\":\"ListItem\",\"position\":1,\"name\":\"Strona g\u0142\u00f3wna\",\"item\":\"https:\/\/saintbody.com\/\"},{\"@type\":\"ListItem\",\"position\":2,\"name\":\"Sklep\",\"item\":\"https:\/\/saintbody.com\/sklep\/\"},{\"@type\":\"ListItem\",\"position\":3,\"name\":\"Crop Top z przek\u0142adanym dekoltem\"}]},{\"@type\":\"WebSite\",\"@id\":\"https:\/\/saintbody.com\/#website\",\"url\":\"https:\/\/saintbody.com\/\",\"name\":\"Sklep SAINTBODY\",\"description\":\"Premium basic na ka\u00c5\u00bcd\u00c4\u2026 okazje. Ponadczasowe Body, Odzie\u00c5\u00bc damska, Sukienki Damskie\",\"publisher\":{\"@id\":\"https:\/\/saintbody.com\/#organization\"},\"potentialAction\":[{\"@type\":\"SearchAction\",\"target\":{\"@type\":\"EntryPoint\",\"urlTemplate\":\"https:\/\/saintbody.com\/?s={search_term_string}\"},\"query-input\":{\"@type\":\"PropertyValueSpecification\",\"valueRequired\":true,\"valueName\":\"search_term_string\"}}],\"inLanguage\":\"en-US\"},{\"@type\":\"Organization\",\"@id\":\"https:\/\/saintbody.com\/#organization\",\"name\":\"Sklep Saint Body\",\"url\":\"https:\/\/saintbody.com\/\",\"logo\":{\"@type\":\"ImageObject\",\"inLanguage\":\"en-US\",\"@id\":\"https:\/\/saintbody.com\/#\/schema\/logo\/image\/\",\"url\":\"https:\/\/saintbody.com\/wp-content\/uploads\/2023\/04\/SaintBody_Logo_Typografia-e1691418926919.png\",\"contentUrl\":\"https:\/\/saintbody.com\/wp-content\/uploads\/2023\/04\/SaintBody_Logo_Typografia-e1691418926919.png\",\"width\":1000,\"height\":202,\"caption\":\"Sklep Saint Body\"},\"image\":{\"@id\":\"https:\/\/saintbody.com\/#\/schema\/logo\/image\/\"},\"sameAs\":[\"https:\/\/facebook.com\/saintbody\/\"]}]}<\/script>\n<!-- \/ Yoast SEO plugin. -->","yoast_head_json":{"title":"Czarny przek\u0142adany top - Sklep SAINTBODY","description":"Crop Top z wyci\u0119ciem i przek\u0142adanym dekoltem. Kr\u00f3tki top z d\u0142ugim r\u0119kawem pi\u0119knie komponuje si\u0119 ze spodniami o podwy\u017cszonym stanie. Saintbody","robots":{"index":"index","follow":"follow","max-snippet":"max-snippet:-1","max-image-preview":"max-image-preview:large","max-video-preview":"max-video-preview:-1"},"canonical":"https:\/\/saintbody.com\/en\/crop-top-z-przekladanym-dekoltem\/","og_locale":"en_US","og_type":"article","og_title":"Czarny przek\u0142adany top - Sklep SAINTBODY","og_description":"Crop Top z wyci\u0119ciem i przek\u0142adanym dekoltem. Kr\u00f3tki top z d\u0142ugim r\u0119kawem pi\u0119knie komponuje si\u0119 ze spodniami o podwy\u017cszonym stanie. Saintbody","og_url":"https:\/\/saintbody.com\/en\/crop-top-z-przekladanym-dekoltem\/","og_site_name":"Sklep SAINTBODY","article_publisher":"https:\/\/facebook.com\/saintbody\/","article_modified_time":"2025-04-09T08:55:15+00:00","og_image":[{"width":1707,"height":2560,"url":"https:\/\/saintbody.com\/wp-content\/uploads\/2023\/03\/9a-scaled.jpg","type":"image\/jpeg"}],"twitter_card":"summary_large_image","twitter_misc":{"Est. reading time":"1 minute"},"schema":{"@context":"https:\/\/schema.org","@graph":[{"@type":"WebPage","@id":"https:\/\/saintbody.com\/crop-top-z-przekladanym-dekoltem\/","url":"https:\/\/saintbody.com\/crop-top-z-przekladanym-dekoltem\/","name":"Czarny przek\u0142adany top - Sklep SAINTBODY","isPartOf":{"@id":"https:\/\/saintbody.com\/#website"},"primaryImageOfPage":{"@id":"https:\/\/saintbody.com\/crop-top-z-przekladanym-dekoltem\/#primaryimage"},"image":{"@id":"https:\/\/saintbody.com\/crop-top-z-przekladanym-dekoltem\/#primaryimage"},"thumbnailUrl":"https:\/\/saintbody.com\/wp-content\/uploads\/2023\/03\/9a-scaled.jpg","datePublished":"2023-03-09T16:37:20+00:00","dateModified":"2025-04-09T08:55:15+00:00","description":"Crop Top z wyci\u0119ciem i przek\u0142adanym dekoltem. Kr\u00f3tki top z d\u0142ugim r\u0119kawem pi\u0119knie komponuje si\u0119 ze spodniami o podwy\u017cszonym stanie. Saintbody","breadcrumb":{"@id":"https:\/\/saintbody.com\/crop-top-z-przekladanym-dekoltem\/#breadcrumb"},"inLanguage":"en-US","potentialAction":[{"@type":"ReadAction","target":["https:\/\/saintbody.com\/crop-top-z-przekladanym-dekoltem\/"]}]},{"@type":"ImageObject","inLanguage":"en-US","@id":"https:\/\/saintbody.com\/crop-top-z-przekladanym-dekoltem\/#primaryimage","url":"https:\/\/saintbody.com\/wp-content\/uploads\/2023\/03\/9a-scaled.jpg","contentUrl":"https:\/\/saintbody.com\/wp-content\/uploads\/2023\/03\/9a-scaled.jpg","width":1707,"height":2560},{"@type":"BreadcrumbList","@id":"https:\/\/saintbody.com\/crop-top-z-przekladanym-dekoltem\/#breadcrumb","itemListElement":[{"@type":"ListItem","position":1,"name":"Strona g\u0142\u00f3wna","item":"https:\/\/saintbody.com\/"},{"@type":"ListItem","position":2,"name":"Sklep","item":"https:\/\/saintbody.com\/sklep\/"},{"@type":"ListItem","position":3,"name":"Crop Top z przek\u0142adanym dekoltem"}]},{"@type":"WebSite","@id":"https:\/\/saintbody.com\/#website","url":"https:\/\/saintbody.com\/","name":"Sklep SAINTBODY","description":"Premium basic na ka\u00c5\u00bcd\u00c4\u2026 okazje. Ponadczasowe Body, Odzie\u00c5\u00bc damska, Sukienki Damskie","publisher":{"@id":"https:\/\/saintbody.com\/#organization"},"potentialAction":[{"@type":"SearchAction","target":{"@type":"EntryPoint","urlTemplate":"https:\/\/saintbody.com\/?s={search_term_string}"},"query-input":{"@type":"PropertyValueSpecification","valueRequired":true,"valueName":"search_term_string"}}],"inLanguage":"en-US"},{"@type":"Organization","@id":"https:\/\/saintbody.com\/#organization","name":"Sklep Saint Body","url":"https:\/\/saintbody.com\/","logo":{"@type":"ImageObject","inLanguage":"en-US","@id":"https:\/\/saintbody.com\/#\/schema\/logo\/image\/","url":"https:\/\/saintbody.com\/wp-content\/uploads\/2023\/04\/SaintBody_Logo_Typografia-e1691418926919.png","contentUrl":"https:\/\/saintbody.com\/wp-content\/uploads\/2023\/04\/SaintBody_Logo_Typografia-e1691418926919.png","width":1000,"height":202,"caption":"Sklep Saint Body"},"image":{"@id":"https:\/\/saintbody.com\/#\/schema\/logo\/image\/"},"sameAs":["https:\/\/facebook.com\/saintbody\/"]}]}},"_links":{"self":[{"href":"https:\/\/saintbody.com\/en\/wp-json\/wp\/v2\/product\/520","targetHints":{"allow":["GET"]}}],"collection":[{"href":"https:\/\/saintbody.com\/en\/wp-json\/wp\/v2\/product"}],"about":[{"href":"https:\/\/saintbody.com\/en\/wp-json\/wp\/v2\/types\/product"}],"wp:featuredmedia":[{"embeddable":true,"href":"https:\/\/saintbody.com\/en\/wp-json\/wp\/v2\/media\/53637"}],"wp:attachment":[{"href":"https:\/\/saintbody.com\/en\/wp-json\/wp\/v2\/media?parent=520"}],"wp:term":[{"taxonomy":"product_brand","embeddable":true,"href":"https:\/\/saintbody.com\/en\/wp-json\/wp\/v2\/product_brand?post=520"},{"taxonomy":"product_cat","embeddable":true,"href":"https:\/\/saintbody.com\/en\/wp-json\/wp\/v2\/product_cat?post=520"},{"taxonomy":"product_tag","embeddable":true,"href":"https:\/\/saintbody.com\/en\/wp-json\/wp\/v2\/product_tag?post=520"}],"curies":[{"name":"wp","href":"https:\/\/api.w.org\/{rel}","templated":true}]}}