{"id":50104,"date":"2024-06-18T10:55:59","date_gmt":"2024-06-18T08:55:59","guid":{"rendered":"https:\/\/saintbody.com\/?post_type=product&#038;p=50104"},"modified":"2026-01-16T18:31:00","modified_gmt":"2026-01-16T17:31:00","slug":"sukienka-mini-z-luznym-rekawem-czarna","status":"publish","type":"product","link":"https:\/\/saintbody.com\/en\/sukienka-mini-z-luznym-rekawem-czarna\/","title":{"rendered":"Mini dress with loose sleeves black"},"content":{"rendered":"<p>Elegant black dress with loose kimono sleeves. The dress enhances feminine delicacy and sex appeal through the exposed back. Any meetings and outings are ideal occasions to see how great it looks.<br \/>\nThe dress is made of certified knit fabric. The skirt is sewn from a double layer of fabric. The top of the dress has one layer of knitted fabric.<\/p>\n<p>At Saint Body, we use certified knitted fabrics from local suppliers.<\/p>\n<p>Also check out our bestselling\u00a0<a href=\"https:\/\/saintbody.com\/en\/kategoria\/body\/\">body<\/a> !<br \/>\nVisit us at <a href=\"https:\/\/www.instagram.com\/saintbodyofficial\/\">instagram<\/a>.<\/p>","protected":false},"excerpt":{"rendered":"<p>Elegant black dress with loose kimono sleeves. The dress enhances feminine delicacy and sex appeal through the exposed back. Any meetings and outings are ideal occasions to see how great it looks. The dress is made of certified knit fabric. The skirt is sewn from a double layer of fabric. The top of the dress has a single layer of knit fabric. At Saint Body, we use certified knitted fabrics from [...]<\/p>","protected":false},"featured_media":50267,"template":"","meta":[],"product_brand":[],"product_cat":[20,26,183],"product_tag":[163],"class_list":{"0":"post-50104","1":"product","2":"type-product","3":"status-publish","4":"has-post-thumbnail","6":"product_cat-wszystko","7":"product_cat-sukienki","8":"product_cat-sale","9":"product_tag-sukienka","11":"first","12":"outofstock","13":"sale","14":"taxable","15":"shipping-taxable","16":"purchasable","17":"product-type-variable","18":"has-default-attributes"},"yoast_head":"<!-- This site is optimized with the Yoast SEO plugin v27.0 - https:\/\/yoast.com\/product\/yoast-seo-wordpress\/ -->\n<title>Sukienka mini z lu\u017anym r\u0119kawem czarna - Sklep SAINTBODY<\/title>\n<meta name=\"description\" content=\"Elegancka, czarna sukienka z lu\u017anymi r\u0119kawami kimono. Sukienka uwydatnia kobiec\u0105 delikatno\u015b\u0107 oraz seksapil poprzez wyeksponowane plecy.\" \/>\n<meta name=\"robots\" content=\"index, follow, max-snippet:-1, max-image-preview:large, max-video-preview:-1\" \/>\n<link rel=\"canonical\" href=\"https:\/\/saintbody.com\/en\/sukienka-mini-z-luznym-rekawem-czarna\/\" \/>\n<meta property=\"og:locale\" content=\"en_US\" \/>\n<meta property=\"og:type\" content=\"article\" \/>\n<meta property=\"og:title\" content=\"Sukienka mini z lu\u017anym r\u0119kawem czarna - Sklep SAINTBODY\" \/>\n<meta property=\"og:description\" content=\"Elegancka, czarna sukienka z lu\u017anymi r\u0119kawami kimono. Sukienka uwydatnia kobiec\u0105 delikatno\u015b\u0107 oraz seksapil poprzez wyeksponowane plecy.\" \/>\n<meta property=\"og:url\" content=\"https:\/\/saintbody.com\/en\/sukienka-mini-z-luznym-rekawem-czarna\/\" \/>\n<meta property=\"og:site_name\" content=\"Sklep SAINTBODY\" \/>\n<meta property=\"article:publisher\" content=\"https:\/\/facebook.com\/saintbody\/\" \/>\n<meta property=\"article:modified_time\" content=\"2026-01-16T17:31:00+00:00\" \/>\n<meta property=\"og:image\" content=\"https:\/\/saintbody.com\/wp-content\/uploads\/2024\/06\/saintbody29-1.jpg\" \/>\n\t<meta property=\"og:image:width\" content=\"1000\" \/>\n\t<meta property=\"og:image:height\" content=\"1500\" \/>\n\t<meta property=\"og:image:type\" content=\"image\/jpeg\" \/>\n<meta name=\"twitter:card\" content=\"summary_large_image\" \/>\n<meta name=\"twitter:label1\" content=\"Est. reading time\" \/>\n\t<meta name=\"twitter:data1\" content=\"1 minute\" \/>\n<script type=\"application\/ld+json\" class=\"yoast-schema-graph\">{\"@context\":\"https:\/\/schema.org\",\"@graph\":[{\"@type\":\"WebPage\",\"@id\":\"https:\/\/saintbody.com\/sukienka-mini-z-luznym-rekawem-czarna\/\",\"url\":\"https:\/\/saintbody.com\/sukienka-mini-z-luznym-rekawem-czarna\/\",\"name\":\"Sukienka mini z lu\u017anym r\u0119kawem czarna - Sklep SAINTBODY\",\"isPartOf\":{\"@id\":\"https:\/\/saintbody.com\/#website\"},\"primaryImageOfPage\":{\"@id\":\"https:\/\/saintbody.com\/sukienka-mini-z-luznym-rekawem-czarna\/#primaryimage\"},\"image\":{\"@id\":\"https:\/\/saintbody.com\/sukienka-mini-z-luznym-rekawem-czarna\/#primaryimage\"},\"thumbnailUrl\":\"https:\/\/saintbody.com\/wp-content\/uploads\/2024\/06\/saintbody29-1.jpg\",\"datePublished\":\"2024-06-18T08:55:59+00:00\",\"dateModified\":\"2026-01-16T17:31:00+00:00\",\"description\":\"Elegancka, czarna sukienka z lu\u017anymi r\u0119kawami kimono. Sukienka uwydatnia kobiec\u0105 delikatno\u015b\u0107 oraz seksapil poprzez wyeksponowane plecy.\",\"breadcrumb\":{\"@id\":\"https:\/\/saintbody.com\/sukienka-mini-z-luznym-rekawem-czarna\/#breadcrumb\"},\"inLanguage\":\"en-US\",\"potentialAction\":[{\"@type\":\"ReadAction\",\"target\":[\"https:\/\/saintbody.com\/sukienka-mini-z-luznym-rekawem-czarna\/\"]}]},{\"@type\":\"ImageObject\",\"inLanguage\":\"en-US\",\"@id\":\"https:\/\/saintbody.com\/sukienka-mini-z-luznym-rekawem-czarna\/#primaryimage\",\"url\":\"https:\/\/saintbody.com\/wp-content\/uploads\/2024\/06\/saintbody29-1.jpg\",\"contentUrl\":\"https:\/\/saintbody.com\/wp-content\/uploads\/2024\/06\/saintbody29-1.jpg\",\"width\":1000,\"height\":1500},{\"@type\":\"BreadcrumbList\",\"@id\":\"https:\/\/saintbody.com\/sukienka-mini-z-luznym-rekawem-czarna\/#breadcrumb\",\"itemListElement\":[{\"@type\":\"ListItem\",\"position\":1,\"name\":\"Strona g\u0142\u00f3wna\",\"item\":\"https:\/\/saintbody.com\/\"},{\"@type\":\"ListItem\",\"position\":2,\"name\":\"Sklep\",\"item\":\"https:\/\/saintbody.com\/sklep\/\"},{\"@type\":\"ListItem\",\"position\":3,\"name\":\"Sukienka mini z lu\u017anym r\u0119kawem czarna\"}]},{\"@type\":\"WebSite\",\"@id\":\"https:\/\/saintbody.com\/#website\",\"url\":\"https:\/\/saintbody.com\/\",\"name\":\"Sklep SAINTBODY\",\"description\":\"Premium basic na ka\u00c5\u00bcd\u00c4\u2026 okazje. Ponadczasowe Body, Odzie\u00c5\u00bc damska, Sukienki Damskie\",\"publisher\":{\"@id\":\"https:\/\/saintbody.com\/#organization\"},\"potentialAction\":[{\"@type\":\"SearchAction\",\"target\":{\"@type\":\"EntryPoint\",\"urlTemplate\":\"https:\/\/saintbody.com\/?s={search_term_string}\"},\"query-input\":{\"@type\":\"PropertyValueSpecification\",\"valueRequired\":true,\"valueName\":\"search_term_string\"}}],\"inLanguage\":\"en-US\"},{\"@type\":\"Organization\",\"@id\":\"https:\/\/saintbody.com\/#organization\",\"name\":\"Sklep Saint Body\",\"url\":\"https:\/\/saintbody.com\/\",\"logo\":{\"@type\":\"ImageObject\",\"inLanguage\":\"en-US\",\"@id\":\"https:\/\/saintbody.com\/#\/schema\/logo\/image\/\",\"url\":\"https:\/\/saintbody.com\/wp-content\/uploads\/2023\/04\/SaintBody_Logo_Typografia-e1691418926919.png\",\"contentUrl\":\"https:\/\/saintbody.com\/wp-content\/uploads\/2023\/04\/SaintBody_Logo_Typografia-e1691418926919.png\",\"width\":1000,\"height\":202,\"caption\":\"Sklep Saint Body\"},\"image\":{\"@id\":\"https:\/\/saintbody.com\/#\/schema\/logo\/image\/\"},\"sameAs\":[\"https:\/\/facebook.com\/saintbody\/\"]}]}<\/script>\n<!-- \/ Yoast SEO plugin. -->","yoast_head_json":{"title":"Sukienka mini z lu\u017anym r\u0119kawem czarna - Sklep SAINTBODY","description":"Elegancka, czarna sukienka z lu\u017anymi r\u0119kawami kimono. Sukienka uwydatnia kobiec\u0105 delikatno\u015b\u0107 oraz seksapil poprzez wyeksponowane plecy.","robots":{"index":"index","follow":"follow","max-snippet":"max-snippet:-1","max-image-preview":"max-image-preview:large","max-video-preview":"max-video-preview:-1"},"canonical":"https:\/\/saintbody.com\/en\/sukienka-mini-z-luznym-rekawem-czarna\/","og_locale":"en_US","og_type":"article","og_title":"Sukienka mini z lu\u017anym r\u0119kawem czarna - Sklep SAINTBODY","og_description":"Elegancka, czarna sukienka z lu\u017anymi r\u0119kawami kimono. Sukienka uwydatnia kobiec\u0105 delikatno\u015b\u0107 oraz seksapil poprzez wyeksponowane plecy.","og_url":"https:\/\/saintbody.com\/en\/sukienka-mini-z-luznym-rekawem-czarna\/","og_site_name":"Sklep SAINTBODY","article_publisher":"https:\/\/facebook.com\/saintbody\/","article_modified_time":"2026-01-16T17:31:00+00:00","og_image":[{"width":1000,"height":1500,"url":"https:\/\/saintbody.com\/wp-content\/uploads\/2024\/06\/saintbody29-1.jpg","type":"image\/jpeg"}],"twitter_card":"summary_large_image","twitter_misc":{"Est. reading time":"1 minute"},"schema":{"@context":"https:\/\/schema.org","@graph":[{"@type":"WebPage","@id":"https:\/\/saintbody.com\/sukienka-mini-z-luznym-rekawem-czarna\/","url":"https:\/\/saintbody.com\/sukienka-mini-z-luznym-rekawem-czarna\/","name":"Sukienka mini z lu\u017anym r\u0119kawem czarna - Sklep SAINTBODY","isPartOf":{"@id":"https:\/\/saintbody.com\/#website"},"primaryImageOfPage":{"@id":"https:\/\/saintbody.com\/sukienka-mini-z-luznym-rekawem-czarna\/#primaryimage"},"image":{"@id":"https:\/\/saintbody.com\/sukienka-mini-z-luznym-rekawem-czarna\/#primaryimage"},"thumbnailUrl":"https:\/\/saintbody.com\/wp-content\/uploads\/2024\/06\/saintbody29-1.jpg","datePublished":"2024-06-18T08:55:59+00:00","dateModified":"2026-01-16T17:31:00+00:00","description":"Elegancka, czarna sukienka z lu\u017anymi r\u0119kawami kimono. Sukienka uwydatnia kobiec\u0105 delikatno\u015b\u0107 oraz seksapil poprzez wyeksponowane plecy.","breadcrumb":{"@id":"https:\/\/saintbody.com\/sukienka-mini-z-luznym-rekawem-czarna\/#breadcrumb"},"inLanguage":"en-US","potentialAction":[{"@type":"ReadAction","target":["https:\/\/saintbody.com\/sukienka-mini-z-luznym-rekawem-czarna\/"]}]},{"@type":"ImageObject","inLanguage":"en-US","@id":"https:\/\/saintbody.com\/sukienka-mini-z-luznym-rekawem-czarna\/#primaryimage","url":"https:\/\/saintbody.com\/wp-content\/uploads\/2024\/06\/saintbody29-1.jpg","contentUrl":"https:\/\/saintbody.com\/wp-content\/uploads\/2024\/06\/saintbody29-1.jpg","width":1000,"height":1500},{"@type":"BreadcrumbList","@id":"https:\/\/saintbody.com\/sukienka-mini-z-luznym-rekawem-czarna\/#breadcrumb","itemListElement":[{"@type":"ListItem","position":1,"name":"Strona g\u0142\u00f3wna","item":"https:\/\/saintbody.com\/"},{"@type":"ListItem","position":2,"name":"Sklep","item":"https:\/\/saintbody.com\/sklep\/"},{"@type":"ListItem","position":3,"name":"Sukienka mini z lu\u017anym r\u0119kawem czarna"}]},{"@type":"WebSite","@id":"https:\/\/saintbody.com\/#website","url":"https:\/\/saintbody.com\/","name":"Sklep SAINTBODY","description":"Premium basic na ka\u00c5\u00bcd\u00c4\u2026 okazje. Ponadczasowe Body, Odzie\u00c5\u00bc damska, Sukienki Damskie","publisher":{"@id":"https:\/\/saintbody.com\/#organization"},"potentialAction":[{"@type":"SearchAction","target":{"@type":"EntryPoint","urlTemplate":"https:\/\/saintbody.com\/?s={search_term_string}"},"query-input":{"@type":"PropertyValueSpecification","valueRequired":true,"valueName":"search_term_string"}}],"inLanguage":"en-US"},{"@type":"Organization","@id":"https:\/\/saintbody.com\/#organization","name":"Sklep Saint Body","url":"https:\/\/saintbody.com\/","logo":{"@type":"ImageObject","inLanguage":"en-US","@id":"https:\/\/saintbody.com\/#\/schema\/logo\/image\/","url":"https:\/\/saintbody.com\/wp-content\/uploads\/2023\/04\/SaintBody_Logo_Typografia-e1691418926919.png","contentUrl":"https:\/\/saintbody.com\/wp-content\/uploads\/2023\/04\/SaintBody_Logo_Typografia-e1691418926919.png","width":1000,"height":202,"caption":"Sklep Saint Body"},"image":{"@id":"https:\/\/saintbody.com\/#\/schema\/logo\/image\/"},"sameAs":["https:\/\/facebook.com\/saintbody\/"]}]}},"_links":{"self":[{"href":"https:\/\/saintbody.com\/en\/wp-json\/wp\/v2\/product\/50104","targetHints":{"allow":["GET"]}}],"collection":[{"href":"https:\/\/saintbody.com\/en\/wp-json\/wp\/v2\/product"}],"about":[{"href":"https:\/\/saintbody.com\/en\/wp-json\/wp\/v2\/types\/product"}],"wp:featuredmedia":[{"embeddable":true,"href":"https:\/\/saintbody.com\/en\/wp-json\/wp\/v2\/media\/50267"}],"wp:attachment":[{"href":"https:\/\/saintbody.com\/en\/wp-json\/wp\/v2\/media?parent=50104"}],"wp:term":[{"taxonomy":"product_brand","embeddable":true,"href":"https:\/\/saintbody.com\/en\/wp-json\/wp\/v2\/product_brand?post=50104"},{"taxonomy":"product_cat","embeddable":true,"href":"https:\/\/saintbody.com\/en\/wp-json\/wp\/v2\/product_cat?post=50104"},{"taxonomy":"product_tag","embeddable":true,"href":"https:\/\/saintbody.com\/en\/wp-json\/wp\/v2\/product_tag?post=50104"}],"curies":[{"name":"wp","href":"https:\/\/api.w.org\/{rel}","templated":true}]}}