{"id":50102,"date":"2024-06-18T10:51:10","date_gmt":"2024-06-18T08:51:10","guid":{"rendered":"https:\/\/saintbody.com\/?post_type=product&#038;p=50102"},"modified":"2025-11-24T21:48:58","modified_gmt":"2025-11-24T20:48:58","slug":"lniana-koszula-na-krotki-rekaw-blekitna","status":"publish","type":"product","link":"https:\/\/saintbody.com\/en\/lniana-koszula-na-krotki-rekaw-blekitna\/","title":{"rendered":"Linen short sleeve shirt blue"},"content":{"rendered":"<p>Women's short sleeve shirt for summer made of lyocell and linen blend. High quality, airy material with a delicate sheen. Finished with small buttons. The lightweight cut and natural material will make it an indispensable part of your summer styling. Great for styling with jeans or shorts.<\/p>\n<p>Sewn in Poland in a local sewing room.<\/p>\n<p>Also check out our bestselling\u00a0<a href=\"https:\/\/saintbody.com\/en\/kategoria\/sukienki\/\">dresses<\/a> !<br \/>\nVisit us at <a href=\"https:\/\/www.instagram.com\/saintbodyofficial\/\">instagram<\/a>.<\/p>","protected":false},"excerpt":{"rendered":"<p>Women's short sleeve shirt for summer made of lyocell and linen blend. High quality, airy material with a delicate sheen. Finished with small buttons. The lightweight cut and natural material will make it an indispensable part of your summer styling. Great for styling with jeans or shorts. Sewn in Poland in a local sewing room. Also check out our [...]<\/p>","protected":false},"featured_media":50217,"template":"","meta":[],"product_brand":[],"product_cat":[20,183],"product_tag":[38],"class_list":{"0":"post-50102","1":"product","2":"type-product","3":"status-publish","4":"has-post-thumbnail","6":"product_cat-wszystko","7":"product_cat-sale","8":"product_tag-topy","10":"first","11":"outofstock","12":"sale","13":"taxable","14":"shipping-taxable","15":"purchasable","16":"product-type-variable","17":"has-default-attributes"},"yoast_head":"<!-- This site is optimized with the Yoast SEO plugin v27.0 - https:\/\/yoast.com\/product\/yoast-seo-wordpress\/ -->\n<title>Damska koszula lniana - Lniana koszula na kr\u00f3tki r\u0119kaw b\u0142\u0119kitna<\/title>\n<meta name=\"description\" content=\"Damska koszula lniana na lato wykonana z materia\u0142u o delikatnym splocie i niezwykle mi\u0119kkim wyko\u0144czeniu. Letnia koszula oversize.\" \/>\n<meta name=\"robots\" content=\"index, follow, max-snippet:-1, max-image-preview:large, max-video-preview:-1\" \/>\n<link rel=\"canonical\" href=\"https:\/\/saintbody.com\/en\/lniana-koszula-na-krotki-rekaw-blekitna\/\" \/>\n<meta property=\"og:locale\" content=\"en_US\" \/>\n<meta property=\"og:type\" content=\"article\" \/>\n<meta property=\"og:title\" content=\"Damska koszula lniana - Lniana koszula na kr\u00f3tki r\u0119kaw b\u0142\u0119kitna\" \/>\n<meta property=\"og:description\" content=\"Damska koszula lniana na lato wykonana z materia\u0142u o delikatnym splocie i niezwykle mi\u0119kkim wyko\u0144czeniu. Letnia koszula oversize.\" \/>\n<meta property=\"og:url\" content=\"https:\/\/saintbody.com\/en\/lniana-koszula-na-krotki-rekaw-blekitna\/\" \/>\n<meta property=\"og:site_name\" content=\"Sklep SAINTBODY\" \/>\n<meta property=\"article:publisher\" content=\"https:\/\/facebook.com\/saintbody\/\" \/>\n<meta property=\"article:modified_time\" content=\"2025-11-24T20:48:58+00:00\" \/>\n<meta property=\"og:image\" content=\"https:\/\/saintbody.com\/wp-content\/uploads\/2024\/06\/saintbody05.jpg\" \/>\n\t<meta property=\"og:image:width\" content=\"1000\" \/>\n\t<meta property=\"og:image:height\" content=\"1500\" \/>\n\t<meta property=\"og:image:type\" content=\"image\/jpeg\" \/>\n<meta name=\"twitter:card\" content=\"summary_large_image\" \/>\n<meta name=\"twitter:label1\" content=\"Est. reading time\" \/>\n\t<meta name=\"twitter:data1\" content=\"1 minute\" \/>\n<script type=\"application\/ld+json\" class=\"yoast-schema-graph\">{\"@context\":\"https:\/\/schema.org\",\"@graph\":[{\"@type\":\"WebPage\",\"@id\":\"https:\/\/saintbody.com\/lniana-koszula-na-krotki-rekaw-blekitna\/\",\"url\":\"https:\/\/saintbody.com\/lniana-koszula-na-krotki-rekaw-blekitna\/\",\"name\":\"Damska koszula lniana - Lniana koszula na kr\u00f3tki r\u0119kaw b\u0142\u0119kitna\",\"isPartOf\":{\"@id\":\"https:\/\/saintbody.com\/#website\"},\"primaryImageOfPage\":{\"@id\":\"https:\/\/saintbody.com\/lniana-koszula-na-krotki-rekaw-blekitna\/#primaryimage\"},\"image\":{\"@id\":\"https:\/\/saintbody.com\/lniana-koszula-na-krotki-rekaw-blekitna\/#primaryimage\"},\"thumbnailUrl\":\"https:\/\/saintbody.com\/wp-content\/uploads\/2024\/06\/saintbody05.jpg\",\"datePublished\":\"2024-06-18T08:51:10+00:00\",\"dateModified\":\"2025-11-24T20:48:58+00:00\",\"description\":\"Damska koszula lniana na lato wykonana z materia\u0142u o delikatnym splocie i niezwykle mi\u0119kkim wyko\u0144czeniu. Letnia koszula oversize.\",\"breadcrumb\":{\"@id\":\"https:\/\/saintbody.com\/lniana-koszula-na-krotki-rekaw-blekitna\/#breadcrumb\"},\"inLanguage\":\"en-US\",\"potentialAction\":[{\"@type\":\"ReadAction\",\"target\":[\"https:\/\/saintbody.com\/lniana-koszula-na-krotki-rekaw-blekitna\/\"]}]},{\"@type\":\"ImageObject\",\"inLanguage\":\"en-US\",\"@id\":\"https:\/\/saintbody.com\/lniana-koszula-na-krotki-rekaw-blekitna\/#primaryimage\",\"url\":\"https:\/\/saintbody.com\/wp-content\/uploads\/2024\/06\/saintbody05.jpg\",\"contentUrl\":\"https:\/\/saintbody.com\/wp-content\/uploads\/2024\/06\/saintbody05.jpg\",\"width\":1000,\"height\":1500},{\"@type\":\"BreadcrumbList\",\"@id\":\"https:\/\/saintbody.com\/lniana-koszula-na-krotki-rekaw-blekitna\/#breadcrumb\",\"itemListElement\":[{\"@type\":\"ListItem\",\"position\":1,\"name\":\"Strona g\u0142\u00f3wna\",\"item\":\"https:\/\/saintbody.com\/\"},{\"@type\":\"ListItem\",\"position\":2,\"name\":\"Sklep\",\"item\":\"https:\/\/saintbody.com\/sklep\/\"},{\"@type\":\"ListItem\",\"position\":3,\"name\":\"Lniana koszula na kr\u00f3tki r\u0119kaw b\u0142\u0119kitna\"}]},{\"@type\":\"WebSite\",\"@id\":\"https:\/\/saintbody.com\/#website\",\"url\":\"https:\/\/saintbody.com\/\",\"name\":\"Sklep SAINTBODY\",\"description\":\"Premium basic na ka\u00c5\u00bcd\u00c4\u2026 okazje. Ponadczasowe Body, Odzie\u00c5\u00bc damska, Sukienki Damskie\",\"publisher\":{\"@id\":\"https:\/\/saintbody.com\/#organization\"},\"potentialAction\":[{\"@type\":\"SearchAction\",\"target\":{\"@type\":\"EntryPoint\",\"urlTemplate\":\"https:\/\/saintbody.com\/?s={search_term_string}\"},\"query-input\":{\"@type\":\"PropertyValueSpecification\",\"valueRequired\":true,\"valueName\":\"search_term_string\"}}],\"inLanguage\":\"en-US\"},{\"@type\":\"Organization\",\"@id\":\"https:\/\/saintbody.com\/#organization\",\"name\":\"Sklep Saint Body\",\"url\":\"https:\/\/saintbody.com\/\",\"logo\":{\"@type\":\"ImageObject\",\"inLanguage\":\"en-US\",\"@id\":\"https:\/\/saintbody.com\/#\/schema\/logo\/image\/\",\"url\":\"https:\/\/saintbody.com\/wp-content\/uploads\/2023\/04\/SaintBody_Logo_Typografia-e1691418926919.png\",\"contentUrl\":\"https:\/\/saintbody.com\/wp-content\/uploads\/2023\/04\/SaintBody_Logo_Typografia-e1691418926919.png\",\"width\":1000,\"height\":202,\"caption\":\"Sklep Saint Body\"},\"image\":{\"@id\":\"https:\/\/saintbody.com\/#\/schema\/logo\/image\/\"},\"sameAs\":[\"https:\/\/facebook.com\/saintbody\/\"]}]}<\/script>\n<!-- \/ Yoast SEO plugin. -->","yoast_head_json":{"title":"Damska koszula lniana - Lniana koszula na kr\u00f3tki r\u0119kaw b\u0142\u0119kitna","description":"Damska koszula lniana na lato wykonana z materia\u0142u o delikatnym splocie i niezwykle mi\u0119kkim wyko\u0144czeniu. Letnia koszula oversize.","robots":{"index":"index","follow":"follow","max-snippet":"max-snippet:-1","max-image-preview":"max-image-preview:large","max-video-preview":"max-video-preview:-1"},"canonical":"https:\/\/saintbody.com\/en\/lniana-koszula-na-krotki-rekaw-blekitna\/","og_locale":"en_US","og_type":"article","og_title":"Damska koszula lniana - Lniana koszula na kr\u00f3tki r\u0119kaw b\u0142\u0119kitna","og_description":"Damska koszula lniana na lato wykonana z materia\u0142u o delikatnym splocie i niezwykle mi\u0119kkim wyko\u0144czeniu. Letnia koszula oversize.","og_url":"https:\/\/saintbody.com\/en\/lniana-koszula-na-krotki-rekaw-blekitna\/","og_site_name":"Sklep SAINTBODY","article_publisher":"https:\/\/facebook.com\/saintbody\/","article_modified_time":"2025-11-24T20:48:58+00:00","og_image":[{"width":1000,"height":1500,"url":"https:\/\/saintbody.com\/wp-content\/uploads\/2024\/06\/saintbody05.jpg","type":"image\/jpeg"}],"twitter_card":"summary_large_image","twitter_misc":{"Est. reading time":"1 minute"},"schema":{"@context":"https:\/\/schema.org","@graph":[{"@type":"WebPage","@id":"https:\/\/saintbody.com\/lniana-koszula-na-krotki-rekaw-blekitna\/","url":"https:\/\/saintbody.com\/lniana-koszula-na-krotki-rekaw-blekitna\/","name":"Damska koszula lniana - Lniana koszula na kr\u00f3tki r\u0119kaw b\u0142\u0119kitna","isPartOf":{"@id":"https:\/\/saintbody.com\/#website"},"primaryImageOfPage":{"@id":"https:\/\/saintbody.com\/lniana-koszula-na-krotki-rekaw-blekitna\/#primaryimage"},"image":{"@id":"https:\/\/saintbody.com\/lniana-koszula-na-krotki-rekaw-blekitna\/#primaryimage"},"thumbnailUrl":"https:\/\/saintbody.com\/wp-content\/uploads\/2024\/06\/saintbody05.jpg","datePublished":"2024-06-18T08:51:10+00:00","dateModified":"2025-11-24T20:48:58+00:00","description":"Damska koszula lniana na lato wykonana z materia\u0142u o delikatnym splocie i niezwykle mi\u0119kkim wyko\u0144czeniu. Letnia koszula oversize.","breadcrumb":{"@id":"https:\/\/saintbody.com\/lniana-koszula-na-krotki-rekaw-blekitna\/#breadcrumb"},"inLanguage":"en-US","potentialAction":[{"@type":"ReadAction","target":["https:\/\/saintbody.com\/lniana-koszula-na-krotki-rekaw-blekitna\/"]}]},{"@type":"ImageObject","inLanguage":"en-US","@id":"https:\/\/saintbody.com\/lniana-koszula-na-krotki-rekaw-blekitna\/#primaryimage","url":"https:\/\/saintbody.com\/wp-content\/uploads\/2024\/06\/saintbody05.jpg","contentUrl":"https:\/\/saintbody.com\/wp-content\/uploads\/2024\/06\/saintbody05.jpg","width":1000,"height":1500},{"@type":"BreadcrumbList","@id":"https:\/\/saintbody.com\/lniana-koszula-na-krotki-rekaw-blekitna\/#breadcrumb","itemListElement":[{"@type":"ListItem","position":1,"name":"Strona g\u0142\u00f3wna","item":"https:\/\/saintbody.com\/"},{"@type":"ListItem","position":2,"name":"Sklep","item":"https:\/\/saintbody.com\/sklep\/"},{"@type":"ListItem","position":3,"name":"Lniana koszula na kr\u00f3tki r\u0119kaw b\u0142\u0119kitna"}]},{"@type":"WebSite","@id":"https:\/\/saintbody.com\/#website","url":"https:\/\/saintbody.com\/","name":"Sklep SAINTBODY","description":"Premium basic na ka\u00c5\u00bcd\u00c4\u2026 okazje. Ponadczasowe Body, Odzie\u00c5\u00bc damska, Sukienki Damskie","publisher":{"@id":"https:\/\/saintbody.com\/#organization"},"potentialAction":[{"@type":"SearchAction","target":{"@type":"EntryPoint","urlTemplate":"https:\/\/saintbody.com\/?s={search_term_string}"},"query-input":{"@type":"PropertyValueSpecification","valueRequired":true,"valueName":"search_term_string"}}],"inLanguage":"en-US"},{"@type":"Organization","@id":"https:\/\/saintbody.com\/#organization","name":"Sklep Saint Body","url":"https:\/\/saintbody.com\/","logo":{"@type":"ImageObject","inLanguage":"en-US","@id":"https:\/\/saintbody.com\/#\/schema\/logo\/image\/","url":"https:\/\/saintbody.com\/wp-content\/uploads\/2023\/04\/SaintBody_Logo_Typografia-e1691418926919.png","contentUrl":"https:\/\/saintbody.com\/wp-content\/uploads\/2023\/04\/SaintBody_Logo_Typografia-e1691418926919.png","width":1000,"height":202,"caption":"Sklep Saint Body"},"image":{"@id":"https:\/\/saintbody.com\/#\/schema\/logo\/image\/"},"sameAs":["https:\/\/facebook.com\/saintbody\/"]}]}},"_links":{"self":[{"href":"https:\/\/saintbody.com\/en\/wp-json\/wp\/v2\/product\/50102","targetHints":{"allow":["GET"]}}],"collection":[{"href":"https:\/\/saintbody.com\/en\/wp-json\/wp\/v2\/product"}],"about":[{"href":"https:\/\/saintbody.com\/en\/wp-json\/wp\/v2\/types\/product"}],"wp:featuredmedia":[{"embeddable":true,"href":"https:\/\/saintbody.com\/en\/wp-json\/wp\/v2\/media\/50217"}],"wp:attachment":[{"href":"https:\/\/saintbody.com\/en\/wp-json\/wp\/v2\/media?parent=50102"}],"wp:term":[{"taxonomy":"product_brand","embeddable":true,"href":"https:\/\/saintbody.com\/en\/wp-json\/wp\/v2\/product_brand?post=50102"},{"taxonomy":"product_cat","embeddable":true,"href":"https:\/\/saintbody.com\/en\/wp-json\/wp\/v2\/product_cat?post=50102"},{"taxonomy":"product_tag","embeddable":true,"href":"https:\/\/saintbody.com\/en\/wp-json\/wp\/v2\/product_tag?post=50102"}],"curies":[{"name":"wp","href":"https:\/\/api.w.org\/{rel}","templated":true}]}}