{"id":499,"date":"2023-03-09T17:37:19","date_gmt":"2023-03-09T16:37:19","guid":{"rendered":"http:\/\/saintbody.com\/?post_type=product&#038;p=499"},"modified":"2026-03-04T15:26:48","modified_gmt":"2026-03-04T14:26:48","slug":"crop-top-z-dzianiny-brazowy","status":"publish","type":"product","link":"https:\/\/saintbody.com\/en\/crop-top-z-dzianiny-brazowy\/","title":{"rendered":"Crop Top knitted brown"},"content":{"rendered":"<p>Classic short brown crop top under the neck with a round neckline. Timeless and simple cut. Double layer of knitwear, seamless finish, elastic threads ensure high wearing comfort. Great match with high-waisted pants.<\/p>\n<p>The product is sewn in Poland from fabric produced in a Polish knitting mill.<br \/>\nThe model is 178 cm tall, wears size S.<\/p>\n<p>Also check out our bestselling\u00a0<a href=\"https:\/\/saintbody.com\/en\/kategoria\/spodnie\/\">pants<\/a> !<br \/>\nVisit us at <a href=\"https:\/\/www.instagram.com\/saintbodyofficial\/\">instagram<\/a>.<\/p>","protected":false},"excerpt":{"rendered":"<p>Classic short brown crop top under the neck with a round neckline. Timeless and simple cut. Double layer of knitwear, seamless finish, elastic threads ensure high wearing comfort. Great match with high-waisted pants. The product is sewn in Poland from material produced in a Polish knitting mill. The model is 178 cm tall, wears size S Check also our bestselling pants [...].<\/p>","protected":false},"featured_media":53859,"template":"","meta":[],"product_brand":[],"product_cat":[20,37],"product_tag":[38],"class_list":{"0":"post-499","1":"product","2":"type-product","3":"status-publish","4":"has-post-thumbnail","6":"product_cat-wszystko","7":"product_cat-topy","8":"product_tag-topy","10":"first","11":"outofstock","12":"taxable","13":"shipping-taxable","14":"purchasable","15":"product-type-variable"},"yoast_head":"<!-- This site is optimized with the Yoast SEO plugin v27.0 - https:\/\/yoast.com\/product\/yoast-seo-wordpress\/ -->\n<title>Br\u0105zowy crop top - Crop Top z dzianiny\u00a0br\u0105zowy - Sklep SAINTBODY<\/title>\n<meta name=\"description\" content=\"Klasyczny, kr\u00f3tki, br\u0105zowy crop top pod szyj\u0119 z okr\u0105g\u0142ym dekoltem. Kr\u00f3tki crop top komponuje si\u0119 ze spodniami o podwy\u017cszonym stanie. Saintbody\" \/>\n<meta name=\"robots\" content=\"index, follow, max-snippet:-1, max-image-preview:large, max-video-preview:-1\" \/>\n<link rel=\"canonical\" href=\"https:\/\/saintbody.com\/en\/crop-top-z-dzianiny-brazowy\/\" \/>\n<meta property=\"og:locale\" content=\"en_US\" \/>\n<meta property=\"og:type\" content=\"article\" \/>\n<meta property=\"og:title\" content=\"Br\u0105zowy crop top - Crop Top z dzianiny\u00a0br\u0105zowy - Sklep SAINTBODY\" \/>\n<meta property=\"og:description\" content=\"Klasyczny, kr\u00f3tki, br\u0105zowy crop top pod szyj\u0119 z okr\u0105g\u0142ym dekoltem. Kr\u00f3tki crop top komponuje si\u0119 ze spodniami o podwy\u017cszonym stanie. Saintbody\" \/>\n<meta property=\"og:url\" content=\"https:\/\/saintbody.com\/en\/crop-top-z-dzianiny-brazowy\/\" \/>\n<meta property=\"og:site_name\" content=\"Sklep SAINTBODY\" \/>\n<meta property=\"article:publisher\" content=\"https:\/\/facebook.com\/saintbody\/\" \/>\n<meta property=\"article:modified_time\" content=\"2026-03-04T14:26:48+00:00\" \/>\n<meta property=\"og:image\" content=\"http:\/\/saintbody.com\/wp-content\/uploads\/2023\/03\/zdjecia-pod-WWW-produkt-.png\" \/>\n\t<meta property=\"og:image:width\" content=\"1000\" \/>\n\t<meta property=\"og:image:height\" content=\"1500\" \/>\n\t<meta property=\"og:image:type\" content=\"image\/png\" \/>\n<meta name=\"twitter:card\" content=\"summary_large_image\" \/>\n<meta name=\"twitter:label1\" content=\"Est. reading time\" \/>\n\t<meta name=\"twitter:data1\" content=\"1 minute\" \/>\n<script type=\"application\/ld+json\" class=\"yoast-schema-graph\">{\"@context\":\"https:\/\/schema.org\",\"@graph\":[{\"@type\":\"WebPage\",\"@id\":\"https:\/\/saintbody.com\/crop-top-z-dzianiny-brazowy\/\",\"url\":\"https:\/\/saintbody.com\/crop-top-z-dzianiny-brazowy\/\",\"name\":\"Br\u0105zowy crop top - Crop Top z dzianiny\u00a0br\u0105zowy - Sklep SAINTBODY\",\"isPartOf\":{\"@id\":\"https:\/\/saintbody.com\/#website\"},\"primaryImageOfPage\":{\"@id\":\"https:\/\/saintbody.com\/crop-top-z-dzianiny-brazowy\/#primaryimage\"},\"image\":{\"@id\":\"https:\/\/saintbody.com\/crop-top-z-dzianiny-brazowy\/#primaryimage\"},\"thumbnailUrl\":\"https:\/\/saintbody.com\/wp-content\/uploads\/2023\/03\/zdjecia-pod-WWW-produkt-.png\",\"datePublished\":\"2023-03-09T16:37:19+00:00\",\"dateModified\":\"2026-03-04T14:26:48+00:00\",\"description\":\"Klasyczny, kr\u00f3tki, br\u0105zowy crop top pod szyj\u0119 z okr\u0105g\u0142ym dekoltem. Kr\u00f3tki crop top komponuje si\u0119 ze spodniami o podwy\u017cszonym stanie. Saintbody\",\"breadcrumb\":{\"@id\":\"https:\/\/saintbody.com\/crop-top-z-dzianiny-brazowy\/#breadcrumb\"},\"inLanguage\":\"en-US\",\"potentialAction\":[{\"@type\":\"ReadAction\",\"target\":[\"https:\/\/saintbody.com\/crop-top-z-dzianiny-brazowy\/\"]}]},{\"@type\":\"ImageObject\",\"inLanguage\":\"en-US\",\"@id\":\"https:\/\/saintbody.com\/crop-top-z-dzianiny-brazowy\/#primaryimage\",\"url\":\"https:\/\/saintbody.com\/wp-content\/uploads\/2023\/03\/zdjecia-pod-WWW-produkt-.png\",\"contentUrl\":\"https:\/\/saintbody.com\/wp-content\/uploads\/2023\/03\/zdjecia-pod-WWW-produkt-.png\",\"width\":1000,\"height\":1500},{\"@type\":\"BreadcrumbList\",\"@id\":\"https:\/\/saintbody.com\/crop-top-z-dzianiny-brazowy\/#breadcrumb\",\"itemListElement\":[{\"@type\":\"ListItem\",\"position\":1,\"name\":\"Strona g\u0142\u00f3wna\",\"item\":\"https:\/\/saintbody.com\/\"},{\"@type\":\"ListItem\",\"position\":2,\"name\":\"Sklep\",\"item\":\"https:\/\/saintbody.com\/sklep\/\"},{\"@type\":\"ListItem\",\"position\":3,\"name\":\"Crop Top z dzianiny\u00a0br\u0105zowy\"}]},{\"@type\":\"WebSite\",\"@id\":\"https:\/\/saintbody.com\/#website\",\"url\":\"https:\/\/saintbody.com\/\",\"name\":\"Sklep SAINTBODY\",\"description\":\"Premium basic na ka\u00c5\u00bcd\u00c4\u2026 okazje. Ponadczasowe Body, Odzie\u00c5\u00bc damska, Sukienki Damskie\",\"publisher\":{\"@id\":\"https:\/\/saintbody.com\/#organization\"},\"potentialAction\":[{\"@type\":\"SearchAction\",\"target\":{\"@type\":\"EntryPoint\",\"urlTemplate\":\"https:\/\/saintbody.com\/?s={search_term_string}\"},\"query-input\":{\"@type\":\"PropertyValueSpecification\",\"valueRequired\":true,\"valueName\":\"search_term_string\"}}],\"inLanguage\":\"en-US\"},{\"@type\":\"Organization\",\"@id\":\"https:\/\/saintbody.com\/#organization\",\"name\":\"Sklep Saint Body\",\"url\":\"https:\/\/saintbody.com\/\",\"logo\":{\"@type\":\"ImageObject\",\"inLanguage\":\"en-US\",\"@id\":\"https:\/\/saintbody.com\/#\/schema\/logo\/image\/\",\"url\":\"https:\/\/saintbody.com\/wp-content\/uploads\/2023\/04\/SaintBody_Logo_Typografia-e1691418926919.png\",\"contentUrl\":\"https:\/\/saintbody.com\/wp-content\/uploads\/2023\/04\/SaintBody_Logo_Typografia-e1691418926919.png\",\"width\":1000,\"height\":202,\"caption\":\"Sklep Saint Body\"},\"image\":{\"@id\":\"https:\/\/saintbody.com\/#\/schema\/logo\/image\/\"},\"sameAs\":[\"https:\/\/facebook.com\/saintbody\/\"]}]}<\/script>\n<!-- \/ Yoast SEO plugin. -->","yoast_head_json":{"title":"Br\u0105zowy crop top - Crop Top z dzianiny\u00a0br\u0105zowy - Sklep SAINTBODY","description":"Klasyczny, kr\u00f3tki, br\u0105zowy crop top pod szyj\u0119 z okr\u0105g\u0142ym dekoltem. Kr\u00f3tki crop top komponuje si\u0119 ze spodniami o podwy\u017cszonym stanie. Saintbody","robots":{"index":"index","follow":"follow","max-snippet":"max-snippet:-1","max-image-preview":"max-image-preview:large","max-video-preview":"max-video-preview:-1"},"canonical":"https:\/\/saintbody.com\/en\/crop-top-z-dzianiny-brazowy\/","og_locale":"en_US","og_type":"article","og_title":"Br\u0105zowy crop top - Crop Top z dzianiny\u00a0br\u0105zowy - Sklep SAINTBODY","og_description":"Klasyczny, kr\u00f3tki, br\u0105zowy crop top pod szyj\u0119 z okr\u0105g\u0142ym dekoltem. Kr\u00f3tki crop top komponuje si\u0119 ze spodniami o podwy\u017cszonym stanie. Saintbody","og_url":"https:\/\/saintbody.com\/en\/crop-top-z-dzianiny-brazowy\/","og_site_name":"Sklep SAINTBODY","article_publisher":"https:\/\/facebook.com\/saintbody\/","article_modified_time":"2026-03-04T14:26:48+00:00","og_image":[{"width":1000,"height":1500,"url":"http:\/\/saintbody.com\/wp-content\/uploads\/2023\/03\/zdjecia-pod-WWW-produkt-.png","type":"image\/png"}],"twitter_card":"summary_large_image","twitter_misc":{"Est. reading time":"1 minute"},"schema":{"@context":"https:\/\/schema.org","@graph":[{"@type":"WebPage","@id":"https:\/\/saintbody.com\/crop-top-z-dzianiny-brazowy\/","url":"https:\/\/saintbody.com\/crop-top-z-dzianiny-brazowy\/","name":"Br\u0105zowy crop top - Crop Top z dzianiny\u00a0br\u0105zowy - Sklep SAINTBODY","isPartOf":{"@id":"https:\/\/saintbody.com\/#website"},"primaryImageOfPage":{"@id":"https:\/\/saintbody.com\/crop-top-z-dzianiny-brazowy\/#primaryimage"},"image":{"@id":"https:\/\/saintbody.com\/crop-top-z-dzianiny-brazowy\/#primaryimage"},"thumbnailUrl":"https:\/\/saintbody.com\/wp-content\/uploads\/2023\/03\/zdjecia-pod-WWW-produkt-.png","datePublished":"2023-03-09T16:37:19+00:00","dateModified":"2026-03-04T14:26:48+00:00","description":"Klasyczny, kr\u00f3tki, br\u0105zowy crop top pod szyj\u0119 z okr\u0105g\u0142ym dekoltem. Kr\u00f3tki crop top komponuje si\u0119 ze spodniami o podwy\u017cszonym stanie. Saintbody","breadcrumb":{"@id":"https:\/\/saintbody.com\/crop-top-z-dzianiny-brazowy\/#breadcrumb"},"inLanguage":"en-US","potentialAction":[{"@type":"ReadAction","target":["https:\/\/saintbody.com\/crop-top-z-dzianiny-brazowy\/"]}]},{"@type":"ImageObject","inLanguage":"en-US","@id":"https:\/\/saintbody.com\/crop-top-z-dzianiny-brazowy\/#primaryimage","url":"https:\/\/saintbody.com\/wp-content\/uploads\/2023\/03\/zdjecia-pod-WWW-produkt-.png","contentUrl":"https:\/\/saintbody.com\/wp-content\/uploads\/2023\/03\/zdjecia-pod-WWW-produkt-.png","width":1000,"height":1500},{"@type":"BreadcrumbList","@id":"https:\/\/saintbody.com\/crop-top-z-dzianiny-brazowy\/#breadcrumb","itemListElement":[{"@type":"ListItem","position":1,"name":"Strona g\u0142\u00f3wna","item":"https:\/\/saintbody.com\/"},{"@type":"ListItem","position":2,"name":"Sklep","item":"https:\/\/saintbody.com\/sklep\/"},{"@type":"ListItem","position":3,"name":"Crop Top z dzianiny\u00a0br\u0105zowy"}]},{"@type":"WebSite","@id":"https:\/\/saintbody.com\/#website","url":"https:\/\/saintbody.com\/","name":"Sklep SAINTBODY","description":"Premium basic na ka\u00c5\u00bcd\u00c4\u2026 okazje. Ponadczasowe Body, Odzie\u00c5\u00bc damska, Sukienki Damskie","publisher":{"@id":"https:\/\/saintbody.com\/#organization"},"potentialAction":[{"@type":"SearchAction","target":{"@type":"EntryPoint","urlTemplate":"https:\/\/saintbody.com\/?s={search_term_string}"},"query-input":{"@type":"PropertyValueSpecification","valueRequired":true,"valueName":"search_term_string"}}],"inLanguage":"en-US"},{"@type":"Organization","@id":"https:\/\/saintbody.com\/#organization","name":"Sklep Saint Body","url":"https:\/\/saintbody.com\/","logo":{"@type":"ImageObject","inLanguage":"en-US","@id":"https:\/\/saintbody.com\/#\/schema\/logo\/image\/","url":"https:\/\/saintbody.com\/wp-content\/uploads\/2023\/04\/SaintBody_Logo_Typografia-e1691418926919.png","contentUrl":"https:\/\/saintbody.com\/wp-content\/uploads\/2023\/04\/SaintBody_Logo_Typografia-e1691418926919.png","width":1000,"height":202,"caption":"Sklep Saint Body"},"image":{"@id":"https:\/\/saintbody.com\/#\/schema\/logo\/image\/"},"sameAs":["https:\/\/facebook.com\/saintbody\/"]}]}},"_links":{"self":[{"href":"https:\/\/saintbody.com\/en\/wp-json\/wp\/v2\/product\/499","targetHints":{"allow":["GET"]}}],"collection":[{"href":"https:\/\/saintbody.com\/en\/wp-json\/wp\/v2\/product"}],"about":[{"href":"https:\/\/saintbody.com\/en\/wp-json\/wp\/v2\/types\/product"}],"wp:featuredmedia":[{"embeddable":true,"href":"https:\/\/saintbody.com\/en\/wp-json\/wp\/v2\/media\/53859"}],"wp:attachment":[{"href":"https:\/\/saintbody.com\/en\/wp-json\/wp\/v2\/media?parent=499"}],"wp:term":[{"taxonomy":"product_brand","embeddable":true,"href":"https:\/\/saintbody.com\/en\/wp-json\/wp\/v2\/product_brand?post=499"},{"taxonomy":"product_cat","embeddable":true,"href":"https:\/\/saintbody.com\/en\/wp-json\/wp\/v2\/product_cat?post=499"},{"taxonomy":"product_tag","embeddable":true,"href":"https:\/\/saintbody.com\/en\/wp-json\/wp\/v2\/product_tag?post=499"}],"curies":[{"name":"wp","href":"https:\/\/api.w.org\/{rel}","templated":true}]}}