{"id":47129,"date":"2024-02-02T02:40:13","date_gmt":"2024-02-02T01:40:13","guid":{"rendered":"https:\/\/saintbody.com\/?post_type=product&#038;p=47129"},"modified":"2025-09-06T17:36:57","modified_gmt":"2025-09-06T15:36:57","slug":"oversize-t-shirt-body-szare","status":"publish","type":"product","link":"https:\/\/saintbody.com\/en\/oversize-t-shirt-body-szare\/","title":{"rendered":"Oversize T-shirt body grey"},"content":{"rendered":"<p>A simple oversized body with short sleeves. This is a wide body t-shirt, carefully designed to provide maximum comfort. The problem with ill-fitting fabric in pants has been solved! Very pleasant and high-quality sweater in gray melange color. Body easy to style, you will certainly match it with our skirts and leggings. The bodysuit is cut into a thong at the back, fastened with nickel-free springs.<\/p>\n<p>At Saint Body, we use certified knitted fabrics from local suppliers<\/p>\n<p>Also check out our bestselling\u00a0<a href=\"https:\/\/saintbody.com\/en\/kategoria\/sukienki\/\">dresses<\/a> !<br \/>\nVisit us at <a href=\"https:\/\/www.instagram.com\/saintbodyofficial\/\">instagram<\/a>.<\/p>","protected":false},"excerpt":{"rendered":"<p>A simple oversized body with short sleeves. This is a wide body t-shirt, carefully designed to provide maximum comfort. The problem with ill-fitting fabric in pants has been solved! Very pleasant and high-quality sweater in gray melange color. Body easy to style, you will certainly match it with our skirts and leggings. Body cut out at the back in [...]<\/p>","protected":false},"featured_media":47133,"template":"","meta":[],"product_brand":[],"product_cat":[20,21],"product_tag":[23],"class_list":{"0":"post-47129","1":"product","2":"type-product","3":"status-publish","4":"has-post-thumbnail","6":"product_cat-wszystko","7":"product_cat-body-damskie","8":"product_tag-body","10":"first","11":"outofstock","12":"taxable","13":"shipping-taxable","14":"purchasable","15":"product-type-variable","16":"has-default-attributes"},"yoast_head":"<!-- This site is optimized with the Yoast SEO plugin v27.0 - https:\/\/yoast.com\/product\/yoast-seo-wordpress\/ -->\n<title>Oversize T-shirt body szare - Sklep SAINTBODY<\/title>\n<meta name=\"description\" content=\"To szeroki tshirt na body, starannie zaprojektowany tak aby zapewni\u0107 maksimum komfortu. Problem ze zle uk\u0142adaj\u0105cym si\u0119 materia\u0142em w spodniach zosta\u0142 rozwi\u0105zany!\" \/>\n<meta name=\"robots\" content=\"index, follow, max-snippet:-1, max-image-preview:large, max-video-preview:-1\" \/>\n<link rel=\"canonical\" href=\"https:\/\/saintbody.com\/en\/oversize-t-shirt-body-szare\/\" \/>\n<meta property=\"og:locale\" content=\"en_US\" \/>\n<meta property=\"og:type\" content=\"article\" \/>\n<meta property=\"og:title\" content=\"Oversize T-shirt body szare - Sklep SAINTBODY\" \/>\n<meta property=\"og:description\" content=\"To szeroki tshirt na body, starannie zaprojektowany tak aby zapewni\u0107 maksimum komfortu. Problem ze zle uk\u0142adaj\u0105cym si\u0119 materia\u0142em w spodniach zosta\u0142 rozwi\u0105zany!\" \/>\n<meta property=\"og:url\" content=\"https:\/\/saintbody.com\/en\/oversize-t-shirt-body-szare\/\" \/>\n<meta property=\"og:site_name\" content=\"Sklep SAINTBODY\" \/>\n<meta property=\"article:publisher\" content=\"https:\/\/facebook.com\/saintbody\/\" \/>\n<meta property=\"article:modified_time\" content=\"2025-09-06T15:36:57+00:00\" \/>\n<meta property=\"og:image\" content=\"http:\/\/saintbody.com\/wp-content\/uploads\/2024\/02\/SB_0906.jpg\" \/>\n\t<meta property=\"og:image:width\" content=\"1001\" \/>\n\t<meta property=\"og:image:height\" content=\"1500\" \/>\n\t<meta property=\"og:image:type\" content=\"image\/jpeg\" \/>\n<meta name=\"twitter:card\" content=\"summary_large_image\" \/>\n<meta name=\"twitter:label1\" content=\"Est. reading time\" \/>\n\t<meta name=\"twitter:data1\" content=\"1 minute\" \/>\n<script type=\"application\/ld+json\" class=\"yoast-schema-graph\">{\"@context\":\"https:\/\/schema.org\",\"@graph\":[{\"@type\":\"WebPage\",\"@id\":\"https:\/\/saintbody.com\/oversize-t-shirt-body-szare\/\",\"url\":\"https:\/\/saintbody.com\/oversize-t-shirt-body-szare\/\",\"name\":\"Oversize T-shirt body szare - Sklep SAINTBODY\",\"isPartOf\":{\"@id\":\"https:\/\/saintbody.com\/#website\"},\"primaryImageOfPage\":{\"@id\":\"https:\/\/saintbody.com\/oversize-t-shirt-body-szare\/#primaryimage\"},\"image\":{\"@id\":\"https:\/\/saintbody.com\/oversize-t-shirt-body-szare\/#primaryimage\"},\"thumbnailUrl\":\"https:\/\/saintbody.com\/wp-content\/uploads\/2024\/02\/SB_0906.jpg\",\"datePublished\":\"2024-02-02T01:40:13+00:00\",\"dateModified\":\"2025-09-06T15:36:57+00:00\",\"description\":\"To szeroki tshirt na body, starannie zaprojektowany tak aby zapewni\u0107 maksimum komfortu. Problem ze zle uk\u0142adaj\u0105cym si\u0119 materia\u0142em w spodniach zosta\u0142 rozwi\u0105zany!\",\"breadcrumb\":{\"@id\":\"https:\/\/saintbody.com\/oversize-t-shirt-body-szare\/#breadcrumb\"},\"inLanguage\":\"en-US\",\"potentialAction\":[{\"@type\":\"ReadAction\",\"target\":[\"https:\/\/saintbody.com\/oversize-t-shirt-body-szare\/\"]}]},{\"@type\":\"ImageObject\",\"inLanguage\":\"en-US\",\"@id\":\"https:\/\/saintbody.com\/oversize-t-shirt-body-szare\/#primaryimage\",\"url\":\"https:\/\/saintbody.com\/wp-content\/uploads\/2024\/02\/SB_0906.jpg\",\"contentUrl\":\"https:\/\/saintbody.com\/wp-content\/uploads\/2024\/02\/SB_0906.jpg\",\"width\":1001,\"height\":1500,\"caption\":\"Oversize T-shirt body szare\"},{\"@type\":\"BreadcrumbList\",\"@id\":\"https:\/\/saintbody.com\/oversize-t-shirt-body-szare\/#breadcrumb\",\"itemListElement\":[{\"@type\":\"ListItem\",\"position\":1,\"name\":\"Strona g\u0142\u00f3wna\",\"item\":\"https:\/\/saintbody.com\/\"},{\"@type\":\"ListItem\",\"position\":2,\"name\":\"Sklep\",\"item\":\"https:\/\/saintbody.com\/sklep\/\"},{\"@type\":\"ListItem\",\"position\":3,\"name\":\"Oversize T-shirt body szare\"}]},{\"@type\":\"WebSite\",\"@id\":\"https:\/\/saintbody.com\/#website\",\"url\":\"https:\/\/saintbody.com\/\",\"name\":\"Sklep SAINTBODY\",\"description\":\"Premium basic na ka\u00c5\u00bcd\u00c4\u2026 okazje. Ponadczasowe Body, Odzie\u00c5\u00bc damska, Sukienki Damskie\",\"publisher\":{\"@id\":\"https:\/\/saintbody.com\/#organization\"},\"potentialAction\":[{\"@type\":\"SearchAction\",\"target\":{\"@type\":\"EntryPoint\",\"urlTemplate\":\"https:\/\/saintbody.com\/?s={search_term_string}\"},\"query-input\":{\"@type\":\"PropertyValueSpecification\",\"valueRequired\":true,\"valueName\":\"search_term_string\"}}],\"inLanguage\":\"en-US\"},{\"@type\":\"Organization\",\"@id\":\"https:\/\/saintbody.com\/#organization\",\"name\":\"Sklep Saint Body\",\"url\":\"https:\/\/saintbody.com\/\",\"logo\":{\"@type\":\"ImageObject\",\"inLanguage\":\"en-US\",\"@id\":\"https:\/\/saintbody.com\/#\/schema\/logo\/image\/\",\"url\":\"https:\/\/saintbody.com\/wp-content\/uploads\/2023\/04\/SaintBody_Logo_Typografia-e1691418926919.png\",\"contentUrl\":\"https:\/\/saintbody.com\/wp-content\/uploads\/2023\/04\/SaintBody_Logo_Typografia-e1691418926919.png\",\"width\":1000,\"height\":202,\"caption\":\"Sklep Saint Body\"},\"image\":{\"@id\":\"https:\/\/saintbody.com\/#\/schema\/logo\/image\/\"},\"sameAs\":[\"https:\/\/facebook.com\/saintbody\/\"]}]}<\/script>\n<!-- \/ Yoast SEO plugin. -->","yoast_head_json":{"title":"Oversize T-shirt body szare - Sklep SAINTBODY","description":"To szeroki tshirt na body, starannie zaprojektowany tak aby zapewni\u0107 maksimum komfortu. Problem ze zle uk\u0142adaj\u0105cym si\u0119 materia\u0142em w spodniach zosta\u0142 rozwi\u0105zany!","robots":{"index":"index","follow":"follow","max-snippet":"max-snippet:-1","max-image-preview":"max-image-preview:large","max-video-preview":"max-video-preview:-1"},"canonical":"https:\/\/saintbody.com\/en\/oversize-t-shirt-body-szare\/","og_locale":"en_US","og_type":"article","og_title":"Oversize T-shirt body szare - Sklep SAINTBODY","og_description":"To szeroki tshirt na body, starannie zaprojektowany tak aby zapewni\u0107 maksimum komfortu. Problem ze zle uk\u0142adaj\u0105cym si\u0119 materia\u0142em w spodniach zosta\u0142 rozwi\u0105zany!","og_url":"https:\/\/saintbody.com\/en\/oversize-t-shirt-body-szare\/","og_site_name":"Sklep SAINTBODY","article_publisher":"https:\/\/facebook.com\/saintbody\/","article_modified_time":"2025-09-06T15:36:57+00:00","og_image":[{"width":1001,"height":1500,"url":"http:\/\/saintbody.com\/wp-content\/uploads\/2024\/02\/SB_0906.jpg","type":"image\/jpeg"}],"twitter_card":"summary_large_image","twitter_misc":{"Est. reading time":"1 minute"},"schema":{"@context":"https:\/\/schema.org","@graph":[{"@type":"WebPage","@id":"https:\/\/saintbody.com\/oversize-t-shirt-body-szare\/","url":"https:\/\/saintbody.com\/oversize-t-shirt-body-szare\/","name":"Oversize T-shirt body szare - Sklep SAINTBODY","isPartOf":{"@id":"https:\/\/saintbody.com\/#website"},"primaryImageOfPage":{"@id":"https:\/\/saintbody.com\/oversize-t-shirt-body-szare\/#primaryimage"},"image":{"@id":"https:\/\/saintbody.com\/oversize-t-shirt-body-szare\/#primaryimage"},"thumbnailUrl":"https:\/\/saintbody.com\/wp-content\/uploads\/2024\/02\/SB_0906.jpg","datePublished":"2024-02-02T01:40:13+00:00","dateModified":"2025-09-06T15:36:57+00:00","description":"To szeroki tshirt na body, starannie zaprojektowany tak aby zapewni\u0107 maksimum komfortu. Problem ze zle uk\u0142adaj\u0105cym si\u0119 materia\u0142em w spodniach zosta\u0142 rozwi\u0105zany!","breadcrumb":{"@id":"https:\/\/saintbody.com\/oversize-t-shirt-body-szare\/#breadcrumb"},"inLanguage":"en-US","potentialAction":[{"@type":"ReadAction","target":["https:\/\/saintbody.com\/oversize-t-shirt-body-szare\/"]}]},{"@type":"ImageObject","inLanguage":"en-US","@id":"https:\/\/saintbody.com\/oversize-t-shirt-body-szare\/#primaryimage","url":"https:\/\/saintbody.com\/wp-content\/uploads\/2024\/02\/SB_0906.jpg","contentUrl":"https:\/\/saintbody.com\/wp-content\/uploads\/2024\/02\/SB_0906.jpg","width":1001,"height":1500,"caption":"Oversize T-shirt body szare"},{"@type":"BreadcrumbList","@id":"https:\/\/saintbody.com\/oversize-t-shirt-body-szare\/#breadcrumb","itemListElement":[{"@type":"ListItem","position":1,"name":"Strona g\u0142\u00f3wna","item":"https:\/\/saintbody.com\/"},{"@type":"ListItem","position":2,"name":"Sklep","item":"https:\/\/saintbody.com\/sklep\/"},{"@type":"ListItem","position":3,"name":"Oversize T-shirt body szare"}]},{"@type":"WebSite","@id":"https:\/\/saintbody.com\/#website","url":"https:\/\/saintbody.com\/","name":"Sklep SAINTBODY","description":"Premium basic na ka\u00c5\u00bcd\u00c4\u2026 okazje. Ponadczasowe Body, Odzie\u00c5\u00bc damska, Sukienki Damskie","publisher":{"@id":"https:\/\/saintbody.com\/#organization"},"potentialAction":[{"@type":"SearchAction","target":{"@type":"EntryPoint","urlTemplate":"https:\/\/saintbody.com\/?s={search_term_string}"},"query-input":{"@type":"PropertyValueSpecification","valueRequired":true,"valueName":"search_term_string"}}],"inLanguage":"en-US"},{"@type":"Organization","@id":"https:\/\/saintbody.com\/#organization","name":"Sklep Saint Body","url":"https:\/\/saintbody.com\/","logo":{"@type":"ImageObject","inLanguage":"en-US","@id":"https:\/\/saintbody.com\/#\/schema\/logo\/image\/","url":"https:\/\/saintbody.com\/wp-content\/uploads\/2023\/04\/SaintBody_Logo_Typografia-e1691418926919.png","contentUrl":"https:\/\/saintbody.com\/wp-content\/uploads\/2023\/04\/SaintBody_Logo_Typografia-e1691418926919.png","width":1000,"height":202,"caption":"Sklep Saint Body"},"image":{"@id":"https:\/\/saintbody.com\/#\/schema\/logo\/image\/"},"sameAs":["https:\/\/facebook.com\/saintbody\/"]}]}},"_links":{"self":[{"href":"https:\/\/saintbody.com\/en\/wp-json\/wp\/v2\/product\/47129","targetHints":{"allow":["GET"]}}],"collection":[{"href":"https:\/\/saintbody.com\/en\/wp-json\/wp\/v2\/product"}],"about":[{"href":"https:\/\/saintbody.com\/en\/wp-json\/wp\/v2\/types\/product"}],"wp:featuredmedia":[{"embeddable":true,"href":"https:\/\/saintbody.com\/en\/wp-json\/wp\/v2\/media\/47133"}],"wp:attachment":[{"href":"https:\/\/saintbody.com\/en\/wp-json\/wp\/v2\/media?parent=47129"}],"wp:term":[{"taxonomy":"product_brand","embeddable":true,"href":"https:\/\/saintbody.com\/en\/wp-json\/wp\/v2\/product_brand?post=47129"},{"taxonomy":"product_cat","embeddable":true,"href":"https:\/\/saintbody.com\/en\/wp-json\/wp\/v2\/product_cat?post=47129"},{"taxonomy":"product_tag","embeddable":true,"href":"https:\/\/saintbody.com\/en\/wp-json\/wp\/v2\/product_tag?post=47129"}],"curies":[{"name":"wp","href":"https:\/\/api.w.org\/{rel}","templated":true}]}}