{"id":47117,"date":"2024-02-02T01:53:39","date_gmt":"2024-02-02T00:53:39","guid":{"rendered":"https:\/\/saintbody.com\/?post_type=product&#038;p=47117"},"modified":"2025-09-06T17:36:35","modified_gmt":"2025-09-06T15:36:35","slug":"longesleeve-z-okraglym-dekoltem-szary","status":"publish","type":"product","link":"https:\/\/saintbody.com\/en\/longesleeve-z-okraglym-dekoltem-szary\/","title":{"rendered":"Longsleeve with round neckline grey"},"content":{"rendered":"<p>Classic gray T-shirt with long drooping sleeves and a wide neckline. It fits perfectly<br \/>\nIt conforms to the body, and the beautifully routed neckline with wide piping, enhances femininity.<br \/>\nIt will work well in both elegant and comfortable casual outfits.<\/p>\n<p>Sewn from a single layer of high-quality sweater fabric gray melange.<\/p>\n<p>&nbsp;<\/p>\n<p>Also check out our bestselling\u00a0<a href=\"https:\/\/saintbody.com\/en\/kategoria\/sukienki\/\">dresses<\/a> !<br \/>\nVisit us at <a href=\"https:\/\/www.instagram.com\/saintbodyofficial\/\">instagram<\/a>.<\/p>","protected":false},"excerpt":{"rendered":"<p>Classic gray T-shirt with long drooping sleeves and a wide neckline. It fits perfectly to the body, and the beautifully drawn neckline with a wide hemline enhances femininity. It will suit both elegant and comfortable casual outfits. Made of one layer of high-quality gray melange sweater fabric.   Check also our bestselling dresses ! Visit us on instagram.<\/p>","protected":false},"featured_media":47123,"template":"","meta":[],"product_brand":[],"product_cat":[20],"product_tag":[38],"class_list":{"0":"post-47117","1":"product","2":"type-product","3":"status-publish","4":"has-post-thumbnail","6":"product_cat-wszystko","7":"product_tag-topy","9":"first","10":"outofstock","11":"sale","12":"taxable","13":"shipping-taxable","14":"purchasable","15":"product-type-variable","16":"has-default-attributes"},"yoast_head":"<!-- This site is optimized with the Yoast SEO plugin v27.0 - https:\/\/yoast.com\/product\/yoast-seo-wordpress\/ -->\n<title>Longsleeve z okr\u0105g\u0142ym dekoltem szary - Sklep SAINTBODY<\/title>\n<meta name=\"description\" content=\"Koszula wykonana z lyocelu o kr\u00f3tszym kroju. Jej d\u0142ugo\u015b\u0107 jest bezpieczna i \u015bwietnie kszta\u0142tuje sylwetk\u0119.\" \/>\n<meta name=\"robots\" content=\"index, follow, max-snippet:-1, max-image-preview:large, max-video-preview:-1\" \/>\n<link rel=\"canonical\" href=\"https:\/\/saintbody.com\/en\/longesleeve-z-okraglym-dekoltem-szary\/\" \/>\n<meta property=\"og:locale\" content=\"en_US\" \/>\n<meta property=\"og:type\" content=\"article\" \/>\n<meta property=\"og:title\" content=\"Longsleeve z okr\u0105g\u0142ym dekoltem szary - Sklep SAINTBODY\" \/>\n<meta property=\"og:description\" content=\"Koszula wykonana z lyocelu o kr\u00f3tszym kroju. Jej d\u0142ugo\u015b\u0107 jest bezpieczna i \u015bwietnie kszta\u0142tuje sylwetk\u0119.\" \/>\n<meta property=\"og:url\" content=\"https:\/\/saintbody.com\/en\/longesleeve-z-okraglym-dekoltem-szary\/\" \/>\n<meta property=\"og:site_name\" content=\"Sklep SAINTBODY\" \/>\n<meta property=\"article:publisher\" content=\"https:\/\/facebook.com\/saintbody\/\" \/>\n<meta property=\"article:modified_time\" content=\"2025-09-06T15:36:35+00:00\" \/>\n<meta property=\"og:image\" content=\"http:\/\/saintbody.com\/wp-content\/uploads\/2024\/02\/Sesja-bez-nazwy1125-1-1.jpg\" \/>\n\t<meta property=\"og:image:width\" content=\"1000\" \/>\n\t<meta property=\"og:image:height\" content=\"1500\" \/>\n\t<meta property=\"og:image:type\" content=\"image\/jpeg\" \/>\n<meta name=\"twitter:card\" content=\"summary_large_image\" \/>\n<meta name=\"twitter:label1\" content=\"Est. reading time\" \/>\n\t<meta name=\"twitter:data1\" content=\"1 minute\" \/>\n<script type=\"application\/ld+json\" class=\"yoast-schema-graph\">{\"@context\":\"https:\/\/schema.org\",\"@graph\":[{\"@type\":\"WebPage\",\"@id\":\"https:\/\/saintbody.com\/longesleeve-z-okraglym-dekoltem-szary\/\",\"url\":\"https:\/\/saintbody.com\/longesleeve-z-okraglym-dekoltem-szary\/\",\"name\":\"Longsleeve z okr\u0105g\u0142ym dekoltem szary - Sklep SAINTBODY\",\"isPartOf\":{\"@id\":\"https:\/\/saintbody.com\/#website\"},\"primaryImageOfPage\":{\"@id\":\"https:\/\/saintbody.com\/longesleeve-z-okraglym-dekoltem-szary\/#primaryimage\"},\"image\":{\"@id\":\"https:\/\/saintbody.com\/longesleeve-z-okraglym-dekoltem-szary\/#primaryimage\"},\"thumbnailUrl\":\"https:\/\/saintbody.com\/wp-content\/uploads\/2024\/02\/Sesja-bez-nazwy1125-1-1.jpg\",\"datePublished\":\"2024-02-02T00:53:39+00:00\",\"dateModified\":\"2025-09-06T15:36:35+00:00\",\"description\":\"Koszula wykonana z lyocelu o kr\u00f3tszym kroju. Jej d\u0142ugo\u015b\u0107 jest bezpieczna i \u015bwietnie kszta\u0142tuje sylwetk\u0119.\",\"breadcrumb\":{\"@id\":\"https:\/\/saintbody.com\/longesleeve-z-okraglym-dekoltem-szary\/#breadcrumb\"},\"inLanguage\":\"en-US\",\"potentialAction\":[{\"@type\":\"ReadAction\",\"target\":[\"https:\/\/saintbody.com\/longesleeve-z-okraglym-dekoltem-szary\/\"]}]},{\"@type\":\"ImageObject\",\"inLanguage\":\"en-US\",\"@id\":\"https:\/\/saintbody.com\/longesleeve-z-okraglym-dekoltem-szary\/#primaryimage\",\"url\":\"https:\/\/saintbody.com\/wp-content\/uploads\/2024\/02\/Sesja-bez-nazwy1125-1-1.jpg\",\"contentUrl\":\"https:\/\/saintbody.com\/wp-content\/uploads\/2024\/02\/Sesja-bez-nazwy1125-1-1.jpg\",\"width\":1000,\"height\":1500,\"caption\":\"Longesleeve z okr\u0105g\u0142ym dekoltem szary\"},{\"@type\":\"BreadcrumbList\",\"@id\":\"https:\/\/saintbody.com\/longesleeve-z-okraglym-dekoltem-szary\/#breadcrumb\",\"itemListElement\":[{\"@type\":\"ListItem\",\"position\":1,\"name\":\"Strona g\u0142\u00f3wna\",\"item\":\"https:\/\/saintbody.com\/\"},{\"@type\":\"ListItem\",\"position\":2,\"name\":\"Sklep\",\"item\":\"https:\/\/saintbody.com\/sklep\/\"},{\"@type\":\"ListItem\",\"position\":3,\"name\":\"Longsleeve z okr\u0105g\u0142ym dekoltem szary\"}]},{\"@type\":\"WebSite\",\"@id\":\"https:\/\/saintbody.com\/#website\",\"url\":\"https:\/\/saintbody.com\/\",\"name\":\"Sklep SAINTBODY\",\"description\":\"Premium basic na ka\u00c5\u00bcd\u00c4\u2026 okazje. Ponadczasowe Body, Odzie\u00c5\u00bc damska, Sukienki Damskie\",\"publisher\":{\"@id\":\"https:\/\/saintbody.com\/#organization\"},\"potentialAction\":[{\"@type\":\"SearchAction\",\"target\":{\"@type\":\"EntryPoint\",\"urlTemplate\":\"https:\/\/saintbody.com\/?s={search_term_string}\"},\"query-input\":{\"@type\":\"PropertyValueSpecification\",\"valueRequired\":true,\"valueName\":\"search_term_string\"}}],\"inLanguage\":\"en-US\"},{\"@type\":\"Organization\",\"@id\":\"https:\/\/saintbody.com\/#organization\",\"name\":\"Sklep Saint Body\",\"url\":\"https:\/\/saintbody.com\/\",\"logo\":{\"@type\":\"ImageObject\",\"inLanguage\":\"en-US\",\"@id\":\"https:\/\/saintbody.com\/#\/schema\/logo\/image\/\",\"url\":\"https:\/\/saintbody.com\/wp-content\/uploads\/2023\/04\/SaintBody_Logo_Typografia-e1691418926919.png\",\"contentUrl\":\"https:\/\/saintbody.com\/wp-content\/uploads\/2023\/04\/SaintBody_Logo_Typografia-e1691418926919.png\",\"width\":1000,\"height\":202,\"caption\":\"Sklep Saint Body\"},\"image\":{\"@id\":\"https:\/\/saintbody.com\/#\/schema\/logo\/image\/\"},\"sameAs\":[\"https:\/\/facebook.com\/saintbody\/\"]}]}<\/script>\n<!-- \/ Yoast SEO plugin. -->","yoast_head_json":{"title":"Longsleeve z okr\u0105g\u0142ym dekoltem szary - Sklep SAINTBODY","description":"Koszula wykonana z lyocelu o kr\u00f3tszym kroju. Jej d\u0142ugo\u015b\u0107 jest bezpieczna i \u015bwietnie kszta\u0142tuje sylwetk\u0119.","robots":{"index":"index","follow":"follow","max-snippet":"max-snippet:-1","max-image-preview":"max-image-preview:large","max-video-preview":"max-video-preview:-1"},"canonical":"https:\/\/saintbody.com\/en\/longesleeve-z-okraglym-dekoltem-szary\/","og_locale":"en_US","og_type":"article","og_title":"Longsleeve z okr\u0105g\u0142ym dekoltem szary - Sklep SAINTBODY","og_description":"Koszula wykonana z lyocelu o kr\u00f3tszym kroju. Jej d\u0142ugo\u015b\u0107 jest bezpieczna i \u015bwietnie kszta\u0142tuje sylwetk\u0119.","og_url":"https:\/\/saintbody.com\/en\/longesleeve-z-okraglym-dekoltem-szary\/","og_site_name":"Sklep SAINTBODY","article_publisher":"https:\/\/facebook.com\/saintbody\/","article_modified_time":"2025-09-06T15:36:35+00:00","og_image":[{"width":1000,"height":1500,"url":"http:\/\/saintbody.com\/wp-content\/uploads\/2024\/02\/Sesja-bez-nazwy1125-1-1.jpg","type":"image\/jpeg"}],"twitter_card":"summary_large_image","twitter_misc":{"Est. reading time":"1 minute"},"schema":{"@context":"https:\/\/schema.org","@graph":[{"@type":"WebPage","@id":"https:\/\/saintbody.com\/longesleeve-z-okraglym-dekoltem-szary\/","url":"https:\/\/saintbody.com\/longesleeve-z-okraglym-dekoltem-szary\/","name":"Longsleeve z okr\u0105g\u0142ym dekoltem szary - Sklep SAINTBODY","isPartOf":{"@id":"https:\/\/saintbody.com\/#website"},"primaryImageOfPage":{"@id":"https:\/\/saintbody.com\/longesleeve-z-okraglym-dekoltem-szary\/#primaryimage"},"image":{"@id":"https:\/\/saintbody.com\/longesleeve-z-okraglym-dekoltem-szary\/#primaryimage"},"thumbnailUrl":"https:\/\/saintbody.com\/wp-content\/uploads\/2024\/02\/Sesja-bez-nazwy1125-1-1.jpg","datePublished":"2024-02-02T00:53:39+00:00","dateModified":"2025-09-06T15:36:35+00:00","description":"Koszula wykonana z lyocelu o kr\u00f3tszym kroju. Jej d\u0142ugo\u015b\u0107 jest bezpieczna i \u015bwietnie kszta\u0142tuje sylwetk\u0119.","breadcrumb":{"@id":"https:\/\/saintbody.com\/longesleeve-z-okraglym-dekoltem-szary\/#breadcrumb"},"inLanguage":"en-US","potentialAction":[{"@type":"ReadAction","target":["https:\/\/saintbody.com\/longesleeve-z-okraglym-dekoltem-szary\/"]}]},{"@type":"ImageObject","inLanguage":"en-US","@id":"https:\/\/saintbody.com\/longesleeve-z-okraglym-dekoltem-szary\/#primaryimage","url":"https:\/\/saintbody.com\/wp-content\/uploads\/2024\/02\/Sesja-bez-nazwy1125-1-1.jpg","contentUrl":"https:\/\/saintbody.com\/wp-content\/uploads\/2024\/02\/Sesja-bez-nazwy1125-1-1.jpg","width":1000,"height":1500,"caption":"Longesleeve z okr\u0105g\u0142ym dekoltem szary"},{"@type":"BreadcrumbList","@id":"https:\/\/saintbody.com\/longesleeve-z-okraglym-dekoltem-szary\/#breadcrumb","itemListElement":[{"@type":"ListItem","position":1,"name":"Strona g\u0142\u00f3wna","item":"https:\/\/saintbody.com\/"},{"@type":"ListItem","position":2,"name":"Sklep","item":"https:\/\/saintbody.com\/sklep\/"},{"@type":"ListItem","position":3,"name":"Longsleeve z okr\u0105g\u0142ym dekoltem szary"}]},{"@type":"WebSite","@id":"https:\/\/saintbody.com\/#website","url":"https:\/\/saintbody.com\/","name":"Sklep SAINTBODY","description":"Premium basic na ka\u00c5\u00bcd\u00c4\u2026 okazje. Ponadczasowe Body, Odzie\u00c5\u00bc damska, Sukienki Damskie","publisher":{"@id":"https:\/\/saintbody.com\/#organization"},"potentialAction":[{"@type":"SearchAction","target":{"@type":"EntryPoint","urlTemplate":"https:\/\/saintbody.com\/?s={search_term_string}"},"query-input":{"@type":"PropertyValueSpecification","valueRequired":true,"valueName":"search_term_string"}}],"inLanguage":"en-US"},{"@type":"Organization","@id":"https:\/\/saintbody.com\/#organization","name":"Sklep Saint Body","url":"https:\/\/saintbody.com\/","logo":{"@type":"ImageObject","inLanguage":"en-US","@id":"https:\/\/saintbody.com\/#\/schema\/logo\/image\/","url":"https:\/\/saintbody.com\/wp-content\/uploads\/2023\/04\/SaintBody_Logo_Typografia-e1691418926919.png","contentUrl":"https:\/\/saintbody.com\/wp-content\/uploads\/2023\/04\/SaintBody_Logo_Typografia-e1691418926919.png","width":1000,"height":202,"caption":"Sklep Saint Body"},"image":{"@id":"https:\/\/saintbody.com\/#\/schema\/logo\/image\/"},"sameAs":["https:\/\/facebook.com\/saintbody\/"]}]}},"_links":{"self":[{"href":"https:\/\/saintbody.com\/en\/wp-json\/wp\/v2\/product\/47117","targetHints":{"allow":["GET"]}}],"collection":[{"href":"https:\/\/saintbody.com\/en\/wp-json\/wp\/v2\/product"}],"about":[{"href":"https:\/\/saintbody.com\/en\/wp-json\/wp\/v2\/types\/product"}],"wp:featuredmedia":[{"embeddable":true,"href":"https:\/\/saintbody.com\/en\/wp-json\/wp\/v2\/media\/47123"}],"wp:attachment":[{"href":"https:\/\/saintbody.com\/en\/wp-json\/wp\/v2\/media?parent=47117"}],"wp:term":[{"taxonomy":"product_brand","embeddable":true,"href":"https:\/\/saintbody.com\/en\/wp-json\/wp\/v2\/product_brand?post=47117"},{"taxonomy":"product_cat","embeddable":true,"href":"https:\/\/saintbody.com\/en\/wp-json\/wp\/v2\/product_cat?post=47117"},{"taxonomy":"product_tag","embeddable":true,"href":"https:\/\/saintbody.com\/en\/wp-json\/wp\/v2\/product_tag?post=47117"}],"curies":[{"name":"wp","href":"https:\/\/api.w.org\/{rel}","templated":true}]}}