{"id":47105,"date":"2024-02-02T00:56:53","date_gmt":"2024-02-01T23:56:53","guid":{"rendered":"https:\/\/saintbody.com\/?post_type=product&#038;p=47105"},"modified":"2026-04-09T22:15:06","modified_gmt":"2026-04-09T20:15:06","slug":"spodnie-z-szeroka-nogawka-ze-sznurkiem-szare","status":"publish","type":"product","link":"https:\/\/saintbody.com\/en\/spodnie-z-szeroka-nogawka-ze-sznurkiem-szare\/","title":{"rendered":"Wide leg pants with drawstring grey"},"content":{"rendered":"<p>Long pants with a medium waist in gray color made of certified knit fabric. The pants are tied with a drawstring trimmed with fabric, so you can fit them perfectly to your body. They are definitely defined by comfort. The wide cut of the pants, which is perfect for sports and elegant shoes. Premium product made from a blend of lyocell and elastane.<\/p>\n<p>The product is sewn in Poland.<\/p>\n<p>Also check out our bestselling\u00a0<a href=\"https:\/\/saintbody.com\/en\/kategoria\/body\/\">body<\/a> !<br \/>\nVisit us at <a href=\"https:\/\/www.instagram.com\/saintbodyofficial\/\">instagram<\/a>.<\/p>\n<p>&nbsp;<\/p>\n<p>&nbsp;<\/p>","protected":false},"excerpt":{"rendered":"<p>Long pants with a medium waist in gray color made of certified knit fabric. The pants are tied with a drawstring trimmed with fabric, so you can fit them perfectly to your body. They are definitely defined by comfort. The wide cut of the pants, which is perfect for sports and elegant shoes. Premium product made from a blend of lyocell and elastane. The product sewn in Poland. Also check out our bestselling bodysuits [...]<\/p>","protected":false},"featured_media":58571,"template":"","meta":[],"product_brand":[],"product_cat":[183,35,20],"product_tag":[36],"class_list":{"0":"post-47105","1":"product","2":"type-product","3":"status-publish","4":"has-post-thumbnail","6":"product_cat-sale","7":"product_cat-spodnie","8":"product_cat-wszystko","9":"product_tag-spodnie","11":"first","12":"instock","13":"sale","14":"taxable","15":"shipping-taxable","16":"purchasable","17":"product-type-variable","18":"has-default-attributes"},"yoast_head":"<!-- This site is optimized with the Yoast SEO plugin v27.0 - https:\/\/yoast.com\/product\/yoast-seo-wordpress\/ -->\n<title>Spodnie z szerok\u0105 nogawk\u0105 ze sznurkiem szare - Sklep SAINTBODY<\/title>\n<meta name=\"description\" content=\"D\u0142ugie, wygodne, damskie spodnie- z wysokim stanem, w kolorze szarym, z certyfikowanej dzianiny. Spodnie damskie \u015bredni stan. Saintbody\" \/>\n<meta name=\"robots\" content=\"index, follow, max-snippet:-1, max-image-preview:large, max-video-preview:-1\" \/>\n<link rel=\"canonical\" href=\"https:\/\/saintbody.com\/en\/spodnie-z-szeroka-nogawka-ze-sznurkiem-szare\/\" \/>\n<meta property=\"og:locale\" content=\"en_US\" \/>\n<meta property=\"og:type\" content=\"article\" \/>\n<meta property=\"og:title\" content=\"Spodnie z szerok\u0105 nogawk\u0105 ze sznurkiem szare - Sklep SAINTBODY\" \/>\n<meta property=\"og:description\" content=\"D\u0142ugie, wygodne, damskie spodnie- z wysokim stanem, w kolorze szarym, z certyfikowanej dzianiny. Spodnie damskie \u015bredni stan. Saintbody\" \/>\n<meta property=\"og:url\" content=\"https:\/\/saintbody.com\/en\/spodnie-z-szeroka-nogawka-ze-sznurkiem-szare\/\" \/>\n<meta property=\"og:site_name\" content=\"Sklep SAINTBODY\" \/>\n<meta property=\"article:publisher\" content=\"https:\/\/facebook.com\/saintbody\/\" \/>\n<meta property=\"article:modified_time\" content=\"2026-04-09T20:15:06+00:00\" \/>\n<meta property=\"og:image\" content=\"https:\/\/saintbody.com\/wp-content\/uploads\/2024\/02\/DSCF0999-2-scaled.jpg\" \/>\n\t<meta property=\"og:image:width\" content=\"1707\" \/>\n\t<meta property=\"og:image:height\" content=\"2560\" \/>\n\t<meta property=\"og:image:type\" content=\"image\/jpeg\" \/>\n<meta name=\"twitter:card\" content=\"summary_large_image\" \/>\n<meta name=\"twitter:label1\" content=\"Est. reading time\" \/>\n\t<meta name=\"twitter:data1\" content=\"1 minute\" \/>\n<script type=\"application\/ld+json\" class=\"yoast-schema-graph\">{\"@context\":\"https:\/\/schema.org\",\"@graph\":[{\"@type\":\"WebPage\",\"@id\":\"https:\/\/saintbody.com\/spodnie-z-szeroka-nogawka-ze-sznurkiem-szare\/\",\"url\":\"https:\/\/saintbody.com\/spodnie-z-szeroka-nogawka-ze-sznurkiem-szare\/\",\"name\":\"Spodnie z szerok\u0105 nogawk\u0105 ze sznurkiem szare - Sklep SAINTBODY\",\"isPartOf\":{\"@id\":\"https:\/\/saintbody.com\/#website\"},\"primaryImageOfPage\":{\"@id\":\"https:\/\/saintbody.com\/spodnie-z-szeroka-nogawka-ze-sznurkiem-szare\/#primaryimage\"},\"image\":{\"@id\":\"https:\/\/saintbody.com\/spodnie-z-szeroka-nogawka-ze-sznurkiem-szare\/#primaryimage\"},\"thumbnailUrl\":\"https:\/\/saintbody.com\/wp-content\/uploads\/2024\/02\/DSCF0999-2-scaled.jpg\",\"datePublished\":\"2024-02-01T23:56:53+00:00\",\"dateModified\":\"2026-04-09T20:15:06+00:00\",\"description\":\"D\u0142ugie, wygodne, damskie spodnie- z wysokim stanem, w kolorze szarym, z certyfikowanej dzianiny. Spodnie damskie \u015bredni stan. Saintbody\",\"breadcrumb\":{\"@id\":\"https:\/\/saintbody.com\/spodnie-z-szeroka-nogawka-ze-sznurkiem-szare\/#breadcrumb\"},\"inLanguage\":\"en-US\",\"potentialAction\":[{\"@type\":\"ReadAction\",\"target\":[\"https:\/\/saintbody.com\/spodnie-z-szeroka-nogawka-ze-sznurkiem-szare\/\"]}]},{\"@type\":\"ImageObject\",\"inLanguage\":\"en-US\",\"@id\":\"https:\/\/saintbody.com\/spodnie-z-szeroka-nogawka-ze-sznurkiem-szare\/#primaryimage\",\"url\":\"https:\/\/saintbody.com\/wp-content\/uploads\/2024\/02\/DSCF0999-2-scaled.jpg\",\"contentUrl\":\"https:\/\/saintbody.com\/wp-content\/uploads\/2024\/02\/DSCF0999-2-scaled.jpg\",\"width\":1707,\"height\":2560},{\"@type\":\"BreadcrumbList\",\"@id\":\"https:\/\/saintbody.com\/spodnie-z-szeroka-nogawka-ze-sznurkiem-szare\/#breadcrumb\",\"itemListElement\":[{\"@type\":\"ListItem\",\"position\":1,\"name\":\"Strona g\u0142\u00f3wna\",\"item\":\"https:\/\/saintbody.com\/\"},{\"@type\":\"ListItem\",\"position\":2,\"name\":\"Sklep\",\"item\":\"https:\/\/saintbody.com\/sklep\/\"},{\"@type\":\"ListItem\",\"position\":3,\"name\":\"Spodnie z szerok\u0105 nogawk\u0105 ze sznurkiem szare\"}]},{\"@type\":\"WebSite\",\"@id\":\"https:\/\/saintbody.com\/#website\",\"url\":\"https:\/\/saintbody.com\/\",\"name\":\"Sklep SAINTBODY\",\"description\":\"Premium basic na ka\u00c5\u00bcd\u00c4\u2026 okazje. Ponadczasowe Body, Odzie\u00c5\u00bc damska, Sukienki Damskie\",\"publisher\":{\"@id\":\"https:\/\/saintbody.com\/#organization\"},\"potentialAction\":[{\"@type\":\"SearchAction\",\"target\":{\"@type\":\"EntryPoint\",\"urlTemplate\":\"https:\/\/saintbody.com\/?s={search_term_string}\"},\"query-input\":{\"@type\":\"PropertyValueSpecification\",\"valueRequired\":true,\"valueName\":\"search_term_string\"}}],\"inLanguage\":\"en-US\"},{\"@type\":\"Organization\",\"@id\":\"https:\/\/saintbody.com\/#organization\",\"name\":\"Sklep Saint Body\",\"url\":\"https:\/\/saintbody.com\/\",\"logo\":{\"@type\":\"ImageObject\",\"inLanguage\":\"en-US\",\"@id\":\"https:\/\/saintbody.com\/#\/schema\/logo\/image\/\",\"url\":\"https:\/\/saintbody.com\/wp-content\/uploads\/2023\/04\/SaintBody_Logo_Typografia-e1691418926919.png\",\"contentUrl\":\"https:\/\/saintbody.com\/wp-content\/uploads\/2023\/04\/SaintBody_Logo_Typografia-e1691418926919.png\",\"width\":1000,\"height\":202,\"caption\":\"Sklep Saint Body\"},\"image\":{\"@id\":\"https:\/\/saintbody.com\/#\/schema\/logo\/image\/\"},\"sameAs\":[\"https:\/\/facebook.com\/saintbody\/\"]}]}<\/script>\n<!-- \/ Yoast SEO plugin. -->","yoast_head_json":{"title":"Spodnie z szerok\u0105 nogawk\u0105 ze sznurkiem szare - Sklep SAINTBODY","description":"D\u0142ugie, wygodne, damskie spodnie- z wysokim stanem, w kolorze szarym, z certyfikowanej dzianiny. Spodnie damskie \u015bredni stan. Saintbody","robots":{"index":"index","follow":"follow","max-snippet":"max-snippet:-1","max-image-preview":"max-image-preview:large","max-video-preview":"max-video-preview:-1"},"canonical":"https:\/\/saintbody.com\/en\/spodnie-z-szeroka-nogawka-ze-sznurkiem-szare\/","og_locale":"en_US","og_type":"article","og_title":"Spodnie z szerok\u0105 nogawk\u0105 ze sznurkiem szare - Sklep SAINTBODY","og_description":"D\u0142ugie, wygodne, damskie spodnie- z wysokim stanem, w kolorze szarym, z certyfikowanej dzianiny. Spodnie damskie \u015bredni stan. Saintbody","og_url":"https:\/\/saintbody.com\/en\/spodnie-z-szeroka-nogawka-ze-sznurkiem-szare\/","og_site_name":"Sklep SAINTBODY","article_publisher":"https:\/\/facebook.com\/saintbody\/","article_modified_time":"2026-04-09T20:15:06+00:00","og_image":[{"width":1707,"height":2560,"url":"https:\/\/saintbody.com\/wp-content\/uploads\/2024\/02\/DSCF0999-2-scaled.jpg","type":"image\/jpeg"}],"twitter_card":"summary_large_image","twitter_misc":{"Est. reading time":"1 minute"},"schema":{"@context":"https:\/\/schema.org","@graph":[{"@type":"WebPage","@id":"https:\/\/saintbody.com\/spodnie-z-szeroka-nogawka-ze-sznurkiem-szare\/","url":"https:\/\/saintbody.com\/spodnie-z-szeroka-nogawka-ze-sznurkiem-szare\/","name":"Spodnie z szerok\u0105 nogawk\u0105 ze sznurkiem szare - Sklep SAINTBODY","isPartOf":{"@id":"https:\/\/saintbody.com\/#website"},"primaryImageOfPage":{"@id":"https:\/\/saintbody.com\/spodnie-z-szeroka-nogawka-ze-sznurkiem-szare\/#primaryimage"},"image":{"@id":"https:\/\/saintbody.com\/spodnie-z-szeroka-nogawka-ze-sznurkiem-szare\/#primaryimage"},"thumbnailUrl":"https:\/\/saintbody.com\/wp-content\/uploads\/2024\/02\/DSCF0999-2-scaled.jpg","datePublished":"2024-02-01T23:56:53+00:00","dateModified":"2026-04-09T20:15:06+00:00","description":"D\u0142ugie, wygodne, damskie spodnie- z wysokim stanem, w kolorze szarym, z certyfikowanej dzianiny. Spodnie damskie \u015bredni stan. Saintbody","breadcrumb":{"@id":"https:\/\/saintbody.com\/spodnie-z-szeroka-nogawka-ze-sznurkiem-szare\/#breadcrumb"},"inLanguage":"en-US","potentialAction":[{"@type":"ReadAction","target":["https:\/\/saintbody.com\/spodnie-z-szeroka-nogawka-ze-sznurkiem-szare\/"]}]},{"@type":"ImageObject","inLanguage":"en-US","@id":"https:\/\/saintbody.com\/spodnie-z-szeroka-nogawka-ze-sznurkiem-szare\/#primaryimage","url":"https:\/\/saintbody.com\/wp-content\/uploads\/2024\/02\/DSCF0999-2-scaled.jpg","contentUrl":"https:\/\/saintbody.com\/wp-content\/uploads\/2024\/02\/DSCF0999-2-scaled.jpg","width":1707,"height":2560},{"@type":"BreadcrumbList","@id":"https:\/\/saintbody.com\/spodnie-z-szeroka-nogawka-ze-sznurkiem-szare\/#breadcrumb","itemListElement":[{"@type":"ListItem","position":1,"name":"Strona g\u0142\u00f3wna","item":"https:\/\/saintbody.com\/"},{"@type":"ListItem","position":2,"name":"Sklep","item":"https:\/\/saintbody.com\/sklep\/"},{"@type":"ListItem","position":3,"name":"Spodnie z szerok\u0105 nogawk\u0105 ze sznurkiem szare"}]},{"@type":"WebSite","@id":"https:\/\/saintbody.com\/#website","url":"https:\/\/saintbody.com\/","name":"Sklep SAINTBODY","description":"Premium basic na ka\u00c5\u00bcd\u00c4\u2026 okazje. Ponadczasowe Body, Odzie\u00c5\u00bc damska, Sukienki Damskie","publisher":{"@id":"https:\/\/saintbody.com\/#organization"},"potentialAction":[{"@type":"SearchAction","target":{"@type":"EntryPoint","urlTemplate":"https:\/\/saintbody.com\/?s={search_term_string}"},"query-input":{"@type":"PropertyValueSpecification","valueRequired":true,"valueName":"search_term_string"}}],"inLanguage":"en-US"},{"@type":"Organization","@id":"https:\/\/saintbody.com\/#organization","name":"Sklep Saint Body","url":"https:\/\/saintbody.com\/","logo":{"@type":"ImageObject","inLanguage":"en-US","@id":"https:\/\/saintbody.com\/#\/schema\/logo\/image\/","url":"https:\/\/saintbody.com\/wp-content\/uploads\/2023\/04\/SaintBody_Logo_Typografia-e1691418926919.png","contentUrl":"https:\/\/saintbody.com\/wp-content\/uploads\/2023\/04\/SaintBody_Logo_Typografia-e1691418926919.png","width":1000,"height":202,"caption":"Sklep Saint Body"},"image":{"@id":"https:\/\/saintbody.com\/#\/schema\/logo\/image\/"},"sameAs":["https:\/\/facebook.com\/saintbody\/"]}]}},"_links":{"self":[{"href":"https:\/\/saintbody.com\/en\/wp-json\/wp\/v2\/product\/47105","targetHints":{"allow":["GET"]}}],"collection":[{"href":"https:\/\/saintbody.com\/en\/wp-json\/wp\/v2\/product"}],"about":[{"href":"https:\/\/saintbody.com\/en\/wp-json\/wp\/v2\/types\/product"}],"wp:featuredmedia":[{"embeddable":true,"href":"https:\/\/saintbody.com\/en\/wp-json\/wp\/v2\/media\/58571"}],"wp:attachment":[{"href":"https:\/\/saintbody.com\/en\/wp-json\/wp\/v2\/media?parent=47105"}],"wp:term":[{"taxonomy":"product_brand","embeddable":true,"href":"https:\/\/saintbody.com\/en\/wp-json\/wp\/v2\/product_brand?post=47105"},{"taxonomy":"product_cat","embeddable":true,"href":"https:\/\/saintbody.com\/en\/wp-json\/wp\/v2\/product_cat?post=47105"},{"taxonomy":"product_tag","embeddable":true,"href":"https:\/\/saintbody.com\/en\/wp-json\/wp\/v2\/product_tag?post=47105"}],"curies":[{"name":"wp","href":"https:\/\/api.w.org\/{rel}","templated":true}]}}