{"id":43299,"date":"2023-11-04T08:06:29","date_gmt":"2023-11-04T07:06:29","guid":{"rendered":"https:\/\/saintbody.com\/?post_type=product&#038;p=43299"},"modified":"2025-09-06T17:34:04","modified_gmt":"2025-09-06T15:34:04","slug":"spodnie-materialowe-z-zakladkami-brazowe","status":"publish","type":"product","link":"https:\/\/saintbody.com\/en\/spodnie-materialowe-z-zakladkami-brazowe\/","title":{"rendered":"Fabric pants with tabs brown"},"content":{"rendered":"<p>Deep brown high-waisted pants are a timeless model, an absolute must in any closet. The highest quality of the fabric ensures comfort of wear, and the color allows for easy styling. The pants are fastened with an inside button and a hook-and-loop closure, finished with seam trimming. A great complement to the set will be a short shirt in the same color.<\/p>\n<p>The model in the photo is 178 cm tall and is wearing size S.<br \/>\nAt Saint Body, we use certified knitted fabrics from local and European suppliers<\/p>\n<p>Also check out our bestselling bodies !<br \/>\nVisit us on instagram.<\/p>","protected":false},"excerpt":{"rendered":"<p>Deep brown high-waisted pants are a timeless model, an absolute must in any closet. The highest quality of the fabric ensures comfort of wear, and the color allows for easy styling. The pants are fastened with an inside button and a hook-and-loop closure, finished with seam trimming. A great complement to the set will be a short shirt in the same color. The model in the picture has [...]<\/p>","protected":false},"featured_media":50109,"template":"","meta":[],"product_brand":[],"product_cat":[183],"product_tag":[36],"class_list":{"0":"post-43299","1":"product","2":"type-product","3":"status-publish","4":"has-post-thumbnail","6":"product_cat-sale","7":"product_tag-spodnie","9":"first","10":"outofstock","11":"sale","12":"taxable","13":"shipping-taxable","14":"purchasable","15":"product-type-variable"},"yoast_head":"<!-- This site is optimized with the Yoast SEO plugin v27.0 - https:\/\/yoast.com\/product\/yoast-seo-wordpress\/ -->\n<title>Spodnie materia\u0142owe z zak\u0142adkami br\u0105zowe - Sklep SAINTBODY<\/title>\n<meta name=\"description\" content=\"Spodnie z wysokim stanem w kolorze g\u0142\u0119bokiego br\u0105zu, to ponadczasowy model, absolutny must w ka\u017cdej szafie.\" \/>\n<meta name=\"robots\" content=\"index, follow, max-snippet:-1, max-image-preview:large, max-video-preview:-1\" \/>\n<link rel=\"canonical\" href=\"https:\/\/saintbody.com\/en\/spodnie-materialowe-z-zakladkami-brazowe\/\" \/>\n<meta property=\"og:locale\" content=\"en_US\" \/>\n<meta property=\"og:type\" content=\"article\" \/>\n<meta property=\"og:title\" content=\"Spodnie materia\u0142owe z zak\u0142adkami br\u0105zowe - Sklep SAINTBODY\" \/>\n<meta property=\"og:description\" content=\"Spodnie z wysokim stanem w kolorze g\u0142\u0119bokiego br\u0105zu, to ponadczasowy model, absolutny must w ka\u017cdej szafie.\" \/>\n<meta property=\"og:url\" content=\"https:\/\/saintbody.com\/en\/spodnie-materialowe-z-zakladkami-brazowe\/\" \/>\n<meta property=\"og:site_name\" content=\"Sklep SAINTBODY\" \/>\n<meta property=\"article:publisher\" content=\"https:\/\/facebook.com\/saintbody\/\" \/>\n<meta property=\"article:modified_time\" content=\"2025-09-06T15:34:04+00:00\" \/>\n<meta property=\"og:image\" content=\"http:\/\/saintbody.com\/wp-content\/uploads\/2023\/11\/image00036-scaled.jpeg\" \/>\n\t<meta property=\"og:image:width\" content=\"1707\" \/>\n\t<meta property=\"og:image:height\" content=\"2560\" \/>\n\t<meta property=\"og:image:type\" content=\"image\/jpeg\" \/>\n<meta name=\"twitter:card\" content=\"summary_large_image\" \/>\n<meta name=\"twitter:label1\" content=\"Est. reading time\" \/>\n\t<meta name=\"twitter:data1\" content=\"1 minute\" \/>\n<script type=\"application\/ld+json\" class=\"yoast-schema-graph\">{\"@context\":\"https:\/\/schema.org\",\"@graph\":[{\"@type\":\"WebPage\",\"@id\":\"https:\/\/saintbody.com\/spodnie-materialowe-z-zakladkami-brazowe\/\",\"url\":\"https:\/\/saintbody.com\/spodnie-materialowe-z-zakladkami-brazowe\/\",\"name\":\"Spodnie materia\u0142owe z zak\u0142adkami br\u0105zowe - Sklep SAINTBODY\",\"isPartOf\":{\"@id\":\"https:\/\/saintbody.com\/#website\"},\"primaryImageOfPage\":{\"@id\":\"https:\/\/saintbody.com\/spodnie-materialowe-z-zakladkami-brazowe\/#primaryimage\"},\"image\":{\"@id\":\"https:\/\/saintbody.com\/spodnie-materialowe-z-zakladkami-brazowe\/#primaryimage\"},\"thumbnailUrl\":\"https:\/\/saintbody.com\/wp-content\/uploads\/2023\/11\/image00036-scaled.jpeg\",\"datePublished\":\"2023-11-04T07:06:29+00:00\",\"dateModified\":\"2025-09-06T15:34:04+00:00\",\"description\":\"Spodnie z wysokim stanem w kolorze g\u0142\u0119bokiego br\u0105zu, to ponadczasowy model, absolutny must w ka\u017cdej szafie.\",\"breadcrumb\":{\"@id\":\"https:\/\/saintbody.com\/spodnie-materialowe-z-zakladkami-brazowe\/#breadcrumb\"},\"inLanguage\":\"en-US\",\"potentialAction\":[{\"@type\":\"ReadAction\",\"target\":[\"https:\/\/saintbody.com\/spodnie-materialowe-z-zakladkami-brazowe\/\"]}]},{\"@type\":\"ImageObject\",\"inLanguage\":\"en-US\",\"@id\":\"https:\/\/saintbody.com\/spodnie-materialowe-z-zakladkami-brazowe\/#primaryimage\",\"url\":\"https:\/\/saintbody.com\/wp-content\/uploads\/2023\/11\/image00036-scaled.jpeg\",\"contentUrl\":\"https:\/\/saintbody.com\/wp-content\/uploads\/2023\/11\/image00036-scaled.jpeg\",\"width\":1707,\"height\":2560,\"caption\":\"Spodnie materia\u0142owe z zak\u0142adkami br\u0105zowe\"},{\"@type\":\"BreadcrumbList\",\"@id\":\"https:\/\/saintbody.com\/spodnie-materialowe-z-zakladkami-brazowe\/#breadcrumb\",\"itemListElement\":[{\"@type\":\"ListItem\",\"position\":1,\"name\":\"Strona g\u0142\u00f3wna\",\"item\":\"https:\/\/saintbody.com\/\"},{\"@type\":\"ListItem\",\"position\":2,\"name\":\"Sklep\",\"item\":\"https:\/\/saintbody.com\/sklep\/\"},{\"@type\":\"ListItem\",\"position\":3,\"name\":\"Spodnie materia\u0142owe z zak\u0142adkami br\u0105zowe\"}]},{\"@type\":\"WebSite\",\"@id\":\"https:\/\/saintbody.com\/#website\",\"url\":\"https:\/\/saintbody.com\/\",\"name\":\"Sklep SAINTBODY\",\"description\":\"Premium basic na ka\u00c5\u00bcd\u00c4\u2026 okazje. Ponadczasowe Body, Odzie\u00c5\u00bc damska, Sukienki Damskie\",\"publisher\":{\"@id\":\"https:\/\/saintbody.com\/#organization\"},\"potentialAction\":[{\"@type\":\"SearchAction\",\"target\":{\"@type\":\"EntryPoint\",\"urlTemplate\":\"https:\/\/saintbody.com\/?s={search_term_string}\"},\"query-input\":{\"@type\":\"PropertyValueSpecification\",\"valueRequired\":true,\"valueName\":\"search_term_string\"}}],\"inLanguage\":\"en-US\"},{\"@type\":\"Organization\",\"@id\":\"https:\/\/saintbody.com\/#organization\",\"name\":\"Sklep Saint Body\",\"url\":\"https:\/\/saintbody.com\/\",\"logo\":{\"@type\":\"ImageObject\",\"inLanguage\":\"en-US\",\"@id\":\"https:\/\/saintbody.com\/#\/schema\/logo\/image\/\",\"url\":\"https:\/\/saintbody.com\/wp-content\/uploads\/2023\/04\/SaintBody_Logo_Typografia-e1691418926919.png\",\"contentUrl\":\"https:\/\/saintbody.com\/wp-content\/uploads\/2023\/04\/SaintBody_Logo_Typografia-e1691418926919.png\",\"width\":1000,\"height\":202,\"caption\":\"Sklep Saint Body\"},\"image\":{\"@id\":\"https:\/\/saintbody.com\/#\/schema\/logo\/image\/\"},\"sameAs\":[\"https:\/\/facebook.com\/saintbody\/\"]}]}<\/script>\n<!-- \/ Yoast SEO plugin. -->","yoast_head_json":{"title":"Spodnie materia\u0142owe z zak\u0142adkami br\u0105zowe - Sklep SAINTBODY","description":"Spodnie z wysokim stanem w kolorze g\u0142\u0119bokiego br\u0105zu, to ponadczasowy model, absolutny must w ka\u017cdej szafie.","robots":{"index":"index","follow":"follow","max-snippet":"max-snippet:-1","max-image-preview":"max-image-preview:large","max-video-preview":"max-video-preview:-1"},"canonical":"https:\/\/saintbody.com\/en\/spodnie-materialowe-z-zakladkami-brazowe\/","og_locale":"en_US","og_type":"article","og_title":"Spodnie materia\u0142owe z zak\u0142adkami br\u0105zowe - Sklep SAINTBODY","og_description":"Spodnie z wysokim stanem w kolorze g\u0142\u0119bokiego br\u0105zu, to ponadczasowy model, absolutny must w ka\u017cdej szafie.","og_url":"https:\/\/saintbody.com\/en\/spodnie-materialowe-z-zakladkami-brazowe\/","og_site_name":"Sklep SAINTBODY","article_publisher":"https:\/\/facebook.com\/saintbody\/","article_modified_time":"2025-09-06T15:34:04+00:00","og_image":[{"width":1707,"height":2560,"url":"http:\/\/saintbody.com\/wp-content\/uploads\/2023\/11\/image00036-scaled.jpeg","type":"image\/jpeg"}],"twitter_card":"summary_large_image","twitter_misc":{"Est. reading time":"1 minute"},"schema":{"@context":"https:\/\/schema.org","@graph":[{"@type":"WebPage","@id":"https:\/\/saintbody.com\/spodnie-materialowe-z-zakladkami-brazowe\/","url":"https:\/\/saintbody.com\/spodnie-materialowe-z-zakladkami-brazowe\/","name":"Spodnie materia\u0142owe z zak\u0142adkami br\u0105zowe - Sklep SAINTBODY","isPartOf":{"@id":"https:\/\/saintbody.com\/#website"},"primaryImageOfPage":{"@id":"https:\/\/saintbody.com\/spodnie-materialowe-z-zakladkami-brazowe\/#primaryimage"},"image":{"@id":"https:\/\/saintbody.com\/spodnie-materialowe-z-zakladkami-brazowe\/#primaryimage"},"thumbnailUrl":"https:\/\/saintbody.com\/wp-content\/uploads\/2023\/11\/image00036-scaled.jpeg","datePublished":"2023-11-04T07:06:29+00:00","dateModified":"2025-09-06T15:34:04+00:00","description":"Spodnie z wysokim stanem w kolorze g\u0142\u0119bokiego br\u0105zu, to ponadczasowy model, absolutny must w ka\u017cdej szafie.","breadcrumb":{"@id":"https:\/\/saintbody.com\/spodnie-materialowe-z-zakladkami-brazowe\/#breadcrumb"},"inLanguage":"en-US","potentialAction":[{"@type":"ReadAction","target":["https:\/\/saintbody.com\/spodnie-materialowe-z-zakladkami-brazowe\/"]}]},{"@type":"ImageObject","inLanguage":"en-US","@id":"https:\/\/saintbody.com\/spodnie-materialowe-z-zakladkami-brazowe\/#primaryimage","url":"https:\/\/saintbody.com\/wp-content\/uploads\/2023\/11\/image00036-scaled.jpeg","contentUrl":"https:\/\/saintbody.com\/wp-content\/uploads\/2023\/11\/image00036-scaled.jpeg","width":1707,"height":2560,"caption":"Spodnie materia\u0142owe z zak\u0142adkami br\u0105zowe"},{"@type":"BreadcrumbList","@id":"https:\/\/saintbody.com\/spodnie-materialowe-z-zakladkami-brazowe\/#breadcrumb","itemListElement":[{"@type":"ListItem","position":1,"name":"Strona g\u0142\u00f3wna","item":"https:\/\/saintbody.com\/"},{"@type":"ListItem","position":2,"name":"Sklep","item":"https:\/\/saintbody.com\/sklep\/"},{"@type":"ListItem","position":3,"name":"Spodnie materia\u0142owe z zak\u0142adkami br\u0105zowe"}]},{"@type":"WebSite","@id":"https:\/\/saintbody.com\/#website","url":"https:\/\/saintbody.com\/","name":"Sklep SAINTBODY","description":"Premium basic na ka\u00c5\u00bcd\u00c4\u2026 okazje. Ponadczasowe Body, Odzie\u00c5\u00bc damska, Sukienki Damskie","publisher":{"@id":"https:\/\/saintbody.com\/#organization"},"potentialAction":[{"@type":"SearchAction","target":{"@type":"EntryPoint","urlTemplate":"https:\/\/saintbody.com\/?s={search_term_string}"},"query-input":{"@type":"PropertyValueSpecification","valueRequired":true,"valueName":"search_term_string"}}],"inLanguage":"en-US"},{"@type":"Organization","@id":"https:\/\/saintbody.com\/#organization","name":"Sklep Saint Body","url":"https:\/\/saintbody.com\/","logo":{"@type":"ImageObject","inLanguage":"en-US","@id":"https:\/\/saintbody.com\/#\/schema\/logo\/image\/","url":"https:\/\/saintbody.com\/wp-content\/uploads\/2023\/04\/SaintBody_Logo_Typografia-e1691418926919.png","contentUrl":"https:\/\/saintbody.com\/wp-content\/uploads\/2023\/04\/SaintBody_Logo_Typografia-e1691418926919.png","width":1000,"height":202,"caption":"Sklep Saint Body"},"image":{"@id":"https:\/\/saintbody.com\/#\/schema\/logo\/image\/"},"sameAs":["https:\/\/facebook.com\/saintbody\/"]}]}},"_links":{"self":[{"href":"https:\/\/saintbody.com\/en\/wp-json\/wp\/v2\/product\/43299","targetHints":{"allow":["GET"]}}],"collection":[{"href":"https:\/\/saintbody.com\/en\/wp-json\/wp\/v2\/product"}],"about":[{"href":"https:\/\/saintbody.com\/en\/wp-json\/wp\/v2\/types\/product"}],"wp:featuredmedia":[{"embeddable":true,"href":"https:\/\/saintbody.com\/en\/wp-json\/wp\/v2\/media\/50109"}],"wp:attachment":[{"href":"https:\/\/saintbody.com\/en\/wp-json\/wp\/v2\/media?parent=43299"}],"wp:term":[{"taxonomy":"product_brand","embeddable":true,"href":"https:\/\/saintbody.com\/en\/wp-json\/wp\/v2\/product_brand?post=43299"},{"taxonomy":"product_cat","embeddable":true,"href":"https:\/\/saintbody.com\/en\/wp-json\/wp\/v2\/product_cat?post=43299"},{"taxonomy":"product_tag","embeddable":true,"href":"https:\/\/saintbody.com\/en\/wp-json\/wp\/v2\/product_tag?post=43299"}],"curies":[{"name":"wp","href":"https:\/\/api.w.org\/{rel}","templated":true}]}}