{"id":43291,"date":"2023-11-04T08:01:50","date_gmt":"2023-11-04T07:01:50","guid":{"rendered":"https:\/\/saintbody.com\/?post_type=product&#038;p=43291"},"modified":"2026-04-14T13:43:25","modified_gmt":"2026-04-14T11:43:25","slug":"legginsy-z-rozcieta-nogawka-czarne","status":"publish","type":"product","link":"https:\/\/saintbody.com\/en\/legginsy-z-rozcieta-nogawka-czarne\/","title":{"rendered":"Leggings with slit leg black"},"content":{"rendered":"<p>Tight pants with a cut subtly flared to the bottom, with a striking slit on the side of the leg. The model combines a perfect fit with full freedom of movement, beautifully laying on the leg and optically slimming it. The modern line emphasizes the silhouette, giving the whole a refined, feminine character. High-quality materials were used: recycled polyamide and viscose with elastane, which ensure softness, elasticity and all-day wearing comfort.<\/p>\n<p>The model in the photo is 178 cm tall and is wearing size S.<br \/>\nAt Saint Body, we use knitted fabrics from local and European suppliers.<\/p>\n<p>Also check out our bestselling bodies !<br \/>\nVisit us on instagram.<\/p>","protected":false},"excerpt":{"rendered":"<p>Obcis\u0142e spodnie o kroju subtelnie rozkloszowanym ku do\u0142owi, z efektownym rozci\u0119ciem po boku nogawki. Model \u0142\u0105czy perfekcyjne dopasowanie z pe\u0142n\u0105 swobod\u0105 ruchu, pi\u0119knie uk\u0142adaj\u0105c si\u0119 na nodze i optycznie j\u0105 wysmuklaj\u0105c. Nowoczesna linia podkre\u015bla sylwetk\u0119, nadaj\u0105c ca\u0142o\u015bci wyrafinowanego, kobiecego charakteru. Do produkcji wykorzystano wysokiej jako\u015bci materia\u0142y: recyklingowy poliamid oraz wiskoz\u0119 z dodatkiem elastanu, kt\u00f3re zapewniaj\u0105 [&hellip;]<\/p>","protected":false},"featured_media":50089,"template":"","meta":[],"product_brand":[],"product_cat":[35,20],"product_tag":[36],"class_list":{"0":"post-43291","1":"product","2":"type-product","3":"status-publish","4":"has-post-thumbnail","6":"product_cat-spodnie","7":"product_cat-wszystko","8":"product_tag-spodnie","10":"first","11":"instock","12":"taxable","13":"shipping-taxable","14":"purchasable","15":"product-type-variable"},"yoast_head":"<!-- This site is optimized with the Yoast SEO plugin v27.0 - https:\/\/yoast.com\/product\/yoast-seo-wordpress\/ -->\n<title>Legginsy z rozci\u0119t\u0105 nogawk\u0105 czarne - Sklep SAINTBODY<\/title>\n<meta name=\"description\" content=\"Obcis\u0142e spodnie rozkloszowane u do\u0142u, posiadaj\u0105 rozci\u0119cie z boku nogawki. Bardzo wygodne, przylegaj\u0105ce i jednocze\u015bnie daj\u0105ce swobod\u0119.\" \/>\n<meta name=\"robots\" content=\"index, follow, max-snippet:-1, max-image-preview:large, max-video-preview:-1\" \/>\n<link rel=\"canonical\" href=\"https:\/\/saintbody.com\/en\/legginsy-z-rozcieta-nogawka-czarne\/\" \/>\n<meta property=\"og:locale\" content=\"en_US\" \/>\n<meta property=\"og:type\" content=\"article\" \/>\n<meta property=\"og:title\" content=\"Legginsy z rozci\u0119t\u0105 nogawk\u0105 czarne - Sklep SAINTBODY\" \/>\n<meta property=\"og:description\" content=\"Obcis\u0142e spodnie rozkloszowane u do\u0142u, posiadaj\u0105 rozci\u0119cie z boku nogawki. Bardzo wygodne, przylegaj\u0105ce i jednocze\u015bnie daj\u0105ce swobod\u0119.\" \/>\n<meta property=\"og:url\" content=\"https:\/\/saintbody.com\/en\/legginsy-z-rozcieta-nogawka-czarne\/\" \/>\n<meta property=\"og:site_name\" content=\"Sklep SAINTBODY\" \/>\n<meta property=\"article:publisher\" content=\"https:\/\/facebook.com\/saintbody\/\" \/>\n<meta property=\"article:modified_time\" content=\"2026-04-14T11:43:25+00:00\" \/>\n<meta property=\"og:image\" content=\"https:\/\/saintbody.com\/wp-content\/uploads\/2023\/11\/image00002.jpeg\" \/>\n\t<meta property=\"og:image:width\" content=\"640\" \/>\n\t<meta property=\"og:image:height\" content=\"960\" \/>\n\t<meta property=\"og:image:type\" content=\"image\/jpeg\" \/>\n<meta name=\"twitter:card\" content=\"summary_large_image\" \/>\n<meta name=\"twitter:label1\" content=\"Est. reading time\" \/>\n\t<meta name=\"twitter:data1\" content=\"1 minute\" \/>\n<script type=\"application\/ld+json\" class=\"yoast-schema-graph\">{\"@context\":\"https:\/\/schema.org\",\"@graph\":[{\"@type\":\"WebPage\",\"@id\":\"https:\/\/saintbody.com\/legginsy-z-rozcieta-nogawka-czarne\/\",\"url\":\"https:\/\/saintbody.com\/legginsy-z-rozcieta-nogawka-czarne\/\",\"name\":\"Legginsy z rozci\u0119t\u0105 nogawk\u0105 czarne - Sklep SAINTBODY\",\"isPartOf\":{\"@id\":\"https:\/\/saintbody.com\/#website\"},\"primaryImageOfPage\":{\"@id\":\"https:\/\/saintbody.com\/legginsy-z-rozcieta-nogawka-czarne\/#primaryimage\"},\"image\":{\"@id\":\"https:\/\/saintbody.com\/legginsy-z-rozcieta-nogawka-czarne\/#primaryimage\"},\"thumbnailUrl\":\"https:\/\/saintbody.com\/wp-content\/uploads\/2023\/11\/image00002.jpeg\",\"datePublished\":\"2023-11-04T07:01:50+00:00\",\"dateModified\":\"2026-04-14T11:43:25+00:00\",\"description\":\"Obcis\u0142e spodnie rozkloszowane u do\u0142u, posiadaj\u0105 rozci\u0119cie z boku nogawki. Bardzo wygodne, przylegaj\u0105ce i jednocze\u015bnie daj\u0105ce swobod\u0119.\",\"breadcrumb\":{\"@id\":\"https:\/\/saintbody.com\/legginsy-z-rozcieta-nogawka-czarne\/#breadcrumb\"},\"inLanguage\":\"en-US\",\"potentialAction\":[{\"@type\":\"ReadAction\",\"target\":[\"https:\/\/saintbody.com\/legginsy-z-rozcieta-nogawka-czarne\/\"]}]},{\"@type\":\"ImageObject\",\"inLanguage\":\"en-US\",\"@id\":\"https:\/\/saintbody.com\/legginsy-z-rozcieta-nogawka-czarne\/#primaryimage\",\"url\":\"https:\/\/saintbody.com\/wp-content\/uploads\/2023\/11\/image00002.jpeg\",\"contentUrl\":\"https:\/\/saintbody.com\/wp-content\/uploads\/2023\/11\/image00002.jpeg\",\"width\":1425,\"height\":2138,\"caption\":\"Legginsy z szerok\u0105 nogawk\u0105 czarne\"},{\"@type\":\"BreadcrumbList\",\"@id\":\"https:\/\/saintbody.com\/legginsy-z-rozcieta-nogawka-czarne\/#breadcrumb\",\"itemListElement\":[{\"@type\":\"ListItem\",\"position\":1,\"name\":\"Strona g\u0142\u00f3wna\",\"item\":\"https:\/\/saintbody.com\/\"},{\"@type\":\"ListItem\",\"position\":2,\"name\":\"Sklep\",\"item\":\"https:\/\/saintbody.com\/sklep\/\"},{\"@type\":\"ListItem\",\"position\":3,\"name\":\"Legginsy z rozci\u0119t\u0105 nogawk\u0105 czarne\"}]},{\"@type\":\"WebSite\",\"@id\":\"https:\/\/saintbody.com\/#website\",\"url\":\"https:\/\/saintbody.com\/\",\"name\":\"Sklep SAINTBODY\",\"description\":\"Premium basic na ka\u00c5\u00bcd\u00c4\u2026 okazje. Ponadczasowe Body, Odzie\u00c5\u00bc damska, Sukienki Damskie\",\"publisher\":{\"@id\":\"https:\/\/saintbody.com\/#organization\"},\"potentialAction\":[{\"@type\":\"SearchAction\",\"target\":{\"@type\":\"EntryPoint\",\"urlTemplate\":\"https:\/\/saintbody.com\/?s={search_term_string}\"},\"query-input\":{\"@type\":\"PropertyValueSpecification\",\"valueRequired\":true,\"valueName\":\"search_term_string\"}}],\"inLanguage\":\"en-US\"},{\"@type\":\"Organization\",\"@id\":\"https:\/\/saintbody.com\/#organization\",\"name\":\"Sklep Saint Body\",\"url\":\"https:\/\/saintbody.com\/\",\"logo\":{\"@type\":\"ImageObject\",\"inLanguage\":\"en-US\",\"@id\":\"https:\/\/saintbody.com\/#\/schema\/logo\/image\/\",\"url\":\"https:\/\/saintbody.com\/wp-content\/uploads\/2023\/04\/SaintBody_Logo_Typografia-e1691418926919.png\",\"contentUrl\":\"https:\/\/saintbody.com\/wp-content\/uploads\/2023\/04\/SaintBody_Logo_Typografia-e1691418926919.png\",\"width\":1000,\"height\":202,\"caption\":\"Sklep Saint Body\"},\"image\":{\"@id\":\"https:\/\/saintbody.com\/#\/schema\/logo\/image\/\"},\"sameAs\":[\"https:\/\/facebook.com\/saintbody\/\"]}]}<\/script>\n<!-- \/ Yoast SEO plugin. -->","yoast_head_json":{"title":"Legginsy z rozci\u0119t\u0105 nogawk\u0105 czarne - Sklep SAINTBODY","description":"Obcis\u0142e spodnie rozkloszowane u do\u0142u, posiadaj\u0105 rozci\u0119cie z boku nogawki. Bardzo wygodne, przylegaj\u0105ce i jednocze\u015bnie daj\u0105ce swobod\u0119.","robots":{"index":"index","follow":"follow","max-snippet":"max-snippet:-1","max-image-preview":"max-image-preview:large","max-video-preview":"max-video-preview:-1"},"canonical":"https:\/\/saintbody.com\/en\/legginsy-z-rozcieta-nogawka-czarne\/","og_locale":"en_US","og_type":"article","og_title":"Legginsy z rozci\u0119t\u0105 nogawk\u0105 czarne - Sklep SAINTBODY","og_description":"Obcis\u0142e spodnie rozkloszowane u do\u0142u, posiadaj\u0105 rozci\u0119cie z boku nogawki. Bardzo wygodne, przylegaj\u0105ce i jednocze\u015bnie daj\u0105ce swobod\u0119.","og_url":"https:\/\/saintbody.com\/en\/legginsy-z-rozcieta-nogawka-czarne\/","og_site_name":"Sklep SAINTBODY","article_publisher":"https:\/\/facebook.com\/saintbody\/","article_modified_time":"2026-04-14T11:43:25+00:00","og_image":[{"url":"https:\/\/saintbody.com\/wp-content\/uploads\/2023\/11\/image00002.jpeg","width":640,"height":960,"type":"image\/jpeg"}],"twitter_card":"summary_large_image","twitter_misc":{"Est. reading time":"1 minute"},"schema":{"@context":"https:\/\/schema.org","@graph":[{"@type":"WebPage","@id":"https:\/\/saintbody.com\/legginsy-z-rozcieta-nogawka-czarne\/","url":"https:\/\/saintbody.com\/legginsy-z-rozcieta-nogawka-czarne\/","name":"Legginsy z rozci\u0119t\u0105 nogawk\u0105 czarne - Sklep SAINTBODY","isPartOf":{"@id":"https:\/\/saintbody.com\/#website"},"primaryImageOfPage":{"@id":"https:\/\/saintbody.com\/legginsy-z-rozcieta-nogawka-czarne\/#primaryimage"},"image":{"@id":"https:\/\/saintbody.com\/legginsy-z-rozcieta-nogawka-czarne\/#primaryimage"},"thumbnailUrl":"https:\/\/saintbody.com\/wp-content\/uploads\/2023\/11\/image00002.jpeg","datePublished":"2023-11-04T07:01:50+00:00","dateModified":"2026-04-14T11:43:25+00:00","description":"Obcis\u0142e spodnie rozkloszowane u do\u0142u, posiadaj\u0105 rozci\u0119cie z boku nogawki. Bardzo wygodne, przylegaj\u0105ce i jednocze\u015bnie daj\u0105ce swobod\u0119.","breadcrumb":{"@id":"https:\/\/saintbody.com\/legginsy-z-rozcieta-nogawka-czarne\/#breadcrumb"},"inLanguage":"en-US","potentialAction":[{"@type":"ReadAction","target":["https:\/\/saintbody.com\/legginsy-z-rozcieta-nogawka-czarne\/"]}]},{"@type":"ImageObject","inLanguage":"en-US","@id":"https:\/\/saintbody.com\/legginsy-z-rozcieta-nogawka-czarne\/#primaryimage","url":"https:\/\/saintbody.com\/wp-content\/uploads\/2023\/11\/image00002.jpeg","contentUrl":"https:\/\/saintbody.com\/wp-content\/uploads\/2023\/11\/image00002.jpeg","width":1425,"height":2138,"caption":"Legginsy z szerok\u0105 nogawk\u0105 czarne"},{"@type":"BreadcrumbList","@id":"https:\/\/saintbody.com\/legginsy-z-rozcieta-nogawka-czarne\/#breadcrumb","itemListElement":[{"@type":"ListItem","position":1,"name":"Strona g\u0142\u00f3wna","item":"https:\/\/saintbody.com\/"},{"@type":"ListItem","position":2,"name":"Sklep","item":"https:\/\/saintbody.com\/sklep\/"},{"@type":"ListItem","position":3,"name":"Legginsy z rozci\u0119t\u0105 nogawk\u0105 czarne"}]},{"@type":"WebSite","@id":"https:\/\/saintbody.com\/#website","url":"https:\/\/saintbody.com\/","name":"Sklep SAINTBODY","description":"Premium basic na ka\u00c5\u00bcd\u00c4\u2026 okazje. Ponadczasowe Body, Odzie\u00c5\u00bc damska, Sukienki Damskie","publisher":{"@id":"https:\/\/saintbody.com\/#organization"},"potentialAction":[{"@type":"SearchAction","target":{"@type":"EntryPoint","urlTemplate":"https:\/\/saintbody.com\/?s={search_term_string}"},"query-input":{"@type":"PropertyValueSpecification","valueRequired":true,"valueName":"search_term_string"}}],"inLanguage":"en-US"},{"@type":"Organization","@id":"https:\/\/saintbody.com\/#organization","name":"Sklep Saint Body","url":"https:\/\/saintbody.com\/","logo":{"@type":"ImageObject","inLanguage":"en-US","@id":"https:\/\/saintbody.com\/#\/schema\/logo\/image\/","url":"https:\/\/saintbody.com\/wp-content\/uploads\/2023\/04\/SaintBody_Logo_Typografia-e1691418926919.png","contentUrl":"https:\/\/saintbody.com\/wp-content\/uploads\/2023\/04\/SaintBody_Logo_Typografia-e1691418926919.png","width":1000,"height":202,"caption":"Sklep Saint Body"},"image":{"@id":"https:\/\/saintbody.com\/#\/schema\/logo\/image\/"},"sameAs":["https:\/\/facebook.com\/saintbody\/"]}]}},"_links":{"self":[{"href":"https:\/\/saintbody.com\/en\/wp-json\/wp\/v2\/product\/43291","targetHints":{"allow":["GET"]}}],"collection":[{"href":"https:\/\/saintbody.com\/en\/wp-json\/wp\/v2\/product"}],"about":[{"href":"https:\/\/saintbody.com\/en\/wp-json\/wp\/v2\/types\/product"}],"wp:featuredmedia":[{"embeddable":true,"href":"https:\/\/saintbody.com\/en\/wp-json\/wp\/v2\/media\/50089"}],"wp:attachment":[{"href":"https:\/\/saintbody.com\/en\/wp-json\/wp\/v2\/media?parent=43291"}],"wp:term":[{"taxonomy":"product_brand","embeddable":true,"href":"https:\/\/saintbody.com\/en\/wp-json\/wp\/v2\/product_brand?post=43291"},{"taxonomy":"product_cat","embeddable":true,"href":"https:\/\/saintbody.com\/en\/wp-json\/wp\/v2\/product_cat?post=43291"},{"taxonomy":"product_tag","embeddable":true,"href":"https:\/\/saintbody.com\/en\/wp-json\/wp\/v2\/product_tag?post=43291"}],"curies":[{"name":"wp","href":"https:\/\/api.w.org\/{rel}","templated":true}]}}