{"id":419,"date":"2023-03-09T17:37:09","date_gmt":"2023-03-09T16:37:09","guid":{"rendered":"http:\/\/saintbody.com\/?post_type=product&#038;p=419"},"modified":"2024-12-02T15:33:32","modified_gmt":"2024-12-02T14:33:32","slug":"body-z-asymetrycznym-wycieciem-na-plecach-khaki","status":"publish","type":"product","link":"https:\/\/saintbody.com\/en\/body-z-asymetrycznym-wycieciem-na-plecach-khaki\/","title":{"rendered":"Body with asymmetrical cutout on the back khaki"},"content":{"rendered":"<p>Sensual viscose bodysuit in khaki color with asymmetrical cut-out on the back. The body is sewn from a double layer of knit fabric. Original cut, which will be the basis of any styling. Saintbody classic. Double layer of knitwear, seamless finish, elastic threads ensure high wearing comfort. Fastened with delicate springs. Nickel-free.<\/p>\n<p>The product is sewn in Poland from fabric produced in a Polish knitting mill.<br \/>\nThe model is 173 cm tall, wears size XS.<\/p>\n<p>Also check out our bestselling\u00a0<a href=\"https:\/\/saintbody.com\/en\/kategoria\/sukienki\/\">dresses<\/a> !<br \/>\nVisit us at <a href=\"https:\/\/www.instagram.com\/saintbodyofficial\/\">instagram<\/a>.<\/p>","protected":false},"excerpt":{"rendered":"<div id=\":2ee\" class=\"a3s aiL\">\n<div dir=\"auto\">\n<p>Sensual viscose bodysuit in khaki color with asymmetrical cut-out on the back. The body is sewn from a double layer of knit fabric. Original cut, which will be the basis of any styling. Saintbody classic.<\/p>\n<p>Double layer of knitwear, seamless finish, elastic threads ensure high wearing comfort.<\/p>\n<p>Fastened with delicate springs. Nickel-free.<\/p>\n<p>The product is sewn in Poland from fabric produced in a Polish knitting mill.<\/p>\n<p>Composition: 93% viscose , 7% elastane<br \/>\nThe model is 173 cm tall, wears size XS.<\/p>\n<\/div>\n<\/div>\n<p>Also check out our bestselling\u00a0<a href=\"https:\/\/saintbody.com\/en\/kategoria\/sukienki\/\">dresses<\/a> !<\/p>\n<p>Visit us at <a href=\"https:\/\/www.instagram.com\/saintbodyofficial\/\">instagram<\/a>.<\/p>","protected":false},"featured_media":0,"template":"","meta":[],"product_brand":[],"product_cat":[20,21],"product_tag":[23],"class_list":{"0":"post-419","1":"product","2":"type-product","3":"status-publish","5":"product_cat-wszystko","6":"product_cat-body-damskie","7":"product_tag-body","9":"first","10":"outofstock","11":"taxable","12":"shipping-taxable","13":"purchasable","14":"product-type-variable","15":"has-default-attributes"},"yoast_head":"<!-- This site is optimized with the Yoast SEO plugin v27.0 - https:\/\/yoast.com\/product\/yoast-seo-wordpress\/ -->\n<title>Body w kolorze khaki z asymetrycznym wyci\u0119ciem - Sklep SAINTBODY<\/title>\n<meta name=\"description\" content=\"Wiskozowe body w kolorze khaki z asymetrycznym wyci\u0119ciem na plecach. Body uszyte jest z podw\u00f3jnej warstwy dzianiny. Saintbody\" \/>\n<meta name=\"robots\" content=\"index, follow, max-snippet:-1, max-image-preview:large, max-video-preview:-1\" \/>\n<link rel=\"canonical\" href=\"https:\/\/saintbody.com\/en\/body-z-asymetrycznym-wycieciem-na-plecach-khaki\/\" \/>\n<meta property=\"og:locale\" content=\"en_US\" \/>\n<meta property=\"og:type\" content=\"article\" \/>\n<meta property=\"og:title\" content=\"Body w kolorze khaki z asymetrycznym wyci\u0119ciem - Sklep SAINTBODY\" \/>\n<meta property=\"og:description\" content=\"Wiskozowe body w kolorze khaki z asymetrycznym wyci\u0119ciem na plecach. Body uszyte jest z podw\u00f3jnej warstwy dzianiny. Saintbody\" \/>\n<meta property=\"og:url\" content=\"https:\/\/saintbody.com\/en\/body-z-asymetrycznym-wycieciem-na-plecach-khaki\/\" \/>\n<meta property=\"og:site_name\" content=\"Sklep SAINTBODY\" \/>\n<meta property=\"article:publisher\" content=\"https:\/\/facebook.com\/saintbody\/\" \/>\n<meta property=\"article:modified_time\" content=\"2024-12-02T14:33:32+00:00\" \/>\n<meta name=\"twitter:card\" content=\"summary_large_image\" \/>\n<meta name=\"twitter:label1\" content=\"Est. reading time\" \/>\n\t<meta name=\"twitter:data1\" content=\"1 minute\" \/>\n<script type=\"application\/ld+json\" class=\"yoast-schema-graph\">{\"@context\":\"https:\/\/schema.org\",\"@graph\":[{\"@type\":\"WebPage\",\"@id\":\"https:\/\/saintbody.com\/body-z-asymetrycznym-wycieciem-na-plecach-khaki\/\",\"url\":\"https:\/\/saintbody.com\/body-z-asymetrycznym-wycieciem-na-plecach-khaki\/\",\"name\":\"Body w kolorze khaki z asymetrycznym wyci\u0119ciem - Sklep SAINTBODY\",\"isPartOf\":{\"@id\":\"https:\/\/saintbody.com\/#website\"},\"datePublished\":\"2023-03-09T16:37:09+00:00\",\"dateModified\":\"2024-12-02T14:33:32+00:00\",\"description\":\"Wiskozowe body w kolorze khaki z asymetrycznym wyci\u0119ciem na plecach. Body uszyte jest z podw\u00f3jnej warstwy dzianiny. Saintbody\",\"breadcrumb\":{\"@id\":\"https:\/\/saintbody.com\/body-z-asymetrycznym-wycieciem-na-plecach-khaki\/#breadcrumb\"},\"inLanguage\":\"en-US\",\"potentialAction\":[{\"@type\":\"ReadAction\",\"target\":[\"https:\/\/saintbody.com\/body-z-asymetrycznym-wycieciem-na-plecach-khaki\/\"]}]},{\"@type\":\"BreadcrumbList\",\"@id\":\"https:\/\/saintbody.com\/body-z-asymetrycznym-wycieciem-na-plecach-khaki\/#breadcrumb\",\"itemListElement\":[{\"@type\":\"ListItem\",\"position\":1,\"name\":\"Strona g\u0142\u00f3wna\",\"item\":\"https:\/\/saintbody.com\/\"},{\"@type\":\"ListItem\",\"position\":2,\"name\":\"Sklep\",\"item\":\"https:\/\/saintbody.com\/sklep\/\"},{\"@type\":\"ListItem\",\"position\":3,\"name\":\"Body z asymetrycznym wyci\u0119ciem na plecach khaki\"}]},{\"@type\":\"WebSite\",\"@id\":\"https:\/\/saintbody.com\/#website\",\"url\":\"https:\/\/saintbody.com\/\",\"name\":\"Sklep SAINTBODY\",\"description\":\"Premium basic na ka\u00c5\u00bcd\u00c4\u2026 okazje. Ponadczasowe Body, Odzie\u00c5\u00bc damska, Sukienki Damskie\",\"publisher\":{\"@id\":\"https:\/\/saintbody.com\/#organization\"},\"potentialAction\":[{\"@type\":\"SearchAction\",\"target\":{\"@type\":\"EntryPoint\",\"urlTemplate\":\"https:\/\/saintbody.com\/?s={search_term_string}\"},\"query-input\":{\"@type\":\"PropertyValueSpecification\",\"valueRequired\":true,\"valueName\":\"search_term_string\"}}],\"inLanguage\":\"en-US\"},{\"@type\":\"Organization\",\"@id\":\"https:\/\/saintbody.com\/#organization\",\"name\":\"Sklep Saint Body\",\"url\":\"https:\/\/saintbody.com\/\",\"logo\":{\"@type\":\"ImageObject\",\"inLanguage\":\"en-US\",\"@id\":\"https:\/\/saintbody.com\/#\/schema\/logo\/image\/\",\"url\":\"https:\/\/saintbody.com\/wp-content\/uploads\/2023\/04\/SaintBody_Logo_Typografia-e1691418926919.png\",\"contentUrl\":\"https:\/\/saintbody.com\/wp-content\/uploads\/2023\/04\/SaintBody_Logo_Typografia-e1691418926919.png\",\"width\":1000,\"height\":202,\"caption\":\"Sklep Saint Body\"},\"image\":{\"@id\":\"https:\/\/saintbody.com\/#\/schema\/logo\/image\/\"},\"sameAs\":[\"https:\/\/facebook.com\/saintbody\/\"]}]}<\/script>\n<!-- \/ Yoast SEO plugin. -->","yoast_head_json":{"title":"Body w kolorze khaki z asymetrycznym wyci\u0119ciem - Sklep SAINTBODY","description":"Wiskozowe body w kolorze khaki z asymetrycznym wyci\u0119ciem na plecach. Body uszyte jest z podw\u00f3jnej warstwy dzianiny. Saintbody","robots":{"index":"index","follow":"follow","max-snippet":"max-snippet:-1","max-image-preview":"max-image-preview:large","max-video-preview":"max-video-preview:-1"},"canonical":"https:\/\/saintbody.com\/en\/body-z-asymetrycznym-wycieciem-na-plecach-khaki\/","og_locale":"en_US","og_type":"article","og_title":"Body w kolorze khaki z asymetrycznym wyci\u0119ciem - Sklep SAINTBODY","og_description":"Wiskozowe body w kolorze khaki z asymetrycznym wyci\u0119ciem na plecach. Body uszyte jest z podw\u00f3jnej warstwy dzianiny. Saintbody","og_url":"https:\/\/saintbody.com\/en\/body-z-asymetrycznym-wycieciem-na-plecach-khaki\/","og_site_name":"Sklep SAINTBODY","article_publisher":"https:\/\/facebook.com\/saintbody\/","article_modified_time":"2024-12-02T14:33:32+00:00","twitter_card":"summary_large_image","twitter_misc":{"Est. reading time":"1 minute"},"schema":{"@context":"https:\/\/schema.org","@graph":[{"@type":"WebPage","@id":"https:\/\/saintbody.com\/body-z-asymetrycznym-wycieciem-na-plecach-khaki\/","url":"https:\/\/saintbody.com\/body-z-asymetrycznym-wycieciem-na-plecach-khaki\/","name":"Body w kolorze khaki z asymetrycznym wyci\u0119ciem - Sklep SAINTBODY","isPartOf":{"@id":"https:\/\/saintbody.com\/#website"},"datePublished":"2023-03-09T16:37:09+00:00","dateModified":"2024-12-02T14:33:32+00:00","description":"Wiskozowe body w kolorze khaki z asymetrycznym wyci\u0119ciem na plecach. Body uszyte jest z podw\u00f3jnej warstwy dzianiny. Saintbody","breadcrumb":{"@id":"https:\/\/saintbody.com\/body-z-asymetrycznym-wycieciem-na-plecach-khaki\/#breadcrumb"},"inLanguage":"en-US","potentialAction":[{"@type":"ReadAction","target":["https:\/\/saintbody.com\/body-z-asymetrycznym-wycieciem-na-plecach-khaki\/"]}]},{"@type":"BreadcrumbList","@id":"https:\/\/saintbody.com\/body-z-asymetrycznym-wycieciem-na-plecach-khaki\/#breadcrumb","itemListElement":[{"@type":"ListItem","position":1,"name":"Strona g\u0142\u00f3wna","item":"https:\/\/saintbody.com\/"},{"@type":"ListItem","position":2,"name":"Sklep","item":"https:\/\/saintbody.com\/sklep\/"},{"@type":"ListItem","position":3,"name":"Body z asymetrycznym wyci\u0119ciem na plecach khaki"}]},{"@type":"WebSite","@id":"https:\/\/saintbody.com\/#website","url":"https:\/\/saintbody.com\/","name":"Sklep SAINTBODY","description":"Premium basic na ka\u00c5\u00bcd\u00c4\u2026 okazje. Ponadczasowe Body, Odzie\u00c5\u00bc damska, Sukienki Damskie","publisher":{"@id":"https:\/\/saintbody.com\/#organization"},"potentialAction":[{"@type":"SearchAction","target":{"@type":"EntryPoint","urlTemplate":"https:\/\/saintbody.com\/?s={search_term_string}"},"query-input":{"@type":"PropertyValueSpecification","valueRequired":true,"valueName":"search_term_string"}}],"inLanguage":"en-US"},{"@type":"Organization","@id":"https:\/\/saintbody.com\/#organization","name":"Sklep Saint Body","url":"https:\/\/saintbody.com\/","logo":{"@type":"ImageObject","inLanguage":"en-US","@id":"https:\/\/saintbody.com\/#\/schema\/logo\/image\/","url":"https:\/\/saintbody.com\/wp-content\/uploads\/2023\/04\/SaintBody_Logo_Typografia-e1691418926919.png","contentUrl":"https:\/\/saintbody.com\/wp-content\/uploads\/2023\/04\/SaintBody_Logo_Typografia-e1691418926919.png","width":1000,"height":202,"caption":"Sklep Saint Body"},"image":{"@id":"https:\/\/saintbody.com\/#\/schema\/logo\/image\/"},"sameAs":["https:\/\/facebook.com\/saintbody\/"]}]}},"_links":{"self":[{"href":"https:\/\/saintbody.com\/en\/wp-json\/wp\/v2\/product\/419","targetHints":{"allow":["GET"]}}],"collection":[{"href":"https:\/\/saintbody.com\/en\/wp-json\/wp\/v2\/product"}],"about":[{"href":"https:\/\/saintbody.com\/en\/wp-json\/wp\/v2\/types\/product"}],"wp:attachment":[{"href":"https:\/\/saintbody.com\/en\/wp-json\/wp\/v2\/media?parent=419"}],"wp:term":[{"taxonomy":"product_brand","embeddable":true,"href":"https:\/\/saintbody.com\/en\/wp-json\/wp\/v2\/product_brand?post=419"},{"taxonomy":"product_cat","embeddable":true,"href":"https:\/\/saintbody.com\/en\/wp-json\/wp\/v2\/product_cat?post=419"},{"taxonomy":"product_tag","embeddable":true,"href":"https:\/\/saintbody.com\/en\/wp-json\/wp\/v2\/product_tag?post=419"}],"curies":[{"name":"wp","href":"https:\/\/api.w.org\/{rel}","templated":true}]}}