{"id":41455,"date":"2023-09-05T17:02:01","date_gmt":"2023-09-05T15:02:01","guid":{"rendered":"https:\/\/saintbody.com\/?post_type=product&#038;p=41455"},"modified":"2025-10-24T20:15:21","modified_gmt":"2025-10-24T18:15:21","slug":"body-z-glebokim-wycieciem-na-plecach-bezowe","status":"publish","type":"product","link":"https:\/\/saintbody.com\/en\/body-z-glebokim-wycieciem-na-plecach-bezowe\/","title":{"rendered":"Body with V on the back beige"},"content":{"rendered":"<p>Our bestselling bodysuit in beige with a deep V-cut on the back, perfect for a date. Great for everyday styling with jeans, or in the evening with elegant pants. Double layer of delicate knit fabric provides comfort in wearing. Fastened with delicate metal springs. Nickel-free.<\/p>\n<p>The product is sewn in Poland from fabric produced in a Polish knitting mill.<\/p>\n<p>Also check out our bestselling\u00a0<a href=\"https:\/\/saintbody.com\/en\/kategoria\/sukienki\/\">dresses<\/a> !<br \/>\nVisit us at <a href=\"https:\/\/www.instagram.com\/saintbodyofficial\/\">instagram<\/a>.<\/p>","protected":false},"excerpt":{"rendered":"<p>Our bestselling bodysuit in beige with a deep V-cut on the back, perfect for a date. Great for everyday styling with jeans, or in the evening with elegant pants. Double layer of delicate knit fabric provides comfort in wearing. Fastened with delicate metal springs. Nickel free. Product sewn in Poland from material produced in a Polish knitting mill. Also check out our bestselling dresses [...]<\/p>","protected":false},"featured_media":0,"template":"","meta":[],"product_brand":[],"product_cat":[20,21],"product_tag":[23],"class_list":{"0":"post-41455","1":"product","2":"type-product","3":"status-publish","5":"product_cat-wszystko","6":"product_cat-body-damskie","7":"product_tag-body","9":"first","10":"outofstock","11":"taxable","12":"shipping-taxable","13":"purchasable","14":"product-type-variable","15":"has-default-attributes"},"yoast_head":"<!-- This site is optimized with the Yoast SEO plugin v27.0 - https:\/\/yoast.com\/product\/yoast-seo-wordpress\/ -->\n<title>Body z g\u0142\u0119bokim wyci\u0119ciem na plecach cieliste - Saintbody<\/title>\n<meta name=\"description\" content=\"Bestsellerowe body w kolorze nude z g\u0142\u0119bokim wyci\u0119ciem V na plecach, idealne na randk\u0119. Body seksownie eksponuje plecy. Saintbody\" \/>\n<meta name=\"robots\" content=\"index, follow, max-snippet:-1, max-image-preview:large, max-video-preview:-1\" \/>\n<link rel=\"canonical\" href=\"https:\/\/saintbody.com\/en\/body-z-glebokim-wycieciem-na-plecach-bezowe\/\" \/>\n<meta property=\"og:locale\" content=\"en_US\" \/>\n<meta property=\"og:type\" content=\"article\" \/>\n<meta property=\"og:title\" content=\"Body z g\u0142\u0119bokim wyci\u0119ciem na plecach cieliste - Saintbody\" \/>\n<meta property=\"og:description\" content=\"Bestsellerowe body w kolorze nude z g\u0142\u0119bokim wyci\u0119ciem V na plecach, idealne na randk\u0119. Body seksownie eksponuje plecy. Saintbody\" \/>\n<meta property=\"og:url\" content=\"https:\/\/saintbody.com\/en\/body-z-glebokim-wycieciem-na-plecach-bezowe\/\" \/>\n<meta property=\"og:site_name\" content=\"Sklep SAINTBODY\" \/>\n<meta property=\"article:publisher\" content=\"https:\/\/facebook.com\/saintbody\/\" \/>\n<meta property=\"article:modified_time\" content=\"2025-10-24T18:15:21+00:00\" \/>\n<meta name=\"twitter:card\" content=\"summary_large_image\" \/>\n<meta name=\"twitter:label1\" content=\"Est. reading time\" \/>\n\t<meta name=\"twitter:data1\" content=\"1 minute\" \/>\n<script type=\"application\/ld+json\" class=\"yoast-schema-graph\">{\"@context\":\"https:\/\/schema.org\",\"@graph\":[{\"@type\":\"WebPage\",\"@id\":\"https:\/\/saintbody.com\/body-z-glebokim-wycieciem-na-plecach-bezowe\/\",\"url\":\"https:\/\/saintbody.com\/body-z-glebokim-wycieciem-na-plecach-bezowe\/\",\"name\":\"Body z g\u0142\u0119bokim wyci\u0119ciem na plecach cieliste - Saintbody\",\"isPartOf\":{\"@id\":\"https:\/\/saintbody.com\/#website\"},\"datePublished\":\"2023-09-05T15:02:01+00:00\",\"dateModified\":\"2025-10-24T18:15:21+00:00\",\"description\":\"Bestsellerowe body w kolorze nude z g\u0142\u0119bokim wyci\u0119ciem V na plecach, idealne na randk\u0119. Body seksownie eksponuje plecy. Saintbody\",\"breadcrumb\":{\"@id\":\"https:\/\/saintbody.com\/body-z-glebokim-wycieciem-na-plecach-bezowe\/#breadcrumb\"},\"inLanguage\":\"en-US\",\"potentialAction\":[{\"@type\":\"ReadAction\",\"target\":[\"https:\/\/saintbody.com\/body-z-glebokim-wycieciem-na-plecach-bezowe\/\"]}]},{\"@type\":\"BreadcrumbList\",\"@id\":\"https:\/\/saintbody.com\/body-z-glebokim-wycieciem-na-plecach-bezowe\/#breadcrumb\",\"itemListElement\":[{\"@type\":\"ListItem\",\"position\":1,\"name\":\"Strona g\u0142\u00f3wna\",\"item\":\"https:\/\/saintbody.com\/\"},{\"@type\":\"ListItem\",\"position\":2,\"name\":\"Sklep\",\"item\":\"https:\/\/saintbody.com\/sklep\/\"},{\"@type\":\"ListItem\",\"position\":3,\"name\":\"Body z V na plecach be\u017cowe\"}]},{\"@type\":\"WebSite\",\"@id\":\"https:\/\/saintbody.com\/#website\",\"url\":\"https:\/\/saintbody.com\/\",\"name\":\"Sklep SAINTBODY\",\"description\":\"Premium basic na ka\u00c5\u00bcd\u00c4\u2026 okazje. Ponadczasowe Body, Odzie\u00c5\u00bc damska, Sukienki Damskie\",\"publisher\":{\"@id\":\"https:\/\/saintbody.com\/#organization\"},\"potentialAction\":[{\"@type\":\"SearchAction\",\"target\":{\"@type\":\"EntryPoint\",\"urlTemplate\":\"https:\/\/saintbody.com\/?s={search_term_string}\"},\"query-input\":{\"@type\":\"PropertyValueSpecification\",\"valueRequired\":true,\"valueName\":\"search_term_string\"}}],\"inLanguage\":\"en-US\"},{\"@type\":\"Organization\",\"@id\":\"https:\/\/saintbody.com\/#organization\",\"name\":\"Sklep Saint Body\",\"url\":\"https:\/\/saintbody.com\/\",\"logo\":{\"@type\":\"ImageObject\",\"inLanguage\":\"en-US\",\"@id\":\"https:\/\/saintbody.com\/#\/schema\/logo\/image\/\",\"url\":\"https:\/\/saintbody.com\/wp-content\/uploads\/2023\/04\/SaintBody_Logo_Typografia-e1691418926919.png\",\"contentUrl\":\"https:\/\/saintbody.com\/wp-content\/uploads\/2023\/04\/SaintBody_Logo_Typografia-e1691418926919.png\",\"width\":1000,\"height\":202,\"caption\":\"Sklep Saint Body\"},\"image\":{\"@id\":\"https:\/\/saintbody.com\/#\/schema\/logo\/image\/\"},\"sameAs\":[\"https:\/\/facebook.com\/saintbody\/\"]}]}<\/script>\n<!-- \/ Yoast SEO plugin. -->","yoast_head_json":{"title":"Body z g\u0142\u0119bokim wyci\u0119ciem na plecach cieliste - Saintbody","description":"Bestsellerowe body w kolorze nude z g\u0142\u0119bokim wyci\u0119ciem V na plecach, idealne na randk\u0119. Body seksownie eksponuje plecy. Saintbody","robots":{"index":"index","follow":"follow","max-snippet":"max-snippet:-1","max-image-preview":"max-image-preview:large","max-video-preview":"max-video-preview:-1"},"canonical":"https:\/\/saintbody.com\/en\/body-z-glebokim-wycieciem-na-plecach-bezowe\/","og_locale":"en_US","og_type":"article","og_title":"Body z g\u0142\u0119bokim wyci\u0119ciem na plecach cieliste - Saintbody","og_description":"Bestsellerowe body w kolorze nude z g\u0142\u0119bokim wyci\u0119ciem V na plecach, idealne na randk\u0119. Body seksownie eksponuje plecy. Saintbody","og_url":"https:\/\/saintbody.com\/en\/body-z-glebokim-wycieciem-na-plecach-bezowe\/","og_site_name":"Sklep SAINTBODY","article_publisher":"https:\/\/facebook.com\/saintbody\/","article_modified_time":"2025-10-24T18:15:21+00:00","twitter_card":"summary_large_image","twitter_misc":{"Est. reading time":"1 minute"},"schema":{"@context":"https:\/\/schema.org","@graph":[{"@type":"WebPage","@id":"https:\/\/saintbody.com\/body-z-glebokim-wycieciem-na-plecach-bezowe\/","url":"https:\/\/saintbody.com\/body-z-glebokim-wycieciem-na-plecach-bezowe\/","name":"Body z g\u0142\u0119bokim wyci\u0119ciem na plecach cieliste - Saintbody","isPartOf":{"@id":"https:\/\/saintbody.com\/#website"},"datePublished":"2023-09-05T15:02:01+00:00","dateModified":"2025-10-24T18:15:21+00:00","description":"Bestsellerowe body w kolorze nude z g\u0142\u0119bokim wyci\u0119ciem V na plecach, idealne na randk\u0119. Body seksownie eksponuje plecy. Saintbody","breadcrumb":{"@id":"https:\/\/saintbody.com\/body-z-glebokim-wycieciem-na-plecach-bezowe\/#breadcrumb"},"inLanguage":"en-US","potentialAction":[{"@type":"ReadAction","target":["https:\/\/saintbody.com\/body-z-glebokim-wycieciem-na-plecach-bezowe\/"]}]},{"@type":"BreadcrumbList","@id":"https:\/\/saintbody.com\/body-z-glebokim-wycieciem-na-plecach-bezowe\/#breadcrumb","itemListElement":[{"@type":"ListItem","position":1,"name":"Strona g\u0142\u00f3wna","item":"https:\/\/saintbody.com\/"},{"@type":"ListItem","position":2,"name":"Sklep","item":"https:\/\/saintbody.com\/sklep\/"},{"@type":"ListItem","position":3,"name":"Body z V na plecach be\u017cowe"}]},{"@type":"WebSite","@id":"https:\/\/saintbody.com\/#website","url":"https:\/\/saintbody.com\/","name":"Sklep SAINTBODY","description":"Premium basic na ka\u00c5\u00bcd\u00c4\u2026 okazje. Ponadczasowe Body, Odzie\u00c5\u00bc damska, Sukienki Damskie","publisher":{"@id":"https:\/\/saintbody.com\/#organization"},"potentialAction":[{"@type":"SearchAction","target":{"@type":"EntryPoint","urlTemplate":"https:\/\/saintbody.com\/?s={search_term_string}"},"query-input":{"@type":"PropertyValueSpecification","valueRequired":true,"valueName":"search_term_string"}}],"inLanguage":"en-US"},{"@type":"Organization","@id":"https:\/\/saintbody.com\/#organization","name":"Sklep Saint Body","url":"https:\/\/saintbody.com\/","logo":{"@type":"ImageObject","inLanguage":"en-US","@id":"https:\/\/saintbody.com\/#\/schema\/logo\/image\/","url":"https:\/\/saintbody.com\/wp-content\/uploads\/2023\/04\/SaintBody_Logo_Typografia-e1691418926919.png","contentUrl":"https:\/\/saintbody.com\/wp-content\/uploads\/2023\/04\/SaintBody_Logo_Typografia-e1691418926919.png","width":1000,"height":202,"caption":"Sklep Saint Body"},"image":{"@id":"https:\/\/saintbody.com\/#\/schema\/logo\/image\/"},"sameAs":["https:\/\/facebook.com\/saintbody\/"]}]}},"_links":{"self":[{"href":"https:\/\/saintbody.com\/en\/wp-json\/wp\/v2\/product\/41455","targetHints":{"allow":["GET"]}}],"collection":[{"href":"https:\/\/saintbody.com\/en\/wp-json\/wp\/v2\/product"}],"about":[{"href":"https:\/\/saintbody.com\/en\/wp-json\/wp\/v2\/types\/product"}],"wp:attachment":[{"href":"https:\/\/saintbody.com\/en\/wp-json\/wp\/v2\/media?parent=41455"}],"wp:term":[{"taxonomy":"product_brand","embeddable":true,"href":"https:\/\/saintbody.com\/en\/wp-json\/wp\/v2\/product_brand?post=41455"},{"taxonomy":"product_cat","embeddable":true,"href":"https:\/\/saintbody.com\/en\/wp-json\/wp\/v2\/product_cat?post=41455"},{"taxonomy":"product_tag","embeddable":true,"href":"https:\/\/saintbody.com\/en\/wp-json\/wp\/v2\/product_tag?post=41455"}],"curies":[{"name":"wp","href":"https:\/\/api.w.org\/{rel}","templated":true}]}}