{"id":39311,"date":"2024-02-29T09:41:12","date_gmt":"2024-02-29T08:41:12","guid":{"rendered":"https:\/\/saintbody.com\/?post_type=product&#038;p=39311"},"modified":"2025-09-06T17:40:58","modified_gmt":"2025-09-06T15:40:58","slug":"lniana-koszula-oversize-oliwkowa","status":"publish","type":"product","link":"https:\/\/saintbody.com\/en\/lniana-koszula-oversize-oliwkowa\/","title":{"rendered":"Linen oversize olive shirt"},"content":{"rendered":"<p>Women's oversize shirt for summer made of lyceoll and linen blend. High quality, airy material with a delicate sheen. Finished with small buttons. Lightweight cut and natural material will make it an indispensable part of your summer styling. Great for styling with jeans or shorts set.<\/p>\n<p>Sewn in Poland in a local sewing room.<br \/>\nThe model is 176 cm tall.<\/p>\n<p>Also check out our bestselling\u00a0<a href=\"https:\/\/saintbody.com\/en\/kategoria\/sukienki\/\">dresses<\/a> !<br \/>\nVisit us at <a href=\"https:\/\/www.instagram.com\/saintbodyofficial\/\">instagram<\/a>.<\/p>","protected":false},"excerpt":{"rendered":"<p>Women's oversize shirt for summer made of lyceoll and linen blend. High quality, airy material with a delicate sheen. Finished with small buttons. Lightweight cut and natural material will make it an indispensable part of your summer styling. Great for styling with jeans or shorts set. Sewn in Poland in a local sewing room. The model is 176 [...]<\/p>","protected":false},"featured_media":39556,"template":"","meta":[],"product_brand":[],"product_cat":[20],"product_tag":[38],"class_list":{"0":"post-39311","1":"product","2":"type-product","3":"status-publish","4":"has-post-thumbnail","6":"product_cat-wszystko","7":"product_tag-topy","9":"first","10":"outofstock","11":"taxable","12":"shipping-taxable","13":"purchasable","14":"product-type-variable","15":"has-default-attributes"},"yoast_head":"<!-- This site is optimized with the Yoast SEO plugin v27.0 - https:\/\/yoast.com\/product\/yoast-seo-wordpress\/ -->\n<title>Damska koszula lniana - Lniana koszula oversize oliwkowa<\/title>\n<meta name=\"description\" content=\"Damska koszula lniana na lato wykonana z materia\u0142u o delikatnym splocie i niezwykle mi\u0119kkim wyko\u0144czeniu. Letnia koszula oversize.\" \/>\n<meta name=\"robots\" content=\"index, follow, max-snippet:-1, max-image-preview:large, max-video-preview:-1\" \/>\n<link rel=\"canonical\" href=\"https:\/\/saintbody.com\/en\/lniana-koszula-oversize-oliwkowa\/\" \/>\n<meta property=\"og:locale\" content=\"en_US\" \/>\n<meta property=\"og:type\" content=\"article\" \/>\n<meta property=\"og:title\" content=\"Damska koszula lniana - Lniana koszula oversize oliwkowa\" \/>\n<meta property=\"og:description\" content=\"Damska koszula lniana na lato wykonana z materia\u0142u o delikatnym splocie i niezwykle mi\u0119kkim wyko\u0144czeniu. Letnia koszula oversize.\" \/>\n<meta property=\"og:url\" content=\"https:\/\/saintbody.com\/en\/lniana-koszula-oversize-oliwkowa\/\" \/>\n<meta property=\"og:site_name\" content=\"Sklep SAINTBODY\" \/>\n<meta property=\"article:publisher\" content=\"https:\/\/facebook.com\/saintbody\/\" \/>\n<meta property=\"article:modified_time\" content=\"2025-09-06T15:40:58+00:00\" \/>\n<meta property=\"og:image\" content=\"http:\/\/saintbody.com\/wp-content\/uploads\/2023\/06\/20062023_SAINTBODY_SS2365344-1-scaled.jpg\" \/>\n\t<meta property=\"og:image:width\" content=\"1707\" \/>\n\t<meta property=\"og:image:height\" content=\"2560\" \/>\n\t<meta property=\"og:image:type\" content=\"image\/jpeg\" \/>\n<meta name=\"twitter:card\" content=\"summary_large_image\" \/>\n<meta name=\"twitter:label1\" content=\"Est. reading time\" \/>\n\t<meta name=\"twitter:data1\" content=\"1 minute\" \/>\n<script type=\"application\/ld+json\" class=\"yoast-schema-graph\">{\"@context\":\"https:\/\/schema.org\",\"@graph\":[{\"@type\":\"WebPage\",\"@id\":\"https:\/\/saintbody.com\/lniana-koszula-oversize-oliwkowa\/\",\"url\":\"https:\/\/saintbody.com\/lniana-koszula-oversize-oliwkowa\/\",\"name\":\"Damska koszula lniana - Lniana koszula oversize oliwkowa\",\"isPartOf\":{\"@id\":\"https:\/\/saintbody.com\/#website\"},\"primaryImageOfPage\":{\"@id\":\"https:\/\/saintbody.com\/lniana-koszula-oversize-oliwkowa\/#primaryimage\"},\"image\":{\"@id\":\"https:\/\/saintbody.com\/lniana-koszula-oversize-oliwkowa\/#primaryimage\"},\"thumbnailUrl\":\"https:\/\/saintbody.com\/wp-content\/uploads\/2023\/06\/20062023_SAINTBODY_SS2365344-1-scaled.jpg\",\"datePublished\":\"2024-02-29T08:41:12+00:00\",\"dateModified\":\"2025-09-06T15:40:58+00:00\",\"description\":\"Damska koszula lniana na lato wykonana z materia\u0142u o delikatnym splocie i niezwykle mi\u0119kkim wyko\u0144czeniu. Letnia koszula oversize.\",\"breadcrumb\":{\"@id\":\"https:\/\/saintbody.com\/lniana-koszula-oversize-oliwkowa\/#breadcrumb\"},\"inLanguage\":\"en-US\",\"potentialAction\":[{\"@type\":\"ReadAction\",\"target\":[\"https:\/\/saintbody.com\/lniana-koszula-oversize-oliwkowa\/\"]}]},{\"@type\":\"ImageObject\",\"inLanguage\":\"en-US\",\"@id\":\"https:\/\/saintbody.com\/lniana-koszula-oversize-oliwkowa\/#primaryimage\",\"url\":\"https:\/\/saintbody.com\/wp-content\/uploads\/2023\/06\/20062023_SAINTBODY_SS2365344-1-scaled.jpg\",\"contentUrl\":\"https:\/\/saintbody.com\/wp-content\/uploads\/2023\/06\/20062023_SAINTBODY_SS2365344-1-scaled.jpg\",\"width\":1707,\"height\":2560,\"caption\":\"Lniana koszula oversize oliwkowa\"},{\"@type\":\"BreadcrumbList\",\"@id\":\"https:\/\/saintbody.com\/lniana-koszula-oversize-oliwkowa\/#breadcrumb\",\"itemListElement\":[{\"@type\":\"ListItem\",\"position\":1,\"name\":\"Strona g\u0142\u00f3wna\",\"item\":\"https:\/\/saintbody.com\/\"},{\"@type\":\"ListItem\",\"position\":2,\"name\":\"Sklep\",\"item\":\"https:\/\/saintbody.com\/sklep\/\"},{\"@type\":\"ListItem\",\"position\":3,\"name\":\"Lniana koszula oversize oliwkowa\"}]},{\"@type\":\"WebSite\",\"@id\":\"https:\/\/saintbody.com\/#website\",\"url\":\"https:\/\/saintbody.com\/\",\"name\":\"Sklep SAINTBODY\",\"description\":\"Premium basic na ka\u00c5\u00bcd\u00c4\u2026 okazje. Ponadczasowe Body, Odzie\u00c5\u00bc damska, Sukienki Damskie\",\"publisher\":{\"@id\":\"https:\/\/saintbody.com\/#organization\"},\"potentialAction\":[{\"@type\":\"SearchAction\",\"target\":{\"@type\":\"EntryPoint\",\"urlTemplate\":\"https:\/\/saintbody.com\/?s={search_term_string}\"},\"query-input\":{\"@type\":\"PropertyValueSpecification\",\"valueRequired\":true,\"valueName\":\"search_term_string\"}}],\"inLanguage\":\"en-US\"},{\"@type\":\"Organization\",\"@id\":\"https:\/\/saintbody.com\/#organization\",\"name\":\"Sklep Saint Body\",\"url\":\"https:\/\/saintbody.com\/\",\"logo\":{\"@type\":\"ImageObject\",\"inLanguage\":\"en-US\",\"@id\":\"https:\/\/saintbody.com\/#\/schema\/logo\/image\/\",\"url\":\"https:\/\/saintbody.com\/wp-content\/uploads\/2023\/04\/SaintBody_Logo_Typografia-e1691418926919.png\",\"contentUrl\":\"https:\/\/saintbody.com\/wp-content\/uploads\/2023\/04\/SaintBody_Logo_Typografia-e1691418926919.png\",\"width\":1000,\"height\":202,\"caption\":\"Sklep Saint Body\"},\"image\":{\"@id\":\"https:\/\/saintbody.com\/#\/schema\/logo\/image\/\"},\"sameAs\":[\"https:\/\/facebook.com\/saintbody\/\"]}]}<\/script>\n<!-- \/ Yoast SEO plugin. -->","yoast_head_json":{"title":"Damska koszula lniana - Lniana koszula oversize oliwkowa","description":"Damska koszula lniana na lato wykonana z materia\u0142u o delikatnym splocie i niezwykle mi\u0119kkim wyko\u0144czeniu. Letnia koszula oversize.","robots":{"index":"index","follow":"follow","max-snippet":"max-snippet:-1","max-image-preview":"max-image-preview:large","max-video-preview":"max-video-preview:-1"},"canonical":"https:\/\/saintbody.com\/en\/lniana-koszula-oversize-oliwkowa\/","og_locale":"en_US","og_type":"article","og_title":"Damska koszula lniana - Lniana koszula oversize oliwkowa","og_description":"Damska koszula lniana na lato wykonana z materia\u0142u o delikatnym splocie i niezwykle mi\u0119kkim wyko\u0144czeniu. Letnia koszula oversize.","og_url":"https:\/\/saintbody.com\/en\/lniana-koszula-oversize-oliwkowa\/","og_site_name":"Sklep SAINTBODY","article_publisher":"https:\/\/facebook.com\/saintbody\/","article_modified_time":"2025-09-06T15:40:58+00:00","og_image":[{"width":1707,"height":2560,"url":"http:\/\/saintbody.com\/wp-content\/uploads\/2023\/06\/20062023_SAINTBODY_SS2365344-1-scaled.jpg","type":"image\/jpeg"}],"twitter_card":"summary_large_image","twitter_misc":{"Est. reading time":"1 minute"},"schema":{"@context":"https:\/\/schema.org","@graph":[{"@type":"WebPage","@id":"https:\/\/saintbody.com\/lniana-koszula-oversize-oliwkowa\/","url":"https:\/\/saintbody.com\/lniana-koszula-oversize-oliwkowa\/","name":"Damska koszula lniana - Lniana koszula oversize oliwkowa","isPartOf":{"@id":"https:\/\/saintbody.com\/#website"},"primaryImageOfPage":{"@id":"https:\/\/saintbody.com\/lniana-koszula-oversize-oliwkowa\/#primaryimage"},"image":{"@id":"https:\/\/saintbody.com\/lniana-koszula-oversize-oliwkowa\/#primaryimage"},"thumbnailUrl":"https:\/\/saintbody.com\/wp-content\/uploads\/2023\/06\/20062023_SAINTBODY_SS2365344-1-scaled.jpg","datePublished":"2024-02-29T08:41:12+00:00","dateModified":"2025-09-06T15:40:58+00:00","description":"Damska koszula lniana na lato wykonana z materia\u0142u o delikatnym splocie i niezwykle mi\u0119kkim wyko\u0144czeniu. Letnia koszula oversize.","breadcrumb":{"@id":"https:\/\/saintbody.com\/lniana-koszula-oversize-oliwkowa\/#breadcrumb"},"inLanguage":"en-US","potentialAction":[{"@type":"ReadAction","target":["https:\/\/saintbody.com\/lniana-koszula-oversize-oliwkowa\/"]}]},{"@type":"ImageObject","inLanguage":"en-US","@id":"https:\/\/saintbody.com\/lniana-koszula-oversize-oliwkowa\/#primaryimage","url":"https:\/\/saintbody.com\/wp-content\/uploads\/2023\/06\/20062023_SAINTBODY_SS2365344-1-scaled.jpg","contentUrl":"https:\/\/saintbody.com\/wp-content\/uploads\/2023\/06\/20062023_SAINTBODY_SS2365344-1-scaled.jpg","width":1707,"height":2560,"caption":"Lniana koszula oversize oliwkowa"},{"@type":"BreadcrumbList","@id":"https:\/\/saintbody.com\/lniana-koszula-oversize-oliwkowa\/#breadcrumb","itemListElement":[{"@type":"ListItem","position":1,"name":"Strona g\u0142\u00f3wna","item":"https:\/\/saintbody.com\/"},{"@type":"ListItem","position":2,"name":"Sklep","item":"https:\/\/saintbody.com\/sklep\/"},{"@type":"ListItem","position":3,"name":"Lniana koszula oversize oliwkowa"}]},{"@type":"WebSite","@id":"https:\/\/saintbody.com\/#website","url":"https:\/\/saintbody.com\/","name":"Sklep SAINTBODY","description":"Premium basic na ka\u00c5\u00bcd\u00c4\u2026 okazje. Ponadczasowe Body, Odzie\u00c5\u00bc damska, Sukienki Damskie","publisher":{"@id":"https:\/\/saintbody.com\/#organization"},"potentialAction":[{"@type":"SearchAction","target":{"@type":"EntryPoint","urlTemplate":"https:\/\/saintbody.com\/?s={search_term_string}"},"query-input":{"@type":"PropertyValueSpecification","valueRequired":true,"valueName":"search_term_string"}}],"inLanguage":"en-US"},{"@type":"Organization","@id":"https:\/\/saintbody.com\/#organization","name":"Sklep Saint Body","url":"https:\/\/saintbody.com\/","logo":{"@type":"ImageObject","inLanguage":"en-US","@id":"https:\/\/saintbody.com\/#\/schema\/logo\/image\/","url":"https:\/\/saintbody.com\/wp-content\/uploads\/2023\/04\/SaintBody_Logo_Typografia-e1691418926919.png","contentUrl":"https:\/\/saintbody.com\/wp-content\/uploads\/2023\/04\/SaintBody_Logo_Typografia-e1691418926919.png","width":1000,"height":202,"caption":"Sklep Saint Body"},"image":{"@id":"https:\/\/saintbody.com\/#\/schema\/logo\/image\/"},"sameAs":["https:\/\/facebook.com\/saintbody\/"]}]}},"_links":{"self":[{"href":"https:\/\/saintbody.com\/en\/wp-json\/wp\/v2\/product\/39311","targetHints":{"allow":["GET"]}}],"collection":[{"href":"https:\/\/saintbody.com\/en\/wp-json\/wp\/v2\/product"}],"about":[{"href":"https:\/\/saintbody.com\/en\/wp-json\/wp\/v2\/types\/product"}],"wp:featuredmedia":[{"embeddable":true,"href":"https:\/\/saintbody.com\/en\/wp-json\/wp\/v2\/media\/39556"}],"wp:attachment":[{"href":"https:\/\/saintbody.com\/en\/wp-json\/wp\/v2\/media?parent=39311"}],"wp:term":[{"taxonomy":"product_brand","embeddable":true,"href":"https:\/\/saintbody.com\/en\/wp-json\/wp\/v2\/product_brand?post=39311"},{"taxonomy":"product_cat","embeddable":true,"href":"https:\/\/saintbody.com\/en\/wp-json\/wp\/v2\/product_cat?post=39311"},{"taxonomy":"product_tag","embeddable":true,"href":"https:\/\/saintbody.com\/en\/wp-json\/wp\/v2\/product_tag?post=39311"}],"curies":[{"name":"wp","href":"https:\/\/api.w.org\/{rel}","templated":true}]}}