{"id":377,"date":"2024-02-29T09:41:14","date_gmt":"2024-02-29T08:41:14","guid":{"rendered":"http:\/\/saintbody.com\/?post_type=product&#038;p=377"},"modified":"2024-12-05T12:21:42","modified_gmt":"2024-12-05T11:21:42","slug":"lniana-koszula-oversize-habrowa","status":"publish","type":"product","link":"https:\/\/saintbody.com\/en\/lniana-koszula-oversize-habrowa\/","title":{"rendered":"Linen oversize haberdashery shirt"},"content":{"rendered":"<p>Women's oversize shirt for summer made of linen. Airy material with a delicate sheen. Finished with small buttons in cornflower color. Light cut and natural material will make it an indispensable part of your summer styling. Great for styling with jeans or shorts set.<\/p>\n<p>Sewn in Poland in a local sewing room.<br \/>\nThe model is 176 cm tall.<\/p>\n<p>Also check out our bestselling\u00a0<a href=\"https:\/\/saintbody.com\/en\/kategoria\/sukienki\/\">dresses<\/a> !<br \/>\nVisit us at <a href=\"https:\/\/www.instagram.com\/saintbodyofficial\/\">instagram<\/a>.<\/p>","protected":false},"excerpt":{"rendered":"<p>Damska koszula oversize na lato wykonana z lnu. Przewiewny materia\u0142 z delikatnym po\u0142yskiem. Wyko\u0144czona ma\u0142ymi guzikami w kolorze chabrowym. Lekki fason i naturalny materia\u0142 sprawi\u0105, \u017ce b\u0119dzie to nieod\u0142\u0105czny element Twoich letnich stylizacji. \u015awietnie sprawdzi si\u0119 w stylizacji z jeansami lub szortami z komplecie. Szyta w Polsce w lokalnej szwalni. Modelka ma 176 cm wzrostu. [&hellip;]<\/p>","protected":false},"featured_media":53663,"template":"","meta":[],"product_brand":[],"product_cat":[20,37],"product_tag":[38],"class_list":{"0":"post-377","1":"product","2":"type-product","3":"status-publish","4":"has-post-thumbnail","6":"product_cat-wszystko","7":"product_cat-topy","8":"product_tag-topy","10":"first","11":"outofstock","12":"taxable","13":"shipping-taxable","14":"purchasable","15":"product-type-variable"},"yoast_head":"<!-- This site is optimized with the Yoast SEO plugin v27.0 - https:\/\/yoast.com\/product\/yoast-seo-wordpress\/ -->\n<title>Damska koszula lniana - Lniana koszula oversize habrowa<\/title>\n<meta name=\"description\" content=\"Damska koszula lniana na lato wykonana z materia\u0142u o delikatnym splocie i niezwykle mi\u0119kkim wyko\u0144czeniu. Letnia koszula oversize.\" \/>\n<meta name=\"robots\" content=\"index, follow, max-snippet:-1, max-image-preview:large, max-video-preview:-1\" \/>\n<link rel=\"canonical\" href=\"https:\/\/saintbody.com\/en\/lniana-koszula-oversize-habrowa\/\" \/>\n<meta property=\"og:locale\" content=\"en_US\" \/>\n<meta property=\"og:type\" content=\"article\" \/>\n<meta property=\"og:title\" content=\"Damska koszula lniana - Lniana koszula oversize habrowa\" \/>\n<meta property=\"og:description\" content=\"Damska koszula lniana na lato wykonana z materia\u0142u o delikatnym splocie i niezwykle mi\u0119kkim wyko\u0144czeniu. Letnia koszula oversize.\" \/>\n<meta property=\"og:url\" content=\"https:\/\/saintbody.com\/en\/lniana-koszula-oversize-habrowa\/\" \/>\n<meta property=\"og:site_name\" content=\"Sklep SAINTBODY\" \/>\n<meta property=\"article:publisher\" content=\"https:\/\/facebook.com\/saintbody\/\" \/>\n<meta property=\"article:modified_time\" content=\"2024-12-05T11:21:42+00:00\" \/>\n<meta property=\"og:image\" content=\"https:\/\/saintbody.com\/wp-content\/uploads\/2024\/02\/Saint-Body-Linen-Shirt-haber-3381.jpg\" \/>\n\t<meta property=\"og:image:width\" content=\"1467\" \/>\n\t<meta property=\"og:image:height\" content=\"2200\" \/>\n\t<meta property=\"og:image:type\" content=\"image\/jpeg\" \/>\n<meta name=\"twitter:card\" content=\"summary_large_image\" \/>\n<meta name=\"twitter:label1\" content=\"Est. reading time\" \/>\n\t<meta name=\"twitter:data1\" content=\"1 minute\" \/>\n<script type=\"application\/ld+json\" class=\"yoast-schema-graph\">{\"@context\":\"https:\/\/schema.org\",\"@graph\":[{\"@type\":\"WebPage\",\"@id\":\"https:\/\/saintbody.com\/lniana-koszula-oversize-habrowa\/\",\"url\":\"https:\/\/saintbody.com\/lniana-koszula-oversize-habrowa\/\",\"name\":\"Damska koszula lniana - Lniana koszula oversize habrowa\",\"isPartOf\":{\"@id\":\"https:\/\/saintbody.com\/#website\"},\"primaryImageOfPage\":{\"@id\":\"https:\/\/saintbody.com\/lniana-koszula-oversize-habrowa\/#primaryimage\"},\"image\":{\"@id\":\"https:\/\/saintbody.com\/lniana-koszula-oversize-habrowa\/#primaryimage\"},\"thumbnailUrl\":\"https:\/\/saintbody.com\/wp-content\/uploads\/2024\/02\/Saint-Body-Linen-Shirt-haber-3381.jpg\",\"datePublished\":\"2024-02-29T08:41:14+00:00\",\"dateModified\":\"2024-12-05T11:21:42+00:00\",\"description\":\"Damska koszula lniana na lato wykonana z materia\u0142u o delikatnym splocie i niezwykle mi\u0119kkim wyko\u0144czeniu. Letnia koszula oversize.\",\"breadcrumb\":{\"@id\":\"https:\/\/saintbody.com\/lniana-koszula-oversize-habrowa\/#breadcrumb\"},\"inLanguage\":\"en-US\",\"potentialAction\":[{\"@type\":\"ReadAction\",\"target\":[\"https:\/\/saintbody.com\/lniana-koszula-oversize-habrowa\/\"]}]},{\"@type\":\"ImageObject\",\"inLanguage\":\"en-US\",\"@id\":\"https:\/\/saintbody.com\/lniana-koszula-oversize-habrowa\/#primaryimage\",\"url\":\"https:\/\/saintbody.com\/wp-content\/uploads\/2024\/02\/Saint-Body-Linen-Shirt-haber-3381.jpg\",\"contentUrl\":\"https:\/\/saintbody.com\/wp-content\/uploads\/2024\/02\/Saint-Body-Linen-Shirt-haber-3381.jpg\",\"width\":1467,\"height\":2200},{\"@type\":\"BreadcrumbList\",\"@id\":\"https:\/\/saintbody.com\/lniana-koszula-oversize-habrowa\/#breadcrumb\",\"itemListElement\":[{\"@type\":\"ListItem\",\"position\":1,\"name\":\"Strona g\u0142\u00f3wna\",\"item\":\"https:\/\/saintbody.com\/\"},{\"@type\":\"ListItem\",\"position\":2,\"name\":\"Sklep\",\"item\":\"https:\/\/saintbody.com\/sklep\/\"},{\"@type\":\"ListItem\",\"position\":3,\"name\":\"Lniana koszula oversize habrowa\"}]},{\"@type\":\"WebSite\",\"@id\":\"https:\/\/saintbody.com\/#website\",\"url\":\"https:\/\/saintbody.com\/\",\"name\":\"Sklep SAINTBODY\",\"description\":\"Premium basic na ka\u00c5\u00bcd\u00c4\u2026 okazje. Ponadczasowe Body, Odzie\u00c5\u00bc damska, Sukienki Damskie\",\"publisher\":{\"@id\":\"https:\/\/saintbody.com\/#organization\"},\"potentialAction\":[{\"@type\":\"SearchAction\",\"target\":{\"@type\":\"EntryPoint\",\"urlTemplate\":\"https:\/\/saintbody.com\/?s={search_term_string}\"},\"query-input\":{\"@type\":\"PropertyValueSpecification\",\"valueRequired\":true,\"valueName\":\"search_term_string\"}}],\"inLanguage\":\"en-US\"},{\"@type\":\"Organization\",\"@id\":\"https:\/\/saintbody.com\/#organization\",\"name\":\"Sklep Saint Body\",\"url\":\"https:\/\/saintbody.com\/\",\"logo\":{\"@type\":\"ImageObject\",\"inLanguage\":\"en-US\",\"@id\":\"https:\/\/saintbody.com\/#\/schema\/logo\/image\/\",\"url\":\"https:\/\/saintbody.com\/wp-content\/uploads\/2023\/04\/SaintBody_Logo_Typografia-e1691418926919.png\",\"contentUrl\":\"https:\/\/saintbody.com\/wp-content\/uploads\/2023\/04\/SaintBody_Logo_Typografia-e1691418926919.png\",\"width\":1000,\"height\":202,\"caption\":\"Sklep Saint Body\"},\"image\":{\"@id\":\"https:\/\/saintbody.com\/#\/schema\/logo\/image\/\"},\"sameAs\":[\"https:\/\/facebook.com\/saintbody\/\"]}]}<\/script>\n<!-- \/ Yoast SEO plugin. -->","yoast_head_json":{"title":"Damska koszula lniana - Lniana koszula oversize habrowa","description":"Damska koszula lniana na lato wykonana z materia\u0142u o delikatnym splocie i niezwykle mi\u0119kkim wyko\u0144czeniu. Letnia koszula oversize.","robots":{"index":"index","follow":"follow","max-snippet":"max-snippet:-1","max-image-preview":"max-image-preview:large","max-video-preview":"max-video-preview:-1"},"canonical":"https:\/\/saintbody.com\/en\/lniana-koszula-oversize-habrowa\/","og_locale":"en_US","og_type":"article","og_title":"Damska koszula lniana - Lniana koszula oversize habrowa","og_description":"Damska koszula lniana na lato wykonana z materia\u0142u o delikatnym splocie i niezwykle mi\u0119kkim wyko\u0144czeniu. Letnia koszula oversize.","og_url":"https:\/\/saintbody.com\/en\/lniana-koszula-oversize-habrowa\/","og_site_name":"Sklep SAINTBODY","article_publisher":"https:\/\/facebook.com\/saintbody\/","article_modified_time":"2024-12-05T11:21:42+00:00","og_image":[{"width":1467,"height":2200,"url":"https:\/\/saintbody.com\/wp-content\/uploads\/2024\/02\/Saint-Body-Linen-Shirt-haber-3381.jpg","type":"image\/jpeg"}],"twitter_card":"summary_large_image","twitter_misc":{"Est. reading time":"1 minute"},"schema":{"@context":"https:\/\/schema.org","@graph":[{"@type":"WebPage","@id":"https:\/\/saintbody.com\/lniana-koszula-oversize-habrowa\/","url":"https:\/\/saintbody.com\/lniana-koszula-oversize-habrowa\/","name":"Damska koszula lniana - Lniana koszula oversize habrowa","isPartOf":{"@id":"https:\/\/saintbody.com\/#website"},"primaryImageOfPage":{"@id":"https:\/\/saintbody.com\/lniana-koszula-oversize-habrowa\/#primaryimage"},"image":{"@id":"https:\/\/saintbody.com\/lniana-koszula-oversize-habrowa\/#primaryimage"},"thumbnailUrl":"https:\/\/saintbody.com\/wp-content\/uploads\/2024\/02\/Saint-Body-Linen-Shirt-haber-3381.jpg","datePublished":"2024-02-29T08:41:14+00:00","dateModified":"2024-12-05T11:21:42+00:00","description":"Damska koszula lniana na lato wykonana z materia\u0142u o delikatnym splocie i niezwykle mi\u0119kkim wyko\u0144czeniu. Letnia koszula oversize.","breadcrumb":{"@id":"https:\/\/saintbody.com\/lniana-koszula-oversize-habrowa\/#breadcrumb"},"inLanguage":"en-US","potentialAction":[{"@type":"ReadAction","target":["https:\/\/saintbody.com\/lniana-koszula-oversize-habrowa\/"]}]},{"@type":"ImageObject","inLanguage":"en-US","@id":"https:\/\/saintbody.com\/lniana-koszula-oversize-habrowa\/#primaryimage","url":"https:\/\/saintbody.com\/wp-content\/uploads\/2024\/02\/Saint-Body-Linen-Shirt-haber-3381.jpg","contentUrl":"https:\/\/saintbody.com\/wp-content\/uploads\/2024\/02\/Saint-Body-Linen-Shirt-haber-3381.jpg","width":1467,"height":2200},{"@type":"BreadcrumbList","@id":"https:\/\/saintbody.com\/lniana-koszula-oversize-habrowa\/#breadcrumb","itemListElement":[{"@type":"ListItem","position":1,"name":"Strona g\u0142\u00f3wna","item":"https:\/\/saintbody.com\/"},{"@type":"ListItem","position":2,"name":"Sklep","item":"https:\/\/saintbody.com\/sklep\/"},{"@type":"ListItem","position":3,"name":"Lniana koszula oversize habrowa"}]},{"@type":"WebSite","@id":"https:\/\/saintbody.com\/#website","url":"https:\/\/saintbody.com\/","name":"Sklep SAINTBODY","description":"Premium basic na ka\u00c5\u00bcd\u00c4\u2026 okazje. Ponadczasowe Body, Odzie\u00c5\u00bc damska, Sukienki Damskie","publisher":{"@id":"https:\/\/saintbody.com\/#organization"},"potentialAction":[{"@type":"SearchAction","target":{"@type":"EntryPoint","urlTemplate":"https:\/\/saintbody.com\/?s={search_term_string}"},"query-input":{"@type":"PropertyValueSpecification","valueRequired":true,"valueName":"search_term_string"}}],"inLanguage":"en-US"},{"@type":"Organization","@id":"https:\/\/saintbody.com\/#organization","name":"Sklep Saint Body","url":"https:\/\/saintbody.com\/","logo":{"@type":"ImageObject","inLanguage":"en-US","@id":"https:\/\/saintbody.com\/#\/schema\/logo\/image\/","url":"https:\/\/saintbody.com\/wp-content\/uploads\/2023\/04\/SaintBody_Logo_Typografia-e1691418926919.png","contentUrl":"https:\/\/saintbody.com\/wp-content\/uploads\/2023\/04\/SaintBody_Logo_Typografia-e1691418926919.png","width":1000,"height":202,"caption":"Sklep Saint Body"},"image":{"@id":"https:\/\/saintbody.com\/#\/schema\/logo\/image\/"},"sameAs":["https:\/\/facebook.com\/saintbody\/"]}]}},"_links":{"self":[{"href":"https:\/\/saintbody.com\/en\/wp-json\/wp\/v2\/product\/377","targetHints":{"allow":["GET"]}}],"collection":[{"href":"https:\/\/saintbody.com\/en\/wp-json\/wp\/v2\/product"}],"about":[{"href":"https:\/\/saintbody.com\/en\/wp-json\/wp\/v2\/types\/product"}],"wp:featuredmedia":[{"embeddable":true,"href":"https:\/\/saintbody.com\/en\/wp-json\/wp\/v2\/media\/53663"}],"wp:attachment":[{"href":"https:\/\/saintbody.com\/en\/wp-json\/wp\/v2\/media?parent=377"}],"wp:term":[{"taxonomy":"product_brand","embeddable":true,"href":"https:\/\/saintbody.com\/en\/wp-json\/wp\/v2\/product_brand?post=377"},{"taxonomy":"product_cat","embeddable":true,"href":"https:\/\/saintbody.com\/en\/wp-json\/wp\/v2\/product_cat?post=377"},{"taxonomy":"product_tag","embeddable":true,"href":"https:\/\/saintbody.com\/en\/wp-json\/wp\/v2\/product_tag?post=377"}],"curies":[{"name":"wp","href":"https:\/\/api.w.org\/{rel}","templated":true}]}}