{"id":338,"date":"2023-03-09T17:37:00","date_gmt":"2023-03-09T16:37:00","guid":{"rendered":"http:\/\/saintbody.com\/?post_type=product&#038;p=338"},"modified":"2026-04-11T13:25:35","modified_gmt":"2026-04-11T11:25:35","slug":"wiazany-crop-top-czarny","status":"publish","type":"product","link":"https:\/\/saintbody.com\/en\/wiazany-crop-top-czarny\/","title":{"rendered":"Tiered Crop Top Black"},"content":{"rendered":"<p>Short black crop top under neck with back cutout and binding for perfect fit and comfort. The summer release of our bestselling Crop Top, designed for lightness and elegance. Double layer of high quality knitwear, seamless finish and elastic threads guarantee exceptional comfort and perfect fit on the figure. The model pairs perfectly with a high-waisted skirt, creating a modern and feminine styling.<\/p>\n<p>The product is sewn in Poland from fabric produced in a Polish knitting mill.<br \/>\nThe model is 174 cm tall and wears size XS.<\/p>\n<p>Also check out our bestselling\u00a0<a href=\"https:\/\/saintbody.com\/en\/kategoria\/spodnie\/\">pants<\/a> !<br \/>\nVisit us at <a href=\"https:\/\/www.instagram.com\/saintbodyofficial\/\">instagram<\/a>.<\/p>","protected":false},"excerpt":{"rendered":"<p>Short black crop top under the neck with a cutout on the back and binding for comfort. Summer release of our bestselling Crop Top product.<\/p>\n<p>Double layer of knitwear, seamless finish, elastic threads ensure high wearing comfort. Matches perfectly with a skirt with a higher waist.<\/p>\n<p>The product is sewn in Poland from fabric produced in a Polish knitting mill.<\/p>\n<p>Composition: 93% viscose, 7% elastane<br \/>\nThe model is 174 cm tall and wears size XS.<\/p>","protected":false},"featured_media":59573,"template":"","meta":[],"product_brand":[],"product_cat":[37,20],"product_tag":[38],"class_list":{"0":"post-338","1":"product","2":"type-product","3":"status-publish","4":"has-post-thumbnail","6":"product_cat-topy","7":"product_cat-wszystko","8":"product_tag-topy","10":"first","11":"instock","12":"taxable","13":"shipping-taxable","14":"purchasable","15":"product-type-variable"},"yoast_head":"<!-- This site is optimized with the Yoast SEO plugin v27.0 - https:\/\/yoast.com\/product\/yoast-seo-wordpress\/ -->\n<title>Czarny crop top z wi\u0105zaniem na plecach - Idealny na wyj\u015bcia<\/title>\n<meta name=\"description\" content=\"Kr\u00f3tki, czarny crop top pod szyj\u0119 z wyci\u0119ciem na plecach i wi\u0105zaniem, kt\u00f3re zapewnia idealne dopasowanie, komfort noszenia i robi wra\u017cenie.\" \/>\n<meta name=\"robots\" content=\"index, follow, max-snippet:-1, max-image-preview:large, max-video-preview:-1\" \/>\n<link rel=\"canonical\" href=\"https:\/\/saintbody.com\/en\/wiazany-crop-top-czarny\/\" \/>\n<meta property=\"og:locale\" content=\"en_US\" \/>\n<meta property=\"og:type\" content=\"article\" \/>\n<meta property=\"og:title\" content=\"Czarny crop top z wi\u0105zaniem na plecach - Idealny na wyj\u015bcia\" \/>\n<meta property=\"og:description\" content=\"Kr\u00f3tki, czarny crop top pod szyj\u0119 z wyci\u0119ciem na plecach i wi\u0105zaniem, kt\u00f3re zapewnia idealne dopasowanie, komfort noszenia i robi wra\u017cenie.\" \/>\n<meta property=\"og:url\" content=\"https:\/\/saintbody.com\/en\/wiazany-crop-top-czarny\/\" \/>\n<meta property=\"og:site_name\" content=\"Sklep SAINTBODY\" \/>\n<meta property=\"article:publisher\" content=\"https:\/\/facebook.com\/saintbody\/\" \/>\n<meta property=\"article:modified_time\" content=\"2026-04-11T11:25:35+00:00\" \/>\n<meta property=\"og:image\" content=\"https:\/\/saintbody.com\/wp-content\/uploads\/2023\/03\/M1A1035-Luci-Studio.jpeg\" \/>\n\t<meta property=\"og:image:width\" content=\"1372\" \/>\n\t<meta property=\"og:image:height\" content=\"2048\" \/>\n\t<meta property=\"og:image:type\" content=\"image\/jpeg\" \/>\n<meta name=\"twitter:card\" content=\"summary_large_image\" \/>\n<meta name=\"twitter:label1\" content=\"Est. reading time\" \/>\n\t<meta name=\"twitter:data1\" content=\"1 minute\" \/>\n<script type=\"application\/ld+json\" class=\"yoast-schema-graph\">{\"@context\":\"https:\/\/schema.org\",\"@graph\":[{\"@type\":\"WebPage\",\"@id\":\"https:\/\/saintbody.com\/wiazany-crop-top-czarny\/\",\"url\":\"https:\/\/saintbody.com\/wiazany-crop-top-czarny\/\",\"name\":\"Czarny crop top z wi\u0105zaniem na plecach - Idealny na wyj\u015bcia\",\"isPartOf\":{\"@id\":\"https:\/\/saintbody.com\/#website\"},\"primaryImageOfPage\":{\"@id\":\"https:\/\/saintbody.com\/wiazany-crop-top-czarny\/#primaryimage\"},\"image\":{\"@id\":\"https:\/\/saintbody.com\/wiazany-crop-top-czarny\/#primaryimage\"},\"thumbnailUrl\":\"https:\/\/saintbody.com\/wp-content\/uploads\/2023\/03\/M1A1035-Luci-Studio.jpeg\",\"datePublished\":\"2023-03-09T16:37:00+00:00\",\"dateModified\":\"2026-04-11T11:25:35+00:00\",\"description\":\"Kr\u00f3tki, czarny crop top pod szyj\u0119 z wyci\u0119ciem na plecach i wi\u0105zaniem, kt\u00f3re zapewnia idealne dopasowanie, komfort noszenia i robi wra\u017cenie.\",\"breadcrumb\":{\"@id\":\"https:\/\/saintbody.com\/wiazany-crop-top-czarny\/#breadcrumb\"},\"inLanguage\":\"en-US\",\"potentialAction\":[{\"@type\":\"ReadAction\",\"target\":[\"https:\/\/saintbody.com\/wiazany-crop-top-czarny\/\"]}]},{\"@type\":\"ImageObject\",\"inLanguage\":\"en-US\",\"@id\":\"https:\/\/saintbody.com\/wiazany-crop-top-czarny\/#primaryimage\",\"url\":\"https:\/\/saintbody.com\/wp-content\/uploads\/2023\/03\/M1A1035-Luci-Studio.jpeg\",\"contentUrl\":\"https:\/\/saintbody.com\/wp-content\/uploads\/2023\/03\/M1A1035-Luci-Studio.jpeg\",\"width\":1372,\"height\":2048},{\"@type\":\"BreadcrumbList\",\"@id\":\"https:\/\/saintbody.com\/wiazany-crop-top-czarny\/#breadcrumb\",\"itemListElement\":[{\"@type\":\"ListItem\",\"position\":1,\"name\":\"Strona g\u0142\u00f3wna\",\"item\":\"https:\/\/saintbody.com\/\"},{\"@type\":\"ListItem\",\"position\":2,\"name\":\"Sklep\",\"item\":\"https:\/\/saintbody.com\/sklep\/\"},{\"@type\":\"ListItem\",\"position\":3,\"name\":\"Wi\u0105zany Crop Top czarny\"}]},{\"@type\":\"WebSite\",\"@id\":\"https:\/\/saintbody.com\/#website\",\"url\":\"https:\/\/saintbody.com\/\",\"name\":\"Sklep SAINTBODY\",\"description\":\"Premium basic na ka\u00c5\u00bcd\u00c4\u2026 okazje. Ponadczasowe Body, Odzie\u00c5\u00bc damska, Sukienki Damskie\",\"publisher\":{\"@id\":\"https:\/\/saintbody.com\/#organization\"},\"potentialAction\":[{\"@type\":\"SearchAction\",\"target\":{\"@type\":\"EntryPoint\",\"urlTemplate\":\"https:\/\/saintbody.com\/?s={search_term_string}\"},\"query-input\":{\"@type\":\"PropertyValueSpecification\",\"valueRequired\":true,\"valueName\":\"search_term_string\"}}],\"inLanguage\":\"en-US\"},{\"@type\":\"Organization\",\"@id\":\"https:\/\/saintbody.com\/#organization\",\"name\":\"Sklep Saint Body\",\"url\":\"https:\/\/saintbody.com\/\",\"logo\":{\"@type\":\"ImageObject\",\"inLanguage\":\"en-US\",\"@id\":\"https:\/\/saintbody.com\/#\/schema\/logo\/image\/\",\"url\":\"https:\/\/saintbody.com\/wp-content\/uploads\/2023\/04\/SaintBody_Logo_Typografia-e1691418926919.png\",\"contentUrl\":\"https:\/\/saintbody.com\/wp-content\/uploads\/2023\/04\/SaintBody_Logo_Typografia-e1691418926919.png\",\"width\":1000,\"height\":202,\"caption\":\"Sklep Saint Body\"},\"image\":{\"@id\":\"https:\/\/saintbody.com\/#\/schema\/logo\/image\/\"},\"sameAs\":[\"https:\/\/facebook.com\/saintbody\/\"]}]}<\/script>\n<!-- \/ Yoast SEO plugin. -->","yoast_head_json":{"title":"Czarny crop top z wi\u0105zaniem na plecach - Idealny na wyj\u015bcia","description":"Kr\u00f3tki, czarny crop top pod szyj\u0119 z wyci\u0119ciem na plecach i wi\u0105zaniem, kt\u00f3re zapewnia idealne dopasowanie, komfort noszenia i robi wra\u017cenie.","robots":{"index":"index","follow":"follow","max-snippet":"max-snippet:-1","max-image-preview":"max-image-preview:large","max-video-preview":"max-video-preview:-1"},"canonical":"https:\/\/saintbody.com\/en\/wiazany-crop-top-czarny\/","og_locale":"en_US","og_type":"article","og_title":"Czarny crop top z wi\u0105zaniem na plecach - Idealny na wyj\u015bcia","og_description":"Kr\u00f3tki, czarny crop top pod szyj\u0119 z wyci\u0119ciem na plecach i wi\u0105zaniem, kt\u00f3re zapewnia idealne dopasowanie, komfort noszenia i robi wra\u017cenie.","og_url":"https:\/\/saintbody.com\/en\/wiazany-crop-top-czarny\/","og_site_name":"Sklep SAINTBODY","article_publisher":"https:\/\/facebook.com\/saintbody\/","article_modified_time":"2026-04-11T11:25:35+00:00","og_image":[{"width":1372,"height":2048,"url":"https:\/\/saintbody.com\/wp-content\/uploads\/2023\/03\/M1A1035-Luci-Studio.jpeg","type":"image\/jpeg"}],"twitter_card":"summary_large_image","twitter_misc":{"Est. reading time":"1 minute"},"schema":{"@context":"https:\/\/schema.org","@graph":[{"@type":"WebPage","@id":"https:\/\/saintbody.com\/wiazany-crop-top-czarny\/","url":"https:\/\/saintbody.com\/wiazany-crop-top-czarny\/","name":"Czarny crop top z wi\u0105zaniem na plecach - Idealny na wyj\u015bcia","isPartOf":{"@id":"https:\/\/saintbody.com\/#website"},"primaryImageOfPage":{"@id":"https:\/\/saintbody.com\/wiazany-crop-top-czarny\/#primaryimage"},"image":{"@id":"https:\/\/saintbody.com\/wiazany-crop-top-czarny\/#primaryimage"},"thumbnailUrl":"https:\/\/saintbody.com\/wp-content\/uploads\/2023\/03\/M1A1035-Luci-Studio.jpeg","datePublished":"2023-03-09T16:37:00+00:00","dateModified":"2026-04-11T11:25:35+00:00","description":"Kr\u00f3tki, czarny crop top pod szyj\u0119 z wyci\u0119ciem na plecach i wi\u0105zaniem, kt\u00f3re zapewnia idealne dopasowanie, komfort noszenia i robi wra\u017cenie.","breadcrumb":{"@id":"https:\/\/saintbody.com\/wiazany-crop-top-czarny\/#breadcrumb"},"inLanguage":"en-US","potentialAction":[{"@type":"ReadAction","target":["https:\/\/saintbody.com\/wiazany-crop-top-czarny\/"]}]},{"@type":"ImageObject","inLanguage":"en-US","@id":"https:\/\/saintbody.com\/wiazany-crop-top-czarny\/#primaryimage","url":"https:\/\/saintbody.com\/wp-content\/uploads\/2023\/03\/M1A1035-Luci-Studio.jpeg","contentUrl":"https:\/\/saintbody.com\/wp-content\/uploads\/2023\/03\/M1A1035-Luci-Studio.jpeg","width":1372,"height":2048},{"@type":"BreadcrumbList","@id":"https:\/\/saintbody.com\/wiazany-crop-top-czarny\/#breadcrumb","itemListElement":[{"@type":"ListItem","position":1,"name":"Strona g\u0142\u00f3wna","item":"https:\/\/saintbody.com\/"},{"@type":"ListItem","position":2,"name":"Sklep","item":"https:\/\/saintbody.com\/sklep\/"},{"@type":"ListItem","position":3,"name":"Wi\u0105zany Crop Top czarny"}]},{"@type":"WebSite","@id":"https:\/\/saintbody.com\/#website","url":"https:\/\/saintbody.com\/","name":"Sklep SAINTBODY","description":"Premium basic na ka\u00c5\u00bcd\u00c4\u2026 okazje. Ponadczasowe Body, Odzie\u00c5\u00bc damska, Sukienki Damskie","publisher":{"@id":"https:\/\/saintbody.com\/#organization"},"potentialAction":[{"@type":"SearchAction","target":{"@type":"EntryPoint","urlTemplate":"https:\/\/saintbody.com\/?s={search_term_string}"},"query-input":{"@type":"PropertyValueSpecification","valueRequired":true,"valueName":"search_term_string"}}],"inLanguage":"en-US"},{"@type":"Organization","@id":"https:\/\/saintbody.com\/#organization","name":"Sklep Saint Body","url":"https:\/\/saintbody.com\/","logo":{"@type":"ImageObject","inLanguage":"en-US","@id":"https:\/\/saintbody.com\/#\/schema\/logo\/image\/","url":"https:\/\/saintbody.com\/wp-content\/uploads\/2023\/04\/SaintBody_Logo_Typografia-e1691418926919.png","contentUrl":"https:\/\/saintbody.com\/wp-content\/uploads\/2023\/04\/SaintBody_Logo_Typografia-e1691418926919.png","width":1000,"height":202,"caption":"Sklep Saint Body"},"image":{"@id":"https:\/\/saintbody.com\/#\/schema\/logo\/image\/"},"sameAs":["https:\/\/facebook.com\/saintbody\/"]}]}},"_links":{"self":[{"href":"https:\/\/saintbody.com\/en\/wp-json\/wp\/v2\/product\/338","targetHints":{"allow":["GET"]}}],"collection":[{"href":"https:\/\/saintbody.com\/en\/wp-json\/wp\/v2\/product"}],"about":[{"href":"https:\/\/saintbody.com\/en\/wp-json\/wp\/v2\/types\/product"}],"wp:featuredmedia":[{"embeddable":true,"href":"https:\/\/saintbody.com\/en\/wp-json\/wp\/v2\/media\/59573"}],"wp:attachment":[{"href":"https:\/\/saintbody.com\/en\/wp-json\/wp\/v2\/media?parent=338"}],"wp:term":[{"taxonomy":"product_brand","embeddable":true,"href":"https:\/\/saintbody.com\/en\/wp-json\/wp\/v2\/product_brand?post=338"},{"taxonomy":"product_cat","embeddable":true,"href":"https:\/\/saintbody.com\/en\/wp-json\/wp\/v2\/product_cat?post=338"},{"taxonomy":"product_tag","embeddable":true,"href":"https:\/\/saintbody.com\/en\/wp-json\/wp\/v2\/product_tag?post=338"}],"curies":[{"name":"wp","href":"https:\/\/api.w.org\/{rel}","templated":true}]}}