{"id":26,"date":"2023-03-09T17:36:28","date_gmt":"2023-03-09T16:36:28","guid":{"rendered":"http:\/\/saintbody.com\/?post_type=product&#038;p=26"},"modified":"2026-04-13T21:26:04","modified_gmt":"2026-04-13T19:26:04","slug":"body-z-glebokim-wycieciem-na-plecach-czarne","status":"publish","type":"product","link":"https:\/\/saintbody.com\/en\/body-z-glebokim-wycieciem-na-plecach-czarne\/","title":{"rendered":"Body with V on the back black"},"content":{"rendered":"<p>Our bestselling black bodysuit with a deep V-cut on the back, perfect for a date. Great for everyday styling with jeans, or in the evening with elegant pants. Double layer of delicate knit fabric ensures comfortable wearing. Fastened with delicate metal springs. Nickel-free.<\/p>\n<p>The product is sewn in Poland from fabric produced in a Polish knitting mill.<br \/>\nThe model is 175 cm tall, wears size S.<\/p>\n<p>Also check out our bestselling\u00a0<a href=\"https:\/\/saintbody.com\/en\/kategoria\/sukienki\/\">dresses<\/a> !<br \/>\nVisit us at <a href=\"https:\/\/www.instagram.com\/saintbodyofficial\/\">instagram<\/a>.<\/p>","protected":false},"excerpt":{"rendered":"<p>Our bestselling black bodysuit with a deep V-cut on the back, perfect for a date. Great for everyday styling with jeans, or in the evening with elegant pants. Double layer of delicate knit fabric ensures comfortable wearing. Fastened with delicate metal springs. Nickel free. Product sewn in Poland from material produced in a Polish knitting mill. The model is 175 cm tall, wears [...].<\/p>","protected":false},"featured_media":47488,"template":"","meta":[],"product_brand":[],"product_cat":[20,25,21],"product_tag":[23],"class_list":{"0":"post-26","1":"product","2":"type-product","3":"status-publish","4":"has-post-thumbnail","6":"product_cat-wszystko","7":"product_cat-bestsellers","8":"product_cat-body-damskie","9":"product_tag-body","11":"first","12":"instock","13":"taxable","14":"shipping-taxable","15":"purchasable","16":"product-type-variable","17":"has-default-attributes"},"yoast_head":"<!-- This site is optimized with the Yoast SEO plugin v27.0 - https:\/\/yoast.com\/product\/yoast-seo-wordpress\/ -->\n<title>Body z g\u0142\u0119bokim wyci\u0119ciem na plecach czarne - Saintbody<\/title>\n<meta name=\"description\" content=\"Nasze bestsellerowe czarne body z g\u0142\u0119bokim wyci\u0119ciem V na plecach, idealne na randk\u0119. Body seksownie eksponuje plecy. Saintbody\" \/>\n<meta name=\"robots\" content=\"index, follow, max-snippet:-1, max-image-preview:large, max-video-preview:-1\" \/>\n<link rel=\"canonical\" href=\"https:\/\/saintbody.com\/en\/body-z-glebokim-wycieciem-na-plecach-czarne\/\" \/>\n<meta property=\"og:locale\" content=\"en_US\" \/>\n<meta property=\"og:type\" content=\"article\" \/>\n<meta property=\"og:title\" content=\"Body z g\u0142\u0119bokim wyci\u0119ciem na plecach czarne - Saintbody\" \/>\n<meta property=\"og:description\" content=\"Nasze bestsellerowe czarne body z g\u0142\u0119bokim wyci\u0119ciem V na plecach, idealne na randk\u0119. Body seksownie eksponuje plecy. Saintbody\" \/>\n<meta property=\"og:url\" content=\"https:\/\/saintbody.com\/en\/body-z-glebokim-wycieciem-na-plecach-czarne\/\" \/>\n<meta property=\"og:site_name\" content=\"Sklep SAINTBODY\" \/>\n<meta property=\"article:publisher\" content=\"https:\/\/facebook.com\/saintbody\/\" \/>\n<meta property=\"article:modified_time\" content=\"2026-04-13T19:26:04+00:00\" \/>\n<meta property=\"og:image\" content=\"http:\/\/saintbody.com\/wp-content\/uploads\/2023\/03\/Sesja-bez-nazwy1441.jpg\" \/>\n\t<meta property=\"og:image:width\" content=\"1001\" \/>\n\t<meta property=\"og:image:height\" content=\"1500\" \/>\n\t<meta property=\"og:image:type\" content=\"image\/jpeg\" \/>\n<meta name=\"twitter:card\" content=\"summary_large_image\" \/>\n<meta name=\"twitter:label1\" content=\"Est. reading time\" \/>\n\t<meta name=\"twitter:data1\" content=\"1 minute\" \/>\n<script type=\"application\/ld+json\" class=\"yoast-schema-graph\">{\"@context\":\"https:\/\/schema.org\",\"@graph\":[{\"@type\":\"WebPage\",\"@id\":\"https:\/\/saintbody.com\/body-z-glebokim-wycieciem-na-plecach-czarne\/\",\"url\":\"https:\/\/saintbody.com\/body-z-glebokim-wycieciem-na-plecach-czarne\/\",\"name\":\"Body z g\u0142\u0119bokim wyci\u0119ciem na plecach czarne - Saintbody\",\"isPartOf\":{\"@id\":\"https:\/\/saintbody.com\/#website\"},\"primaryImageOfPage\":{\"@id\":\"https:\/\/saintbody.com\/body-z-glebokim-wycieciem-na-plecach-czarne\/#primaryimage\"},\"image\":{\"@id\":\"https:\/\/saintbody.com\/body-z-glebokim-wycieciem-na-plecach-czarne\/#primaryimage\"},\"thumbnailUrl\":\"https:\/\/saintbody.com\/wp-content\/uploads\/2023\/03\/Sesja-bez-nazwy1441.jpg\",\"datePublished\":\"2023-03-09T16:36:28+00:00\",\"dateModified\":\"2026-04-13T19:26:04+00:00\",\"description\":\"Nasze bestsellerowe czarne body z g\u0142\u0119bokim wyci\u0119ciem V na plecach, idealne na randk\u0119. Body seksownie eksponuje plecy. Saintbody\",\"breadcrumb\":{\"@id\":\"https:\/\/saintbody.com\/body-z-glebokim-wycieciem-na-plecach-czarne\/#breadcrumb\"},\"inLanguage\":\"en-US\",\"potentialAction\":[{\"@type\":\"ReadAction\",\"target\":[\"https:\/\/saintbody.com\/body-z-glebokim-wycieciem-na-plecach-czarne\/\"]}]},{\"@type\":\"ImageObject\",\"inLanguage\":\"en-US\",\"@id\":\"https:\/\/saintbody.com\/body-z-glebokim-wycieciem-na-plecach-czarne\/#primaryimage\",\"url\":\"https:\/\/saintbody.com\/wp-content\/uploads\/2023\/03\/Sesja-bez-nazwy1441.jpg\",\"contentUrl\":\"https:\/\/saintbody.com\/wp-content\/uploads\/2023\/03\/Sesja-bez-nazwy1441.jpg\",\"width\":1001,\"height\":1500,\"caption\":\"Body z g\u0142\u0119bokim wyci\u0119ciem na plecach czarne\"},{\"@type\":\"BreadcrumbList\",\"@id\":\"https:\/\/saintbody.com\/body-z-glebokim-wycieciem-na-plecach-czarne\/#breadcrumb\",\"itemListElement\":[{\"@type\":\"ListItem\",\"position\":1,\"name\":\"Strona g\u0142\u00f3wna\",\"item\":\"https:\/\/saintbody.com\/\"},{\"@type\":\"ListItem\",\"position\":2,\"name\":\"Sklep\",\"item\":\"https:\/\/saintbody.com\/sklep\/\"},{\"@type\":\"ListItem\",\"position\":3,\"name\":\"Body z V na plecach czarne\"}]},{\"@type\":\"WebSite\",\"@id\":\"https:\/\/saintbody.com\/#website\",\"url\":\"https:\/\/saintbody.com\/\",\"name\":\"Sklep SAINTBODY\",\"description\":\"Premium basic na ka\u00c5\u00bcd\u00c4\u2026 okazje. Ponadczasowe Body, Odzie\u00c5\u00bc damska, Sukienki Damskie\",\"publisher\":{\"@id\":\"https:\/\/saintbody.com\/#organization\"},\"potentialAction\":[{\"@type\":\"SearchAction\",\"target\":{\"@type\":\"EntryPoint\",\"urlTemplate\":\"https:\/\/saintbody.com\/?s={search_term_string}\"},\"query-input\":{\"@type\":\"PropertyValueSpecification\",\"valueRequired\":true,\"valueName\":\"search_term_string\"}}],\"inLanguage\":\"en-US\"},{\"@type\":\"Organization\",\"@id\":\"https:\/\/saintbody.com\/#organization\",\"name\":\"Sklep Saint Body\",\"url\":\"https:\/\/saintbody.com\/\",\"logo\":{\"@type\":\"ImageObject\",\"inLanguage\":\"en-US\",\"@id\":\"https:\/\/saintbody.com\/#\/schema\/logo\/image\/\",\"url\":\"https:\/\/saintbody.com\/wp-content\/uploads\/2023\/04\/SaintBody_Logo_Typografia-e1691418926919.png\",\"contentUrl\":\"https:\/\/saintbody.com\/wp-content\/uploads\/2023\/04\/SaintBody_Logo_Typografia-e1691418926919.png\",\"width\":1000,\"height\":202,\"caption\":\"Sklep Saint Body\"},\"image\":{\"@id\":\"https:\/\/saintbody.com\/#\/schema\/logo\/image\/\"},\"sameAs\":[\"https:\/\/facebook.com\/saintbody\/\"]}]}<\/script>\n<!-- \/ Yoast SEO plugin. -->","yoast_head_json":{"title":"Body z g\u0142\u0119bokim wyci\u0119ciem na plecach czarne - Saintbody","description":"Nasze bestsellerowe czarne body z g\u0142\u0119bokim wyci\u0119ciem V na plecach, idealne na randk\u0119. Body seksownie eksponuje plecy. Saintbody","robots":{"index":"index","follow":"follow","max-snippet":"max-snippet:-1","max-image-preview":"max-image-preview:large","max-video-preview":"max-video-preview:-1"},"canonical":"https:\/\/saintbody.com\/en\/body-z-glebokim-wycieciem-na-plecach-czarne\/","og_locale":"en_US","og_type":"article","og_title":"Body z g\u0142\u0119bokim wyci\u0119ciem na plecach czarne - Saintbody","og_description":"Nasze bestsellerowe czarne body z g\u0142\u0119bokim wyci\u0119ciem V na plecach, idealne na randk\u0119. Body seksownie eksponuje plecy. Saintbody","og_url":"https:\/\/saintbody.com\/en\/body-z-glebokim-wycieciem-na-plecach-czarne\/","og_site_name":"Sklep SAINTBODY","article_publisher":"https:\/\/facebook.com\/saintbody\/","article_modified_time":"2026-04-13T19:26:04+00:00","og_image":[{"width":1001,"height":1500,"url":"http:\/\/saintbody.com\/wp-content\/uploads\/2023\/03\/Sesja-bez-nazwy1441.jpg","type":"image\/jpeg"}],"twitter_card":"summary_large_image","twitter_misc":{"Est. reading time":"1 minute"},"schema":{"@context":"https:\/\/schema.org","@graph":[{"@type":"WebPage","@id":"https:\/\/saintbody.com\/body-z-glebokim-wycieciem-na-plecach-czarne\/","url":"https:\/\/saintbody.com\/body-z-glebokim-wycieciem-na-plecach-czarne\/","name":"Body z g\u0142\u0119bokim wyci\u0119ciem na plecach czarne - Saintbody","isPartOf":{"@id":"https:\/\/saintbody.com\/#website"},"primaryImageOfPage":{"@id":"https:\/\/saintbody.com\/body-z-glebokim-wycieciem-na-plecach-czarne\/#primaryimage"},"image":{"@id":"https:\/\/saintbody.com\/body-z-glebokim-wycieciem-na-plecach-czarne\/#primaryimage"},"thumbnailUrl":"https:\/\/saintbody.com\/wp-content\/uploads\/2023\/03\/Sesja-bez-nazwy1441.jpg","datePublished":"2023-03-09T16:36:28+00:00","dateModified":"2026-04-13T19:26:04+00:00","description":"Nasze bestsellerowe czarne body z g\u0142\u0119bokim wyci\u0119ciem V na plecach, idealne na randk\u0119. Body seksownie eksponuje plecy. Saintbody","breadcrumb":{"@id":"https:\/\/saintbody.com\/body-z-glebokim-wycieciem-na-plecach-czarne\/#breadcrumb"},"inLanguage":"en-US","potentialAction":[{"@type":"ReadAction","target":["https:\/\/saintbody.com\/body-z-glebokim-wycieciem-na-plecach-czarne\/"]}]},{"@type":"ImageObject","inLanguage":"en-US","@id":"https:\/\/saintbody.com\/body-z-glebokim-wycieciem-na-plecach-czarne\/#primaryimage","url":"https:\/\/saintbody.com\/wp-content\/uploads\/2023\/03\/Sesja-bez-nazwy1441.jpg","contentUrl":"https:\/\/saintbody.com\/wp-content\/uploads\/2023\/03\/Sesja-bez-nazwy1441.jpg","width":1001,"height":1500,"caption":"Body z g\u0142\u0119bokim wyci\u0119ciem na plecach czarne"},{"@type":"BreadcrumbList","@id":"https:\/\/saintbody.com\/body-z-glebokim-wycieciem-na-plecach-czarne\/#breadcrumb","itemListElement":[{"@type":"ListItem","position":1,"name":"Strona g\u0142\u00f3wna","item":"https:\/\/saintbody.com\/"},{"@type":"ListItem","position":2,"name":"Sklep","item":"https:\/\/saintbody.com\/sklep\/"},{"@type":"ListItem","position":3,"name":"Body z V na plecach czarne"}]},{"@type":"WebSite","@id":"https:\/\/saintbody.com\/#website","url":"https:\/\/saintbody.com\/","name":"Sklep SAINTBODY","description":"Premium basic na ka\u00c5\u00bcd\u00c4\u2026 okazje. Ponadczasowe Body, Odzie\u00c5\u00bc damska, Sukienki Damskie","publisher":{"@id":"https:\/\/saintbody.com\/#organization"},"potentialAction":[{"@type":"SearchAction","target":{"@type":"EntryPoint","urlTemplate":"https:\/\/saintbody.com\/?s={search_term_string}"},"query-input":{"@type":"PropertyValueSpecification","valueRequired":true,"valueName":"search_term_string"}}],"inLanguage":"en-US"},{"@type":"Organization","@id":"https:\/\/saintbody.com\/#organization","name":"Sklep Saint Body","url":"https:\/\/saintbody.com\/","logo":{"@type":"ImageObject","inLanguage":"en-US","@id":"https:\/\/saintbody.com\/#\/schema\/logo\/image\/","url":"https:\/\/saintbody.com\/wp-content\/uploads\/2023\/04\/SaintBody_Logo_Typografia-e1691418926919.png","contentUrl":"https:\/\/saintbody.com\/wp-content\/uploads\/2023\/04\/SaintBody_Logo_Typografia-e1691418926919.png","width":1000,"height":202,"caption":"Sklep Saint Body"},"image":{"@id":"https:\/\/saintbody.com\/#\/schema\/logo\/image\/"},"sameAs":["https:\/\/facebook.com\/saintbody\/"]}]}},"_links":{"self":[{"href":"https:\/\/saintbody.com\/en\/wp-json\/wp\/v2\/product\/26","targetHints":{"allow":["GET"]}}],"collection":[{"href":"https:\/\/saintbody.com\/en\/wp-json\/wp\/v2\/product"}],"about":[{"href":"https:\/\/saintbody.com\/en\/wp-json\/wp\/v2\/types\/product"}],"wp:featuredmedia":[{"embeddable":true,"href":"https:\/\/saintbody.com\/en\/wp-json\/wp\/v2\/media\/47488"}],"wp:attachment":[{"href":"https:\/\/saintbody.com\/en\/wp-json\/wp\/v2\/media?parent=26"}],"wp:term":[{"taxonomy":"product_brand","embeddable":true,"href":"https:\/\/saintbody.com\/en\/wp-json\/wp\/v2\/product_brand?post=26"},{"taxonomy":"product_cat","embeddable":true,"href":"https:\/\/saintbody.com\/en\/wp-json\/wp\/v2\/product_cat?post=26"},{"taxonomy":"product_tag","embeddable":true,"href":"https:\/\/saintbody.com\/en\/wp-json\/wp\/v2\/product_tag?post=26"}],"curies":[{"name":"wp","href":"https:\/\/api.w.org\/{rel}","templated":true}]}}