{"id":25982,"date":"2023-03-22T10:00:30","date_gmt":"2023-03-22T09:00:30","guid":{"rendered":"https:\/\/saintbody.com\/?post_type=product&#038;p=25982"},"modified":"2026-04-10T21:25:25","modified_gmt":"2026-04-10T19:25:25","slug":"body-z-kwadratowym-dekoltem-ecru","status":"publish","type":"product","link":"https:\/\/saintbody.com\/en\/body-z-kwadratowym-dekoltem-ecru\/","title":{"rendered":"Body with square neckline ecru"},"content":{"rendered":"<p>Elegant bodysuit with a wide square neckline and short sleeves. Ideal for everyday styling with jeans, or in the evening with elegant pants. Made of viscose with lycra. Triple layer of fabric, seamless finish, elastic threads ensure comfortable wearing. Fastened with delicate springs. Nickel-free.<\/p>\n<p>The product is sewn in Poland from fabric produced in a Polish knitting mill.<br \/>\nThe model is 178 cm tall, wears size S.<\/p>","protected":false},"excerpt":{"rendered":"<p>Elegant bodysuit with a wide square neckline and short sleeves. Ideal for everyday styling with jeans, or in the evening with elegant pants. Made of viscose with lycra. Triple layer of fabric, seamless finish, elastic threads ensure comfortable wearing. Fastened with delicate springs. Nickel free. Product sewn in Poland from fabric produced in a Polish knitting mill. Model [...]<\/p>","protected":false},"featured_media":59720,"template":"","meta":[],"product_brand":[],"product_cat":[20,21],"product_tag":[23],"class_list":{"0":"post-25982","1":"product","2":"type-product","3":"status-publish","4":"has-post-thumbnail","6":"product_cat-wszystko","7":"product_cat-body-damskie","8":"product_tag-body","10":"first","11":"instock","12":"taxable","13":"shipping-taxable","14":"purchasable","15":"product-type-variable","16":"has-default-attributes"},"yoast_head":"<!-- This site is optimized with the Yoast SEO plugin v27.0 - https:\/\/yoast.com\/product\/yoast-seo-wordpress\/ -->\n<title>Body z kwadratowym dekoltem - Sklep SAINTBODY<\/title>\n<meta name=\"description\" content=\"Body z kwadratowym dekoltem i kr\u00f3tkim r\u0119kawem. Pi\u0119knie eksponuje dekolt. Szyte ze sweterkowej dzianiny. Idealne do codziennej stylizacji.\" \/>\n<meta name=\"robots\" content=\"index, follow, max-snippet:-1, max-image-preview:large, max-video-preview:-1\" \/>\n<link rel=\"canonical\" href=\"https:\/\/saintbody.com\/en\/body-z-kwadratowym-dekoltem-ecru\/\" \/>\n<meta property=\"og:locale\" content=\"en_US\" \/>\n<meta property=\"og:type\" content=\"article\" \/>\n<meta property=\"og:title\" content=\"Body z kwadratowym dekoltem - Sklep SAINTBODY\" \/>\n<meta property=\"og:description\" content=\"Body z kwadratowym dekoltem i kr\u00f3tkim r\u0119kawem. Pi\u0119knie eksponuje dekolt. Szyte ze sweterkowej dzianiny. Idealne do codziennej stylizacji.\" \/>\n<meta property=\"og:url\" content=\"https:\/\/saintbody.com\/en\/body-z-kwadratowym-dekoltem-ecru\/\" \/>\n<meta property=\"og:site_name\" content=\"Sklep SAINTBODY\" \/>\n<meta property=\"article:publisher\" content=\"https:\/\/facebook.com\/saintbody\/\" \/>\n<meta property=\"article:modified_time\" content=\"2026-04-10T19:25:25+00:00\" \/>\n<meta property=\"og:image\" content=\"https:\/\/saintbody.com\/wp-content\/uploads\/2023\/03\/349-Luci-Studio.jpeg\" \/>\n\t<meta property=\"og:image:width\" content=\"1357\" \/>\n\t<meta property=\"og:image:height\" content=\"2048\" \/>\n\t<meta property=\"og:image:type\" content=\"image\/jpeg\" \/>\n<meta name=\"twitter:card\" content=\"summary_large_image\" \/>\n<meta name=\"twitter:label1\" content=\"Est. reading time\" \/>\n\t<meta name=\"twitter:data1\" content=\"1 minute\" \/>\n<script type=\"application\/ld+json\" class=\"yoast-schema-graph\">{\"@context\":\"https:\/\/schema.org\",\"@graph\":[{\"@type\":\"WebPage\",\"@id\":\"https:\/\/saintbody.com\/body-z-kwadratowym-dekoltem-ecru\/\",\"url\":\"https:\/\/saintbody.com\/body-z-kwadratowym-dekoltem-ecru\/\",\"name\":\"Body z kwadratowym dekoltem - Sklep SAINTBODY\",\"isPartOf\":{\"@id\":\"https:\/\/saintbody.com\/#website\"},\"primaryImageOfPage\":{\"@id\":\"https:\/\/saintbody.com\/body-z-kwadratowym-dekoltem-ecru\/#primaryimage\"},\"image\":{\"@id\":\"https:\/\/saintbody.com\/body-z-kwadratowym-dekoltem-ecru\/#primaryimage\"},\"thumbnailUrl\":\"https:\/\/saintbody.com\/wp-content\/uploads\/2023\/03\/349-Luci-Studio.jpeg\",\"datePublished\":\"2023-03-22T09:00:30+00:00\",\"dateModified\":\"2026-04-10T19:25:25+00:00\",\"description\":\"Body z kwadratowym dekoltem i kr\u00f3tkim r\u0119kawem. Pi\u0119knie eksponuje dekolt. Szyte ze sweterkowej dzianiny. Idealne do codziennej stylizacji.\",\"breadcrumb\":{\"@id\":\"https:\/\/saintbody.com\/body-z-kwadratowym-dekoltem-ecru\/#breadcrumb\"},\"inLanguage\":\"en-US\",\"potentialAction\":[{\"@type\":\"ReadAction\",\"target\":[\"https:\/\/saintbody.com\/body-z-kwadratowym-dekoltem-ecru\/\"]}]},{\"@type\":\"ImageObject\",\"inLanguage\":\"en-US\",\"@id\":\"https:\/\/saintbody.com\/body-z-kwadratowym-dekoltem-ecru\/#primaryimage\",\"url\":\"https:\/\/saintbody.com\/wp-content\/uploads\/2023\/03\/349-Luci-Studio.jpeg\",\"contentUrl\":\"https:\/\/saintbody.com\/wp-content\/uploads\/2023\/03\/349-Luci-Studio.jpeg\",\"width\":1357,\"height\":2048},{\"@type\":\"BreadcrumbList\",\"@id\":\"https:\/\/saintbody.com\/body-z-kwadratowym-dekoltem-ecru\/#breadcrumb\",\"itemListElement\":[{\"@type\":\"ListItem\",\"position\":1,\"name\":\"Strona g\u0142\u00f3wna\",\"item\":\"https:\/\/saintbody.com\/\"},{\"@type\":\"ListItem\",\"position\":2,\"name\":\"Sklep\",\"item\":\"https:\/\/saintbody.com\/sklep\/\"},{\"@type\":\"ListItem\",\"position\":3,\"name\":\"Body z kwadratowym dekoltem ecru\"}]},{\"@type\":\"WebSite\",\"@id\":\"https:\/\/saintbody.com\/#website\",\"url\":\"https:\/\/saintbody.com\/\",\"name\":\"Sklep SAINTBODY\",\"description\":\"Premium basic na ka\u00c5\u00bcd\u00c4\u2026 okazje. Ponadczasowe Body, Odzie\u00c5\u00bc damska, Sukienki Damskie\",\"publisher\":{\"@id\":\"https:\/\/saintbody.com\/#organization\"},\"potentialAction\":[{\"@type\":\"SearchAction\",\"target\":{\"@type\":\"EntryPoint\",\"urlTemplate\":\"https:\/\/saintbody.com\/?s={search_term_string}\"},\"query-input\":{\"@type\":\"PropertyValueSpecification\",\"valueRequired\":true,\"valueName\":\"search_term_string\"}}],\"inLanguage\":\"en-US\"},{\"@type\":\"Organization\",\"@id\":\"https:\/\/saintbody.com\/#organization\",\"name\":\"Sklep Saint Body\",\"url\":\"https:\/\/saintbody.com\/\",\"logo\":{\"@type\":\"ImageObject\",\"inLanguage\":\"en-US\",\"@id\":\"https:\/\/saintbody.com\/#\/schema\/logo\/image\/\",\"url\":\"https:\/\/saintbody.com\/wp-content\/uploads\/2023\/04\/SaintBody_Logo_Typografia-e1691418926919.png\",\"contentUrl\":\"https:\/\/saintbody.com\/wp-content\/uploads\/2023\/04\/SaintBody_Logo_Typografia-e1691418926919.png\",\"width\":1000,\"height\":202,\"caption\":\"Sklep Saint Body\"},\"image\":{\"@id\":\"https:\/\/saintbody.com\/#\/schema\/logo\/image\/\"},\"sameAs\":[\"https:\/\/facebook.com\/saintbody\/\"]}]}<\/script>\n<!-- \/ Yoast SEO plugin. -->","yoast_head_json":{"title":"Body z kwadratowym dekoltem - Sklep SAINTBODY","description":"Body z kwadratowym dekoltem i kr\u00f3tkim r\u0119kawem. Pi\u0119knie eksponuje dekolt. Szyte ze sweterkowej dzianiny. Idealne do codziennej stylizacji.","robots":{"index":"index","follow":"follow","max-snippet":"max-snippet:-1","max-image-preview":"max-image-preview:large","max-video-preview":"max-video-preview:-1"},"canonical":"https:\/\/saintbody.com\/en\/body-z-kwadratowym-dekoltem-ecru\/","og_locale":"en_US","og_type":"article","og_title":"Body z kwadratowym dekoltem - Sklep SAINTBODY","og_description":"Body z kwadratowym dekoltem i kr\u00f3tkim r\u0119kawem. Pi\u0119knie eksponuje dekolt. Szyte ze sweterkowej dzianiny. Idealne do codziennej stylizacji.","og_url":"https:\/\/saintbody.com\/en\/body-z-kwadratowym-dekoltem-ecru\/","og_site_name":"Sklep SAINTBODY","article_publisher":"https:\/\/facebook.com\/saintbody\/","article_modified_time":"2026-04-10T19:25:25+00:00","og_image":[{"width":1357,"height":2048,"url":"https:\/\/saintbody.com\/wp-content\/uploads\/2023\/03\/349-Luci-Studio.jpeg","type":"image\/jpeg"}],"twitter_card":"summary_large_image","twitter_misc":{"Est. reading time":"1 minute"},"schema":{"@context":"https:\/\/schema.org","@graph":[{"@type":"WebPage","@id":"https:\/\/saintbody.com\/body-z-kwadratowym-dekoltem-ecru\/","url":"https:\/\/saintbody.com\/body-z-kwadratowym-dekoltem-ecru\/","name":"Body z kwadratowym dekoltem - Sklep SAINTBODY","isPartOf":{"@id":"https:\/\/saintbody.com\/#website"},"primaryImageOfPage":{"@id":"https:\/\/saintbody.com\/body-z-kwadratowym-dekoltem-ecru\/#primaryimage"},"image":{"@id":"https:\/\/saintbody.com\/body-z-kwadratowym-dekoltem-ecru\/#primaryimage"},"thumbnailUrl":"https:\/\/saintbody.com\/wp-content\/uploads\/2023\/03\/349-Luci-Studio.jpeg","datePublished":"2023-03-22T09:00:30+00:00","dateModified":"2026-04-10T19:25:25+00:00","description":"Body z kwadratowym dekoltem i kr\u00f3tkim r\u0119kawem. Pi\u0119knie eksponuje dekolt. Szyte ze sweterkowej dzianiny. Idealne do codziennej stylizacji.","breadcrumb":{"@id":"https:\/\/saintbody.com\/body-z-kwadratowym-dekoltem-ecru\/#breadcrumb"},"inLanguage":"en-US","potentialAction":[{"@type":"ReadAction","target":["https:\/\/saintbody.com\/body-z-kwadratowym-dekoltem-ecru\/"]}]},{"@type":"ImageObject","inLanguage":"en-US","@id":"https:\/\/saintbody.com\/body-z-kwadratowym-dekoltem-ecru\/#primaryimage","url":"https:\/\/saintbody.com\/wp-content\/uploads\/2023\/03\/349-Luci-Studio.jpeg","contentUrl":"https:\/\/saintbody.com\/wp-content\/uploads\/2023\/03\/349-Luci-Studio.jpeg","width":1357,"height":2048},{"@type":"BreadcrumbList","@id":"https:\/\/saintbody.com\/body-z-kwadratowym-dekoltem-ecru\/#breadcrumb","itemListElement":[{"@type":"ListItem","position":1,"name":"Strona g\u0142\u00f3wna","item":"https:\/\/saintbody.com\/"},{"@type":"ListItem","position":2,"name":"Sklep","item":"https:\/\/saintbody.com\/sklep\/"},{"@type":"ListItem","position":3,"name":"Body z kwadratowym dekoltem ecru"}]},{"@type":"WebSite","@id":"https:\/\/saintbody.com\/#website","url":"https:\/\/saintbody.com\/","name":"Sklep SAINTBODY","description":"Premium basic na ka\u00c5\u00bcd\u00c4\u2026 okazje. Ponadczasowe Body, Odzie\u00c5\u00bc damska, Sukienki Damskie","publisher":{"@id":"https:\/\/saintbody.com\/#organization"},"potentialAction":[{"@type":"SearchAction","target":{"@type":"EntryPoint","urlTemplate":"https:\/\/saintbody.com\/?s={search_term_string}"},"query-input":{"@type":"PropertyValueSpecification","valueRequired":true,"valueName":"search_term_string"}}],"inLanguage":"en-US"},{"@type":"Organization","@id":"https:\/\/saintbody.com\/#organization","name":"Sklep Saint Body","url":"https:\/\/saintbody.com\/","logo":{"@type":"ImageObject","inLanguage":"en-US","@id":"https:\/\/saintbody.com\/#\/schema\/logo\/image\/","url":"https:\/\/saintbody.com\/wp-content\/uploads\/2023\/04\/SaintBody_Logo_Typografia-e1691418926919.png","contentUrl":"https:\/\/saintbody.com\/wp-content\/uploads\/2023\/04\/SaintBody_Logo_Typografia-e1691418926919.png","width":1000,"height":202,"caption":"Sklep Saint Body"},"image":{"@id":"https:\/\/saintbody.com\/#\/schema\/logo\/image\/"},"sameAs":["https:\/\/facebook.com\/saintbody\/"]}]}},"_links":{"self":[{"href":"https:\/\/saintbody.com\/en\/wp-json\/wp\/v2\/product\/25982","targetHints":{"allow":["GET"]}}],"collection":[{"href":"https:\/\/saintbody.com\/en\/wp-json\/wp\/v2\/product"}],"about":[{"href":"https:\/\/saintbody.com\/en\/wp-json\/wp\/v2\/types\/product"}],"wp:featuredmedia":[{"embeddable":true,"href":"https:\/\/saintbody.com\/en\/wp-json\/wp\/v2\/media\/59720"}],"wp:attachment":[{"href":"https:\/\/saintbody.com\/en\/wp-json\/wp\/v2\/media?parent=25982"}],"wp:term":[{"taxonomy":"product_brand","embeddable":true,"href":"https:\/\/saintbody.com\/en\/wp-json\/wp\/v2\/product_brand?post=25982"},{"taxonomy":"product_cat","embeddable":true,"href":"https:\/\/saintbody.com\/en\/wp-json\/wp\/v2\/product_cat?post=25982"},{"taxonomy":"product_tag","embeddable":true,"href":"https:\/\/saintbody.com\/en\/wp-json\/wp\/v2\/product_tag?post=25982"}],"curies":[{"name":"wp","href":"https:\/\/api.w.org\/{rel}","templated":true}]}}