{"id":25851,"date":"2023-03-21T19:20:08","date_gmt":"2023-03-21T18:20:08","guid":{"rendered":"https:\/\/saintbody.com\/?post_type=product&#038;p=25851"},"modified":"2026-04-28T22:30:58","modified_gmt":"2026-04-28T20:30:58","slug":"crop-top-z-dzianiny-bezowy","status":"publish","type":"product","link":"https:\/\/saintbody.com\/en\/crop-top-z-dzianiny-bezowy\/","title":{"rendered":"Crop Top knit beige"},"content":{"rendered":"<p>Classic crop top in ecru color with round neckline, now in an elongated version. The length has been increased by 2 cm, so that the top reaches the hip line. The timeless, minimalist cut emphasizes the silhouette and ensures the versatility of styling. Double layer of knitwear, seamless finishing and elastic threads guarantee high comfort of wearing. The model goes perfectly with high-waisted pants.<\/p>\n<p>The model is 178 cm tall, wears size S.<br \/>\nThe product is sewn in Poland from fabric produced in a Polish knitting mill.<\/p>\n<p>Also check out our bestselling\u00a0<a href=\"https:\/\/saintbody.com\/en\/kategoria\/sukienki\/\">dresses<\/a> !<br \/>\nVisit us at <a href=\"https:\/\/www.instagram.com\/saintbodyofficial\/\">instagram<\/a>.<\/p>","protected":false},"excerpt":{"rendered":"<p>Klasyczny crop top w kolorze ecru z okr\u0105g\u0142ym dekoltem pod szyj\u0119, teraz w wyd\u0142u\u017conej wersji. D\u0142ugo\u015b\u0107 zosta\u0142a zwi\u0119kszona o 2 cm, dzi\u0119ki czemu top si\u0119ga linii bioder. Ponadczasowy, minimalistyczny kr\u00f3j podkre\u015bla sylwetk\u0119 i zapewnia uniwersalno\u015b\u0107 stylizacji. Podw\u00f3jna warstwa dzianiny, bezszwowe wyko\u0144czenie oraz elastyczne nici gwarantuj\u0105 wysoki komfort noszenia. Model doskonale komponuje si\u0119 ze spodniami z [&hellip;]<\/p>","protected":false},"featured_media":59581,"template":"","meta":[],"product_brand":[],"product_cat":[183,37,20],"product_tag":[38],"class_list":{"0":"post-25851","1":"product","2":"type-product","3":"status-publish","4":"has-post-thumbnail","6":"product_cat-sale","7":"product_cat-topy","8":"product_cat-wszystko","9":"product_tag-topy","11":"first","12":"instock","13":"sale","14":"taxable","15":"shipping-taxable","16":"purchasable","17":"product-type-variable","18":"has-default-attributes"},"yoast_head":"<!-- This site is optimized with the Yoast SEO plugin v27.0 - https:\/\/yoast.com\/product\/yoast-seo-wordpress\/ -->\n<title>Crop Top z dzianiny\u00a0be\u017cowy - Idealny wyb\u00f3r na codzie\u0144\u00a0<\/title>\n<meta name=\"description\" content=\"Klasyczny crop top w kolorze ecru z okr\u0105g\u0142ym dekoltem pod szyj\u0119 z podw\u00f3jn\u0105 warstw\u0105 dzianiny. Ponadczasowy, minimalistyczny kr\u00f3j podkre\u015bla sylwetk\u0119.\" \/>\n<meta name=\"robots\" content=\"index, follow, max-snippet:-1, max-image-preview:large, max-video-preview:-1\" \/>\n<link rel=\"canonical\" href=\"https:\/\/saintbody.com\/en\/crop-top-z-dzianiny-bezowy\/\" \/>\n<meta property=\"og:locale\" content=\"en_US\" \/>\n<meta property=\"og:type\" content=\"article\" \/>\n<meta property=\"og:title\" content=\"Crop Top z dzianiny\u00a0be\u017cowy - Idealny wyb\u00f3r na codzie\u0144\u00a0\" \/>\n<meta property=\"og:description\" content=\"Klasyczny crop top w kolorze ecru z okr\u0105g\u0142ym dekoltem pod szyj\u0119 z podw\u00f3jn\u0105 warstw\u0105 dzianiny. Ponadczasowy, minimalistyczny kr\u00f3j podkre\u015bla sylwetk\u0119.\" \/>\n<meta property=\"og:url\" content=\"https:\/\/saintbody.com\/en\/crop-top-z-dzianiny-bezowy\/\" \/>\n<meta property=\"og:site_name\" content=\"Sklep SAINTBODY\" \/>\n<meta property=\"article:publisher\" content=\"https:\/\/facebook.com\/saintbody\/\" \/>\n<meta property=\"article:modified_time\" content=\"2026-04-28T20:30:58+00:00\" \/>\n<meta property=\"og:image\" content=\"https:\/\/saintbody.com\/wp-content\/uploads\/2023\/03\/Saint-Body13-Luci-Studio.jpeg\" \/>\n\t<meta property=\"og:image:width\" content=\"1365\" \/>\n\t<meta property=\"og:image:height\" content=\"2048\" \/>\n\t<meta property=\"og:image:type\" content=\"image\/jpeg\" \/>\n<meta name=\"twitter:card\" content=\"summary_large_image\" \/>\n<meta name=\"twitter:label1\" content=\"Est. reading time\" \/>\n\t<meta name=\"twitter:data1\" content=\"1 minute\" \/>\n<script type=\"application\/ld+json\" class=\"yoast-schema-graph\">{\"@context\":\"https:\/\/schema.org\",\"@graph\":[{\"@type\":\"WebPage\",\"@id\":\"https:\/\/saintbody.com\/crop-top-z-dzianiny-bezowy\/\",\"url\":\"https:\/\/saintbody.com\/crop-top-z-dzianiny-bezowy\/\",\"name\":\"Crop Top z dzianiny\u00a0be\u017cowy - Idealny wyb\u00f3r na codzie\u0144\u00a0\",\"isPartOf\":{\"@id\":\"https:\/\/saintbody.com\/#website\"},\"primaryImageOfPage\":{\"@id\":\"https:\/\/saintbody.com\/crop-top-z-dzianiny-bezowy\/#primaryimage\"},\"image\":{\"@id\":\"https:\/\/saintbody.com\/crop-top-z-dzianiny-bezowy\/#primaryimage\"},\"thumbnailUrl\":\"https:\/\/saintbody.com\/wp-content\/uploads\/2023\/03\/Saint-Body13-Luci-Studio.jpeg\",\"datePublished\":\"2023-03-21T18:20:08+00:00\",\"dateModified\":\"2026-04-28T20:30:58+00:00\",\"description\":\"Klasyczny crop top w kolorze ecru z okr\u0105g\u0142ym dekoltem pod szyj\u0119 z podw\u00f3jn\u0105 warstw\u0105 dzianiny. Ponadczasowy, minimalistyczny kr\u00f3j podkre\u015bla sylwetk\u0119.\",\"breadcrumb\":{\"@id\":\"https:\/\/saintbody.com\/crop-top-z-dzianiny-bezowy\/#breadcrumb\"},\"inLanguage\":\"en-US\",\"potentialAction\":[{\"@type\":\"ReadAction\",\"target\":[\"https:\/\/saintbody.com\/crop-top-z-dzianiny-bezowy\/\"]}]},{\"@type\":\"ImageObject\",\"inLanguage\":\"en-US\",\"@id\":\"https:\/\/saintbody.com\/crop-top-z-dzianiny-bezowy\/#primaryimage\",\"url\":\"https:\/\/saintbody.com\/wp-content\/uploads\/2023\/03\/Saint-Body13-Luci-Studio.jpeg\",\"contentUrl\":\"https:\/\/saintbody.com\/wp-content\/uploads\/2023\/03\/Saint-Body13-Luci-Studio.jpeg\",\"width\":1365,\"height\":2048},{\"@type\":\"BreadcrumbList\",\"@id\":\"https:\/\/saintbody.com\/crop-top-z-dzianiny-bezowy\/#breadcrumb\",\"itemListElement\":[{\"@type\":\"ListItem\",\"position\":1,\"name\":\"Strona g\u0142\u00f3wna\",\"item\":\"https:\/\/saintbody.com\/\"},{\"@type\":\"ListItem\",\"position\":2,\"name\":\"Sklep\",\"item\":\"https:\/\/saintbody.com\/sklep\/\"},{\"@type\":\"ListItem\",\"position\":3,\"name\":\"Crop Top z dzianiny\u00a0be\u017cowy\"}]},{\"@type\":\"WebSite\",\"@id\":\"https:\/\/saintbody.com\/#website\",\"url\":\"https:\/\/saintbody.com\/\",\"name\":\"Sklep SAINTBODY\",\"description\":\"Premium basic na ka\u00c5\u00bcd\u00c4\u2026 okazje. Ponadczasowe Body, Odzie\u00c5\u00bc damska, Sukienki Damskie\",\"publisher\":{\"@id\":\"https:\/\/saintbody.com\/#organization\"},\"potentialAction\":[{\"@type\":\"SearchAction\",\"target\":{\"@type\":\"EntryPoint\",\"urlTemplate\":\"https:\/\/saintbody.com\/?s={search_term_string}\"},\"query-input\":{\"@type\":\"PropertyValueSpecification\",\"valueRequired\":true,\"valueName\":\"search_term_string\"}}],\"inLanguage\":\"en-US\"},{\"@type\":\"Organization\",\"@id\":\"https:\/\/saintbody.com\/#organization\",\"name\":\"Sklep Saint Body\",\"url\":\"https:\/\/saintbody.com\/\",\"logo\":{\"@type\":\"ImageObject\",\"inLanguage\":\"en-US\",\"@id\":\"https:\/\/saintbody.com\/#\/schema\/logo\/image\/\",\"url\":\"https:\/\/saintbody.com\/wp-content\/uploads\/2023\/04\/SaintBody_Logo_Typografia-e1691418926919.png\",\"contentUrl\":\"https:\/\/saintbody.com\/wp-content\/uploads\/2023\/04\/SaintBody_Logo_Typografia-e1691418926919.png\",\"width\":1000,\"height\":202,\"caption\":\"Sklep Saint Body\"},\"image\":{\"@id\":\"https:\/\/saintbody.com\/#\/schema\/logo\/image\/\"},\"sameAs\":[\"https:\/\/facebook.com\/saintbody\/\"]}]}<\/script>\n<!-- \/ Yoast SEO plugin. -->","yoast_head_json":{"title":"Crop Top z dzianiny\u00a0be\u017cowy - Idealny wyb\u00f3r na codzie\u0144\u00a0","description":"Klasyczny crop top w kolorze ecru z okr\u0105g\u0142ym dekoltem pod szyj\u0119 z podw\u00f3jn\u0105 warstw\u0105 dzianiny. Ponadczasowy, minimalistyczny kr\u00f3j podkre\u015bla sylwetk\u0119.","robots":{"index":"index","follow":"follow","max-snippet":"max-snippet:-1","max-image-preview":"max-image-preview:large","max-video-preview":"max-video-preview:-1"},"canonical":"https:\/\/saintbody.com\/en\/crop-top-z-dzianiny-bezowy\/","og_locale":"en_US","og_type":"article","og_title":"Crop Top z dzianiny\u00a0be\u017cowy - Idealny wyb\u00f3r na codzie\u0144\u00a0","og_description":"Klasyczny crop top w kolorze ecru z okr\u0105g\u0142ym dekoltem pod szyj\u0119 z podw\u00f3jn\u0105 warstw\u0105 dzianiny. Ponadczasowy, minimalistyczny kr\u00f3j podkre\u015bla sylwetk\u0119.","og_url":"https:\/\/saintbody.com\/en\/crop-top-z-dzianiny-bezowy\/","og_site_name":"Sklep SAINTBODY","article_publisher":"https:\/\/facebook.com\/saintbody\/","article_modified_time":"2026-04-28T20:30:58+00:00","og_image":[{"width":1365,"height":2048,"url":"https:\/\/saintbody.com\/wp-content\/uploads\/2023\/03\/Saint-Body13-Luci-Studio.jpeg","type":"image\/jpeg"}],"twitter_card":"summary_large_image","twitter_misc":{"Est. reading time":"1 minute"},"schema":{"@context":"https:\/\/schema.org","@graph":[{"@type":"WebPage","@id":"https:\/\/saintbody.com\/crop-top-z-dzianiny-bezowy\/","url":"https:\/\/saintbody.com\/crop-top-z-dzianiny-bezowy\/","name":"Crop Top z dzianiny\u00a0be\u017cowy - Idealny wyb\u00f3r na codzie\u0144\u00a0","isPartOf":{"@id":"https:\/\/saintbody.com\/#website"},"primaryImageOfPage":{"@id":"https:\/\/saintbody.com\/crop-top-z-dzianiny-bezowy\/#primaryimage"},"image":{"@id":"https:\/\/saintbody.com\/crop-top-z-dzianiny-bezowy\/#primaryimage"},"thumbnailUrl":"https:\/\/saintbody.com\/wp-content\/uploads\/2023\/03\/Saint-Body13-Luci-Studio.jpeg","datePublished":"2023-03-21T18:20:08+00:00","dateModified":"2026-04-28T20:30:58+00:00","description":"Klasyczny crop top w kolorze ecru z okr\u0105g\u0142ym dekoltem pod szyj\u0119 z podw\u00f3jn\u0105 warstw\u0105 dzianiny. Ponadczasowy, minimalistyczny kr\u00f3j podkre\u015bla sylwetk\u0119.","breadcrumb":{"@id":"https:\/\/saintbody.com\/crop-top-z-dzianiny-bezowy\/#breadcrumb"},"inLanguage":"en-US","potentialAction":[{"@type":"ReadAction","target":["https:\/\/saintbody.com\/crop-top-z-dzianiny-bezowy\/"]}]},{"@type":"ImageObject","inLanguage":"en-US","@id":"https:\/\/saintbody.com\/crop-top-z-dzianiny-bezowy\/#primaryimage","url":"https:\/\/saintbody.com\/wp-content\/uploads\/2023\/03\/Saint-Body13-Luci-Studio.jpeg","contentUrl":"https:\/\/saintbody.com\/wp-content\/uploads\/2023\/03\/Saint-Body13-Luci-Studio.jpeg","width":1365,"height":2048},{"@type":"BreadcrumbList","@id":"https:\/\/saintbody.com\/crop-top-z-dzianiny-bezowy\/#breadcrumb","itemListElement":[{"@type":"ListItem","position":1,"name":"Strona g\u0142\u00f3wna","item":"https:\/\/saintbody.com\/"},{"@type":"ListItem","position":2,"name":"Sklep","item":"https:\/\/saintbody.com\/sklep\/"},{"@type":"ListItem","position":3,"name":"Crop Top z dzianiny\u00a0be\u017cowy"}]},{"@type":"WebSite","@id":"https:\/\/saintbody.com\/#website","url":"https:\/\/saintbody.com\/","name":"Sklep SAINTBODY","description":"Premium basic na ka\u00c5\u00bcd\u00c4\u2026 okazje. Ponadczasowe Body, Odzie\u00c5\u00bc damska, Sukienki Damskie","publisher":{"@id":"https:\/\/saintbody.com\/#organization"},"potentialAction":[{"@type":"SearchAction","target":{"@type":"EntryPoint","urlTemplate":"https:\/\/saintbody.com\/?s={search_term_string}"},"query-input":{"@type":"PropertyValueSpecification","valueRequired":true,"valueName":"search_term_string"}}],"inLanguage":"en-US"},{"@type":"Organization","@id":"https:\/\/saintbody.com\/#organization","name":"Sklep Saint Body","url":"https:\/\/saintbody.com\/","logo":{"@type":"ImageObject","inLanguage":"en-US","@id":"https:\/\/saintbody.com\/#\/schema\/logo\/image\/","url":"https:\/\/saintbody.com\/wp-content\/uploads\/2023\/04\/SaintBody_Logo_Typografia-e1691418926919.png","contentUrl":"https:\/\/saintbody.com\/wp-content\/uploads\/2023\/04\/SaintBody_Logo_Typografia-e1691418926919.png","width":1000,"height":202,"caption":"Sklep Saint Body"},"image":{"@id":"https:\/\/saintbody.com\/#\/schema\/logo\/image\/"},"sameAs":["https:\/\/facebook.com\/saintbody\/"]}]}},"_links":{"self":[{"href":"https:\/\/saintbody.com\/en\/wp-json\/wp\/v2\/product\/25851","targetHints":{"allow":["GET"]}}],"collection":[{"href":"https:\/\/saintbody.com\/en\/wp-json\/wp\/v2\/product"}],"about":[{"href":"https:\/\/saintbody.com\/en\/wp-json\/wp\/v2\/types\/product"}],"wp:featuredmedia":[{"embeddable":true,"href":"https:\/\/saintbody.com\/en\/wp-json\/wp\/v2\/media\/59581"}],"wp:attachment":[{"href":"https:\/\/saintbody.com\/en\/wp-json\/wp\/v2\/media?parent=25851"}],"wp:term":[{"taxonomy":"product_brand","embeddable":true,"href":"https:\/\/saintbody.com\/en\/wp-json\/wp\/v2\/product_brand?post=25851"},{"taxonomy":"product_cat","embeddable":true,"href":"https:\/\/saintbody.com\/en\/wp-json\/wp\/v2\/product_cat?post=25851"},{"taxonomy":"product_tag","embeddable":true,"href":"https:\/\/saintbody.com\/en\/wp-json\/wp\/v2\/product_tag?post=25851"}],"curies":[{"name":"wp","href":"https:\/\/api.w.org\/{rel}","templated":true}]}}