{"id":252,"date":"2023-03-09T17:36:51","date_gmt":"2023-03-09T16:36:51","guid":{"rendered":"http:\/\/saintbody.com\/?post_type=product&#038;p=252"},"modified":"2026-02-24T12:30:53","modified_gmt":"2026-02-24T11:30:53","slug":"body-z-golfem-bezowe","status":"publish","type":"product","link":"https:\/\/saintbody.com\/en\/body-z-golfem-bezowe\/","title":{"rendered":"Turtleneck body beige"},"content":{"rendered":"<p>Elegant beige turtleneck bodysuit, will work for everyday and evening styling. Soft and comfortable knit fabric, gently combed on the inside for extra comfort. Fastened with delicate springs. Nickel-free.<\/p>\n<p>The product is sewn in Poland.<br \/>\nThe model is 178 cm tall, wears size S.<\/p>\n<p>Also check out our bestselling\u00a0<a href=\"https:\/\/saintbody.com\/en\/kategoria\/sukienki\/\">dresses<\/a> !<br \/>\nVisit us at <a href=\"https:\/\/www.instagram.com\/saintbodyofficial\/\">instagram<\/a>.<\/p>","protected":false},"excerpt":{"rendered":"<p>Elegant beige turtleneck bodysuit, will work for everyday and evening styling. Soft and comfortable knit fabric, gently combed on the inside for extra comfort. Fastened with delicate springs. Nickel free. Product sewn in Poland. The model is 178 cm tall, wears size S Check also our bestselling dresses ! Visit us on instagram.<\/p>","protected":false},"featured_media":53660,"template":"","meta":[],"product_brand":[],"product_cat":[20,21,183],"product_tag":[23],"class_list":{"0":"post-252","1":"product","2":"type-product","3":"status-publish","4":"has-post-thumbnail","6":"product_cat-wszystko","7":"product_cat-body-damskie","8":"product_cat-sale","9":"product_tag-body","11":"first","12":"outofstock","13":"sale","14":"taxable","15":"shipping-taxable","16":"purchasable","17":"product-type-variable","18":"has-default-attributes"},"yoast_head":"<!-- This site is optimized with the Yoast SEO plugin v27.0 - https:\/\/yoast.com\/product\/yoast-seo-wordpress\/ -->\n<title>Be\u017cowe body z golfem - Body z golfem be\u017cowe - Sklep SAINTBODY<\/title>\n<meta name=\"description\" content=\"Eleganckie, be\u017cowe body z golfem, sprawdzi si\u0119 w stylizacji na codzie\u0144 jak i na wieczorne wyj\u015bcia. Saintbody\" \/>\n<meta name=\"robots\" content=\"index, follow, max-snippet:-1, max-image-preview:large, max-video-preview:-1\" \/>\n<link rel=\"canonical\" href=\"https:\/\/saintbody.com\/en\/body-z-golfem-bezowe\/\" \/>\n<meta property=\"og:locale\" content=\"en_US\" \/>\n<meta property=\"og:type\" content=\"article\" \/>\n<meta property=\"og:title\" content=\"Be\u017cowe body z golfem - Body z golfem be\u017cowe - Sklep SAINTBODY\" \/>\n<meta property=\"og:description\" content=\"Eleganckie, be\u017cowe body z golfem, sprawdzi si\u0119 w stylizacji na codzie\u0144 jak i na wieczorne wyj\u015bcia. Saintbody\" \/>\n<meta property=\"og:url\" content=\"https:\/\/saintbody.com\/en\/body-z-golfem-bezowe\/\" \/>\n<meta property=\"og:site_name\" content=\"Sklep SAINTBODY\" \/>\n<meta property=\"article:publisher\" content=\"https:\/\/facebook.com\/saintbody\/\" \/>\n<meta property=\"article:modified_time\" content=\"2026-02-24T11:30:53+00:00\" \/>\n<meta property=\"og:image\" content=\"https:\/\/saintbody.com\/wp-content\/uploads\/2023\/03\/Przechwytywanie-bez-nazwy8110-scaled.jpg\" \/>\n\t<meta property=\"og:image:width\" content=\"1707\" \/>\n\t<meta property=\"og:image:height\" content=\"2560\" \/>\n\t<meta property=\"og:image:type\" content=\"image\/jpeg\" \/>\n<meta name=\"twitter:card\" content=\"summary_large_image\" \/>\n<meta name=\"twitter:label1\" content=\"Est. reading time\" \/>\n\t<meta name=\"twitter:data1\" content=\"1 minute\" \/>\n<script type=\"application\/ld+json\" class=\"yoast-schema-graph\">{\"@context\":\"https:\/\/schema.org\",\"@graph\":[{\"@type\":\"WebPage\",\"@id\":\"https:\/\/saintbody.com\/body-z-golfem-bezowe\/\",\"url\":\"https:\/\/saintbody.com\/body-z-golfem-bezowe\/\",\"name\":\"Be\u017cowe body z golfem - Body z golfem be\u017cowe - Sklep SAINTBODY\",\"isPartOf\":{\"@id\":\"https:\/\/saintbody.com\/#website\"},\"primaryImageOfPage\":{\"@id\":\"https:\/\/saintbody.com\/body-z-golfem-bezowe\/#primaryimage\"},\"image\":{\"@id\":\"https:\/\/saintbody.com\/body-z-golfem-bezowe\/#primaryimage\"},\"thumbnailUrl\":\"https:\/\/saintbody.com\/wp-content\/uploads\/2023\/03\/Przechwytywanie-bez-nazwy8110-scaled.jpg\",\"datePublished\":\"2023-03-09T16:36:51+00:00\",\"dateModified\":\"2026-02-24T11:30:53+00:00\",\"description\":\"Eleganckie, be\u017cowe body z golfem, sprawdzi si\u0119 w stylizacji na codzie\u0144 jak i na wieczorne wyj\u015bcia. Saintbody\",\"breadcrumb\":{\"@id\":\"https:\/\/saintbody.com\/body-z-golfem-bezowe\/#breadcrumb\"},\"inLanguage\":\"en-US\",\"potentialAction\":[{\"@type\":\"ReadAction\",\"target\":[\"https:\/\/saintbody.com\/body-z-golfem-bezowe\/\"]}]},{\"@type\":\"ImageObject\",\"inLanguage\":\"en-US\",\"@id\":\"https:\/\/saintbody.com\/body-z-golfem-bezowe\/#primaryimage\",\"url\":\"https:\/\/saintbody.com\/wp-content\/uploads\/2023\/03\/Przechwytywanie-bez-nazwy8110-scaled.jpg\",\"contentUrl\":\"https:\/\/saintbody.com\/wp-content\/uploads\/2023\/03\/Przechwytywanie-bez-nazwy8110-scaled.jpg\",\"width\":1707,\"height\":2560},{\"@type\":\"BreadcrumbList\",\"@id\":\"https:\/\/saintbody.com\/body-z-golfem-bezowe\/#breadcrumb\",\"itemListElement\":[{\"@type\":\"ListItem\",\"position\":1,\"name\":\"Strona g\u0142\u00f3wna\",\"item\":\"https:\/\/saintbody.com\/\"},{\"@type\":\"ListItem\",\"position\":2,\"name\":\"Sklep\",\"item\":\"https:\/\/saintbody.com\/sklep\/\"},{\"@type\":\"ListItem\",\"position\":3,\"name\":\"Body z golfem be\u017cowe\"}]},{\"@type\":\"WebSite\",\"@id\":\"https:\/\/saintbody.com\/#website\",\"url\":\"https:\/\/saintbody.com\/\",\"name\":\"Sklep SAINTBODY\",\"description\":\"Premium basic na ka\u00c5\u00bcd\u00c4\u2026 okazje. Ponadczasowe Body, Odzie\u00c5\u00bc damska, Sukienki Damskie\",\"publisher\":{\"@id\":\"https:\/\/saintbody.com\/#organization\"},\"potentialAction\":[{\"@type\":\"SearchAction\",\"target\":{\"@type\":\"EntryPoint\",\"urlTemplate\":\"https:\/\/saintbody.com\/?s={search_term_string}\"},\"query-input\":{\"@type\":\"PropertyValueSpecification\",\"valueRequired\":true,\"valueName\":\"search_term_string\"}}],\"inLanguage\":\"en-US\"},{\"@type\":\"Organization\",\"@id\":\"https:\/\/saintbody.com\/#organization\",\"name\":\"Sklep Saint Body\",\"url\":\"https:\/\/saintbody.com\/\",\"logo\":{\"@type\":\"ImageObject\",\"inLanguage\":\"en-US\",\"@id\":\"https:\/\/saintbody.com\/#\/schema\/logo\/image\/\",\"url\":\"https:\/\/saintbody.com\/wp-content\/uploads\/2023\/04\/SaintBody_Logo_Typografia-e1691418926919.png\",\"contentUrl\":\"https:\/\/saintbody.com\/wp-content\/uploads\/2023\/04\/SaintBody_Logo_Typografia-e1691418926919.png\",\"width\":1000,\"height\":202,\"caption\":\"Sklep Saint Body\"},\"image\":{\"@id\":\"https:\/\/saintbody.com\/#\/schema\/logo\/image\/\"},\"sameAs\":[\"https:\/\/facebook.com\/saintbody\/\"]}]}<\/script>\n<!-- \/ Yoast SEO plugin. -->","yoast_head_json":{"title":"Be\u017cowe body z golfem - Body z golfem be\u017cowe - Sklep SAINTBODY","description":"Eleganckie, be\u017cowe body z golfem, sprawdzi si\u0119 w stylizacji na codzie\u0144 jak i na wieczorne wyj\u015bcia. Saintbody","robots":{"index":"index","follow":"follow","max-snippet":"max-snippet:-1","max-image-preview":"max-image-preview:large","max-video-preview":"max-video-preview:-1"},"canonical":"https:\/\/saintbody.com\/en\/body-z-golfem-bezowe\/","og_locale":"en_US","og_type":"article","og_title":"Be\u017cowe body z golfem - Body z golfem be\u017cowe - Sklep SAINTBODY","og_description":"Eleganckie, be\u017cowe body z golfem, sprawdzi si\u0119 w stylizacji na codzie\u0144 jak i na wieczorne wyj\u015bcia. Saintbody","og_url":"https:\/\/saintbody.com\/en\/body-z-golfem-bezowe\/","og_site_name":"Sklep SAINTBODY","article_publisher":"https:\/\/facebook.com\/saintbody\/","article_modified_time":"2026-02-24T11:30:53+00:00","og_image":[{"width":1707,"height":2560,"url":"https:\/\/saintbody.com\/wp-content\/uploads\/2023\/03\/Przechwytywanie-bez-nazwy8110-scaled.jpg","type":"image\/jpeg"}],"twitter_card":"summary_large_image","twitter_misc":{"Est. reading time":"1 minute"},"schema":{"@context":"https:\/\/schema.org","@graph":[{"@type":"WebPage","@id":"https:\/\/saintbody.com\/body-z-golfem-bezowe\/","url":"https:\/\/saintbody.com\/body-z-golfem-bezowe\/","name":"Be\u017cowe body z golfem - Body z golfem be\u017cowe - Sklep SAINTBODY","isPartOf":{"@id":"https:\/\/saintbody.com\/#website"},"primaryImageOfPage":{"@id":"https:\/\/saintbody.com\/body-z-golfem-bezowe\/#primaryimage"},"image":{"@id":"https:\/\/saintbody.com\/body-z-golfem-bezowe\/#primaryimage"},"thumbnailUrl":"https:\/\/saintbody.com\/wp-content\/uploads\/2023\/03\/Przechwytywanie-bez-nazwy8110-scaled.jpg","datePublished":"2023-03-09T16:36:51+00:00","dateModified":"2026-02-24T11:30:53+00:00","description":"Eleganckie, be\u017cowe body z golfem, sprawdzi si\u0119 w stylizacji na codzie\u0144 jak i na wieczorne wyj\u015bcia. Saintbody","breadcrumb":{"@id":"https:\/\/saintbody.com\/body-z-golfem-bezowe\/#breadcrumb"},"inLanguage":"en-US","potentialAction":[{"@type":"ReadAction","target":["https:\/\/saintbody.com\/body-z-golfem-bezowe\/"]}]},{"@type":"ImageObject","inLanguage":"en-US","@id":"https:\/\/saintbody.com\/body-z-golfem-bezowe\/#primaryimage","url":"https:\/\/saintbody.com\/wp-content\/uploads\/2023\/03\/Przechwytywanie-bez-nazwy8110-scaled.jpg","contentUrl":"https:\/\/saintbody.com\/wp-content\/uploads\/2023\/03\/Przechwytywanie-bez-nazwy8110-scaled.jpg","width":1707,"height":2560},{"@type":"BreadcrumbList","@id":"https:\/\/saintbody.com\/body-z-golfem-bezowe\/#breadcrumb","itemListElement":[{"@type":"ListItem","position":1,"name":"Strona g\u0142\u00f3wna","item":"https:\/\/saintbody.com\/"},{"@type":"ListItem","position":2,"name":"Sklep","item":"https:\/\/saintbody.com\/sklep\/"},{"@type":"ListItem","position":3,"name":"Body z golfem be\u017cowe"}]},{"@type":"WebSite","@id":"https:\/\/saintbody.com\/#website","url":"https:\/\/saintbody.com\/","name":"Sklep SAINTBODY","description":"Premium basic na ka\u00c5\u00bcd\u00c4\u2026 okazje. Ponadczasowe Body, Odzie\u00c5\u00bc damska, Sukienki Damskie","publisher":{"@id":"https:\/\/saintbody.com\/#organization"},"potentialAction":[{"@type":"SearchAction","target":{"@type":"EntryPoint","urlTemplate":"https:\/\/saintbody.com\/?s={search_term_string}"},"query-input":{"@type":"PropertyValueSpecification","valueRequired":true,"valueName":"search_term_string"}}],"inLanguage":"en-US"},{"@type":"Organization","@id":"https:\/\/saintbody.com\/#organization","name":"Sklep Saint Body","url":"https:\/\/saintbody.com\/","logo":{"@type":"ImageObject","inLanguage":"en-US","@id":"https:\/\/saintbody.com\/#\/schema\/logo\/image\/","url":"https:\/\/saintbody.com\/wp-content\/uploads\/2023\/04\/SaintBody_Logo_Typografia-e1691418926919.png","contentUrl":"https:\/\/saintbody.com\/wp-content\/uploads\/2023\/04\/SaintBody_Logo_Typografia-e1691418926919.png","width":1000,"height":202,"caption":"Sklep Saint Body"},"image":{"@id":"https:\/\/saintbody.com\/#\/schema\/logo\/image\/"},"sameAs":["https:\/\/facebook.com\/saintbody\/"]}]}},"_links":{"self":[{"href":"https:\/\/saintbody.com\/en\/wp-json\/wp\/v2\/product\/252","targetHints":{"allow":["GET"]}}],"collection":[{"href":"https:\/\/saintbody.com\/en\/wp-json\/wp\/v2\/product"}],"about":[{"href":"https:\/\/saintbody.com\/en\/wp-json\/wp\/v2\/types\/product"}],"wp:featuredmedia":[{"embeddable":true,"href":"https:\/\/saintbody.com\/en\/wp-json\/wp\/v2\/media\/53660"}],"wp:attachment":[{"href":"https:\/\/saintbody.com\/en\/wp-json\/wp\/v2\/media?parent=252"}],"wp:term":[{"taxonomy":"product_brand","embeddable":true,"href":"https:\/\/saintbody.com\/en\/wp-json\/wp\/v2\/product_brand?post=252"},{"taxonomy":"product_cat","embeddable":true,"href":"https:\/\/saintbody.com\/en\/wp-json\/wp\/v2\/product_cat?post=252"},{"taxonomy":"product_tag","embeddable":true,"href":"https:\/\/saintbody.com\/en\/wp-json\/wp\/v2\/product_tag?post=252"}],"curies":[{"name":"wp","href":"https:\/\/api.w.org\/{rel}","templated":true}]}}