{"id":212,"date":"2023-03-09T17:36:47","date_gmt":"2023-03-09T16:36:47","guid":{"rendered":"http:\/\/saintbody.com\/?post_type=product&#038;p=212"},"modified":"2025-08-22T16:18:53","modified_gmt":"2025-08-22T14:18:53","slug":"gift-card-2","status":"publish","type":"product","link":"https:\/\/saintbody.com\/en\/gift-card-2\/","title":{"rendered":"Gift Card"},"content":{"rendered":"<p>With Gift Card Saintbody your loved one will have the opportunity to purchase sexy bodysuits, evening dresses.<br \/>\nThe voucher comes in the form of a card placed in an envelope signed with the Saint Body logo. The Saintbody Gift Card entitles you to shop on the site from among the entire assortment.<\/p>\n<p>The value of purchases can be equal to or greater than the amount assigned to the voucher, provided that the user placing the order pays the difference. The voucher is valid for 12 months from the time of purchase.<\/p>\n<p>The voucher can only be used once. Unused funds in the account are forfeited without the possibility of reusing the code. Voucher is not refundable or exchangeable for cash. Voucher does not combine with other active codes on the site.<\/p>\n<p>Saint Body is not responsible for the Voucher from the moment it is issued to the Purchaser. In the event that the gift voucher is lost, destroyed or otherwise unable to be used through the fault of the Purchaser or the User, Saint Body store is not obliged to accept the claim.<\/p>\n<p>Also check out our bestselling\u00a0<a href=\"https:\/\/saintbody.com\/en\/kategoria\/body\/\">body<\/a> !<br \/>\nVisit us at <a href=\"https:\/\/www.instagram.com\/saintbodyofficial\/\">instagram<\/a>.<\/p>","protected":false},"excerpt":{"rendered":"<p>With Gift Card Saintbody your loved one will have the opportunity to purchase sexy bodysuits, evening dresses. The voucher comes in the form of a card placed in an envelope signed with the Saint Body logo. Gift Card Saintbody entitles you to purchase on the site from among the entire assortment. The value of purchases can be equal to or greater than the amount assigned to the voucher, provided the difference is paid by [...]<\/p>","protected":false},"featured_media":26000,"template":"","meta":[],"product_brand":[],"product_cat":[20,44],"product_tag":[],"class_list":{"0":"post-212","1":"product","2":"type-product","3":"status-publish","4":"has-post-thumbnail","6":"product_cat-wszystko","7":"product_cat-karta-podarunkowa","9":"first","10":"instock","11":"taxable","12":"shipping-taxable","13":"purchasable","14":"product-type-simple"},"yoast_head":"<!-- This site is optimized with the Yoast SEO plugin v27.0 - https:\/\/yoast.com\/product\/yoast-seo-wordpress\/ -->\n<title>Gift Card Saintbody - Gift Card - Sklep SAINTBODY<\/title>\n<meta name=\"description\" content=\"Z Gift Card od Saintbody bliska Ci osoba b\u0119dzie mia\u0142a mo\u017cliwo\u015b\u0107 zakupu seksownego body, wieczorowych sukienek.\" \/>\n<meta name=\"robots\" content=\"index, follow, max-snippet:-1, max-image-preview:large, max-video-preview:-1\" \/>\n<link rel=\"canonical\" href=\"https:\/\/saintbody.com\/en\/gift-card-2\/\" \/>\n<meta property=\"og:locale\" content=\"en_US\" \/>\n<meta property=\"og:type\" content=\"article\" \/>\n<meta property=\"og:title\" content=\"Gift Card Saintbody - Gift Card - Sklep SAINTBODY\" \/>\n<meta property=\"og:description\" content=\"Z Gift Card od Saintbody bliska Ci osoba b\u0119dzie mia\u0142a mo\u017cliwo\u015b\u0107 zakupu seksownego body, wieczorowych sukienek.\" \/>\n<meta property=\"og:url\" content=\"https:\/\/saintbody.com\/en\/gift-card-2\/\" \/>\n<meta property=\"og:site_name\" content=\"Sklep SAINTBODY\" \/>\n<meta property=\"article:publisher\" content=\"https:\/\/facebook.com\/saintbody\/\" \/>\n<meta property=\"article:modified_time\" content=\"2025-08-22T14:18:53+00:00\" \/>\n<meta property=\"og:image\" content=\"http:\/\/saintbody.com\/wp-content\/uploads\/2023\/03\/1444-6d540e34-cc60-44ff-a261-2c661fad05f9.jpeg\" \/>\n\t<meta property=\"og:image:width\" content=\"853\" \/>\n\t<meta property=\"og:image:height\" content=\"1280\" \/>\n\t<meta property=\"og:image:type\" content=\"image\/jpeg\" \/>\n<meta name=\"twitter:card\" content=\"summary_large_image\" \/>\n<meta name=\"twitter:label1\" content=\"Est. reading time\" \/>\n\t<meta name=\"twitter:data1\" content=\"2 minutes\" \/>\n<script type=\"application\/ld+json\" class=\"yoast-schema-graph\">{\"@context\":\"https:\/\/schema.org\",\"@graph\":[{\"@type\":\"WebPage\",\"@id\":\"https:\/\/saintbody.com\/gift-card-2\/\",\"url\":\"https:\/\/saintbody.com\/gift-card-2\/\",\"name\":\"Gift Card Saintbody - Gift Card - Sklep SAINTBODY\",\"isPartOf\":{\"@id\":\"https:\/\/saintbody.com\/#website\"},\"primaryImageOfPage\":{\"@id\":\"https:\/\/saintbody.com\/gift-card-2\/#primaryimage\"},\"image\":{\"@id\":\"https:\/\/saintbody.com\/gift-card-2\/#primaryimage\"},\"thumbnailUrl\":\"https:\/\/saintbody.com\/wp-content\/uploads\/2023\/03\/1444-6d540e34-cc60-44ff-a261-2c661fad05f9.jpeg\",\"datePublished\":\"2023-03-09T16:36:47+00:00\",\"dateModified\":\"2025-08-22T14:18:53+00:00\",\"description\":\"Z Gift Card od Saintbody bliska Ci osoba b\u0119dzie mia\u0142a mo\u017cliwo\u015b\u0107 zakupu seksownego body, wieczorowych sukienek.\",\"breadcrumb\":{\"@id\":\"https:\/\/saintbody.com\/gift-card-2\/#breadcrumb\"},\"inLanguage\":\"en-US\",\"potentialAction\":[{\"@type\":\"ReadAction\",\"target\":[\"https:\/\/saintbody.com\/gift-card-2\/\"]}]},{\"@type\":\"ImageObject\",\"inLanguage\":\"en-US\",\"@id\":\"https:\/\/saintbody.com\/gift-card-2\/#primaryimage\",\"url\":\"https:\/\/saintbody.com\/wp-content\/uploads\/2023\/03\/1444-6d540e34-cc60-44ff-a261-2c661fad05f9.jpeg\",\"contentUrl\":\"https:\/\/saintbody.com\/wp-content\/uploads\/2023\/03\/1444-6d540e34-cc60-44ff-a261-2c661fad05f9.jpeg\",\"width\":853,\"height\":1280,\"caption\":\"Gift Card 300\"},{\"@type\":\"BreadcrumbList\",\"@id\":\"https:\/\/saintbody.com\/gift-card-2\/#breadcrumb\",\"itemListElement\":[{\"@type\":\"ListItem\",\"position\":1,\"name\":\"Strona g\u0142\u00f3wna\",\"item\":\"https:\/\/saintbody.com\/\"},{\"@type\":\"ListItem\",\"position\":2,\"name\":\"Sklep\",\"item\":\"https:\/\/saintbody.com\/sklep\/\"},{\"@type\":\"ListItem\",\"position\":3,\"name\":\"Gift Card\"}]},{\"@type\":\"WebSite\",\"@id\":\"https:\/\/saintbody.com\/#website\",\"url\":\"https:\/\/saintbody.com\/\",\"name\":\"Sklep SAINTBODY\",\"description\":\"Premium basic na ka\u00c5\u00bcd\u00c4\u2026 okazje. Ponadczasowe Body, Odzie\u00c5\u00bc damska, Sukienki Damskie\",\"publisher\":{\"@id\":\"https:\/\/saintbody.com\/#organization\"},\"potentialAction\":[{\"@type\":\"SearchAction\",\"target\":{\"@type\":\"EntryPoint\",\"urlTemplate\":\"https:\/\/saintbody.com\/?s={search_term_string}\"},\"query-input\":{\"@type\":\"PropertyValueSpecification\",\"valueRequired\":true,\"valueName\":\"search_term_string\"}}],\"inLanguage\":\"en-US\"},{\"@type\":\"Organization\",\"@id\":\"https:\/\/saintbody.com\/#organization\",\"name\":\"Sklep Saint Body\",\"url\":\"https:\/\/saintbody.com\/\",\"logo\":{\"@type\":\"ImageObject\",\"inLanguage\":\"en-US\",\"@id\":\"https:\/\/saintbody.com\/#\/schema\/logo\/image\/\",\"url\":\"https:\/\/saintbody.com\/wp-content\/uploads\/2023\/04\/SaintBody_Logo_Typografia-e1691418926919.png\",\"contentUrl\":\"https:\/\/saintbody.com\/wp-content\/uploads\/2023\/04\/SaintBody_Logo_Typografia-e1691418926919.png\",\"width\":1000,\"height\":202,\"caption\":\"Sklep Saint Body\"},\"image\":{\"@id\":\"https:\/\/saintbody.com\/#\/schema\/logo\/image\/\"},\"sameAs\":[\"https:\/\/facebook.com\/saintbody\/\"]}]}<\/script>\n<!-- \/ Yoast SEO plugin. -->","yoast_head_json":{"title":"Gift Card Saintbody - Gift Card - Sklep SAINTBODY","description":"Z Gift Card od Saintbody bliska Ci osoba b\u0119dzie mia\u0142a mo\u017cliwo\u015b\u0107 zakupu seksownego body, wieczorowych sukienek.","robots":{"index":"index","follow":"follow","max-snippet":"max-snippet:-1","max-image-preview":"max-image-preview:large","max-video-preview":"max-video-preview:-1"},"canonical":"https:\/\/saintbody.com\/en\/gift-card-2\/","og_locale":"en_US","og_type":"article","og_title":"Gift Card Saintbody - Gift Card - Sklep SAINTBODY","og_description":"Z Gift Card od Saintbody bliska Ci osoba b\u0119dzie mia\u0142a mo\u017cliwo\u015b\u0107 zakupu seksownego body, wieczorowych sukienek.","og_url":"https:\/\/saintbody.com\/en\/gift-card-2\/","og_site_name":"Sklep SAINTBODY","article_publisher":"https:\/\/facebook.com\/saintbody\/","article_modified_time":"2025-08-22T14:18:53+00:00","og_image":[{"width":853,"height":1280,"url":"http:\/\/saintbody.com\/wp-content\/uploads\/2023\/03\/1444-6d540e34-cc60-44ff-a261-2c661fad05f9.jpeg","type":"image\/jpeg"}],"twitter_card":"summary_large_image","twitter_misc":{"Est. reading time":"2 minutes"},"schema":{"@context":"https:\/\/schema.org","@graph":[{"@type":"WebPage","@id":"https:\/\/saintbody.com\/gift-card-2\/","url":"https:\/\/saintbody.com\/gift-card-2\/","name":"Gift Card Saintbody - Gift Card - Sklep SAINTBODY","isPartOf":{"@id":"https:\/\/saintbody.com\/#website"},"primaryImageOfPage":{"@id":"https:\/\/saintbody.com\/gift-card-2\/#primaryimage"},"image":{"@id":"https:\/\/saintbody.com\/gift-card-2\/#primaryimage"},"thumbnailUrl":"https:\/\/saintbody.com\/wp-content\/uploads\/2023\/03\/1444-6d540e34-cc60-44ff-a261-2c661fad05f9.jpeg","datePublished":"2023-03-09T16:36:47+00:00","dateModified":"2025-08-22T14:18:53+00:00","description":"Z Gift Card od Saintbody bliska Ci osoba b\u0119dzie mia\u0142a mo\u017cliwo\u015b\u0107 zakupu seksownego body, wieczorowych sukienek.","breadcrumb":{"@id":"https:\/\/saintbody.com\/gift-card-2\/#breadcrumb"},"inLanguage":"en-US","potentialAction":[{"@type":"ReadAction","target":["https:\/\/saintbody.com\/gift-card-2\/"]}]},{"@type":"ImageObject","inLanguage":"en-US","@id":"https:\/\/saintbody.com\/gift-card-2\/#primaryimage","url":"https:\/\/saintbody.com\/wp-content\/uploads\/2023\/03\/1444-6d540e34-cc60-44ff-a261-2c661fad05f9.jpeg","contentUrl":"https:\/\/saintbody.com\/wp-content\/uploads\/2023\/03\/1444-6d540e34-cc60-44ff-a261-2c661fad05f9.jpeg","width":853,"height":1280,"caption":"Gift Card 300"},{"@type":"BreadcrumbList","@id":"https:\/\/saintbody.com\/gift-card-2\/#breadcrumb","itemListElement":[{"@type":"ListItem","position":1,"name":"Strona g\u0142\u00f3wna","item":"https:\/\/saintbody.com\/"},{"@type":"ListItem","position":2,"name":"Sklep","item":"https:\/\/saintbody.com\/sklep\/"},{"@type":"ListItem","position":3,"name":"Gift Card"}]},{"@type":"WebSite","@id":"https:\/\/saintbody.com\/#website","url":"https:\/\/saintbody.com\/","name":"Sklep SAINTBODY","description":"Premium basic na ka\u00c5\u00bcd\u00c4\u2026 okazje. Ponadczasowe Body, Odzie\u00c5\u00bc damska, Sukienki Damskie","publisher":{"@id":"https:\/\/saintbody.com\/#organization"},"potentialAction":[{"@type":"SearchAction","target":{"@type":"EntryPoint","urlTemplate":"https:\/\/saintbody.com\/?s={search_term_string}"},"query-input":{"@type":"PropertyValueSpecification","valueRequired":true,"valueName":"search_term_string"}}],"inLanguage":"en-US"},{"@type":"Organization","@id":"https:\/\/saintbody.com\/#organization","name":"Sklep Saint Body","url":"https:\/\/saintbody.com\/","logo":{"@type":"ImageObject","inLanguage":"en-US","@id":"https:\/\/saintbody.com\/#\/schema\/logo\/image\/","url":"https:\/\/saintbody.com\/wp-content\/uploads\/2023\/04\/SaintBody_Logo_Typografia-e1691418926919.png","contentUrl":"https:\/\/saintbody.com\/wp-content\/uploads\/2023\/04\/SaintBody_Logo_Typografia-e1691418926919.png","width":1000,"height":202,"caption":"Sklep Saint Body"},"image":{"@id":"https:\/\/saintbody.com\/#\/schema\/logo\/image\/"},"sameAs":["https:\/\/facebook.com\/saintbody\/"]}]}},"_links":{"self":[{"href":"https:\/\/saintbody.com\/en\/wp-json\/wp\/v2\/product\/212","targetHints":{"allow":["GET"]}}],"collection":[{"href":"https:\/\/saintbody.com\/en\/wp-json\/wp\/v2\/product"}],"about":[{"href":"https:\/\/saintbody.com\/en\/wp-json\/wp\/v2\/types\/product"}],"wp:featuredmedia":[{"embeddable":true,"href":"https:\/\/saintbody.com\/en\/wp-json\/wp\/v2\/media\/26000"}],"wp:attachment":[{"href":"https:\/\/saintbody.com\/en\/wp-json\/wp\/v2\/media?parent=212"}],"wp:term":[{"taxonomy":"product_brand","embeddable":true,"href":"https:\/\/saintbody.com\/en\/wp-json\/wp\/v2\/product_brand?post=212"},{"taxonomy":"product_cat","embeddable":true,"href":"https:\/\/saintbody.com\/en\/wp-json\/wp\/v2\/product_cat?post=212"},{"taxonomy":"product_tag","embeddable":true,"href":"https:\/\/saintbody.com\/en\/wp-json\/wp\/v2\/product_tag?post=212"}],"curies":[{"name":"wp","href":"https:\/\/api.w.org\/{rel}","templated":true}]}}