{"id":11987,"date":"2023-03-15T07:04:57","date_gmt":"2023-03-15T06:04:57","guid":{"rendered":"http:\/\/saintbody.com\/?page_id=11987"},"modified":"2024-12-16T20:28:22","modified_gmt":"2024-12-16T19:28:22","slug":"jak-kupowac","status":"publish","type":"page","link":"https:\/\/saintbody.com\/en\/jak-kupowac\/","title":{"rendered":"How to buy?"},"content":{"rendered":"<div data-elementor-type=\"wp-page\" data-elementor-id=\"11987\" class=\"elementor elementor-11987\" data-elementor-post-type=\"page\">\n\t\t\t\t\t\t<section class=\"elementor-section elementor-top-section elementor-element elementor-element-9375dc0 elementor-section-boxed elementor-section-height-default elementor-section-height-default\" data-id=\"9375dc0\" data-element_type=\"section\" data-e-type=\"section\">\n\t\t\t\t\t\t<div class=\"elementor-container elementor-column-gap-default\">\n\t\t\t\t\t<div class=\"elementor-column elementor-col-100 elementor-top-column elementor-element elementor-element-69d323c7\" data-id=\"69d323c7\" data-element_type=\"column\" data-e-type=\"column\">\n\t\t\t<div class=\"elementor-widget-wrap elementor-element-populated\">\n\t\t\t\t\t\t<div class=\"elementor-element elementor-element-4007ce8 elementor-widget elementor-widget-text-editor\" data-id=\"4007ce8\" data-element_type=\"widget\" data-e-type=\"widget\" data-widget_type=\"text-editor.default\">\n\t\t\t\t<div class=\"elementor-widget-container\">\n\t\t\t\t\t\t\t\t\t<p><strong><span style=\"color: #333333;\">HOW CAN I MAKE A PURCHASE IN THE STORE ?<\/span><\/strong><\/p><p><span style=\"color: #333333;\">To place an order, click the \"add to cart\" icon next to the product of your choice. You can proceed immediately to complete your order or continue using the site. At any time while using our Online Store, you can control and edit the contents of your shopping cart by clicking \"shopping cart\" located on the screen. To purchase the products you have added to your virtual shopping cart, go to your virtual shopping cart, click on the \"process order\" button and follow the on-screen instructions. If you already have your individual Customer Account on the site at the time of order processing you will be asked to log in or start the registration process. After logging in to the online store, all the ordering data you provided at the time of registration will be automatically inserted into the order form. Remember, however, that you can modify the personal data you have entered before approving your purchase.<\/span><\/p><p><strong><span style=\"color: #333333;\">HOW DO I PAY FOR MY PURCHASES ?<\/span><\/strong><\/p><p><span style=\"color: #333333;\">You can pay for the ordered products via PayU and Stripe ( Apple Pay ). If you want to receive an invoice from us, please enter all the necessary data at the same stage of the order. Remember to accept the Privacy Policy. \u00a0<span style=\"font-size: 12px;\">If your order is not paid by payment error, you can pay by traditional transfer. You have 24 hours to pay such an order.\u00a0<\/span><\/span><\/p><p><span style=\"color: #333333;\">Below you will find the details for traditional transfer:<\/span><\/p><p><span style=\"font-size: 12px; color: #333333;\">Saint-Body Ltd.<\/span><\/p><p><span style=\"text-decoration: underline;\"><span style=\"color: #333333; text-decoration: underline;\">2\/43 Zurawia St.<\/span><\/span><br \/><span style=\"text-decoration: underline;\"><span style=\"color: #333333; text-decoration: underline;\">00-503 Warsaw<\/span><\/span><br \/><span style=\"text-decoration: underline;\"><span style=\"color: #333333; text-decoration: underline;\">account number: 50 1050 1012 1000 0092 2617 1388<\/span><\/span><\/p><p><strong><span style=\"color: #800000;\">Please send back the transfer confirmation within 24h from the date of order. The confirmation should be sent to the email address: <a style=\"color: #800000;\" href=\"mailto:kontakt@saintbody.com\">kontakt@saintbody.com<\/a><\/span><\/strong><\/p><p><strong><span style=\"color: #333333;\">AT WHAT TIME AFTER PLACING THE ORDER SHOULD I PAY IT ?<\/span><\/strong><\/p><p><span style=\"color: #333333;\">If you chose the prepayment option when placing your order, you should pay for the ordered products within 1 business day after placing the order. Please note that failure to pay for your order within the time indicated above will automatically cause your order to be canceled.<\/span><\/p><p><strong><span style=\"color: #333333;\">PRE-ORDER<\/span><\/strong><\/p><p><span style=\"color: #333333;\">If the product you are interested in is not available you can contact us to place an order by e-mail: <a style=\"color: #333333;\" href=\"mailto:kontakt@saintbody.com\">kontakt@saintbody.com<\/a> We will inform you immediately if the order can be fulfilled and by what date.<\/span><\/p><p><strong><span style=\"color: #333333;\">CAN I GET A VAT INVOICE FOR THE PURCHASE OF GOODS ?<\/span><\/strong><\/p><p><span style=\"color: #333333;\">If you are a sole proprietor and have registered for VAT, there is an option.\u00a0<span style=\"font-size: 12px;\">In this case, you must fill in correctly the data needed for the invoice, if they are different from those of the Purchaser.<\/span><\/span><\/p>\t\t\t\t\t\t\t\t<\/div>\n\t\t\t\t<\/div>\n\t\t\t\t\t<\/div>\n\t\t<\/div>\n\t\t\t\t\t<\/div>\n\t\t<\/section>\n\t\t\t\t<\/div>","protected":false},"excerpt":{"rendered":"<p>HOW CAN I MAKE A PURCHASE IN THE STORE ? To place an order, click the \"add to cart\" icon next to the product of your choice. You can immediately proceed to the processing of your order or continue using the service. At any time during the use of our Online Store you can control and edit the contents of your shopping cart by clicking \"shopping cart\" located [...]<\/p>","protected":false},"author":1,"featured_media":0,"parent":0,"menu_order":0,"comment_status":"closed","ping_status":"closed","template":"elementor_header_footer","meta":{"footnotes":""},"class_list":["post-11987","page","type-page","status-publish","hentry"],"yoast_head":"<!-- This site is optimized with the Yoast SEO plugin v27.0 - https:\/\/yoast.com\/product\/yoast-seo-wordpress\/ -->\n<title>Jak kupowa\u0107? - Sklep SAINTBODY<\/title>\n<meta name=\"robots\" content=\"index, follow, max-snippet:-1, max-image-preview:large, max-video-preview:-1\" \/>\n<link rel=\"canonical\" href=\"https:\/\/saintbody.com\/en\/jak-kupowac\/\" \/>\n<meta property=\"og:locale\" content=\"en_US\" \/>\n<meta property=\"og:type\" content=\"article\" \/>\n<meta property=\"og:title\" content=\"Jak kupowa\u0107? - Sklep SAINTBODY\" \/>\n<meta property=\"og:description\" content=\"JAK MOG\u0118 DOKONA\u0106 ZAKUPU W SKLEPIE ? W celu z\u0142o\u017cenia zam\u00f3wienia kliknij ikon\u0119 \u201edodaj do koszyka\u201d znajduj\u0105c\u0105 si\u0119 obok wybranego przez Ciebie produktu. Mo\u017cesz od razu przej\u015b\u0107 do realizacji zam\u00f3wienia b\u0105d\u017a dalej korzysta\u0107 z serwisu. W ka\u017cdym momencie korzystania z naszego Sklepu Internetowego mo\u017cesz kontrolowa\u0107 oraz edytowa\u0107 zawarto\u015b\u0107 swojego koszyka poprzez klikni\u0119cie \u201ckoszyka\u201d znajduj\u0105cego si\u0119 [&hellip;]\" \/>\n<meta property=\"og:url\" content=\"https:\/\/saintbody.com\/en\/jak-kupowac\/\" \/>\n<meta property=\"og:site_name\" content=\"Sklep SAINTBODY\" \/>\n<meta property=\"article:publisher\" content=\"https:\/\/facebook.com\/saintbody\/\" \/>\n<meta property=\"article:modified_time\" content=\"2024-12-16T19:28:22+00:00\" \/>\n<meta name=\"twitter:card\" content=\"summary_large_image\" \/>\n<meta name=\"twitter:label1\" content=\"Est. reading time\" \/>\n\t<meta name=\"twitter:data1\" content=\"3 minutes\" \/>\n<script type=\"application\/ld+json\" class=\"yoast-schema-graph\">{\"@context\":\"https:\/\/schema.org\",\"@graph\":[{\"@type\":\"WebPage\",\"@id\":\"https:\/\/saintbody.com\/jak-kupowac\/\",\"url\":\"https:\/\/saintbody.com\/jak-kupowac\/\",\"name\":\"Jak kupowa\u0107? - Sklep SAINTBODY\",\"isPartOf\":{\"@id\":\"https:\/\/saintbody.com\/#website\"},\"datePublished\":\"2023-03-15T06:04:57+00:00\",\"dateModified\":\"2024-12-16T19:28:22+00:00\",\"breadcrumb\":{\"@id\":\"https:\/\/saintbody.com\/jak-kupowac\/#breadcrumb\"},\"inLanguage\":\"en-US\",\"potentialAction\":[{\"@type\":\"ReadAction\",\"target\":[\"https:\/\/saintbody.com\/jak-kupowac\/\"]}]},{\"@type\":\"BreadcrumbList\",\"@id\":\"https:\/\/saintbody.com\/jak-kupowac\/#breadcrumb\",\"itemListElement\":[{\"@type\":\"ListItem\",\"position\":1,\"name\":\"Strona g\u0142\u00f3wna\",\"item\":\"https:\/\/saintbody.com\/\"},{\"@type\":\"ListItem\",\"position\":2,\"name\":\"Jak kupowa\u0107?\"}]},{\"@type\":\"WebSite\",\"@id\":\"https:\/\/saintbody.com\/#website\",\"url\":\"https:\/\/saintbody.com\/\",\"name\":\"Sklep SAINTBODY\",\"description\":\"Premium basic na ka\u00c5\u00bcd\u00c4\u2026 okazje. Ponadczasowe Body, Odzie\u00c5\u00bc damska, Sukienki Damskie\",\"publisher\":{\"@id\":\"https:\/\/saintbody.com\/#organization\"},\"potentialAction\":[{\"@type\":\"SearchAction\",\"target\":{\"@type\":\"EntryPoint\",\"urlTemplate\":\"https:\/\/saintbody.com\/?s={search_term_string}\"},\"query-input\":{\"@type\":\"PropertyValueSpecification\",\"valueRequired\":true,\"valueName\":\"search_term_string\"}}],\"inLanguage\":\"en-US\"},{\"@type\":\"Organization\",\"@id\":\"https:\/\/saintbody.com\/#organization\",\"name\":\"Sklep Saint Body\",\"url\":\"https:\/\/saintbody.com\/\",\"logo\":{\"@type\":\"ImageObject\",\"inLanguage\":\"en-US\",\"@id\":\"https:\/\/saintbody.com\/#\/schema\/logo\/image\/\",\"url\":\"https:\/\/saintbody.com\/wp-content\/uploads\/2023\/04\/SaintBody_Logo_Typografia-e1691418926919.png\",\"contentUrl\":\"https:\/\/saintbody.com\/wp-content\/uploads\/2023\/04\/SaintBody_Logo_Typografia-e1691418926919.png\",\"width\":1000,\"height\":202,\"caption\":\"Sklep Saint Body\"},\"image\":{\"@id\":\"https:\/\/saintbody.com\/#\/schema\/logo\/image\/\"},\"sameAs\":[\"https:\/\/facebook.com\/saintbody\/\"]}]}<\/script>\n<!-- \/ Yoast SEO plugin. -->","yoast_head_json":{"title":"Jak kupowa\u0107? - Sklep SAINTBODY","robots":{"index":"index","follow":"follow","max-snippet":"max-snippet:-1","max-image-preview":"max-image-preview:large","max-video-preview":"max-video-preview:-1"},"canonical":"https:\/\/saintbody.com\/en\/jak-kupowac\/","og_locale":"en_US","og_type":"article","og_title":"Jak kupowa\u0107? - Sklep SAINTBODY","og_description":"JAK MOG\u0118 DOKONA\u0106 ZAKUPU W SKLEPIE ? W celu z\u0142o\u017cenia zam\u00f3wienia kliknij ikon\u0119 \u201edodaj do koszyka\u201d znajduj\u0105c\u0105 si\u0119 obok wybranego przez Ciebie produktu. Mo\u017cesz od razu przej\u015b\u0107 do realizacji zam\u00f3wienia b\u0105d\u017a dalej korzysta\u0107 z serwisu. W ka\u017cdym momencie korzystania z naszego Sklepu Internetowego mo\u017cesz kontrolowa\u0107 oraz edytowa\u0107 zawarto\u015b\u0107 swojego koszyka poprzez klikni\u0119cie \u201ckoszyka\u201d znajduj\u0105cego si\u0119 [&hellip;]","og_url":"https:\/\/saintbody.com\/en\/jak-kupowac\/","og_site_name":"Sklep SAINTBODY","article_publisher":"https:\/\/facebook.com\/saintbody\/","article_modified_time":"2024-12-16T19:28:22+00:00","twitter_card":"summary_large_image","twitter_misc":{"Est. reading time":"3 minutes"},"schema":{"@context":"https:\/\/schema.org","@graph":[{"@type":"WebPage","@id":"https:\/\/saintbody.com\/jak-kupowac\/","url":"https:\/\/saintbody.com\/jak-kupowac\/","name":"Jak kupowa\u0107? - Sklep SAINTBODY","isPartOf":{"@id":"https:\/\/saintbody.com\/#website"},"datePublished":"2023-03-15T06:04:57+00:00","dateModified":"2024-12-16T19:28:22+00:00","breadcrumb":{"@id":"https:\/\/saintbody.com\/jak-kupowac\/#breadcrumb"},"inLanguage":"en-US","potentialAction":[{"@type":"ReadAction","target":["https:\/\/saintbody.com\/jak-kupowac\/"]}]},{"@type":"BreadcrumbList","@id":"https:\/\/saintbody.com\/jak-kupowac\/#breadcrumb","itemListElement":[{"@type":"ListItem","position":1,"name":"Strona g\u0142\u00f3wna","item":"https:\/\/saintbody.com\/"},{"@type":"ListItem","position":2,"name":"Jak kupowa\u0107?"}]},{"@type":"WebSite","@id":"https:\/\/saintbody.com\/#website","url":"https:\/\/saintbody.com\/","name":"Sklep SAINTBODY","description":"Premium basic na ka\u00c5\u00bcd\u00c4\u2026 okazje. Ponadczasowe Body, Odzie\u00c5\u00bc damska, Sukienki Damskie","publisher":{"@id":"https:\/\/saintbody.com\/#organization"},"potentialAction":[{"@type":"SearchAction","target":{"@type":"EntryPoint","urlTemplate":"https:\/\/saintbody.com\/?s={search_term_string}"},"query-input":{"@type":"PropertyValueSpecification","valueRequired":true,"valueName":"search_term_string"}}],"inLanguage":"en-US"},{"@type":"Organization","@id":"https:\/\/saintbody.com\/#organization","name":"Sklep Saint Body","url":"https:\/\/saintbody.com\/","logo":{"@type":"ImageObject","inLanguage":"en-US","@id":"https:\/\/saintbody.com\/#\/schema\/logo\/image\/","url":"https:\/\/saintbody.com\/wp-content\/uploads\/2023\/04\/SaintBody_Logo_Typografia-e1691418926919.png","contentUrl":"https:\/\/saintbody.com\/wp-content\/uploads\/2023\/04\/SaintBody_Logo_Typografia-e1691418926919.png","width":1000,"height":202,"caption":"Sklep Saint Body"},"image":{"@id":"https:\/\/saintbody.com\/#\/schema\/logo\/image\/"},"sameAs":["https:\/\/facebook.com\/saintbody\/"]}]}},"_links":{"self":[{"href":"https:\/\/saintbody.com\/en\/wp-json\/wp\/v2\/pages\/11987","targetHints":{"allow":["GET"]}}],"collection":[{"href":"https:\/\/saintbody.com\/en\/wp-json\/wp\/v2\/pages"}],"about":[{"href":"https:\/\/saintbody.com\/en\/wp-json\/wp\/v2\/types\/page"}],"author":[{"embeddable":true,"href":"https:\/\/saintbody.com\/en\/wp-json\/wp\/v2\/users\/1"}],"replies":[{"embeddable":true,"href":"https:\/\/saintbody.com\/en\/wp-json\/wp\/v2\/comments?post=11987"}],"version-history":[{"count":12,"href":"https:\/\/saintbody.com\/en\/wp-json\/wp\/v2\/pages\/11987\/revisions"}],"predecessor-version":[{"id":53967,"href":"https:\/\/saintbody.com\/en\/wp-json\/wp\/v2\/pages\/11987\/revisions\/53967"}],"wp:attachment":[{"href":"https:\/\/saintbody.com\/en\/wp-json\/wp\/v2\/media?parent=11987"}],"curies":[{"name":"wp","href":"https:\/\/api.w.org\/{rel}","templated":true}]}}