{"id":11945,"date":"2023-03-15T06:51:47","date_gmt":"2023-03-15T05:51:47","guid":{"rendered":"http:\/\/saintbody.com\/?page_id=11945"},"modified":"2026-02-16T11:31:42","modified_gmt":"2026-02-16T10:31:42","slug":"cookies","status":"publish","type":"page","link":"https:\/\/saintbody.com\/en\/cookies\/","title":{"rendered":"Cookies"},"content":{"rendered":"<ol>\n<li>The website uses cookies.<\/li>\n<li>Cookies (so-called \"cookies\") are IT data, in particular text files, which are stored in the Service User's terminal equipment and are intended for use on the Service's websites. Cookies usually contain the name of the website from which they originate, the time they are stored on the terminal equipment and a unique number.<\/li>\n<li>The entity placing cookies on the Service User's terminal equipment and accessing them is the Service operator.<\/li>\n<li>Cookies are used for the following purposes:\n<ol>\n<li>creation of statistics, which help to understand how the Users of the Website use the websites, which allows to improve their structure and content<\/li>\n<li>maintaining a session of the Service User (after logging in), thanks to which the User does not have to re-enter his\/her login and password on each subpage of the Service<\/li>\n<li>determine your profile in order to display tailored material to you on advertising networks, in particular Google's network.<\/li>\n<\/ol>\n<\/li>\n<li>The Service uses two main types of cookies: \"session\" (session cookies) and \"permanent\" (persistent cookies). \"Session\" cookies are temporary files that are stored on the User's terminal equipment until the User logs out, leaves the website or shuts down the software (web browser). \"Permanent\" cookies are stored on the User's end device for the time specified in the parameters of the cookies or until they are deleted by the User.<\/li>\n<li>Web browsing software (Internet browser) usually allows the storage of cookies on the User's terminal device by default. Users of the Website may change their settings in this regard. The Internet browser makes it possible to delete cookies. It is also possible to automatically block cookies Detailed information on this subject is contained in the help or documentation of the Internet browser.<\/li>\n<li>Restrictions on the use of cookies may affect some of the functionality available on the Website.<\/li>\n<li>Cookies placed in the Service User's terminal equipment and used may also be used by advertisers and partners cooperating with the Service Operator.<\/li>\n<li>We recommend reading the privacy policies of these companies to learn about the use of cookies used in statistics: Google Analytics Privacy Policy<\/li>\n<li>Cookies may be used by advertising networks, in particular the Google network, to display advertisements tailored to the user's use of the Website. For this purpose, they may retain information about the user's navigation path or how long the user stayed on a particular page.<\/li>\n<li>Regarding the information about user preferences collected by the Google advertising network, the user can view and edit the information resulting from cookies using a tool:\u00a0<a href=\"https:\/\/www.google.com\/ads\/preferences\/\">https:\/\/www.google.com\/ads\/preferences\/<\/a><\/li>\n<\/ol>","protected":false},"excerpt":{"rendered":"<p>The Website uses cookies. Cookies (so-called \"cookies\") are IT data, in particular text files, which are stored in the Service User's terminal equipment and are intended for use on the Service's websites. Cookies usually contain the name of the website from which they originate, the time they are stored on the terminal equipment and a unique number. The entity placing on the device [...].<\/p>","protected":false},"author":1,"featured_media":0,"parent":0,"menu_order":0,"comment_status":"closed","ping_status":"closed","template":"elementor_header_footer","meta":{"footnotes":""},"class_list":["post-11945","page","type-page","status-publish","hentry"],"yoast_head":"<!-- This site is optimized with the Yoast SEO plugin v27.0 - https:\/\/yoast.com\/product\/yoast-seo-wordpress\/ -->\n<title>Cookies - Sklep SAINTBODY<\/title>\n<meta name=\"robots\" content=\"index, follow, max-snippet:-1, max-image-preview:large, max-video-preview:-1\" \/>\n<link rel=\"canonical\" href=\"https:\/\/saintbody.com\/en\/cookies\/\" \/>\n<meta property=\"og:locale\" content=\"en_US\" \/>\n<meta property=\"og:type\" content=\"article\" \/>\n<meta property=\"og:title\" content=\"Cookies - Sklep SAINTBODY\" \/>\n<meta property=\"og:description\" content=\"Serwis korzysta z plik\u00f3w cookies. Pliki cookies (tzw. \u201eciasteczka\u201d) stanowi\u0105 dane informatyczne, w szczeg\u00f3lno\u015bci pliki tekstowe, kt\u00f3re przechowywane s\u0105 w urz\u0105dzeniu ko\u0144cowym U\u017cytkownika Serwisu i przeznaczone s\u0105 do korzystania ze stron internetowych Serwisu. Cookies zazwyczaj zawieraj\u0105 nazw\u0119 strony internetowej, z kt\u00f3rej pochodz\u0105, czas przechowywania ich na urz\u0105dzeniu ko\u0144cowym oraz unikalny numer. Podmiotem zamieszczaj\u0105cym na urz\u0105dzeniu [&hellip;]\" \/>\n<meta property=\"og:url\" content=\"https:\/\/saintbody.com\/en\/cookies\/\" \/>\n<meta property=\"og:site_name\" content=\"Sklep SAINTBODY\" \/>\n<meta property=\"article:publisher\" content=\"https:\/\/facebook.com\/saintbody\/\" \/>\n<meta property=\"article:modified_time\" content=\"2026-02-16T10:31:42+00:00\" \/>\n<meta name=\"twitter:card\" content=\"summary_large_image\" \/>\n<meta name=\"twitter:label1\" content=\"Est. reading time\" \/>\n\t<meta name=\"twitter:data1\" content=\"3 minutes\" \/>\n<script type=\"application\/ld+json\" class=\"yoast-schema-graph\">{\"@context\":\"https:\/\/schema.org\",\"@graph\":[{\"@type\":\"WebPage\",\"@id\":\"https:\/\/saintbody.com\/cookies\/\",\"url\":\"https:\/\/saintbody.com\/cookies\/\",\"name\":\"Cookies - Sklep SAINTBODY\",\"isPartOf\":{\"@id\":\"https:\/\/saintbody.com\/#website\"},\"datePublished\":\"2023-03-15T05:51:47+00:00\",\"dateModified\":\"2026-02-16T10:31:42+00:00\",\"breadcrumb\":{\"@id\":\"https:\/\/saintbody.com\/cookies\/#breadcrumb\"},\"inLanguage\":\"en-US\",\"potentialAction\":[{\"@type\":\"ReadAction\",\"target\":[\"https:\/\/saintbody.com\/cookies\/\"]}]},{\"@type\":\"BreadcrumbList\",\"@id\":\"https:\/\/saintbody.com\/cookies\/#breadcrumb\",\"itemListElement\":[{\"@type\":\"ListItem\",\"position\":1,\"name\":\"Strona g\u0142\u00f3wna\",\"item\":\"https:\/\/saintbody.com\/\"},{\"@type\":\"ListItem\",\"position\":2,\"name\":\"Cookies\"}]},{\"@type\":\"WebSite\",\"@id\":\"https:\/\/saintbody.com\/#website\",\"url\":\"https:\/\/saintbody.com\/\",\"name\":\"Sklep SAINTBODY\",\"description\":\"Premium basic na ka\u00c5\u00bcd\u00c4\u2026 okazje. Ponadczasowe Body, Odzie\u00c5\u00bc damska, Sukienki Damskie\",\"publisher\":{\"@id\":\"https:\/\/saintbody.com\/#organization\"},\"potentialAction\":[{\"@type\":\"SearchAction\",\"target\":{\"@type\":\"EntryPoint\",\"urlTemplate\":\"https:\/\/saintbody.com\/?s={search_term_string}\"},\"query-input\":{\"@type\":\"PropertyValueSpecification\",\"valueRequired\":true,\"valueName\":\"search_term_string\"}}],\"inLanguage\":\"en-US\"},{\"@type\":\"Organization\",\"@id\":\"https:\/\/saintbody.com\/#organization\",\"name\":\"Sklep Saint Body\",\"url\":\"https:\/\/saintbody.com\/\",\"logo\":{\"@type\":\"ImageObject\",\"inLanguage\":\"en-US\",\"@id\":\"https:\/\/saintbody.com\/#\/schema\/logo\/image\/\",\"url\":\"https:\/\/saintbody.com\/wp-content\/uploads\/2023\/04\/SaintBody_Logo_Typografia-e1691418926919.png\",\"contentUrl\":\"https:\/\/saintbody.com\/wp-content\/uploads\/2023\/04\/SaintBody_Logo_Typografia-e1691418926919.png\",\"width\":1000,\"height\":202,\"caption\":\"Sklep Saint Body\"},\"image\":{\"@id\":\"https:\/\/saintbody.com\/#\/schema\/logo\/image\/\"},\"sameAs\":[\"https:\/\/facebook.com\/saintbody\/\"]}]}<\/script>\n<!-- \/ Yoast SEO plugin. -->","yoast_head_json":{"title":"Cookies - Sklep SAINTBODY","robots":{"index":"index","follow":"follow","max-snippet":"max-snippet:-1","max-image-preview":"max-image-preview:large","max-video-preview":"max-video-preview:-1"},"canonical":"https:\/\/saintbody.com\/en\/cookies\/","og_locale":"en_US","og_type":"article","og_title":"Cookies - Sklep SAINTBODY","og_description":"Serwis korzysta z plik\u00f3w cookies. Pliki cookies (tzw. \u201eciasteczka\u201d) stanowi\u0105 dane informatyczne, w szczeg\u00f3lno\u015bci pliki tekstowe, kt\u00f3re przechowywane s\u0105 w urz\u0105dzeniu ko\u0144cowym U\u017cytkownika Serwisu i przeznaczone s\u0105 do korzystania ze stron internetowych Serwisu. Cookies zazwyczaj zawieraj\u0105 nazw\u0119 strony internetowej, z kt\u00f3rej pochodz\u0105, czas przechowywania ich na urz\u0105dzeniu ko\u0144cowym oraz unikalny numer. Podmiotem zamieszczaj\u0105cym na urz\u0105dzeniu [&hellip;]","og_url":"https:\/\/saintbody.com\/en\/cookies\/","og_site_name":"Sklep SAINTBODY","article_publisher":"https:\/\/facebook.com\/saintbody\/","article_modified_time":"2026-02-16T10:31:42+00:00","twitter_card":"summary_large_image","twitter_misc":{"Est. reading time":"3 minutes"},"schema":{"@context":"https:\/\/schema.org","@graph":[{"@type":"WebPage","@id":"https:\/\/saintbody.com\/cookies\/","url":"https:\/\/saintbody.com\/cookies\/","name":"Cookies - Sklep SAINTBODY","isPartOf":{"@id":"https:\/\/saintbody.com\/#website"},"datePublished":"2023-03-15T05:51:47+00:00","dateModified":"2026-02-16T10:31:42+00:00","breadcrumb":{"@id":"https:\/\/saintbody.com\/cookies\/#breadcrumb"},"inLanguage":"en-US","potentialAction":[{"@type":"ReadAction","target":["https:\/\/saintbody.com\/cookies\/"]}]},{"@type":"BreadcrumbList","@id":"https:\/\/saintbody.com\/cookies\/#breadcrumb","itemListElement":[{"@type":"ListItem","position":1,"name":"Strona g\u0142\u00f3wna","item":"https:\/\/saintbody.com\/"},{"@type":"ListItem","position":2,"name":"Cookies"}]},{"@type":"WebSite","@id":"https:\/\/saintbody.com\/#website","url":"https:\/\/saintbody.com\/","name":"Sklep SAINTBODY","description":"Premium basic na ka\u00c5\u00bcd\u00c4\u2026 okazje. Ponadczasowe Body, Odzie\u00c5\u00bc damska, Sukienki Damskie","publisher":{"@id":"https:\/\/saintbody.com\/#organization"},"potentialAction":[{"@type":"SearchAction","target":{"@type":"EntryPoint","urlTemplate":"https:\/\/saintbody.com\/?s={search_term_string}"},"query-input":{"@type":"PropertyValueSpecification","valueRequired":true,"valueName":"search_term_string"}}],"inLanguage":"en-US"},{"@type":"Organization","@id":"https:\/\/saintbody.com\/#organization","name":"Sklep Saint Body","url":"https:\/\/saintbody.com\/","logo":{"@type":"ImageObject","inLanguage":"en-US","@id":"https:\/\/saintbody.com\/#\/schema\/logo\/image\/","url":"https:\/\/saintbody.com\/wp-content\/uploads\/2023\/04\/SaintBody_Logo_Typografia-e1691418926919.png","contentUrl":"https:\/\/saintbody.com\/wp-content\/uploads\/2023\/04\/SaintBody_Logo_Typografia-e1691418926919.png","width":1000,"height":202,"caption":"Sklep Saint Body"},"image":{"@id":"https:\/\/saintbody.com\/#\/schema\/logo\/image\/"},"sameAs":["https:\/\/facebook.com\/saintbody\/"]}]}},"_links":{"self":[{"href":"https:\/\/saintbody.com\/en\/wp-json\/wp\/v2\/pages\/11945","targetHints":{"allow":["GET"]}}],"collection":[{"href":"https:\/\/saintbody.com\/en\/wp-json\/wp\/v2\/pages"}],"about":[{"href":"https:\/\/saintbody.com\/en\/wp-json\/wp\/v2\/types\/page"}],"author":[{"embeddable":true,"href":"https:\/\/saintbody.com\/en\/wp-json\/wp\/v2\/users\/1"}],"replies":[{"embeddable":true,"href":"https:\/\/saintbody.com\/en\/wp-json\/wp\/v2\/comments?post=11945"}],"version-history":[{"count":1,"href":"https:\/\/saintbody.com\/en\/wp-json\/wp\/v2\/pages\/11945\/revisions"}],"predecessor-version":[{"id":59666,"href":"https:\/\/saintbody.com\/en\/wp-json\/wp\/v2\/pages\/11945\/revisions\/59666"}],"wp:attachment":[{"href":"https:\/\/saintbody.com\/en\/wp-json\/wp\/v2\/media?parent=11945"}],"curies":[{"name":"wp","href":"https:\/\/api.w.org\/{rel}","templated":true}]}}